{"id":544,"date":"2017-03-06T21:54:53","date_gmt":"2017-03-06T21:54:53","guid":{"rendered":"http:\/\/hockeylife.de\/?page_id=544"},"modified":"2017-03-06T21:54:53","modified_gmt":"2017-03-06T21:54:53","slug":"agb","status":"publish","type":"page","link":"https:\/\/gethowies.com\/de\/agb\/","title":{"rendered":"AGB"},"content":{"rendered":"<div class=\"row\"  id=\"row-828343412\">\n\n\t<div id=\"col-621546597\" class=\"col small-12 large-12\"  >\n\t\t\t\t<div class=\"col-inner\"  >\n\t\t\t\n\t\t\t\n  <div id=\"page-header-252641553\" class=\"page-header-wrapper\">\n  <div class=\"page-title light simple-title\">\n\n    \n    <div class=\"page-title-inner container align-center text-center flex-row-col medium-flex-wrap\" >\n              <div class=\"title-wrapper uppercase is-xlarge flex-col\">\n          <h1 class=\"entry-title mb-0\">\n            AGB          <\/h1>\n        <\/div>\n                    <div class=\"title-content flex-col\">\n        <div class=\"title-breadcrumbs pb-half pt-half\"><nav class=\"woocommerce-breadcrumb breadcrumbs uppercase\">Start<\/nav><\/div>      <\/div>\n    <\/div>\n\n       <\/div>\n    <\/div>\n  \n<h2 class=\"uppercase\">Lieferbedingungen<\/h2>\n<p>Wir sind bem\u00fcht, Ihren Einkauf bei uns so einfach wie m\u00f6glich zu gestalten.<br \/>\nAlle Produkte, die auf unserer Webseite im Sortiment aufgef\u00fchrt sind, sind sofort lieferbar und werden umgehend nach der Bestellung per DHL oder mit der Post versendet.<\/p>\n<div class=\"is-divider divider clearfix\" style=\"max-width:1150px;height:1px;background-color:rgb(0, 0, 0);\"><\/div>\n<h2 class=\"uppercase\">Zahlungsm\u00f6glichkeiten<\/h2>\n<p>Hockeylife bietet Ihnen die M\u00f6glichkeit per Kreditkarte oder auf Rechnung zu bezahlen.<br \/>\n<b><\/b><\/p>\n<h6 class=\"uppercase\">Zahlung mit Kreditkarte<\/h6>\n<p>Sichere Zahlung mit VISA oder Mastercard.Die Zahlung mit Kreditkarte ist kostenlos. Wir nutzen neueste Sicherheitstechnologien, um unsere Kunden vor der Bezahlung f\u00fcr Onlinek\u00e4ufe zu verifizieren, um den bestm\u00f6glichen Schutz bieten zu k\u00f6nnen.<br \/>\n<b><\/b><\/p>\n<h6 class=\"uppercase\">Zahlung auf Rechnung (coming soon)<\/h6>\n<p>Wenn Sie sich f\u00fcr einen Kauf auf Rechnung entscheiden, kann eine Geb\u00fchr von 3,50 EUR f\u00fcr den Empf\u00e4nger zu unserem Schutz erhoben werden.<\/p>\n<div class=\"is-divider divider clearfix\" style=\"max-width:1150px;height:1px;background-color:rgb(0, 0, 0);\"><\/div>\n<h2 class=\"uppercase\">Widerruf und Erstattungen<\/h2>\n<p>Als Kunde von Hockeylife haben Sie das Recht, Ihren Auftrag innerhalb von 30 Tagen nach dem Erhalt Ihrer Bestellung zu widerrufen. Wenn Sie eine Retoure in Auftrag geben m\u00f6chten, so schicken Sie diese bitte an folgende Adresse:<\/p>\n<p>Sonum Sports Group<br \/>\nSm\u00f6rr\u00e4ntegatan 1<br \/>\n431 42 M\u00f6lndal Sweden<\/p>\n<p>Sie sollten das unbenutzte Produkt in der Originalverpackung zur\u00fcckschicken. Bitte geben Sie uns zudem an, ob Sie den Artikel umtauschen wollen, das Geld gerne gutgeschrieben h\u00e4tten oder ob das Geld auf Ihr Konto zur\u00fcck\u00fcberwiesen werden soll. Die Artikel Ihrer R\u00fccksendung sollten unbenutzt und ungewaschen sein. Des Weiteren tragen Sie die Kosten und die Verantwortung f\u00fcr Ihre Retoure.<\/p>\n<div class=\"is-divider divider clearfix\" style=\"max-width:1150px;height:1px;background-color:rgb(0, 0, 0);\"><\/div>\n<h2 class=\"uppercase\">ANWENDBARES RECHT UND GERICHTSBARKEIT<\/h2>\n<p>F\u00fcr diese AGB und Ihre Nutzung dieser Webseite gilt das Schwedische Recht. Soweit der Gesetzesentwurf erlaubt, wird Schweden als ausschlie\u00dflicher Gerichtsstand f\u00fcr alle aus diesen AGB oder Ihrer Nutzung der Webseite entstehenden Streitigkeiten vereinbart, mit Ausnahme von F\u00e4llen in denen sich Howies Hockey freiwillig dazu entscheidet, gesetzliche Ma\u00dfnahmen gegen einen Kunden \/ Nutzer an dessen Wohnsitzu zu ergreifen. <\/p>\n\t<div id=\"gap-472591006\" class=\"gap-element clearfix\" style=\"display:block; height:auto;\">\n\t\t\n<style>\n#gap-472591006 {\n  padding-top: 60px;\n}\n<\/style>\n\t<\/div>\n\t\n\t\t<\/div>\n\t\t\t\t\t<\/div>\n\n\t\n\n<style>\n#row-828343412 > .col > .col-inner {\n  padding: 30px 0px 0px 0px;\n}\n<\/style>\n<\/div>\n","protected":false},"excerpt":{"rendered":"","protected":false},"author":1,"featured_media":0,"parent":0,"menu_order":0,"comment_status":"closed","ping_status":"closed","template":"page-blank.php","meta":{"inline_featured_image":false,"footnotes":""},"class_list":["post-544","page","type-page","status-publish","hentry"],"yoast_head":"<!-- This site is optimized with the Yoast SEO plugin v27.6 - https:\/\/yoast.com\/product\/yoast-seo-wordpress\/ -->\n<title>AGB - Howies Hockey Deutschland<\/title>\n<meta name=\"robots\" content=\"index, follow, max-snippet:-1, max-image-preview:large, max-video-preview:-1\" \/>\n<link rel=\"canonical\" href=\"https:\/\/gethowies.com\/de\/agb\/\" \/>\n<meta property=\"og:locale\" content=\"de_DE\" \/>\n<meta property=\"og:type\" content=\"article\" \/>\n<meta property=\"og:title\" content=\"AGB - Howies Hockey Deutschland\" \/>\n<meta property=\"og:url\" content=\"https:\/\/gethowies.com\/de\/agb\/\" \/>\n<meta property=\"og:site_name\" content=\"Howies Hockey Deutschland\" \/>\n<meta name=\"twitter:card\" content=\"summary_large_image\" \/>\n<meta name=\"twitter:label1\" content=\"Gesch\u00e4tzte Lesezeit\" \/>\n\t<meta name=\"twitter:data1\" content=\"2\u00a0Minuten\" \/>\n<script type=\"application\/ld+json\" class=\"yoast-schema-graph\">{\"@context\":\"https:\\\/\\\/schema.org\",\"@graph\":[{\"@type\":\"WebPage\",\"@id\":\"https:\\\/\\\/gethowies.com\\\/de\\\/agb\\\/\",\"url\":\"https:\\\/\\\/gethowies.com\\\/de\\\/agb\\\/\",\"name\":\"AGB - Howies Hockey Deutschland\",\"isPartOf\":{\"@id\":\"https:\\\/\\\/gethowies.com\\\/de\\\/#website\"},\"datePublished\":\"2017-03-06T21:54:53+00:00\",\"breadcrumb\":{\"@id\":\"https:\\\/\\\/gethowies.com\\\/de\\\/agb\\\/#breadcrumb\"},\"inLanguage\":\"de\",\"potentialAction\":[{\"@type\":\"ReadAction\",\"target\":[\"https:\\\/\\\/gethowies.com\\\/de\\\/agb\\\/\"]}]},{\"@type\":\"BreadcrumbList\",\"@id\":\"https:\\\/\\\/gethowies.com\\\/de\\\/agb\\\/#breadcrumb\",\"itemListElement\":[{\"@type\":\"ListItem\",\"position\":1,\"name\":\"Hem\",\"item\":\"https:\\\/\\\/gethowies.com\\\/de\\\/\"},{\"@type\":\"ListItem\",\"position\":2,\"name\":\"AGB\"}]},{\"@type\":\"WebSite\",\"@id\":\"https:\\\/\\\/gethowies.com\\\/de\\\/#website\",\"url\":\"https:\\\/\\\/gethowies.com\\\/de\\\/\",\"name\":\"Howies Hockey Deutschland\",\"description\":\"\",\"potentialAction\":[{\"@type\":\"SearchAction\",\"target\":{\"@type\":\"EntryPoint\",\"urlTemplate\":\"https:\\\/\\\/gethowies.com\\\/de\\\/?s={search_term_string}\"},\"query-input\":{\"@type\":\"PropertyValueSpecification\",\"valueRequired\":true,\"valueName\":\"search_term_string\"}}],\"inLanguage\":\"de\"}]}<\/script>\n<!-- \/ Yoast SEO plugin. -->","yoast_head_json":{"title":"AGB - Howies Hockey Deutschland","robots":{"index":"index","follow":"follow","max-snippet":"max-snippet:-1","max-image-preview":"max-image-preview:large","max-video-preview":"max-video-preview:-1"},"canonical":"https:\/\/gethowies.com\/de\/agb\/","og_locale":"de_DE","og_type":"article","og_title":"AGB - Howies Hockey Deutschland","og_url":"https:\/\/gethowies.com\/de\/agb\/","og_site_name":"Howies Hockey Deutschland","twitter_card":"summary_large_image","twitter_misc":{"Gesch\u00e4tzte Lesezeit":"2\u00a0Minuten"},"schema":{"@context":"https:\/\/schema.org","@graph":[{"@type":"WebPage","@id":"https:\/\/gethowies.com\/de\/agb\/","url":"https:\/\/gethowies.com\/de\/agb\/","name":"AGB - Howies Hockey Deutschland","isPartOf":{"@id":"https:\/\/gethowies.com\/de\/#website"},"datePublished":"2017-03-06T21:54:53+00:00","breadcrumb":{"@id":"https:\/\/gethowies.com\/de\/agb\/#breadcrumb"},"inLanguage":"de","potentialAction":[{"@type":"ReadAction","target":["https:\/\/gethowies.com\/de\/agb\/"]}]},{"@type":"BreadcrumbList","@id":"https:\/\/gethowies.com\/de\/agb\/#breadcrumb","itemListElement":[{"@type":"ListItem","position":1,"name":"Hem","item":"https:\/\/gethowies.com\/de\/"},{"@type":"ListItem","position":2,"name":"AGB"}]},{"@type":"WebSite","@id":"https:\/\/gethowies.com\/de\/#website","url":"https:\/\/gethowies.com\/de\/","name":"Howies Hockey Deutschland","description":"","potentialAction":[{"@type":"SearchAction","target":{"@type":"EntryPoint","urlTemplate":"https:\/\/gethowies.com\/de\/?s={search_term_string}"},"query-input":{"@type":"PropertyValueSpecification","valueRequired":true,"valueName":"search_term_string"}}],"inLanguage":"de"}]}},"_links":{"self":[{"href":"https:\/\/gethowies.com\/de\/wp-json\/wp\/v2\/pages\/544","targetHints":{"allow":["GET"]}}],"collection":[{"href":"https:\/\/gethowies.com\/de\/wp-json\/wp\/v2\/pages"}],"about":[{"href":"https:\/\/gethowies.com\/de\/wp-json\/wp\/v2\/types\/page"}],"author":[{"embeddable":true,"href":"https:\/\/gethowies.com\/de\/wp-json\/wp\/v2\/users\/1"}],"replies":[{"embeddable":true,"href":"https:\/\/gethowies.com\/de\/wp-json\/wp\/v2\/comments?post=544"}],"version-history":[{"count":0,"href":"https:\/\/gethowies.com\/de\/wp-json\/wp\/v2\/pages\/544\/revisions"}],"wp:attachment":[{"href":"https:\/\/gethowies.com\/de\/wp-json\/wp\/v2\/media?parent=544"}],"curies":[{"name":"wp","href":"https:\/\/api.w.org\/{rel}","templated":true}]}}