{"id":857,"date":"2017-03-15T13:34:40","date_gmt":"2017-03-15T13:34:40","guid":{"rendered":"http:\/\/hockeylife.de\/?page_id=857"},"modified":"2017-03-15T13:34:40","modified_gmt":"2017-03-15T13:34:40","slug":"retailers","status":"publish","type":"page","link":"https:\/\/gethowies.com\/de\/retailers\/","title":{"rendered":"H\u00e4ndler"},"content":{"rendered":"\n  <div class=\"banner has-hover\" id=\"banner-2105605503\">\n          <div class=\"banner-inner fill\">\n        <div class=\"banner-bg fill\" >\n            <div class=\"bg fill bg-fill \"><\/div>\n                        <div class=\"overlay\"><\/div>            \n                    <\/div>\n\t\t\n        <div class=\"banner-layers container\">\n            <div class=\"fill banner-link\"><\/div>            \n   <div id=\"text-box-254912187\" class=\"text-box banner-layer x50 md-x50 lg-x50 y50 md-y50 lg-y50 res-text\">\n                                <div class=\"text-box-content text dark\">\n              \n              <div class=\"text-inner text-center\">\n                  \n<h3 class=\"uppercase\"><strong>H\u00e4ndler<\/strong><\/h3>\n              <\/div>\n           <\/div>\n                            \n<style>\n#text-box-254912187 {\n  width: 60%;\n}\n#text-box-254912187 .text-box-content {\n  font-size: 100%;\n}\n<\/style>\n    <\/div>\n \n        <\/div>\n      <\/div>\n\n            \n<style>\n#banner-2105605503 {\n  padding-top: 200px;\n}\n#banner-2105605503 .bg.bg-loaded {\n  background-image: 2835;\n}\n#banner-2105605503 .overlay {\n  background-color: rgba(0, 0, 0, 0.65);\n}\n#banner-2105605503 .bg {\n  background-position: 47% 51%;\n}\n#banner-2105605503 .ux-shape-divider--top svg {\n  height: 150px;\n  --divider-top-width: 100%;\n}\n#banner-2105605503 .ux-shape-divider--bottom svg {\n  height: 150px;\n  --divider-width: 100%;\n}\n<\/style>\n  <\/div>\n\n\n<div class=\"row row-large\"  id=\"row-845871704\">\n\n\t<div id=\"col-1588960722\" class=\"col medium-6 small-12 large-6\"  >\n\t\t\t\t<div class=\"col-inner\"  >\n\t\t\t\n\t\t\t\n<div class=\"container section-title-container\" ><h3 class=\"section-title section-title-normal\"><b><\/b><span class=\"section-title-main\" >Howies in ihrem shop<\/span><b><\/b><\/h3><\/div>\n<p><span style=\"font-weight: 400\">Bis heute z\u00e4hlt Howies Hockeytape zu den f\u00fchrenden Partnern f\u00fcr Sportgesch\u00e4fte in Schweden, Norwegen, D\u00e4nemark und der EU.\u00a0<\/span><\/p>\n<p><span style=\"font-weight: 400\">Unseren Kunden bieten wir immer wieder umfangreiche Rabatt- und Geschenkaktionen an. Zudem haben unsere Kunden exklusiv Zugang zu der gr\u00f6\u00dften Auswahl an hochwertigen Hockeyprodukten auf dem Markt.<\/span><\/p>\n<p>Und so profitieren sie vom Kauf von Howies:<\/p>\n<p>\u2022 \u00a0Das gr\u00f6\u00dfte Sortiment an Hockeytape und Schn\u00fcrsenkeln<br \/> \u2022 \u00a0Bessere Preise<br \/> \u2022 \u00a0Pers\u00f6nliche, erfahrene und fachm\u00e4nnische Servicekontakte<br \/> \u2022 \u00a0Schnellen und sicheren Versand durch DHL Express<br \/>\u2022 \u00a0Eine bekannte Marke<\/p>\n<h2>UND WIE FANGE ICH AN?<\/h2>\n<p>Wir bieten dir ein Angebot ,welches von Preisen, bis \u00fcber ein Produkt-Guide geht, welcher all unsere Produkte beinhaltet. Sie k\u00f6nnen uns entweder anrufen oder uns eine E-mail schreiben.<\/p>\n<h5 class=\"uppercase\">E-MAIL: INFO@HOWIES.SE\u00a0<\/h5>\n<h5 class=\"uppercase\">telefon: +46735444276<\/h5>\n\t\t<\/div>\n\t\t\t\t\t<\/div>\n\n\t\n\n\t<div id=\"col-565940326\" class=\"col medium-6 small-12 large-6\"  >\n\t\t\t\t<div class=\"col-inner\"  >\n\t\t\t\n\t\t\t\n<div class=\"container section-title-container\" ><h3 class=\"section-title section-title-normal\"><b><\/b><span class=\"section-title-main\" >h\u00e4ndleranfrage<\/span><b><\/b><\/h3><\/div>\n<p>F\u00fcllen Sie das folgende Kontaktformular aus und wir erstellen Ihnen einen Premiumzugang. Anschlie\u00dfend erhalten Sie umgehend unseren Produktkatalog mit der dazugeh\u00f6rigen Preisliste.<\/p>\n\n<div class=\"wpcf7 no-js\" id=\"wpcf7-f10-o1\" lang=\"sv-SE\" dir=\"ltr\" data-wpcf7-id=\"10\">\n<div class=\"screen-reader-response\"><p role=\"status\" aria-live=\"polite\" aria-atomic=\"true\"><\/p> <ul><\/ul><\/div>\n<form action=\"\/de\/wp-json\/wp\/v2\/pages\/857#wpcf7-f10-o1\" method=\"post\" class=\"wpcf7-form init\" aria-label=\"Kontaktformul\u00e4r\" novalidate=\"novalidate\" data-status=\"init\">\n<fieldset class=\"hidden-fields-container\"><input type=\"hidden\" name=\"_wpcf7\" value=\"10\" \/><input type=\"hidden\" name=\"_wpcf7_version\" value=\"6.1.6\" \/><input type=\"hidden\" name=\"_wpcf7_locale\" value=\"sv_SE\" \/><input type=\"hidden\" name=\"_wpcf7_unit_tag\" value=\"wpcf7-f10-o1\" \/><input type=\"hidden\" name=\"_wpcf7_container_post\" value=\"0\" \/><input type=\"hidden\" name=\"_wpcf7_posted_data_hash\" value=\"\" \/>\n<\/fieldset>\n<p><label> Ihre Name (Pflichtfeld)<br \/>\n<span class=\"wpcf7-form-control-wrap\" data-name=\"your-name\"><input size=\"40\" maxlength=\"400\" class=\"wpcf7-form-control wpcf7-text wpcf7-validates-as-required\" aria-required=\"true\" aria-invalid=\"false\" value=\"\" type=\"text\" name=\"your-name\" \/><\/span> <\/label>\n<\/p>\n<p><label> Ihre E-Mail-Adresse (Pflichtfeld)<br \/>\n<span class=\"wpcf7-form-control-wrap\" data-name=\"your-email\"><input size=\"40\" maxlength=\"400\" class=\"wpcf7-form-control wpcf7-email wpcf7-validates-as-required wpcf7-text wpcf7-validates-as-email\" aria-required=\"true\" aria-invalid=\"false\" value=\"\" type=\"email\" name=\"your-email\" \/><\/span> <\/label>\n<\/p>\n<p><label> Betreff<br \/>\n<span class=\"wpcf7-form-control-wrap\" data-name=\"your-subject\"><input size=\"40\" maxlength=\"400\" class=\"wpcf7-form-control wpcf7-text\" aria-invalid=\"false\" value=\"\" type=\"text\" name=\"your-subject\" \/><\/span> <\/label>\n<\/p>\n<p><label> Ihre Nachricht<br \/>\n<span class=\"wpcf7-form-control-wrap\" data-name=\"your-message\"><textarea cols=\"40\" rows=\"10\" maxlength=\"2000\" class=\"wpcf7-form-control wpcf7-textarea wpcf7-validates-as-required\" aria-required=\"true\" aria-invalid=\"false\" name=\"your-message\"><\/textarea><\/span> <\/label>\n<\/p>\n<div style=\"margin-bottom: 1em;\">\n\t<p>[recaptcha]\n\t<\/p>\n<\/div>\n<p><input class=\"wpcf7-form-control wpcf7-submit has-spinner\" type=\"submit\" value=\"Senden\" \/>\n<\/p><div class=\"wpcf7-response-output\" aria-hidden=\"true\"><\/div>\n<\/form>\n<\/div>\n\n\t\t<\/div>\n\t\t\t\t\t<\/div>\n\n\t\n<\/div>\n","protected":false},"excerpt":{"rendered":"","protected":false},"author":1,"featured_media":0,"parent":0,"menu_order":0,"comment_status":"closed","ping_status":"closed","template":"","meta":{"inline_featured_image":false,"footnotes":""},"class_list":["post-857","page","type-page","status-publish","hentry"],"yoast_head":"<!-- This site is optimized with the Yoast SEO plugin v27.6 - https:\/\/yoast.com\/product\/yoast-seo-wordpress\/ -->\n<title>H\u00e4ndler - HOCKEYLIFE.de<\/title>\n<meta name=\"description\" content=\"Bis heute z\u00e4hlt Howies Hockeytape zu den f\u00fchrenden Partnern f\u00fcr Sportgesch\u00e4fte in Schweden, Norwegen, D\u00e4nemark und der EU.\" \/>\n<meta name=\"robots\" content=\"index, follow, max-snippet:-1, max-image-preview:large, max-video-preview:-1\" \/>\n<link rel=\"canonical\" href=\"https:\/\/gethowies.com\/de\/retailers\/\" \/>\n<meta property=\"og:locale\" content=\"de_DE\" \/>\n<meta property=\"og:type\" content=\"article\" \/>\n<meta property=\"og:title\" content=\"H\u00e4ndler - HOCKEYLIFE.de\" \/>\n<meta property=\"og:description\" content=\"Bis heute z\u00e4hlt Howies Hockeytape zu den f\u00fchrenden Partnern f\u00fcr Sportgesch\u00e4fte in Schweden, Norwegen, D\u00e4nemark und der EU.\" \/>\n<meta property=\"og:url\" content=\"https:\/\/gethowies.com\/de\/retailers\/\" \/>\n<meta property=\"og:site_name\" content=\"Howies Hockey Deutschland\" \/>\n<meta name=\"twitter:card\" content=\"summary_large_image\" \/>\n<meta name=\"twitter:label1\" content=\"Gesch\u00e4tzte Lesezeit\" \/>\n\t<meta name=\"twitter:data1\" content=\"1\u00a0Minute\" \/>\n<script type=\"application\/ld+json\" class=\"yoast-schema-graph\">{\"@context\":\"https:\\\/\\\/schema.org\",\"@graph\":[{\"@type\":\"WebPage\",\"@id\":\"https:\\\/\\\/gethowies.com\\\/de\\\/retailers\\\/\",\"url\":\"https:\\\/\\\/gethowies.com\\\/de\\\/retailers\\\/\",\"name\":\"H\u00e4ndler - HOCKEYLIFE.de\",\"isPartOf\":{\"@id\":\"https:\\\/\\\/gethowies.com\\\/de\\\/#website\"},\"datePublished\":\"2017-03-15T13:34:40+00:00\",\"description\":\"Bis heute z\u00e4hlt Howies Hockeytape zu den f\u00fchrenden Partnern f\u00fcr Sportgesch\u00e4fte in Schweden, Norwegen, D\u00e4nemark und der EU.\",\"breadcrumb\":{\"@id\":\"https:\\\/\\\/gethowies.com\\\/de\\\/retailers\\\/#breadcrumb\"},\"inLanguage\":\"de\",\"potentialAction\":[{\"@type\":\"ReadAction\",\"target\":[\"https:\\\/\\\/gethowies.com\\\/de\\\/retailers\\\/\"]}]},{\"@type\":\"BreadcrumbList\",\"@id\":\"https:\\\/\\\/gethowies.com\\\/de\\\/retailers\\\/#breadcrumb\",\"itemListElement\":[{\"@type\":\"ListItem\",\"position\":1,\"name\":\"Hem\",\"item\":\"https:\\\/\\\/gethowies.com\\\/de\\\/\"},{\"@type\":\"ListItem\",\"position\":2,\"name\":\"H\u00e4ndler\"}]},{\"@type\":\"WebSite\",\"@id\":\"https:\\\/\\\/gethowies.com\\\/de\\\/#website\",\"url\":\"https:\\\/\\\/gethowies.com\\\/de\\\/\",\"name\":\"Howies Hockey Deutschland\",\"description\":\"\",\"potentialAction\":[{\"@type\":\"SearchAction\",\"target\":{\"@type\":\"EntryPoint\",\"urlTemplate\":\"https:\\\/\\\/gethowies.com\\\/de\\\/?s={search_term_string}\"},\"query-input\":{\"@type\":\"PropertyValueSpecification\",\"valueRequired\":true,\"valueName\":\"search_term_string\"}}],\"inLanguage\":\"de\"}]}<\/script>\n<!-- \/ Yoast SEO plugin. -->","yoast_head_json":{"title":"H\u00e4ndler - HOCKEYLIFE.de","description":"Bis heute z\u00e4hlt Howies Hockeytape zu den f\u00fchrenden Partnern f\u00fcr Sportgesch\u00e4fte in Schweden, Norwegen, D\u00e4nemark und der EU.","robots":{"index":"index","follow":"follow","max-snippet":"max-snippet:-1","max-image-preview":"max-image-preview:large","max-video-preview":"max-video-preview:-1"},"canonical":"https:\/\/gethowies.com\/de\/retailers\/","og_locale":"de_DE","og_type":"article","og_title":"H\u00e4ndler - HOCKEYLIFE.de","og_description":"Bis heute z\u00e4hlt Howies Hockeytape zu den f\u00fchrenden Partnern f\u00fcr Sportgesch\u00e4fte in Schweden, Norwegen, D\u00e4nemark und der EU.","og_url":"https:\/\/gethowies.com\/de\/retailers\/","og_site_name":"Howies Hockey Deutschland","twitter_card":"summary_large_image","twitter_misc":{"Gesch\u00e4tzte Lesezeit":"1\u00a0Minute"},"schema":{"@context":"https:\/\/schema.org","@graph":[{"@type":"WebPage","@id":"https:\/\/gethowies.com\/de\/retailers\/","url":"https:\/\/gethowies.com\/de\/retailers\/","name":"H\u00e4ndler - HOCKEYLIFE.de","isPartOf":{"@id":"https:\/\/gethowies.com\/de\/#website"},"datePublished":"2017-03-15T13:34:40+00:00","description":"Bis heute z\u00e4hlt Howies Hockeytape zu den f\u00fchrenden Partnern f\u00fcr Sportgesch\u00e4fte in Schweden, Norwegen, D\u00e4nemark und der EU.","breadcrumb":{"@id":"https:\/\/gethowies.com\/de\/retailers\/#breadcrumb"},"inLanguage":"de","potentialAction":[{"@type":"ReadAction","target":["https:\/\/gethowies.com\/de\/retailers\/"]}]},{"@type":"BreadcrumbList","@id":"https:\/\/gethowies.com\/de\/retailers\/#breadcrumb","itemListElement":[{"@type":"ListItem","position":1,"name":"Hem","item":"https:\/\/gethowies.com\/de\/"},{"@type":"ListItem","position":2,"name":"H\u00e4ndler"}]},{"@type":"WebSite","@id":"https:\/\/gethowies.com\/de\/#website","url":"https:\/\/gethowies.com\/de\/","name":"Howies Hockey Deutschland","description":"","potentialAction":[{"@type":"SearchAction","target":{"@type":"EntryPoint","urlTemplate":"https:\/\/gethowies.com\/de\/?s={search_term_string}"},"query-input":{"@type":"PropertyValueSpecification","valueRequired":true,"valueName":"search_term_string"}}],"inLanguage":"de"}]}},"_links":{"self":[{"href":"https:\/\/gethowies.com\/de\/wp-json\/wp\/v2\/pages\/857","targetHints":{"allow":["GET"]}}],"collection":[{"href":"https:\/\/gethowies.com\/de\/wp-json\/wp\/v2\/pages"}],"about":[{"href":"https:\/\/gethowies.com\/de\/wp-json\/wp\/v2\/types\/page"}],"author":[{"embeddable":true,"href":"https:\/\/gethowies.com\/de\/wp-json\/wp\/v2\/users\/1"}],"replies":[{"embeddable":true,"href":"https:\/\/gethowies.com\/de\/wp-json\/wp\/v2\/comments?post=857"}],"version-history":[{"count":0,"href":"https:\/\/gethowies.com\/de\/wp-json\/wp\/v2\/pages\/857\/revisions"}],"wp:attachment":[{"href":"https:\/\/gethowies.com\/de\/wp-json\/wp\/v2\/media?parent=857"}],"curies":[{"name":"wp","href":"https:\/\/api.w.org\/{rel}","templated":true}]}}