{"id":89,"date":"2013-08-11T20:13:42","date_gmt":"2013-08-11T20:13:42","guid":{"rendered":"http:\/\/localhost:8888\/test\/?page_id=545"},"modified":"2013-08-11T20:13:42","modified_gmt":"2013-08-11T20:13:42","slug":"faq","status":"publish","type":"page","link":"https:\/\/gethowies.com\/de\/faq\/","title":{"rendered":"FAQ"},"content":{"rendered":"<div class=\"row\"  id=\"row-1404145429\">\n\n\t<div id=\"col-1097573373\" class=\"col small-12 large-12\"  >\n\t\t\t\t<div class=\"col-inner\"  >\n\t\t\t\n\t\t\t\n  <div id=\"page-header-390773682\" class=\"page-header-wrapper\">\n  <div class=\"page-title light simple-title\">\n\n    \n    <div class=\"page-title-inner container align-center text-center flex-row-col medium-flex-wrap\" >\n              <div class=\"title-wrapper is-xlarge flex-col\">\n          <h1 class=\"entry-title mb-0\">\n            FAQ          <\/h1>\n        <\/div>\n                    <div class=\"title-content flex-col\">\n        <div class=\"title-breadcrumbs pb-half pt-half\"><nav class=\"woocommerce-breadcrumb breadcrumbs uppercase\">Start<\/nav><\/div>      <\/div>\n    <\/div>\n\n       <\/div>\n    <\/div>\n  \n<p>Hier finden Sie die Antworten auf die h\u00e4ufigsten Fragen<\/p>\n\t<div id=\"gap-210667174\" class=\"gap-element clearfix\" style=\"display:block; height:auto;\">\n\t\t\n<style>\n#gap-210667174 {\n  padding-top: 30px;\n}\n<\/style>\n\t<\/div>\n\t\n<h3 class=\"accordion_title\">BESTELLUNG UND LIEFERUNG<\/h3><div class=\"accordion\">\n<div id=\"accordion-2913960256\" class=\"accordion-item\"><a id=\"accordion-2913960256-label\" href=\"#\" class=\"accordion-title plain\" aria-expanded=\"false\" aria-controls=\"accordion-2913960256-content\"><button class=\"toggle\" aria-label=\"Toggle\"><i class=\"icon-angle-down\"><\/i><\/button><span>KANN ICH MEINE BESTELLUNG \u00c4NDERN?<\/span><\/a><div id=\"accordion-2913960256-content\" class=\"accordion-inner\" aria-labelledby=\"accordion-2913960256-label\">\n<p>Leider ist es unwahrscheinlich, dass wir nach Eingang Ihrer Bestellung \u00c4nderungen vornehmen k\u00f6nnen. Unser Ziel ist es, alle Bestellungen so schnell wie m\u00f6glich abzuwickeln und unsere Lagerhalle bearbeitet Bestellungen teilweise bereits 15 Minuten nach deren Eingang. Falls Sie eine \u00c4nderung w\u00fcnschen, kontaktieren Sie uns bitte so schnell wie m\u00f6glich und wir werden unser Bestes geben, um Ihnen weiterzuhelfen. Bitte vergessen Sie nicht, bei Ihrer Anfrage die Bestellnummer oder die bei der Bestellung angegebene E-Mail-Adresse anzugeben.<\/p>\n<p>Senden Sie Ihre Anfrage an: info@hockeylife.se<\/p>\n<\/div><\/div>\n<div id=\"accordion-1549880492\" class=\"accordion-item\"><a id=\"accordion-1549880492-label\" href=\"#\" class=\"accordion-title plain\" aria-expanded=\"false\" aria-controls=\"accordion-1549880492-content\"><button class=\"toggle\" aria-label=\"Toggle\"><i class=\"icon-angle-down\"><\/i><\/button><span>ICH HAB KEINE TRACKINGNUMMER BEKOMMEN?<\/span><\/a><div id=\"accordion-1549880492-content\" class=\"accordion-inner\" aria-labelledby=\"accordion-1549880492-label\">\n<p> Nicht alle versandten Produkte haben eine Trackingnummer. Beispielsweise hat ein kleineres Paket keine , gro\u00dfe normalerweise schon. Aber keine Sorge ! Alle Pakete werden innerhalb von 2-4 Tagen geliefert.<\/p>\n<\/div><\/div>\n<div id=\"accordion-1609945649\" class=\"accordion-item\"><a id=\"accordion-1609945649-label\" href=\"#\" class=\"accordion-title plain\" aria-expanded=\"false\" aria-controls=\"accordion-1609945649-content\"><button class=\"toggle\" aria-label=\"Toggle\"><i class=\"icon-angle-down\"><\/i><\/button><span>ICH HABE DAS FALSCHE PRODUKT ERHALTEN, WAS SOLL ICH MACHEN?<\/span><\/a><div id=\"accordion-1609945649-content\" class=\"accordion-inner\" aria-labelledby=\"accordion-1609945649-label\">\n<p>Oh nein! Bitte wenden Sie sich an unseren Kundenservice unter CustomerService@idealofsweden.com, damit wir den Fehler schnellstm\u00f6glich ausb\u00fcgeln k\u00f6nnen.<\/p>\n<p>Bitte machen Sie dabei folgende Angaben.<\/p>\n<p>Vollst\u00e4ndiger Name:<br \/>\nBestellnummer:<br \/>\nErhaltenes Produkt:<br \/>\nGew\u00fcnschtes Produkt:<\/p>\n<\/div><\/div>\n<div id=\"accordion-2238536309\" class=\"accordion-item\"><a id=\"accordion-2238536309-label\" href=\"#\" class=\"accordion-title plain\" aria-expanded=\"false\" aria-controls=\"accordion-2238536309-content\"><button class=\"toggle\" aria-label=\"Toggle\"><i class=\"icon-angle-down\"><\/i><\/button><span>VON WO AUS WIRD MEIN PAKET VERSANDT?<\/span><\/a><div id=\"accordion-2238536309-content\" class=\"accordion-inner\" aria-labelledby=\"accordion-2238536309-label\">\n<p>Bestellungen innerhalb von Europa werden von unserer Lagerhalle in Gothenburg Schweden versandt.<\/p>\n<\/div><\/div>\n<div id=\"accordion-529125484\" class=\"accordion-item\"><a id=\"accordion-529125484-label\" href=\"#\" class=\"accordion-title plain\" aria-expanded=\"false\" aria-controls=\"accordion-529125484-content\"><button class=\"toggle\" aria-label=\"Toggle\"><i class=\"icon-angle-down\"><\/i><\/button><span>WANN ERHALTE ICH MEINE BESTELLUNG?<\/span><\/a><div id=\"accordion-529125484-content\" class=\"accordion-inner\" aria-labelledby=\"accordion-529125484-label\">\n<p>Unser Ziel ist es, Ihre Bestellung so schnell wie m\u00f6glich zu liefern.<\/p>\n<p>Nach Eingang Ihrer Bestellung wird diese teilweise bereits innerhalb von 15 Minuten von unserer Bestell-Abteilung bearbeitet und direkt im Anschluss verpackt und versandt.<\/p>\n<p>Ihr vorraussichtliches Lieferdatum h\u00e4ngt von der gew\u00e4hlten Versandart ab. Bitte beachten Sie, dass wir normalerweise keine P\u00e4ckchen am Wochenende oder an gesetzlichen Feiertagen verschicken.<\/p>\n<p>Beachten Sie au\u00dferdem, dass das Lieferdatum eine Sch\u00e4tzung ist und die tats\u00e4chliche Lieferzeit von verschiedenen externen Faktoren abh\u00e4ngen kann, \u00fcber die wir \u2013 iDeal Of Sweden und unsere Versandpartner \u2013 keine Kontrolle aus\u00fcben.<\/p>\n<p>Zudem kann die Lieferzeit bei Werbeaktionen l\u00e4nger ausfallen.<\/p>\n<\/div><\/div>\n<div id=\"accordion-398922932\" class=\"accordion-item\"><a id=\"accordion-398922932-label\" href=\"#\" class=\"accordion-title plain\" aria-expanded=\"false\" aria-controls=\"accordion-398922932-content\"><button class=\"toggle\" aria-label=\"Toggle\"><i class=\"icon-angle-down\"><\/i><\/button><span>WIRD MEIN PAKET AN MEINE T\u00dcR GELIEFERT?<\/span><\/a><div id=\"accordion-398922932-content\" class=\"accordion-inner\" aria-labelledby=\"accordion-398922932-label\">\n<p>Ja, ihr Paket wird selbstverst\u00e4ndlich an ihre Adresse geliefert wenn es m\u00f6glich ist. Wenn ihr Paket zu gross ist und Sie nicht zuhause sind, wird es an die n\u00e4chste Servicestation gebracht. Wenn Sie mehr Informationen zu ihrem Lieferstatus ben\u00f6tigen, kontaktieren Sie einfach unseren Service.<\/p>\n<\/div><\/div>\n<\/div>\n\t<div id=\"gap-1698792103\" class=\"gap-element clearfix\" style=\"display:block; height:auto;\">\n\t\t\n<style>\n#gap-1698792103 {\n  padding-top: 30px;\n}\n<\/style>\n\t<\/div>\n\t\n<h3 class=\"accordion_title\">RETOUREN &amp; UMTAUSCH<\/h3><div class=\"accordion\">\n<div id=\"accordion-1623554048\" class=\"accordion-item\"><a id=\"accordion-1623554048-label\" href=\"#\" class=\"accordion-title plain\" aria-expanded=\"false\" aria-controls=\"accordion-1623554048-content\"><button class=\"toggle\" aria-label=\"Toggle\"><i class=\"icon-angle-down\"><\/i><\/button><span>ICH HABE DAS FALSCHE PRODUKT ERHALTEN, WAS SOLL ICH MACHEN?<\/span><\/a><div id=\"accordion-1623554048-content\" class=\"accordion-inner\" aria-labelledby=\"accordion-1623554048-label\">\n<p>Oh nein! Bitte wenden Sie sich an unseren Kundenservice unter CustomerService@idealofsweden.com, damit wir den Fehler schnellstm\u00f6glich ausb\u00fcgeln k\u00f6nnen.<\/p>\n<p>Bitte machen Sie dabei folgende Angaben.<\/p>\n<p>Vollst\u00e4ndiger Name:<br \/>\nBestellnummer:<br \/>\nErhaltenes Produkt:<br \/>\nGew\u00fcnschtes Produkt:<\/p>\n<\/div><\/div>\n<div id=\"accordion-1004671458\" class=\"accordion-item\"><a id=\"accordion-1004671458-label\" href=\"#\" class=\"accordion-title plain\" aria-expanded=\"false\" aria-controls=\"accordion-1004671458-content\"><button class=\"toggle\" aria-label=\"Toggle\"><i class=\"icon-angle-down\"><\/i><\/button><span>WIE SENDE ICH EINEN ARTIKEL ZUR\u00dcCK?<\/span><\/a><div id=\"accordion-1004671458-content\" class=\"accordion-inner\" aria-labelledby=\"accordion-1004671458-label\">\n<p>Sie haben das Recht, eines oder alle Produkte, die Sie direkt auf unserer Webseite erworben haben, innerhalb von 30 Tagen nach Empfang der Lieferung umzutauschen.<br \/>Das Produkt muss dabei in dem gleichen Zustand sein, in dem Sie es empfangen haben. Das Produkt muss au\u00dferdem in der Originalverpackung inklusive intakter Etiketten und Schutzaufkleber zur\u00fcckgeschickt werden.<\/p>\n<p>Ein Produkt kann nur gegen ein Produkt zum gleichen oder einem niedrigeren Preis ausgetauscht werden. Falls Sie sich f\u00fcr ein Produkt mit einem h\u00f6heren Preisschild entscheiden, erstatten wir Ihnen den Kaufbetrag zur\u00fcck und Sie k\u00f6nnen das gew\u00fcnschte Produkte neu bestellen.<\/p>\n<p>Produkte, die direkt auf unserer Webseite erworben werden, m\u00fcssen f\u00fcr den Umtausch an unsere Lagerhalle geschickt werden. Die Produkte k\u00f6nnen nicht in einem \u00f6rtlichen Gesch\u00e4ft umgetauscht werden.<\/p>\n<p>Bitte beachten Sie, dass Sie gegebenenfalls f\u00fcr die Kosten f\u00fcr den R\u00fcckversand aufkommen m\u00fcssen.<\/p>\n<p>Return address:<br \/>Howies Hockey Tape<br \/>Sm\u00f6rr\u00e4ntegatan 1<br \/>431 42\u00a0M\u00f6lndal<br \/>Sweden<\/p>\n<\/div><\/div>\n<\/div>\n\t<div id=\"gap-529773333\" class=\"gap-element clearfix\" style=\"display:block; height:auto;\">\n\t\t\n<style>\n#gap-529773333 {\n  padding-top: 30px;\n}\n<\/style>\n\t<\/div>\n\t\n<h3 class=\"accordion_title\">ZAHLUNG<\/h3><div class=\"accordion\">\n<div id=\"accordion-3313988533\" class=\"accordion-item\"><a id=\"accordion-3313988533-label\" href=\"#\" class=\"accordion-title plain\" aria-expanded=\"false\" aria-controls=\"accordion-3313988533-content\"><button class=\"toggle\" aria-label=\"Toggle\"><i class=\"icon-angle-down\"><\/i><\/button><span>WELCHE ZAHLUNGSM\u00d6GLICHKEITEN HABE ICH?<\/span><\/a><div id=\"accordion-3313988533-content\" class=\"accordion-inner\" aria-labelledby=\"accordion-3313988533-label\">\n<p>Hockeylife.de akzeptiert AliPay, American Express, Diners Club, JCB, SafetyPay, MasterCard, VISA, PayPal und mehrere andere ortsabh\u00e4ngige Bankkarten und Zahlungsmittel.<\/p>\n<\/div><\/div>\n<div id=\"accordion-3846454761\" class=\"accordion-item\"><a id=\"accordion-3846454761-label\" href=\"#\" class=\"accordion-title plain\" aria-expanded=\"false\" aria-controls=\"accordion-3846454761-content\"><button class=\"toggle\" aria-label=\"Toggle\"><i class=\"icon-angle-down\"><\/i><\/button><span>SIND MEINE ZAHLUNGSINFORMATIONEN SICHER?<\/span><\/a><div id=\"accordion-3846454761-content\" class=\"accordion-inner\" aria-labelledby=\"accordion-3846454761-label\">\n<p>Ihre Transaktions- und Zahlungsinformationen werden direkt von unserem Zahlungsanbieter, Stripe, abgewickelt und den strengen Bankstandards entsprechend verschl\u00fcsselt.<br \/>Ihre Kreditkarteninformationen werden direkt an die Bank \u00fcbermittelt und k\u00f6nnen von niemand anderem als Ihrer Bank eingesehen werden, nicht einmal von Howies Hockey.<\/p>\n<p>Howies Hockey (Hockeylife.de) besitzt ein SSL-Zertifikat und erf\u00fcllt die PCI DSS Datensicherheit-Bedingungen.<\/p>\n<\/div><\/div>\n<\/div>\n\t<div id=\"gap-631766246\" class=\"gap-element clearfix\" style=\"display:block; height:auto;\">\n\t\t\n<style>\n#gap-631766246 {\n  padding-top: 30px;\n}\n<\/style>\n\t<\/div>\n\t\n<h3 class=\"accordion_title\">PRODUKTINFORMATIONEN<\/h3><div class=\"accordion\">\n<div id=\"accordion-1438311450\" class=\"accordion-item\"><a id=\"accordion-1438311450-label\" href=\"#\" class=\"accordion-title plain\" aria-expanded=\"false\" aria-controls=\"accordion-1438311450-content\"><button class=\"toggle\" aria-label=\"Toggle\"><i class=\"icon-angle-down\"><\/i><\/button><span>QUALIT\u00c4T<\/span><\/a><div id=\"accordion-1438311450-content\" class=\"accordion-inner\" aria-labelledby=\"accordion-1438311450-label\">\n<p>F\u00fcr uns bei Howie&#8217;s of Sweden ist Qualit\u00e4t alles, wenn Sie mit unseren Produkten nicht zufrieden sind, kontaktieren Sie uns bitte.\/p&gt;<\/p>\n<\/div><\/div>\n<div id=\"accordion-3320108536\" class=\"accordion-item\"><a id=\"accordion-3320108536-label\" href=\"#\" class=\"accordion-title plain\" aria-expanded=\"false\" aria-controls=\"accordion-3320108536-content\"><button class=\"toggle\" aria-label=\"Toggle\"><i class=\"icon-angle-down\"><\/i><\/button><span>WO WIRD IHR TAPE HERGESTELLT?<\/span><\/a><div id=\"accordion-3320108536-content\" class=\"accordion-inner\" aria-labelledby=\"accordion-3320108536-label\">\n<p>Howies of Sweden Tape und Schn\u00fcrsenkel werden in Nordamerika hergestellt.<\/p>\n<\/div><\/div>\n<div id=\"accordion-657465608\" class=\"accordion-item\"><a id=\"accordion-657465608-label\" href=\"#\" class=\"accordion-title plain\" aria-expanded=\"false\" aria-controls=\"accordion-657465608-content\"><button class=\"toggle\" aria-label=\"Toggle\"><i class=\"icon-angle-down\"><\/i><\/button><span>SIND ALLE IHRE PRODUKTE IN NORDAMERIKA HERGESTELLT?<\/span><\/a><div id=\"accordion-657465608-content\" class=\"accordion-inner\" aria-labelledby=\"accordion-657465608-label\">\n<p>Tape und Schn\u00fcrsenkel werden in Nordamerika hergestellt. Our high quality pucks are manufactured in the Czech Republic EU at the same plant IIHF uses for the World Cup.\u00a0<\/p>\n<\/div><\/div>\n<\/div>\n\t<div id=\"gap-537967915\" class=\"gap-element clearfix\" style=\"display:block; height:auto;\">\n\t\t\n<style>\n#gap-537967915 {\n  padding-top: 60px;\n}\n<\/style>\n\t<\/div>\n\t\n\t\t<\/div>\n\t\t\t\t\t<\/div>\n\n\t\n\n<style>\n#row-1404145429 > .col > .col-inner {\n  padding: 30px 0px 0px 0px;\n}\n<\/style>\n<\/div>\n","protected":false},"excerpt":{"rendered":"","protected":false},"author":1,"featured_media":0,"parent":0,"menu_order":0,"comment_status":"closed","ping_status":"closed","template":"page-blank.php","meta":{"inline_featured_image":false,"footnotes":""},"class_list":["post-89","page","type-page","status-publish","hentry"],"yoast_head":"<!-- This site is optimized with the Yoast SEO plugin v27.5 - https:\/\/yoast.com\/product\/yoast-seo-wordpress\/ -->\n<title>FAQ - Howies Hockey Deutschland<\/title>\n<meta name=\"robots\" content=\"index, follow, max-snippet:-1, max-image-preview:large, max-video-preview:-1\" \/>\n<link rel=\"canonical\" href=\"https:\/\/gethowies.com\/de\/faq\/\" \/>\n<meta property=\"og:locale\" content=\"de_DE\" \/>\n<meta property=\"og:type\" content=\"article\" \/>\n<meta property=\"og:title\" content=\"FAQ - Howies Hockey Deutschland\" \/>\n<meta property=\"og:url\" content=\"https:\/\/gethowies.com\/de\/faq\/\" \/>\n<meta property=\"og:site_name\" content=\"Howies Hockey Deutschland\" \/>\n<meta name=\"twitter:card\" content=\"summary_large_image\" \/>\n<meta name=\"twitter:label1\" content=\"Gesch\u00e4tzte Lesezeit\" \/>\n\t<meta name=\"twitter:data1\" content=\"4\u00a0Minuten\" \/>\n<script type=\"application\/ld+json\" class=\"yoast-schema-graph\">{\"@context\":\"https:\\\/\\\/schema.org\",\"@graph\":[{\"@type\":\"WebPage\",\"@id\":\"https:\\\/\\\/gethowies.com\\\/de\\\/faq\\\/\",\"url\":\"https:\\\/\\\/gethowies.com\\\/de\\\/faq\\\/\",\"name\":\"FAQ - Howies Hockey Deutschland\",\"isPartOf\":{\"@id\":\"https:\\\/\\\/gethowies.com\\\/de\\\/#website\"},\"datePublished\":\"2013-08-11T20:13:42+00:00\",\"breadcrumb\":{\"@id\":\"https:\\\/\\\/gethowies.com\\\/de\\\/faq\\\/#breadcrumb\"},\"inLanguage\":\"de\",\"potentialAction\":[{\"@type\":\"ReadAction\",\"target\":[\"https:\\\/\\\/gethowies.com\\\/de\\\/faq\\\/\"]}]},{\"@type\":\"BreadcrumbList\",\"@id\":\"https:\\\/\\\/gethowies.com\\\/de\\\/faq\\\/#breadcrumb\",\"itemListElement\":[{\"@type\":\"ListItem\",\"position\":1,\"name\":\"Hem\",\"item\":\"https:\\\/\\\/gethowies.com\\\/de\\\/\"},{\"@type\":\"ListItem\",\"position\":2,\"name\":\"FAQ\"}]},{\"@type\":\"WebSite\",\"@id\":\"https:\\\/\\\/gethowies.com\\\/de\\\/#website\",\"url\":\"https:\\\/\\\/gethowies.com\\\/de\\\/\",\"name\":\"Howies Hockey Deutschland\",\"description\":\"\",\"potentialAction\":[{\"@type\":\"SearchAction\",\"target\":{\"@type\":\"EntryPoint\",\"urlTemplate\":\"https:\\\/\\\/gethowies.com\\\/de\\\/?s={search_term_string}\"},\"query-input\":{\"@type\":\"PropertyValueSpecification\",\"valueRequired\":true,\"valueName\":\"search_term_string\"}}],\"inLanguage\":\"de\"}]}<\/script>\n<!-- \/ Yoast SEO plugin. -->","yoast_head_json":{"title":"FAQ - Howies Hockey Deutschland","robots":{"index":"index","follow":"follow","max-snippet":"max-snippet:-1","max-image-preview":"max-image-preview:large","max-video-preview":"max-video-preview:-1"},"canonical":"https:\/\/gethowies.com\/de\/faq\/","og_locale":"de_DE","og_type":"article","og_title":"FAQ - Howies Hockey Deutschland","og_url":"https:\/\/gethowies.com\/de\/faq\/","og_site_name":"Howies Hockey Deutschland","twitter_card":"summary_large_image","twitter_misc":{"Gesch\u00e4tzte Lesezeit":"4\u00a0Minuten"},"schema":{"@context":"https:\/\/schema.org","@graph":[{"@type":"WebPage","@id":"https:\/\/gethowies.com\/de\/faq\/","url":"https:\/\/gethowies.com\/de\/faq\/","name":"FAQ - Howies Hockey Deutschland","isPartOf":{"@id":"https:\/\/gethowies.com\/de\/#website"},"datePublished":"2013-08-11T20:13:42+00:00","breadcrumb":{"@id":"https:\/\/gethowies.com\/de\/faq\/#breadcrumb"},"inLanguage":"de","potentialAction":[{"@type":"ReadAction","target":["https:\/\/gethowies.com\/de\/faq\/"]}]},{"@type":"BreadcrumbList","@id":"https:\/\/gethowies.com\/de\/faq\/#breadcrumb","itemListElement":[{"@type":"ListItem","position":1,"name":"Hem","item":"https:\/\/gethowies.com\/de\/"},{"@type":"ListItem","position":2,"name":"FAQ"}]},{"@type":"WebSite","@id":"https:\/\/gethowies.com\/de\/#website","url":"https:\/\/gethowies.com\/de\/","name":"Howies Hockey Deutschland","description":"","potentialAction":[{"@type":"SearchAction","target":{"@type":"EntryPoint","urlTemplate":"https:\/\/gethowies.com\/de\/?s={search_term_string}"},"query-input":{"@type":"PropertyValueSpecification","valueRequired":true,"valueName":"search_term_string"}}],"inLanguage":"de"}]}},"_links":{"self":[{"href":"https:\/\/gethowies.com\/de\/wp-json\/wp\/v2\/pages\/89","targetHints":{"allow":["GET"]}}],"collection":[{"href":"https:\/\/gethowies.com\/de\/wp-json\/wp\/v2\/pages"}],"about":[{"href":"https:\/\/gethowies.com\/de\/wp-json\/wp\/v2\/types\/page"}],"author":[{"embeddable":true,"href":"https:\/\/gethowies.com\/de\/wp-json\/wp\/v2\/users\/1"}],"replies":[{"embeddable":true,"href":"https:\/\/gethowies.com\/de\/wp-json\/wp\/v2\/comments?post=89"}],"version-history":[{"count":0,"href":"https:\/\/gethowies.com\/de\/wp-json\/wp\/v2\/pages\/89\/revisions"}],"wp:attachment":[{"href":"https:\/\/gethowies.com\/de\/wp-json\/wp\/v2\/media?parent=89"}],"curies":[{"name":"wp","href":"https:\/\/api.w.org\/{rel}","templated":true}]}}