{"id":94,"date":"2013-08-11T19:06:15","date_gmt":"2013-08-11T19:06:15","guid":{"rendered":"http:\/\/localhost:8888\/test\/?page_id=520"},"modified":"2013-08-11T19:06:15","modified_gmt":"2013-08-11T19:06:15","slug":"uber-uns","status":"publish","type":"page","link":"https:\/\/gethowies.com\/de\/uber-uns\/","title":{"rendered":"\u00dcber uns"},"content":{"rendered":"<div class=\"row\"  id=\"row-554537831\">\n\n\t<div id=\"col-949413253\" class=\"col small-12 large-12\"  >\n\t\t\t\t<div class=\"col-inner\"  >\n\t\t\t\n\t\t\t\n<p style=\"text-align: center\">\u00a0<\/p>\n<h2 style=\"text-align: center\"><span style=\"font-size: 120%\">Howies Hockey<\/span><\/h2>\n<p style=\"text-align: center\">\u00a0<\/p>\n<p style=\"text-align: center\">Howies Hockeytape wird derzeit von Spielern und Teams in der NHL, AHL, NCCA und SHL mit gro\u00dfem Erfolg genutzt. Wir garantieren Ihnen, dass Sie ein professionelles und hochwertiges Hockeytape erhalten werden, mit dem Sie mehr als zufrieden sein k\u00f6nnen. Howies produziert ausschlie\u00dflich in USA and Toronto Kanada und wird von professionellen Eishockeyspezialisten gef\u00fchrt. Au\u00dfer der exzellenten Qualit\u00e4t unseres Tapes, bieten wie Ihnen die gr\u00f6\u00dfte Auswahl vieler verschiedener Tapes. Unsere neue Webseite bietet Ihnen eine \u00fcberschaubare Auswahl und \u00dcbersicht aller Produkte.<\/p>\n\t\t<\/div>\n\t\t\t\t\n<style>\n#col-949413253 > .col-inner {\n  padding: 0px 15px 60px 15px;\n}\n<\/style>\n\t<\/div>\n\n\t\n<\/div>\n\t<section class=\"section\" id=\"section_1827929004\">\n\t\t<div class=\"bg section-bg fill bg-fill  \" >\n\n\t\t\t\n\t\t\t<div class=\"section-bg-overlay absolute fill\"><\/div>\n\t\t\t\n\n\t\t<\/div>\n\n\t\t\n\n\t\t<div class=\"section-content relative\">\n\t\t\t\n<div class=\"row row-collapse row-full-width align-middle\"  id=\"row-116876804\">\n\n\t<div id=\"col-996947242\" class=\"col medium-6 small-12 large-6\"  >\n\t\t\t\t<div class=\"col-inner text-left\"  >\n\t\t\t\n\t\t\t\n<h2 style=\"text-align: left\">Qualit\u00e4t<\/h2>\n<p style=\"text-align: left\"><span style=\"font-weight: 400\">Howies ist das beste und qualitativ hochwertigste Hockeytape weltweit<\/span><\/p>\n<ul>\n<li style=\"text-align: left\">Howies Hockeytape h\u00e4lt l\u00e4nger, als andere Hockeytapes<\/li>\n<li style=\"text-align: left\">Howies Hockeytape enth\u00e4lt erstklassige Klebstoffe<\/li>\n<li style=\"text-align: left\">Howies Hockeytape ist widerstandsf\u00e4higer gegen Feuchtigkeit, als andere Hockeytapes<\/li>\n<li style=\"text-align: left\">Howies Hockeytape ist deutlich glatter und feiner, als andere Hockeytapes<\/li>\n<\/ul>\n<a href=\"https:\/hockeylife.eu\" target=\"_self\" class=\"button primary is-underline\"  >\n    <span>shoppen<\/span>\n  <\/a>\n\n\t\t<\/div>\n\t\t\t\t\n<style>\n#col-996947242 > .col-inner {\n  padding: 10% 10% 10% 10%;\n  max-width: 520px;\n}\n<\/style>\n\t<\/div>\n\n\t\n<\/div>\n\t\t<\/div>\n\n\t\t\n<style>\n#section_1827929004 {\n  padding-top: 0px;\n  padding-bottom: 0px;\n  background-color: rgb(247, 247, 247);\n}\n#section_1827929004 .section-bg-overlay {\n  background-color: rgba(255, 255, 255, 0.85);\n}\n#section_1827929004 .section-bg.bg-loaded {\n  background-image: url(https:\/\/gethowies.com\/de\/wp-content\/uploads\/sites\/4\/2017\/09\/skate-tying.jpg);\n}\n#section_1827929004 .ux-shape-divider--top svg {\n  height: 150px;\n  --divider-top-width: 100%;\n}\n#section_1827929004 .ux-shape-divider--bottom svg {\n  height: 150px;\n  --divider-width: 100%;\n}\n<\/style>\n\t<\/section>\n\t\n\t<section class=\"section has-mask mask-arrow\" id=\"section_1932822774\">\n\t\t<div class=\"bg section-bg fill bg-fill  bg-loaded\" >\n\n\t\t\t\n\t\t\t\n\t\t\t\n\t<div class=\"is-border\"\n\t\tstyle=\"border-color:rgb(235, 235, 235);border-width:1px 0px 0px 0px;\">\n\t<\/div>\n\n\t\t<\/div>\n\n\t\t\n\n\t\t<div class=\"section-content relative\">\n\t\t\t\n<div class=\"row\"  id=\"row-1712404258\">\n\n\t<div id=\"col-1076219818\" class=\"col small-12 large-12\"  >\n\t\t\t\t<div class=\"col-inner\"  >\n\t\t\t\n\t\t\t\n<p>\u00a0<\/p>\n<h2 style=\"text-align: center\">Willst du mehr \u00fcber Howies wissen?<\/h2>\n<p style=\"text-align: center\">Kontaktieren Sie uns oder lesen Sie unsere FAQs<\/p>\n\t\t<\/div>\n\t\t\t\t\t<\/div>\n\n\t\n<\/div>\n<div class=\"row\"  id=\"row-630150065\">\n\n\t<div id=\"col-394104585\" class=\"col medium-4 small-12 large-4\"  >\n\t\t\t\t<div class=\"col-inner\"  >\n\t\t\t\n\t\t\t\n\n  <div class=\"banner has-hover bg-zoom bg-blur\" id=\"banner-1365363625\">\n          <div class=\"banner-inner fill\">\n        <div class=\"banner-bg fill\" >\n            <div class=\"bg fill bg-fill \"><\/div>\n                        <div class=\"overlay\"><\/div>            \n                    <\/div>\n\t\t\n        <div class=\"banner-layers container\">\n            <a class=\"fill\" href=\"http:\/\/hockeylife.de\/kontakt\/\"  ><div class=\"fill banner-link\"><\/div><\/a>            \n   <div id=\"text-box-1820220857\" class=\"text-box banner-layer x50 md-x50 lg-x50 y50 md-y50 lg-y50 res-text\">\n                                <div class=\"text-box-content text dark\">\n              \n              <div class=\"text-inner text-center\">\n                  \n<h2 class=\"uppercase\"><a href=\"http:\/\/hockeylife.de\/kontakt\/\">Kontakt<\/a><\/h2>\n<h4><a href=\"http:\/\/hockeylife.de\/kontakt\/\">Nutzen Sie unser Kontaktformular<\/a><\/h4>\n              <\/div>\n           <\/div>\n                            \n<style>\n#text-box-1820220857 {\n  width: 60%;\n}\n#text-box-1820220857 .text-box-content {\n  font-size: 100%;\n}\n<\/style>\n    <\/div>\n \n        <\/div>\n      <\/div>\n\n            \n<style>\n#banner-1365363625 {\n  padding-top: 200px;\n}\n#banner-1365363625 .bg.bg-loaded {\n  background-image: url(https:\/\/gethowies.com\/de\/wp-content\/uploads\/sites\/4\/2017\/07\/sauce-1024x678.jpg);\n}\n#banner-1365363625 .overlay {\n  background-color: rgba(0,0,0,.5);\n}\n#banner-1365363625 .ux-shape-divider--top svg {\n  height: 150px;\n  --divider-top-width: 100%;\n}\n#banner-1365363625 .ux-shape-divider--bottom svg {\n  height: 150px;\n  --divider-width: 100%;\n}\n<\/style>\n  <\/div>\n\n\n\t\t<\/div>\n\t\t\t\t\t<\/div>\n\n\t\n\n\t<div id=\"col-981345354\" class=\"col medium-4 small-12 large-4\"  >\n\t\t\t\t<div class=\"col-inner\"  >\n\t\t\t\n\t\t\t\n\n  <div class=\"banner has-hover bg-zoom bg-blur\" id=\"banner-76745126\">\n          <div class=\"banner-inner fill\">\n        <div class=\"banner-bg fill\" >\n            <div class=\"bg fill bg-fill \"><\/div>\n                        <div class=\"overlay\"><\/div>            \n                    <\/div>\n\t\t\n        <div class=\"banner-layers container\">\n            <a class=\"fill\" href=\"http:\/\/hockeylife.de\/agb\/\"  ><div class=\"fill banner-link\"><\/div><\/a>            \n   <div id=\"text-box-141185631\" class=\"text-box banner-layer x50 md-x50 lg-x50 y50 md-y50 lg-y50 res-text\">\n                     <div data-animate=\"none\">           <div class=\"text-box-content text dark\">\n              \n              <div class=\"text-inner text-center\">\n                  \n<h2 class=\"uppercase\"><a href=\"http:\/\/hockeylife.de\/agb\/\">AGB<\/a><\/h2>\n<h4><a href=\"http:\/\/hockeylife.de\/agb\/\">Unsere AGB Anzeigen<\/a><\/h4>\n              <\/div>\n           <\/div>\n       <\/div>                     \n<style>\n#text-box-141185631 {\n  width: 60%;\n}\n#text-box-141185631 .text-box-content {\n  font-size: 100%;\n}\n<\/style>\n    <\/div>\n \n        <\/div>\n      <\/div>\n\n            \n<style>\n#banner-76745126 {\n  padding-top: 200px;\n}\n#banner-76745126 .bg.bg-loaded {\n  background-image: url(https:\/\/gethowies.com\/de\/wp-content\/uploads\/sites\/4\/2017\/07\/snapback-blue.jpg);\n}\n#banner-76745126 .overlay {\n  background-color: rgba(0,0,0,.5);\n}\n#banner-76745126 .bg {\n  background-position: 85% 46%;\n}\n#banner-76745126 .ux-shape-divider--top svg {\n  height: 150px;\n  --divider-top-width: 100%;\n}\n#banner-76745126 .ux-shape-divider--bottom svg {\n  height: 150px;\n  --divider-width: 100%;\n}\n<\/style>\n  <\/div>\n\n\n\t\t<\/div>\n\t\t\t\t\t<\/div>\n\n\t\n\n\t<div id=\"col-127873718\" class=\"col medium-4 small-12 large-4\"  >\n\t\t\t\t<div class=\"col-inner\"  >\n\t\t\t\n\t\t\t\n\n  <div class=\"banner has-hover bg-zoom bg-blur\" id=\"banner-622459185\">\n          <div class=\"banner-inner fill\">\n        <div class=\"banner-bg fill\" >\n            <div class=\"bg fill bg-fill \"><\/div>\n                        <div class=\"overlay\"><\/div>            \n                    <\/div>\n\t\t\n        <div class=\"banner-layers container\">\n            <a class=\"fill\" href=\"http:\/\/hockeylife.de\/faq\/\"  ><div class=\"fill banner-link\"><\/div><\/a>            \n   <div id=\"text-box-1492205649\" class=\"text-box banner-layer x50 md-x50 lg-x50 y50 md-y50 lg-y50 res-text\">\n                                <div class=\"text-box-content text dark\">\n              \n              <div class=\"text-inner text-center\">\n                  \n<h2 class=\"uppercase\"><a href=\"http:\/\/hockeylife.de\/faq\/\">FAQ<\/a><\/h2>\n<h4><a href=\"http:\/\/hockeylife.de\/faq\/\">Zu den FAQ&#8217;s<\/a><\/h4>\n              <\/div>\n           <\/div>\n                            \n<style>\n#text-box-1492205649 {\n  width: 60%;\n}\n#text-box-1492205649 .text-box-content {\n  font-size: 100%;\n}\n<\/style>\n    <\/div>\n \n        <\/div>\n      <\/div>\n\n            \n<style>\n#banner-622459185 {\n  padding-top: 200px;\n}\n#banner-622459185 .bg.bg-loaded {\n  background-image: url(https:\/\/gethowies.com\/de\/wp-content\/uploads\/sites\/4\/2017\/04\/newsletterbox-1024x731.jpg);\n}\n#banner-622459185 .overlay {\n  background-color: rgba(0,0,0,.5);\n}\n#banner-622459185 .ux-shape-divider--top svg {\n  height: 150px;\n  --divider-top-width: 100%;\n}\n#banner-622459185 .ux-shape-divider--bottom svg {\n  height: 150px;\n  --divider-width: 100%;\n}\n<\/style>\n  <\/div>\n\n\n\t\t<\/div>\n\t\t\t\t\t<\/div>\n\n\t\n<\/div>\n\t\t<\/div>\n\n\t\t\n<style>\n#section_1932822774 {\n  padding-top: 59px;\n  padding-bottom: 59px;\n  min-height: 300px;\n  background-color: rgb(245, 245, 245);\n}\n#section_1932822774 .ux-shape-divider--top svg {\n  height: 150px;\n  --divider-top-width: 100%;\n}\n#section_1932822774 .ux-shape-divider--bottom svg {\n  height: 150px;\n  --divider-width: 100%;\n}\n<\/style>\n\t<\/section>\n\t\n","protected":false},"excerpt":{"rendered":"","protected":false},"author":1,"featured_media":16,"parent":0,"menu_order":0,"comment_status":"closed","ping_status":"closed","template":"page-blank.php","meta":{"inline_featured_image":false,"footnotes":""},"class_list":["post-94","page","type-page","status-publish","has-post-thumbnail","hentry"],"yoast_head":"<!-- This site is optimized with the Yoast SEO plugin v27.5 - https:\/\/yoast.com\/product\/yoast-seo-wordpress\/ -->\n<title>\u00dcber uns - Howies Hockey Deutschland<\/title>\n<meta name=\"robots\" content=\"index, follow, max-snippet:-1, max-image-preview:large, max-video-preview:-1\" \/>\n<link rel=\"canonical\" href=\"https:\/\/gethowies.com\/de\/uber-uns\/\" \/>\n<meta property=\"og:locale\" content=\"de_DE\" \/>\n<meta property=\"og:type\" content=\"article\" \/>\n<meta property=\"og:title\" content=\"\u00dcber uns - Howies Hockey Deutschland\" \/>\n<meta property=\"og:url\" content=\"https:\/\/gethowies.com\/de\/uber-uns\/\" \/>\n<meta property=\"og:site_name\" content=\"Howies Hockey Deutschland\" \/>\n<meta property=\"og:image\" content=\"https:\/\/gethowies.com\/de\/wp-content\/uploads\/sites\/4\/2016\/08\/dummy-1.jpg\" \/>\n\t<meta property=\"og:image:width\" content=\"400\" \/>\n\t<meta property=\"og:image:height\" content=\"260\" \/>\n\t<meta property=\"og:image:type\" content=\"image\/jpeg\" \/>\n<meta name=\"twitter:card\" content=\"summary_large_image\" \/>\n<meta name=\"twitter:label1\" content=\"Gesch\u00e4tzte Lesezeit\" \/>\n\t<meta name=\"twitter:data1\" content=\"2\u00a0Minuten\" \/>\n<script type=\"application\/ld+json\" class=\"yoast-schema-graph\">{\"@context\":\"https:\\\/\\\/schema.org\",\"@graph\":[{\"@type\":\"WebPage\",\"@id\":\"https:\\\/\\\/gethowies.com\\\/de\\\/uber-uns\\\/\",\"url\":\"https:\\\/\\\/gethowies.com\\\/de\\\/uber-uns\\\/\",\"name\":\"\u00dcber uns - Howies Hockey Deutschland\",\"isPartOf\":{\"@id\":\"https:\\\/\\\/gethowies.com\\\/de\\\/#website\"},\"primaryImageOfPage\":{\"@id\":\"https:\\\/\\\/gethowies.com\\\/de\\\/uber-uns\\\/#primaryimage\"},\"image\":{\"@id\":\"https:\\\/\\\/gethowies.com\\\/de\\\/uber-uns\\\/#primaryimage\"},\"thumbnailUrl\":\"https:\\\/\\\/gethowies.com\\\/de\\\/wp-content\\\/uploads\\\/sites\\\/4\\\/2016\\\/08\\\/dummy-1.jpg\",\"datePublished\":\"2013-08-11T19:06:15+00:00\",\"breadcrumb\":{\"@id\":\"https:\\\/\\\/gethowies.com\\\/de\\\/uber-uns\\\/#breadcrumb\"},\"inLanguage\":\"de\",\"potentialAction\":[{\"@type\":\"ReadAction\",\"target\":[\"https:\\\/\\\/gethowies.com\\\/de\\\/uber-uns\\\/\"]}]},{\"@type\":\"ImageObject\",\"inLanguage\":\"de\",\"@id\":\"https:\\\/\\\/gethowies.com\\\/de\\\/uber-uns\\\/#primaryimage\",\"url\":\"https:\\\/\\\/gethowies.com\\\/de\\\/wp-content\\\/uploads\\\/sites\\\/4\\\/2016\\\/08\\\/dummy-1.jpg\",\"contentUrl\":\"https:\\\/\\\/gethowies.com\\\/de\\\/wp-content\\\/uploads\\\/sites\\\/4\\\/2016\\\/08\\\/dummy-1.jpg\",\"width\":400,\"height\":260},{\"@type\":\"BreadcrumbList\",\"@id\":\"https:\\\/\\\/gethowies.com\\\/de\\\/uber-uns\\\/#breadcrumb\",\"itemListElement\":[{\"@type\":\"ListItem\",\"position\":1,\"name\":\"Hem\",\"item\":\"https:\\\/\\\/gethowies.com\\\/de\\\/\"},{\"@type\":\"ListItem\",\"position\":2,\"name\":\"\u00dcber uns\"}]},{\"@type\":\"WebSite\",\"@id\":\"https:\\\/\\\/gethowies.com\\\/de\\\/#website\",\"url\":\"https:\\\/\\\/gethowies.com\\\/de\\\/\",\"name\":\"Howies Hockey Deutschland\",\"description\":\"\",\"potentialAction\":[{\"@type\":\"SearchAction\",\"target\":{\"@type\":\"EntryPoint\",\"urlTemplate\":\"https:\\\/\\\/gethowies.com\\\/de\\\/?s={search_term_string}\"},\"query-input\":{\"@type\":\"PropertyValueSpecification\",\"valueRequired\":true,\"valueName\":\"search_term_string\"}}],\"inLanguage\":\"de\"}]}<\/script>\n<!-- \/ Yoast SEO plugin. -->","yoast_head_json":{"title":"\u00dcber uns - Howies Hockey Deutschland","robots":{"index":"index","follow":"follow","max-snippet":"max-snippet:-1","max-image-preview":"max-image-preview:large","max-video-preview":"max-video-preview:-1"},"canonical":"https:\/\/gethowies.com\/de\/uber-uns\/","og_locale":"de_DE","og_type":"article","og_title":"\u00dcber uns - Howies Hockey Deutschland","og_url":"https:\/\/gethowies.com\/de\/uber-uns\/","og_site_name":"Howies Hockey Deutschland","og_image":[{"width":400,"height":260,"url":"https:\/\/gethowies.com\/de\/wp-content\/uploads\/sites\/4\/2016\/08\/dummy-1.jpg","type":"image\/jpeg"}],"twitter_card":"summary_large_image","twitter_misc":{"Gesch\u00e4tzte Lesezeit":"2\u00a0Minuten"},"schema":{"@context":"https:\/\/schema.org","@graph":[{"@type":"WebPage","@id":"https:\/\/gethowies.com\/de\/uber-uns\/","url":"https:\/\/gethowies.com\/de\/uber-uns\/","name":"\u00dcber uns - Howies Hockey Deutschland","isPartOf":{"@id":"https:\/\/gethowies.com\/de\/#website"},"primaryImageOfPage":{"@id":"https:\/\/gethowies.com\/de\/uber-uns\/#primaryimage"},"image":{"@id":"https:\/\/gethowies.com\/de\/uber-uns\/#primaryimage"},"thumbnailUrl":"https:\/\/gethowies.com\/de\/wp-content\/uploads\/sites\/4\/2016\/08\/dummy-1.jpg","datePublished":"2013-08-11T19:06:15+00:00","breadcrumb":{"@id":"https:\/\/gethowies.com\/de\/uber-uns\/#breadcrumb"},"inLanguage":"de","potentialAction":[{"@type":"ReadAction","target":["https:\/\/gethowies.com\/de\/uber-uns\/"]}]},{"@type":"ImageObject","inLanguage":"de","@id":"https:\/\/gethowies.com\/de\/uber-uns\/#primaryimage","url":"https:\/\/gethowies.com\/de\/wp-content\/uploads\/sites\/4\/2016\/08\/dummy-1.jpg","contentUrl":"https:\/\/gethowies.com\/de\/wp-content\/uploads\/sites\/4\/2016\/08\/dummy-1.jpg","width":400,"height":260},{"@type":"BreadcrumbList","@id":"https:\/\/gethowies.com\/de\/uber-uns\/#breadcrumb","itemListElement":[{"@type":"ListItem","position":1,"name":"Hem","item":"https:\/\/gethowies.com\/de\/"},{"@type":"ListItem","position":2,"name":"\u00dcber uns"}]},{"@type":"WebSite","@id":"https:\/\/gethowies.com\/de\/#website","url":"https:\/\/gethowies.com\/de\/","name":"Howies Hockey Deutschland","description":"","potentialAction":[{"@type":"SearchAction","target":{"@type":"EntryPoint","urlTemplate":"https:\/\/gethowies.com\/de\/?s={search_term_string}"},"query-input":{"@type":"PropertyValueSpecification","valueRequired":true,"valueName":"search_term_string"}}],"inLanguage":"de"}]}},"_links":{"self":[{"href":"https:\/\/gethowies.com\/de\/wp-json\/wp\/v2\/pages\/94","targetHints":{"allow":["GET"]}}],"collection":[{"href":"https:\/\/gethowies.com\/de\/wp-json\/wp\/v2\/pages"}],"about":[{"href":"https:\/\/gethowies.com\/de\/wp-json\/wp\/v2\/types\/page"}],"author":[{"embeddable":true,"href":"https:\/\/gethowies.com\/de\/wp-json\/wp\/v2\/users\/1"}],"replies":[{"embeddable":true,"href":"https:\/\/gethowies.com\/de\/wp-json\/wp\/v2\/comments?post=94"}],"version-history":[{"count":0,"href":"https:\/\/gethowies.com\/de\/wp-json\/wp\/v2\/pages\/94\/revisions"}],"wp:featuredmedia":[{"embeddable":true,"href":"https:\/\/gethowies.com\/de\/wp-json\/wp\/v2\/media\/16"}],"wp:attachment":[{"href":"https:\/\/gethowies.com\/de\/wp-json\/wp\/v2\/media?parent=94"}],"curies":[{"name":"wp","href":"https:\/\/api.w.org\/{rel}","templated":true}]}}