{"id":1575,"date":"2017-04-27T20:08:54","date_gmt":"2017-04-27T20:08:54","guid":{"rendered":"http:\/\/hockeylife.de\/?post_type=product&amp;p=1575"},"modified":"2017-04-27T20:08:54","modified_gmt":"2017-04-27T20:08:54","slug":"howies-white-hockey-tape-36mm","status":"publish","type":"product","link":"https:\/\/gethowies.com\/de\/produkt\/howies-white-hockey-tape-36mm\/","title":{"rendered":"Howies Schl\u00e4gertape Wei\u00df 36 mm"},"content":{"rendered":"<p>Da das Tape 36 mm gro\u00df ist, ben\u00f6tig es kaum zeit beim Verbinden! Das weite Baumwolltape hat \u00fcber Jahre hinweg Ansehen bekommen und ist heute unser Bestseller bei den Spielern. Manche m\u00f6gen es wie schnell man es anbringen kann, andere bevorzugen auch nur wie es einfach an ihren Schl\u00e4gern aussieht.<\/p>\n","protected":false},"excerpt":{"rendered":"<p>Da das Tape 36 mm gro\u00df ist, ben\u00f6tig es kaum zeit beim Verbinden! Das weite Baumwolltape hat \u00fcber Jahre hinweg Ansehen bekommen und ist heute unser Bestseller bei den Spielern. Manche m\u00f6gen es wie schnell man es anbringen kann, andere bevorzugen auch nur wie es einfach an ihren Schl\u00e4gern aussieht.<\/p>\n","protected":false},"featured_media":3128,"comment_status":"closed","ping_status":"closed","template":"","meta":{"inline_featured_image":false},"product_brand":[],"product_cat":[102,94],"product_tag":[],"class_list":{"0":"post-1575","1":"product","2":"type-product","3":"status-publish","4":"has-post-thumbnail","6":"product_cat-cloth-tape-black-white","7":"product_cat-tape-nhl","9":"first","10":"instock","11":"shipping-taxable","12":"purchasable","13":"product-type-simple"},"yoast_head":"<!-- This site is optimized with the Yoast SEO plugin v27.5 - https:\/\/yoast.com\/product\/yoast-seo-wordpress\/ -->\n<title>Howies Schl\u00e4gertape Wei\u00df 36 mm - Howies Hockey Deutschland<\/title>\n<meta name=\"robots\" content=\"index, follow, max-snippet:-1, max-image-preview:large, max-video-preview:-1\" \/>\n<link rel=\"canonical\" href=\"https:\/\/gethowies.com\/de\/produkt\/howies-white-hockey-tape-36mm\/\" \/>\n<meta property=\"og:locale\" content=\"de_DE\" \/>\n<meta property=\"og:type\" content=\"article\" \/>\n<meta property=\"og:title\" content=\"Howies Schl\u00e4gertape Wei\u00df 36 mm - Howies Hockey Deutschland\" \/>\n<meta property=\"og:description\" content=\"Da das Tape 36 mm gro\u00df ist, ben\u00f6tig es kaum zeit beim Verbinden! Das weite Baumwolltape hat \u00fcber Jahre hinweg Ansehen bekommen und ist heute unser Bestseller bei den Spielern. Manche m\u00f6gen es wie schnell man es anbringen kann, andere bevorzugen auch nur wie es einfach an ihren Schl\u00e4gern aussieht.\" \/>\n<meta property=\"og:url\" content=\"https:\/\/gethowies.com\/de\/produkt\/howies-white-hockey-tape-36mm\/\" \/>\n<meta property=\"og:site_name\" content=\"Howies Hockey Deutschland\" \/>\n<meta property=\"og:image\" content=\"https:\/\/gethowies.com\/de\/wp-content\/uploads\/sites\/4\/2017\/04\/white-36mm-1.jpg\" \/>\n\t<meta property=\"og:image:width\" content=\"1020\" \/>\n\t<meta property=\"og:image:height\" content=\"1200\" \/>\n\t<meta property=\"og:image:type\" content=\"image\/jpeg\" \/>\n<meta name=\"twitter:card\" content=\"summary_large_image\" \/>\n<script type=\"application\/ld+json\" class=\"yoast-schema-graph\">{\"@context\":\"https:\\\/\\\/schema.org\",\"@graph\":[{\"@type\":\"WebPage\",\"@id\":\"https:\\\/\\\/gethowies.com\\\/de\\\/produkt\\\/howies-white-hockey-tape-36mm\\\/\",\"url\":\"https:\\\/\\\/gethowies.com\\\/de\\\/produkt\\\/howies-white-hockey-tape-36mm\\\/\",\"name\":\"Howies Schl\u00e4gertape Wei\u00df 36 mm - Howies Hockey Deutschland\",\"isPartOf\":{\"@id\":\"https:\\\/\\\/gethowies.com\\\/de\\\/#website\"},\"primaryImageOfPage\":{\"@id\":\"https:\\\/\\\/gethowies.com\\\/de\\\/produkt\\\/howies-white-hockey-tape-36mm\\\/#primaryimage\"},\"image\":{\"@id\":\"https:\\\/\\\/gethowies.com\\\/de\\\/produkt\\\/howies-white-hockey-tape-36mm\\\/#primaryimage\"},\"thumbnailUrl\":\"https:\\\/\\\/gethowies.com\\\/de\\\/wp-content\\\/uploads\\\/sites\\\/4\\\/2017\\\/04\\\/white-36mm-1.jpg\",\"datePublished\":\"2017-04-27T20:08:54+00:00\",\"breadcrumb\":{\"@id\":\"https:\\\/\\\/gethowies.com\\\/de\\\/produkt\\\/howies-white-hockey-tape-36mm\\\/#breadcrumb\"},\"inLanguage\":\"de\",\"potentialAction\":[{\"@type\":\"ReadAction\",\"target\":[\"https:\\\/\\\/gethowies.com\\\/de\\\/produkt\\\/howies-white-hockey-tape-36mm\\\/\"]}]},{\"@type\":\"ImageObject\",\"inLanguage\":\"de\",\"@id\":\"https:\\\/\\\/gethowies.com\\\/de\\\/produkt\\\/howies-white-hockey-tape-36mm\\\/#primaryimage\",\"url\":\"https:\\\/\\\/gethowies.com\\\/de\\\/wp-content\\\/uploads\\\/sites\\\/4\\\/2017\\\/04\\\/white-36mm-1.jpg\",\"contentUrl\":\"https:\\\/\\\/gethowies.com\\\/de\\\/wp-content\\\/uploads\\\/sites\\\/4\\\/2017\\\/04\\\/white-36mm-1.jpg\",\"width\":1020,\"height\":1200,\"caption\":\"Howies White Cloth Hockey Tape 36mm\"},{\"@type\":\"BreadcrumbList\",\"@id\":\"https:\\\/\\\/gethowies.com\\\/de\\\/produkt\\\/howies-white-hockey-tape-36mm\\\/#breadcrumb\",\"itemListElement\":[{\"@type\":\"ListItem\",\"position\":1,\"name\":\"Hem\",\"item\":\"https:\\\/\\\/gethowies.com\\\/de\\\/\"},{\"@type\":\"ListItem\",\"position\":2,\"name\":\"Shop\",\"item\":\"https:\\\/\\\/gethowies.com\\\/de\\\/shop\\\/\"},{\"@type\":\"ListItem\",\"position\":3,\"name\":\"Howies Schl\u00e4gertape Wei\u00df 36 mm\"}]},{\"@type\":\"WebSite\",\"@id\":\"https:\\\/\\\/gethowies.com\\\/de\\\/#website\",\"url\":\"https:\\\/\\\/gethowies.com\\\/de\\\/\",\"name\":\"Howies Hockey Deutschland\",\"description\":\"\",\"potentialAction\":[{\"@type\":\"SearchAction\",\"target\":{\"@type\":\"EntryPoint\",\"urlTemplate\":\"https:\\\/\\\/gethowies.com\\\/de\\\/?s={search_term_string}\"},\"query-input\":{\"@type\":\"PropertyValueSpecification\",\"valueRequired\":true,\"valueName\":\"search_term_string\"}}],\"inLanguage\":\"de\"}]}<\/script>\n<!-- \/ Yoast SEO plugin. -->","yoast_head_json":{"title":"Howies Schl\u00e4gertape Wei\u00df 36 mm - Howies Hockey Deutschland","robots":{"index":"index","follow":"follow","max-snippet":"max-snippet:-1","max-image-preview":"max-image-preview:large","max-video-preview":"max-video-preview:-1"},"canonical":"https:\/\/gethowies.com\/de\/produkt\/howies-white-hockey-tape-36mm\/","og_locale":"de_DE","og_type":"article","og_title":"Howies Schl\u00e4gertape Wei\u00df 36 mm - Howies Hockey Deutschland","og_description":"Da das Tape 36 mm gro\u00df ist, ben\u00f6tig es kaum zeit beim Verbinden! Das weite Baumwolltape hat \u00fcber Jahre hinweg Ansehen bekommen und ist heute unser Bestseller bei den Spielern. Manche m\u00f6gen es wie schnell man es anbringen kann, andere bevorzugen auch nur wie es einfach an ihren Schl\u00e4gern aussieht.","og_url":"https:\/\/gethowies.com\/de\/produkt\/howies-white-hockey-tape-36mm\/","og_site_name":"Howies Hockey Deutschland","og_image":[{"width":1020,"height":1200,"url":"https:\/\/gethowies.com\/de\/wp-content\/uploads\/sites\/4\/2017\/04\/white-36mm-1.jpg","type":"image\/jpeg"}],"twitter_card":"summary_large_image","schema":{"@context":"https:\/\/schema.org","@graph":[{"@type":"WebPage","@id":"https:\/\/gethowies.com\/de\/produkt\/howies-white-hockey-tape-36mm\/","url":"https:\/\/gethowies.com\/de\/produkt\/howies-white-hockey-tape-36mm\/","name":"Howies Schl\u00e4gertape Wei\u00df 36 mm - Howies Hockey Deutschland","isPartOf":{"@id":"https:\/\/gethowies.com\/de\/#website"},"primaryImageOfPage":{"@id":"https:\/\/gethowies.com\/de\/produkt\/howies-white-hockey-tape-36mm\/#primaryimage"},"image":{"@id":"https:\/\/gethowies.com\/de\/produkt\/howies-white-hockey-tape-36mm\/#primaryimage"},"thumbnailUrl":"https:\/\/gethowies.com\/de\/wp-content\/uploads\/sites\/4\/2017\/04\/white-36mm-1.jpg","datePublished":"2017-04-27T20:08:54+00:00","breadcrumb":{"@id":"https:\/\/gethowies.com\/de\/produkt\/howies-white-hockey-tape-36mm\/#breadcrumb"},"inLanguage":"de","potentialAction":[{"@type":"ReadAction","target":["https:\/\/gethowies.com\/de\/produkt\/howies-white-hockey-tape-36mm\/"]}]},{"@type":"ImageObject","inLanguage":"de","@id":"https:\/\/gethowies.com\/de\/produkt\/howies-white-hockey-tape-36mm\/#primaryimage","url":"https:\/\/gethowies.com\/de\/wp-content\/uploads\/sites\/4\/2017\/04\/white-36mm-1.jpg","contentUrl":"https:\/\/gethowies.com\/de\/wp-content\/uploads\/sites\/4\/2017\/04\/white-36mm-1.jpg","width":1020,"height":1200,"caption":"Howies White Cloth Hockey Tape 36mm"},{"@type":"BreadcrumbList","@id":"https:\/\/gethowies.com\/de\/produkt\/howies-white-hockey-tape-36mm\/#breadcrumb","itemListElement":[{"@type":"ListItem","position":1,"name":"Hem","item":"https:\/\/gethowies.com\/de\/"},{"@type":"ListItem","position":2,"name":"Shop","item":"https:\/\/gethowies.com\/de\/shop\/"},{"@type":"ListItem","position":3,"name":"Howies Schl\u00e4gertape Wei\u00df 36 mm"}]},{"@type":"WebSite","@id":"https:\/\/gethowies.com\/de\/#website","url":"https:\/\/gethowies.com\/de\/","name":"Howies Hockey Deutschland","description":"","potentialAction":[{"@type":"SearchAction","target":{"@type":"EntryPoint","urlTemplate":"https:\/\/gethowies.com\/de\/?s={search_term_string}"},"query-input":{"@type":"PropertyValueSpecification","valueRequired":true,"valueName":"search_term_string"}}],"inLanguage":"de"}]}},"_links":{"self":[{"href":"https:\/\/gethowies.com\/de\/wp-json\/wp\/v2\/product\/1575","targetHints":{"allow":["GET"]}}],"collection":[{"href":"https:\/\/gethowies.com\/de\/wp-json\/wp\/v2\/product"}],"about":[{"href":"https:\/\/gethowies.com\/de\/wp-json\/wp\/v2\/types\/product"}],"replies":[{"embeddable":true,"href":"https:\/\/gethowies.com\/de\/wp-json\/wp\/v2\/comments?post=1575"}],"wp:featuredmedia":[{"embeddable":true,"href":"https:\/\/gethowies.com\/de\/wp-json\/wp\/v2\/media\/3128"}],"wp:attachment":[{"href":"https:\/\/gethowies.com\/de\/wp-json\/wp\/v2\/media?parent=1575"}],"wp:term":[{"taxonomy":"product_brand","embeddable":true,"href":"https:\/\/gethowies.com\/de\/wp-json\/wp\/v2\/product_brand?post=1575"},{"taxonomy":"product_cat","embeddable":true,"href":"https:\/\/gethowies.com\/de\/wp-json\/wp\/v2\/product_cat?post=1575"},{"taxonomy":"product_tag","embeddable":true,"href":"https:\/\/gethowies.com\/de\/wp-json\/wp\/v2\/product_tag?post=1575"}],"curies":[{"name":"wp","href":"https:\/\/api.w.org\/{rel}","templated":true}]}}