{"id":1614,"date":"2017-04-28T14:12:38","date_gmt":"2017-04-28T14:12:38","guid":{"rendered":"http:\/\/hockeylife.de\/?post_type=product&amp;p=1614"},"modified":"2017-04-28T14:12:38","modified_gmt":"2017-04-28T14:12:38","slug":"biosteel-high-performance-sports-drink","status":"publish","type":"product","link":"https:\/\/gethowies.com\/de\/produkt\/biosteel-high-performance-sports-drink\/","title":{"rendered":"Biosteel High Performance Sports Drink"},"content":{"rendered":"<p>BioSteel Sports\u2122 High Performance Sports Mix ist ein elektrolyte-, aminos\u00e4uren- und vitaminhaltiges Getr\u00e4nk. Unser HPSM unterst\u00fctzt die Erhaltung der Gesundheit, steigert die Leistungsf\u00e4higkeit w\u00e4hrend des Trainings und im Alltag. Der HPSM unterst\u00fctzt beim Aufbau von fettfreier Muskelmasse, in Kombination von regelm\u00e4\u00dfiger Bewegung und einer ausgewogenen Ern\u00e4hrung.<\/p>\n<h2 class=\"h1\">HIGH PERFORMANCE<\/h2>\n<p>Biosteel sports \u2122 high performance sports drink steigert die leistungsf\u00e4higkeit im spiel oder im training.<\/p>\n<ul>\n<li>Konzentration\u00a0\u2013 High Performance Sports Drink\u00a0erm\u00f6glicht ein optimale Konzentration<\/li>\n<li>Energie\u00a0\u2013 High Performance Sports Drink erm\u00f6glicht eine nachhaltige Energieversorgung<\/li>\n<li>Muskeln\u00a0\u2013 High Performance Sports Drink verringert belastungsbedingten Muskelabbau im K\u00f6rper und regt die Muskelreparatur an<\/li>\n<li>Immunsystem\u00a0\u2013 High Performance Sports Drink unterst\u00fctzt das Immunsystem bei k\u00f6rperlicher Belastung<\/li>\n<li>Gesund\u00a0\u2013 Vegan, Zuckerfrei, Glutenfrei, Laktosefrei, Koffeinfrei<\/li>\n<\/ul>\n<div class=\"video video-fit mb\" style=\"padding-top:56.25%;\"><p><iframe loading=\"lazy\" width=\"1020\" height=\"574\" src=\"https:\/\/www.youtube.com\/embed\/fJlmBGm-70s?feature=oembed\" frameborder=\"0\" allowfullscreen><\/iframe><\/p>\n<\/div>\n","protected":false},"excerpt":{"rendered":"<p>BioSteel Sports\u2122 High Performance Sports Mix ist ein elektrolyte-, aminos\u00e4uren- und vitaminhaltiges Getr\u00e4nk.<\/p>\n","protected":false},"featured_media":1615,"comment_status":"closed","ping_status":"closed","template":"","meta":{"inline_featured_image":false},"product_brand":[],"product_cat":[15],"product_tag":[],"class_list":{"0":"post-1614","1":"product","2":"type-product","3":"status-publish","4":"has-post-thumbnail","6":"product_cat-unkategorisiert","8":"first","9":"outofstock","10":"shipping-taxable","11":"purchasable","12":"product-type-simple"},"yoast_head":"<!-- This site is optimized with the Yoast SEO plugin v27.6 - https:\/\/yoast.com\/product\/yoast-seo-wordpress\/ -->\n<title>Biosteel High Performance Sports Drink - Howies Hockey Deutschland<\/title>\n<meta name=\"robots\" content=\"index, follow, max-snippet:-1, max-image-preview:large, max-video-preview:-1\" \/>\n<link rel=\"canonical\" href=\"https:\/\/gethowies.com\/de\/produkt\/biosteel-high-performance-sports-drink\/\" \/>\n<meta property=\"og:locale\" content=\"de_DE\" \/>\n<meta property=\"og:type\" content=\"article\" \/>\n<meta property=\"og:title\" content=\"Biosteel High Performance Sports Drink - Howies Hockey Deutschland\" \/>\n<meta property=\"og:description\" content=\"BioSteel Sports\u2122 High Performance Sports Mix ist ein elektrolyte-, aminos\u00e4uren- und vitaminhaltiges Getr\u00e4nk.\" \/>\n<meta property=\"og:url\" content=\"https:\/\/gethowies.com\/de\/produkt\/biosteel-high-performance-sports-drink\/\" \/>\n<meta property=\"og:site_name\" content=\"Howies Hockey Deutschland\" \/>\n<meta property=\"og:image\" content=\"https:\/\/gethowies.com\/de\/wp-content\/uploads\/sites\/4\/2017\/04\/biosteel-hp.jpg\" \/>\n\t<meta property=\"og:image:width\" content=\"1020\" \/>\n\t<meta property=\"og:image:height\" content=\"1200\" \/>\n\t<meta property=\"og:image:type\" content=\"image\/jpeg\" \/>\n<meta name=\"twitter:card\" content=\"summary_large_image\" \/>\n<meta name=\"twitter:label1\" content=\"Gesch\u00e4tzte Lesezeit\" \/>\n\t<meta name=\"twitter:data1\" content=\"1\u00a0Minute\" \/>\n<script type=\"application\/ld+json\" class=\"yoast-schema-graph\">{\"@context\":\"https:\\\/\\\/schema.org\",\"@graph\":[{\"@type\":\"WebPage\",\"@id\":\"https:\\\/\\\/gethowies.com\\\/de\\\/produkt\\\/biosteel-high-performance-sports-drink\\\/\",\"url\":\"https:\\\/\\\/gethowies.com\\\/de\\\/produkt\\\/biosteel-high-performance-sports-drink\\\/\",\"name\":\"Biosteel High Performance Sports Drink - Howies Hockey Deutschland\",\"isPartOf\":{\"@id\":\"https:\\\/\\\/gethowies.com\\\/de\\\/#website\"},\"primaryImageOfPage\":{\"@id\":\"https:\\\/\\\/gethowies.com\\\/de\\\/produkt\\\/biosteel-high-performance-sports-drink\\\/#primaryimage\"},\"image\":{\"@id\":\"https:\\\/\\\/gethowies.com\\\/de\\\/produkt\\\/biosteel-high-performance-sports-drink\\\/#primaryimage\"},\"thumbnailUrl\":\"https:\\\/\\\/gethowies.com\\\/de\\\/wp-content\\\/uploads\\\/sites\\\/4\\\/2017\\\/04\\\/biosteel-hp.jpg\",\"datePublished\":\"2017-04-28T14:12:38+00:00\",\"breadcrumb\":{\"@id\":\"https:\\\/\\\/gethowies.com\\\/de\\\/produkt\\\/biosteel-high-performance-sports-drink\\\/#breadcrumb\"},\"inLanguage\":\"de\",\"potentialAction\":[{\"@type\":\"ReadAction\",\"target\":[\"https:\\\/\\\/gethowies.com\\\/de\\\/produkt\\\/biosteel-high-performance-sports-drink\\\/\"]}]},{\"@type\":\"ImageObject\",\"inLanguage\":\"de\",\"@id\":\"https:\\\/\\\/gethowies.com\\\/de\\\/produkt\\\/biosteel-high-performance-sports-drink\\\/#primaryimage\",\"url\":\"https:\\\/\\\/gethowies.com\\\/de\\\/wp-content\\\/uploads\\\/sites\\\/4\\\/2017\\\/04\\\/biosteel-hp.jpg\",\"contentUrl\":\"https:\\\/\\\/gethowies.com\\\/de\\\/wp-content\\\/uploads\\\/sites\\\/4\\\/2017\\\/04\\\/biosteel-hp.jpg\",\"width\":1020,\"height\":1200},{\"@type\":\"BreadcrumbList\",\"@id\":\"https:\\\/\\\/gethowies.com\\\/de\\\/produkt\\\/biosteel-high-performance-sports-drink\\\/#breadcrumb\",\"itemListElement\":[{\"@type\":\"ListItem\",\"position\":1,\"name\":\"Hem\",\"item\":\"https:\\\/\\\/gethowies.com\\\/de\\\/\"},{\"@type\":\"ListItem\",\"position\":2,\"name\":\"Shop\",\"item\":\"https:\\\/\\\/gethowies.com\\\/de\\\/shop\\\/\"},{\"@type\":\"ListItem\",\"position\":3,\"name\":\"Biosteel High Performance Sports Drink\"}]},{\"@type\":\"WebSite\",\"@id\":\"https:\\\/\\\/gethowies.com\\\/de\\\/#website\",\"url\":\"https:\\\/\\\/gethowies.com\\\/de\\\/\",\"name\":\"Howies Hockey Deutschland\",\"description\":\"\",\"potentialAction\":[{\"@type\":\"SearchAction\",\"target\":{\"@type\":\"EntryPoint\",\"urlTemplate\":\"https:\\\/\\\/gethowies.com\\\/de\\\/?s={search_term_string}\"},\"query-input\":{\"@type\":\"PropertyValueSpecification\",\"valueRequired\":true,\"valueName\":\"search_term_string\"}}],\"inLanguage\":\"de\"}]}<\/script>\n<!-- \/ Yoast SEO plugin. -->","yoast_head_json":{"title":"Biosteel High Performance Sports Drink - Howies Hockey Deutschland","robots":{"index":"index","follow":"follow","max-snippet":"max-snippet:-1","max-image-preview":"max-image-preview:large","max-video-preview":"max-video-preview:-1"},"canonical":"https:\/\/gethowies.com\/de\/produkt\/biosteel-high-performance-sports-drink\/","og_locale":"de_DE","og_type":"article","og_title":"Biosteel High Performance Sports Drink - Howies Hockey Deutschland","og_description":"BioSteel Sports\u2122 High Performance Sports Mix ist ein elektrolyte-, aminos\u00e4uren- und vitaminhaltiges Getr\u00e4nk.","og_url":"https:\/\/gethowies.com\/de\/produkt\/biosteel-high-performance-sports-drink\/","og_site_name":"Howies Hockey Deutschland","og_image":[{"width":1020,"height":1200,"url":"https:\/\/gethowies.com\/de\/wp-content\/uploads\/sites\/4\/2017\/04\/biosteel-hp.jpg","type":"image\/jpeg"}],"twitter_card":"summary_large_image","twitter_misc":{"Gesch\u00e4tzte Lesezeit":"1\u00a0Minute"},"schema":{"@context":"https:\/\/schema.org","@graph":[{"@type":"WebPage","@id":"https:\/\/gethowies.com\/de\/produkt\/biosteel-high-performance-sports-drink\/","url":"https:\/\/gethowies.com\/de\/produkt\/biosteel-high-performance-sports-drink\/","name":"Biosteel High Performance Sports Drink - Howies Hockey Deutschland","isPartOf":{"@id":"https:\/\/gethowies.com\/de\/#website"},"primaryImageOfPage":{"@id":"https:\/\/gethowies.com\/de\/produkt\/biosteel-high-performance-sports-drink\/#primaryimage"},"image":{"@id":"https:\/\/gethowies.com\/de\/produkt\/biosteel-high-performance-sports-drink\/#primaryimage"},"thumbnailUrl":"https:\/\/gethowies.com\/de\/wp-content\/uploads\/sites\/4\/2017\/04\/biosteel-hp.jpg","datePublished":"2017-04-28T14:12:38+00:00","breadcrumb":{"@id":"https:\/\/gethowies.com\/de\/produkt\/biosteel-high-performance-sports-drink\/#breadcrumb"},"inLanguage":"de","potentialAction":[{"@type":"ReadAction","target":["https:\/\/gethowies.com\/de\/produkt\/biosteel-high-performance-sports-drink\/"]}]},{"@type":"ImageObject","inLanguage":"de","@id":"https:\/\/gethowies.com\/de\/produkt\/biosteel-high-performance-sports-drink\/#primaryimage","url":"https:\/\/gethowies.com\/de\/wp-content\/uploads\/sites\/4\/2017\/04\/biosteel-hp.jpg","contentUrl":"https:\/\/gethowies.com\/de\/wp-content\/uploads\/sites\/4\/2017\/04\/biosteel-hp.jpg","width":1020,"height":1200},{"@type":"BreadcrumbList","@id":"https:\/\/gethowies.com\/de\/produkt\/biosteel-high-performance-sports-drink\/#breadcrumb","itemListElement":[{"@type":"ListItem","position":1,"name":"Hem","item":"https:\/\/gethowies.com\/de\/"},{"@type":"ListItem","position":2,"name":"Shop","item":"https:\/\/gethowies.com\/de\/shop\/"},{"@type":"ListItem","position":3,"name":"Biosteel High Performance Sports Drink"}]},{"@type":"WebSite","@id":"https:\/\/gethowies.com\/de\/#website","url":"https:\/\/gethowies.com\/de\/","name":"Howies Hockey Deutschland","description":"","potentialAction":[{"@type":"SearchAction","target":{"@type":"EntryPoint","urlTemplate":"https:\/\/gethowies.com\/de\/?s={search_term_string}"},"query-input":{"@type":"PropertyValueSpecification","valueRequired":true,"valueName":"search_term_string"}}],"inLanguage":"de"}]}},"_links":{"self":[{"href":"https:\/\/gethowies.com\/de\/wp-json\/wp\/v2\/product\/1614","targetHints":{"allow":["GET"]}}],"collection":[{"href":"https:\/\/gethowies.com\/de\/wp-json\/wp\/v2\/product"}],"about":[{"href":"https:\/\/gethowies.com\/de\/wp-json\/wp\/v2\/types\/product"}],"replies":[{"embeddable":true,"href":"https:\/\/gethowies.com\/de\/wp-json\/wp\/v2\/comments?post=1614"}],"wp:featuredmedia":[{"embeddable":true,"href":"https:\/\/gethowies.com\/de\/wp-json\/wp\/v2\/media\/1615"}],"wp:attachment":[{"href":"https:\/\/gethowies.com\/de\/wp-json\/wp\/v2\/media?parent=1614"}],"wp:term":[{"taxonomy":"product_brand","embeddable":true,"href":"https:\/\/gethowies.com\/de\/wp-json\/wp\/v2\/product_brand?post=1614"},{"taxonomy":"product_cat","embeddable":true,"href":"https:\/\/gethowies.com\/de\/wp-json\/wp\/v2\/product_cat?post=1614"},{"taxonomy":"product_tag","embeddable":true,"href":"https:\/\/gethowies.com\/de\/wp-json\/wp\/v2\/product_tag?post=1614"}],"curies":[{"name":"wp","href":"https:\/\/api.w.org\/{rel}","templated":true}]}}