{"id":352,"date":"2017-02-25T08:59:09","date_gmt":"2017-02-25T08:59:09","guid":{"rendered":"http:\/\/hockeylife.de\/?post_type=product&amp;p=352"},"modified":"2017-02-25T08:59:09","modified_gmt":"2017-02-25T08:59:09","slug":"eat-sleep-hockey-beanie","status":"publish","type":"product","link":"https:\/\/gethowies.com\/de\/produkt\/eat-sleep-hockey-beanie\/","title":{"rendered":"Eat Sleep Hockey Beanie"},"content":{"rendered":"<p><span style=\"font-weight: 400\">Es gibt nichts schlimmeres als kalte Ohren &#8211; egal ob beim Pond Hockey, w\u00e4hrend des Aufw\u00e4rmens oder im Umkleideraum. Die letzte Erg\u00e4nzung zur Eat Sleep Hockey &#8211; Reihe ist heute die beliebteste und coolste M\u00fctze unter Hockeyspielern. Mit dem umklappbaren Stoff f\u00fcr den maximalen W\u00e4rmeerhalt, bietet die M\u00fctze den klassischen Hockeylook.<\/span><\/p>\n","protected":false},"excerpt":{"rendered":"<p>Es gibt nichts schlimmeres als kalte Ohren &#8211; egal ob beim Pond Hockey, w\u00e4hrend des Aufw\u00e4rmens oder im Umkleideraum. Die letzte Erg\u00e4nzung zur Eat Sleep Hockey &#8211; Reihe ist heute die beliebteste und coolste M\u00fctze unter Hockeyspielern. Mit dem umklappbaren Stoff f\u00fcr den maximalen W\u00e4rmeerhalt, bietet die M\u00fctze den klassischen Hockeylook.<\/p>\n","protected":false},"featured_media":1312,"comment_status":"closed","ping_status":"closed","template":"","meta":{"inline_featured_image":false},"product_brand":[],"product_cat":[115],"product_tag":[],"class_list":{"0":"post-352","1":"product","2":"type-product","3":"status-publish","4":"has-post-thumbnail","6":"product_cat-caps","8":"first","9":"instock","10":"shipping-taxable","11":"purchasable","12":"product-type-simple"},"yoast_head":"<!-- This site is optimized with the Yoast SEO plugin v27.4 - https:\/\/yoast.com\/product\/yoast-seo-wordpress\/ -->\n<title>Eat Sleep Hockey Beanie - Howies Hockey Deutschland<\/title>\n<meta name=\"robots\" content=\"index, follow, max-snippet:-1, max-image-preview:large, max-video-preview:-1\" \/>\n<link rel=\"canonical\" href=\"https:\/\/gethowies.com\/de\/produkt\/eat-sleep-hockey-beanie\/\" \/>\n<meta property=\"og:locale\" content=\"de_DE\" \/>\n<meta property=\"og:type\" content=\"article\" \/>\n<meta property=\"og:title\" content=\"Eat Sleep Hockey Beanie - Howies Hockey Deutschland\" \/>\n<meta property=\"og:description\" content=\"Es gibt nichts schlimmeres als kalte Ohren &#8211; egal ob beim Pond Hockey, w\u00e4hrend des Aufw\u00e4rmens oder im Umkleideraum. Die letzte Erg\u00e4nzung zur Eat Sleep Hockey &#8211; Reihe ist heute die beliebteste und coolste M\u00fctze unter Hockeyspielern. Mit dem umklappbaren Stoff f\u00fcr den maximalen W\u00e4rmeerhalt, bietet die M\u00fctze den klassischen Hockeylook.\" \/>\n<meta property=\"og:url\" content=\"https:\/\/gethowies.com\/de\/produkt\/eat-sleep-hockey-beanie\/\" \/>\n<meta property=\"og:site_name\" content=\"Howies Hockey Deutschland\" \/>\n<meta property=\"og:image\" content=\"https:\/\/gethowies.com\/de\/wp-content\/uploads\/sites\/4\/2017\/02\/eatsleep-beanie-1.jpg\" \/>\n\t<meta property=\"og:image:width\" content=\"1020\" \/>\n\t<meta property=\"og:image:height\" content=\"1200\" \/>\n\t<meta property=\"og:image:type\" content=\"image\/jpeg\" \/>\n<meta name=\"twitter:card\" content=\"summary_large_image\" \/>\n<script type=\"application\/ld+json\" class=\"yoast-schema-graph\">{\"@context\":\"https:\\\/\\\/schema.org\",\"@graph\":[{\"@type\":\"WebPage\",\"@id\":\"https:\\\/\\\/gethowies.com\\\/de\\\/produkt\\\/eat-sleep-hockey-beanie\\\/\",\"url\":\"https:\\\/\\\/gethowies.com\\\/de\\\/produkt\\\/eat-sleep-hockey-beanie\\\/\",\"name\":\"Eat Sleep Hockey Beanie - Howies Hockey Deutschland\",\"isPartOf\":{\"@id\":\"https:\\\/\\\/gethowies.com\\\/de\\\/#website\"},\"primaryImageOfPage\":{\"@id\":\"https:\\\/\\\/gethowies.com\\\/de\\\/produkt\\\/eat-sleep-hockey-beanie\\\/#primaryimage\"},\"image\":{\"@id\":\"https:\\\/\\\/gethowies.com\\\/de\\\/produkt\\\/eat-sleep-hockey-beanie\\\/#primaryimage\"},\"thumbnailUrl\":\"https:\\\/\\\/gethowies.com\\\/de\\\/wp-content\\\/uploads\\\/sites\\\/4\\\/2017\\\/02\\\/eatsleep-beanie-1.jpg\",\"datePublished\":\"2017-02-25T08:59:09+00:00\",\"breadcrumb\":{\"@id\":\"https:\\\/\\\/gethowies.com\\\/de\\\/produkt\\\/eat-sleep-hockey-beanie\\\/#breadcrumb\"},\"inLanguage\":\"de\",\"potentialAction\":[{\"@type\":\"ReadAction\",\"target\":[\"https:\\\/\\\/gethowies.com\\\/de\\\/produkt\\\/eat-sleep-hockey-beanie\\\/\"]}]},{\"@type\":\"ImageObject\",\"inLanguage\":\"de\",\"@id\":\"https:\\\/\\\/gethowies.com\\\/de\\\/produkt\\\/eat-sleep-hockey-beanie\\\/#primaryimage\",\"url\":\"https:\\\/\\\/gethowies.com\\\/de\\\/wp-content\\\/uploads\\\/sites\\\/4\\\/2017\\\/02\\\/eatsleep-beanie-1.jpg\",\"contentUrl\":\"https:\\\/\\\/gethowies.com\\\/de\\\/wp-content\\\/uploads\\\/sites\\\/4\\\/2017\\\/02\\\/eatsleep-beanie-1.jpg\",\"width\":1020,\"height\":1200},{\"@type\":\"BreadcrumbList\",\"@id\":\"https:\\\/\\\/gethowies.com\\\/de\\\/produkt\\\/eat-sleep-hockey-beanie\\\/#breadcrumb\",\"itemListElement\":[{\"@type\":\"ListItem\",\"position\":1,\"name\":\"Hem\",\"item\":\"https:\\\/\\\/gethowies.com\\\/de\\\/\"},{\"@type\":\"ListItem\",\"position\":2,\"name\":\"Shop\",\"item\":\"https:\\\/\\\/gethowies.com\\\/de\\\/shop\\\/\"},{\"@type\":\"ListItem\",\"position\":3,\"name\":\"Eat Sleep Hockey Beanie\"}]},{\"@type\":\"WebSite\",\"@id\":\"https:\\\/\\\/gethowies.com\\\/de\\\/#website\",\"url\":\"https:\\\/\\\/gethowies.com\\\/de\\\/\",\"name\":\"Howies Hockey Deutschland\",\"description\":\"\",\"potentialAction\":[{\"@type\":\"SearchAction\",\"target\":{\"@type\":\"EntryPoint\",\"urlTemplate\":\"https:\\\/\\\/gethowies.com\\\/de\\\/?s={search_term_string}\"},\"query-input\":{\"@type\":\"PropertyValueSpecification\",\"valueRequired\":true,\"valueName\":\"search_term_string\"}}],\"inLanguage\":\"de\"}]}<\/script>\n<!-- \/ Yoast SEO plugin. -->","yoast_head_json":{"title":"Eat Sleep Hockey Beanie - Howies Hockey Deutschland","robots":{"index":"index","follow":"follow","max-snippet":"max-snippet:-1","max-image-preview":"max-image-preview:large","max-video-preview":"max-video-preview:-1"},"canonical":"https:\/\/gethowies.com\/de\/produkt\/eat-sleep-hockey-beanie\/","og_locale":"de_DE","og_type":"article","og_title":"Eat Sleep Hockey Beanie - Howies Hockey Deutschland","og_description":"Es gibt nichts schlimmeres als kalte Ohren &#8211; egal ob beim Pond Hockey, w\u00e4hrend des Aufw\u00e4rmens oder im Umkleideraum. Die letzte Erg\u00e4nzung zur Eat Sleep Hockey &#8211; Reihe ist heute die beliebteste und coolste M\u00fctze unter Hockeyspielern. Mit dem umklappbaren Stoff f\u00fcr den maximalen W\u00e4rmeerhalt, bietet die M\u00fctze den klassischen Hockeylook.","og_url":"https:\/\/gethowies.com\/de\/produkt\/eat-sleep-hockey-beanie\/","og_site_name":"Howies Hockey Deutschland","og_image":[{"width":1020,"height":1200,"url":"https:\/\/gethowies.com\/de\/wp-content\/uploads\/sites\/4\/2017\/02\/eatsleep-beanie-1.jpg","type":"image\/jpeg"}],"twitter_card":"summary_large_image","schema":{"@context":"https:\/\/schema.org","@graph":[{"@type":"WebPage","@id":"https:\/\/gethowies.com\/de\/produkt\/eat-sleep-hockey-beanie\/","url":"https:\/\/gethowies.com\/de\/produkt\/eat-sleep-hockey-beanie\/","name":"Eat Sleep Hockey Beanie - Howies Hockey Deutschland","isPartOf":{"@id":"https:\/\/gethowies.com\/de\/#website"},"primaryImageOfPage":{"@id":"https:\/\/gethowies.com\/de\/produkt\/eat-sleep-hockey-beanie\/#primaryimage"},"image":{"@id":"https:\/\/gethowies.com\/de\/produkt\/eat-sleep-hockey-beanie\/#primaryimage"},"thumbnailUrl":"https:\/\/gethowies.com\/de\/wp-content\/uploads\/sites\/4\/2017\/02\/eatsleep-beanie-1.jpg","datePublished":"2017-02-25T08:59:09+00:00","breadcrumb":{"@id":"https:\/\/gethowies.com\/de\/produkt\/eat-sleep-hockey-beanie\/#breadcrumb"},"inLanguage":"de","potentialAction":[{"@type":"ReadAction","target":["https:\/\/gethowies.com\/de\/produkt\/eat-sleep-hockey-beanie\/"]}]},{"@type":"ImageObject","inLanguage":"de","@id":"https:\/\/gethowies.com\/de\/produkt\/eat-sleep-hockey-beanie\/#primaryimage","url":"https:\/\/gethowies.com\/de\/wp-content\/uploads\/sites\/4\/2017\/02\/eatsleep-beanie-1.jpg","contentUrl":"https:\/\/gethowies.com\/de\/wp-content\/uploads\/sites\/4\/2017\/02\/eatsleep-beanie-1.jpg","width":1020,"height":1200},{"@type":"BreadcrumbList","@id":"https:\/\/gethowies.com\/de\/produkt\/eat-sleep-hockey-beanie\/#breadcrumb","itemListElement":[{"@type":"ListItem","position":1,"name":"Hem","item":"https:\/\/gethowies.com\/de\/"},{"@type":"ListItem","position":2,"name":"Shop","item":"https:\/\/gethowies.com\/de\/shop\/"},{"@type":"ListItem","position":3,"name":"Eat Sleep Hockey Beanie"}]},{"@type":"WebSite","@id":"https:\/\/gethowies.com\/de\/#website","url":"https:\/\/gethowies.com\/de\/","name":"Howies Hockey Deutschland","description":"","potentialAction":[{"@type":"SearchAction","target":{"@type":"EntryPoint","urlTemplate":"https:\/\/gethowies.com\/de\/?s={search_term_string}"},"query-input":{"@type":"PropertyValueSpecification","valueRequired":true,"valueName":"search_term_string"}}],"inLanguage":"de"}]}},"_links":{"self":[{"href":"https:\/\/gethowies.com\/de\/wp-json\/wp\/v2\/product\/352","targetHints":{"allow":["GET"]}}],"collection":[{"href":"https:\/\/gethowies.com\/de\/wp-json\/wp\/v2\/product"}],"about":[{"href":"https:\/\/gethowies.com\/de\/wp-json\/wp\/v2\/types\/product"}],"replies":[{"embeddable":true,"href":"https:\/\/gethowies.com\/de\/wp-json\/wp\/v2\/comments?post=352"}],"wp:featuredmedia":[{"embeddable":true,"href":"https:\/\/gethowies.com\/de\/wp-json\/wp\/v2\/media\/1312"}],"wp:attachment":[{"href":"https:\/\/gethowies.com\/de\/wp-json\/wp\/v2\/media?parent=352"}],"wp:term":[{"taxonomy":"product_brand","embeddable":true,"href":"https:\/\/gethowies.com\/de\/wp-json\/wp\/v2\/product_brand?post=352"},{"taxonomy":"product_cat","embeddable":true,"href":"https:\/\/gethowies.com\/de\/wp-json\/wp\/v2\/product_cat?post=352"},{"taxonomy":"product_tag","embeddable":true,"href":"https:\/\/gethowies.com\/de\/wp-json\/wp\/v2\/product_tag?post=352"}],"curies":[{"name":"wp","href":"https:\/\/api.w.org\/{rel}","templated":true}]}}