{"id":356,"date":"2017-02-25T18:30:23","date_gmt":"2017-02-25T18:30:23","guid":{"rendered":"http:\/\/hockeylife.de\/produkt\/eat-sleep-hockey-snapback-2\/"},"modified":"2017-02-25T18:30:23","modified_gmt":"2017-02-25T18:30:23","slug":"eat-sleep-hockey-snapback-white","status":"publish","type":"product","link":"https:\/\/gethowies.com\/de\/produkt\/eat-sleep-hockey-snapback-white\/","title":{"rendered":"Eat Sleep Hockey Snapback Wei\u00df"},"content":{"rendered":"<p>Die coolste Snapback, die es derzeit auf dem Markt gibt, \u00a0zeigt allen was dein Hobby ist.<\/p>\n<p>Nach der erfolgreichen Eat Sleep Hockey &#8211; Kollektion k\u00f6nnen wir nun einen weiteren Artikel an diese Produktreihe anschlie\u00dfen &#8211; die Snapback M\u00fctze die sich jeder wahre Hockeyfan unbedingt zulegen sollte. Die coolste Snapback, die es derzeit auf dem Markt gibt, \u00a0zeigt allen was dein Hobby ist. Eat Sleep Hockey Snapback M\u00fctzen gibts es exklusiv bei Hockeylife und ausgew\u00e4hlten Partnern.<\/p>\n<h3>Qualit\u00e4t<\/h3>\n<p>Wir arbeiten mit ausgew\u00e4hlten Snapback &#8211; Spezialisten eng zusammen, sodass unsere M\u00fctzen eine ausgezeichnete Qualit\u00e4t aufweisen \u00a0k\u00f6nnen.<br \/>\nDie M\u00fctze wird lediglich in einer Einheitsgr\u00f6\u00dfe angeboten, ist jedoch f\u00fcr alle Kopfgr\u00f6\u00dfen beliebig verstellbar.<\/p>\n<p>Eat Sleep Hockey are made in Canada<\/p>\n","protected":false},"excerpt":{"rendered":"<p>Die coolste Snapback, die es derzeit auf dem Markt gibt, \u00a0zeigt allen was dein Hobby ist. Nach der erfolgreichen Eat Sleep Hockey &#8211; Kollektion k\u00f6nnen wir nun einen weiteren Artikel an diese Produktreihe anschlie\u00dfen &#8211; die Snapback M\u00fctze die sich jeder wahre Hockeyfan unbedingt zulegen sollte. Die coolste Snapback, die es derzeit auf dem Markt [&#8230;]\n","protected":false},"featured_media":357,"comment_status":"closed","ping_status":"closed","template":"","meta":{"inline_featured_image":false},"product_brand":[],"product_cat":[115],"product_tag":[],"class_list":{"0":"post-356","1":"product","2":"type-product","3":"status-publish","4":"has-post-thumbnail","6":"product_cat-caps","8":"first","9":"instock","10":"shipping-taxable","11":"purchasable","12":"product-type-simple"},"yoast_head":"<!-- This site is optimized with the Yoast SEO plugin v27.3 - https:\/\/yoast.com\/product\/yoast-seo-wordpress\/ -->\n<title>Eat Sleep Hockey Snapback Wei\u00df - Howies Hockey Deutschland<\/title>\n<meta name=\"robots\" content=\"index, follow, max-snippet:-1, max-image-preview:large, max-video-preview:-1\" \/>\n<link rel=\"canonical\" href=\"https:\/\/gethowies.com\/de\/produkt\/eat-sleep-hockey-snapback-white\/\" \/>\n<meta property=\"og:locale\" content=\"de_DE\" \/>\n<meta property=\"og:type\" content=\"article\" \/>\n<meta property=\"og:title\" content=\"Eat Sleep Hockey Snapback Wei\u00df - Howies Hockey Deutschland\" \/>\n<meta property=\"og:description\" content=\"Die coolste Snapback, die es derzeit auf dem Markt gibt, \u00a0zeigt allen was dein Hobby ist. Nach der erfolgreichen Eat Sleep Hockey &#8211; Kollektion k\u00f6nnen wir nun einen weiteren Artikel an diese Produktreihe anschlie\u00dfen &#8211; die Snapback M\u00fctze die sich jeder wahre Hockeyfan unbedingt zulegen sollte. Die coolste Snapback, die es derzeit auf dem Markt [...]\" \/>\n<meta property=\"og:url\" content=\"https:\/\/gethowies.com\/de\/produkt\/eat-sleep-hockey-snapback-white\/\" \/>\n<meta property=\"og:site_name\" content=\"Howies Hockey Deutschland\" \/>\n<meta property=\"og:image\" content=\"https:\/\/gethowies.com\/de\/wp-content\/uploads\/sites\/4\/2017\/02\/eatsleep-snapback-white.jpg\" \/>\n\t<meta property=\"og:image:width\" content=\"1020\" \/>\n\t<meta property=\"og:image:height\" content=\"1020\" \/>\n\t<meta property=\"og:image:type\" content=\"image\/jpeg\" \/>\n<meta name=\"twitter:card\" content=\"summary_large_image\" \/>\n<meta name=\"twitter:label1\" content=\"Gesch\u00e4tzte Lesezeit\" \/>\n\t<meta name=\"twitter:data1\" content=\"1\u00a0Minute\" \/>\n<script type=\"application\/ld+json\" class=\"yoast-schema-graph\">{\"@context\":\"https:\\\/\\\/schema.org\",\"@graph\":[{\"@type\":\"WebPage\",\"@id\":\"https:\\\/\\\/gethowies.com\\\/de\\\/produkt\\\/eat-sleep-hockey-snapback-white\\\/\",\"url\":\"https:\\\/\\\/gethowies.com\\\/de\\\/produkt\\\/eat-sleep-hockey-snapback-white\\\/\",\"name\":\"Eat Sleep Hockey Snapback Wei\u00df - Howies Hockey Deutschland\",\"isPartOf\":{\"@id\":\"https:\\\/\\\/gethowies.com\\\/de\\\/#website\"},\"primaryImageOfPage\":{\"@id\":\"https:\\\/\\\/gethowies.com\\\/de\\\/produkt\\\/eat-sleep-hockey-snapback-white\\\/#primaryimage\"},\"image\":{\"@id\":\"https:\\\/\\\/gethowies.com\\\/de\\\/produkt\\\/eat-sleep-hockey-snapback-white\\\/#primaryimage\"},\"thumbnailUrl\":\"https:\\\/\\\/gethowies.com\\\/de\\\/wp-content\\\/uploads\\\/sites\\\/4\\\/2017\\\/02\\\/eatsleep-snapback-white.jpg\",\"datePublished\":\"2017-02-25T18:30:23+00:00\",\"breadcrumb\":{\"@id\":\"https:\\\/\\\/gethowies.com\\\/de\\\/produkt\\\/eat-sleep-hockey-snapback-white\\\/#breadcrumb\"},\"inLanguage\":\"de\",\"potentialAction\":[{\"@type\":\"ReadAction\",\"target\":[\"https:\\\/\\\/gethowies.com\\\/de\\\/produkt\\\/eat-sleep-hockey-snapback-white\\\/\"]}]},{\"@type\":\"ImageObject\",\"inLanguage\":\"de\",\"@id\":\"https:\\\/\\\/gethowies.com\\\/de\\\/produkt\\\/eat-sleep-hockey-snapback-white\\\/#primaryimage\",\"url\":\"https:\\\/\\\/gethowies.com\\\/de\\\/wp-content\\\/uploads\\\/sites\\\/4\\\/2017\\\/02\\\/eatsleep-snapback-white.jpg\",\"contentUrl\":\"https:\\\/\\\/gethowies.com\\\/de\\\/wp-content\\\/uploads\\\/sites\\\/4\\\/2017\\\/02\\\/eatsleep-snapback-white.jpg\",\"width\":1020,\"height\":1020,\"caption\":\"Eat Sleep Hockey Snapback White\"},{\"@type\":\"BreadcrumbList\",\"@id\":\"https:\\\/\\\/gethowies.com\\\/de\\\/produkt\\\/eat-sleep-hockey-snapback-white\\\/#breadcrumb\",\"itemListElement\":[{\"@type\":\"ListItem\",\"position\":1,\"name\":\"Hem\",\"item\":\"https:\\\/\\\/gethowies.com\\\/de\\\/\"},{\"@type\":\"ListItem\",\"position\":2,\"name\":\"Shop\",\"item\":\"https:\\\/\\\/gethowies.com\\\/de\\\/shop\\\/\"},{\"@type\":\"ListItem\",\"position\":3,\"name\":\"Eat Sleep Hockey Snapback Wei\u00df\"}]},{\"@type\":\"WebSite\",\"@id\":\"https:\\\/\\\/gethowies.com\\\/de\\\/#website\",\"url\":\"https:\\\/\\\/gethowies.com\\\/de\\\/\",\"name\":\"Howies Hockey Deutschland\",\"description\":\"\",\"potentialAction\":[{\"@type\":\"SearchAction\",\"target\":{\"@type\":\"EntryPoint\",\"urlTemplate\":\"https:\\\/\\\/gethowies.com\\\/de\\\/?s={search_term_string}\"},\"query-input\":{\"@type\":\"PropertyValueSpecification\",\"valueRequired\":true,\"valueName\":\"search_term_string\"}}],\"inLanguage\":\"de\"}]}<\/script>\n<!-- \/ Yoast SEO plugin. -->","yoast_head_json":{"title":"Eat Sleep Hockey Snapback Wei\u00df - Howies Hockey Deutschland","robots":{"index":"index","follow":"follow","max-snippet":"max-snippet:-1","max-image-preview":"max-image-preview:large","max-video-preview":"max-video-preview:-1"},"canonical":"https:\/\/gethowies.com\/de\/produkt\/eat-sleep-hockey-snapback-white\/","og_locale":"de_DE","og_type":"article","og_title":"Eat Sleep Hockey Snapback Wei\u00df - Howies Hockey Deutschland","og_description":"Die coolste Snapback, die es derzeit auf dem Markt gibt, \u00a0zeigt allen was dein Hobby ist. Nach der erfolgreichen Eat Sleep Hockey &#8211; Kollektion k\u00f6nnen wir nun einen weiteren Artikel an diese Produktreihe anschlie\u00dfen &#8211; die Snapback M\u00fctze die sich jeder wahre Hockeyfan unbedingt zulegen sollte. Die coolste Snapback, die es derzeit auf dem Markt [...]","og_url":"https:\/\/gethowies.com\/de\/produkt\/eat-sleep-hockey-snapback-white\/","og_site_name":"Howies Hockey Deutschland","og_image":[{"width":1020,"height":1020,"url":"https:\/\/gethowies.com\/de\/wp-content\/uploads\/sites\/4\/2017\/02\/eatsleep-snapback-white.jpg","type":"image\/jpeg"}],"twitter_card":"summary_large_image","twitter_misc":{"Gesch\u00e4tzte Lesezeit":"1\u00a0Minute"},"schema":{"@context":"https:\/\/schema.org","@graph":[{"@type":"WebPage","@id":"https:\/\/gethowies.com\/de\/produkt\/eat-sleep-hockey-snapback-white\/","url":"https:\/\/gethowies.com\/de\/produkt\/eat-sleep-hockey-snapback-white\/","name":"Eat Sleep Hockey Snapback Wei\u00df - Howies Hockey Deutschland","isPartOf":{"@id":"https:\/\/gethowies.com\/de\/#website"},"primaryImageOfPage":{"@id":"https:\/\/gethowies.com\/de\/produkt\/eat-sleep-hockey-snapback-white\/#primaryimage"},"image":{"@id":"https:\/\/gethowies.com\/de\/produkt\/eat-sleep-hockey-snapback-white\/#primaryimage"},"thumbnailUrl":"https:\/\/gethowies.com\/de\/wp-content\/uploads\/sites\/4\/2017\/02\/eatsleep-snapback-white.jpg","datePublished":"2017-02-25T18:30:23+00:00","breadcrumb":{"@id":"https:\/\/gethowies.com\/de\/produkt\/eat-sleep-hockey-snapback-white\/#breadcrumb"},"inLanguage":"de","potentialAction":[{"@type":"ReadAction","target":["https:\/\/gethowies.com\/de\/produkt\/eat-sleep-hockey-snapback-white\/"]}]},{"@type":"ImageObject","inLanguage":"de","@id":"https:\/\/gethowies.com\/de\/produkt\/eat-sleep-hockey-snapback-white\/#primaryimage","url":"https:\/\/gethowies.com\/de\/wp-content\/uploads\/sites\/4\/2017\/02\/eatsleep-snapback-white.jpg","contentUrl":"https:\/\/gethowies.com\/de\/wp-content\/uploads\/sites\/4\/2017\/02\/eatsleep-snapback-white.jpg","width":1020,"height":1020,"caption":"Eat Sleep Hockey Snapback White"},{"@type":"BreadcrumbList","@id":"https:\/\/gethowies.com\/de\/produkt\/eat-sleep-hockey-snapback-white\/#breadcrumb","itemListElement":[{"@type":"ListItem","position":1,"name":"Hem","item":"https:\/\/gethowies.com\/de\/"},{"@type":"ListItem","position":2,"name":"Shop","item":"https:\/\/gethowies.com\/de\/shop\/"},{"@type":"ListItem","position":3,"name":"Eat Sleep Hockey Snapback Wei\u00df"}]},{"@type":"WebSite","@id":"https:\/\/gethowies.com\/de\/#website","url":"https:\/\/gethowies.com\/de\/","name":"Howies Hockey Deutschland","description":"","potentialAction":[{"@type":"SearchAction","target":{"@type":"EntryPoint","urlTemplate":"https:\/\/gethowies.com\/de\/?s={search_term_string}"},"query-input":{"@type":"PropertyValueSpecification","valueRequired":true,"valueName":"search_term_string"}}],"inLanguage":"de"}]}},"_links":{"self":[{"href":"https:\/\/gethowies.com\/de\/wp-json\/wp\/v2\/product\/356","targetHints":{"allow":["GET"]}}],"collection":[{"href":"https:\/\/gethowies.com\/de\/wp-json\/wp\/v2\/product"}],"about":[{"href":"https:\/\/gethowies.com\/de\/wp-json\/wp\/v2\/types\/product"}],"replies":[{"embeddable":true,"href":"https:\/\/gethowies.com\/de\/wp-json\/wp\/v2\/comments?post=356"}],"wp:featuredmedia":[{"embeddable":true,"href":"https:\/\/gethowies.com\/de\/wp-json\/wp\/v2\/media\/357"}],"wp:attachment":[{"href":"https:\/\/gethowies.com\/de\/wp-json\/wp\/v2\/media?parent=356"}],"wp:term":[{"taxonomy":"product_brand","embeddable":true,"href":"https:\/\/gethowies.com\/de\/wp-json\/wp\/v2\/product_brand?post=356"},{"taxonomy":"product_cat","embeddable":true,"href":"https:\/\/gethowies.com\/de\/wp-json\/wp\/v2\/product_cat?post=356"},{"taxonomy":"product_tag","embeddable":true,"href":"https:\/\/gethowies.com\/de\/wp-json\/wp\/v2\/product_tag?post=356"}],"curies":[{"name":"wp","href":"https:\/\/api.w.org\/{rel}","templated":true}]}}