{"id":3897,"date":"2017-12-20T19:14:34","date_gmt":"2017-12-20T19:14:34","guid":{"rendered":"http:\/\/hockeylife.de\/?post_type=product&amp;p=3897"},"modified":"2017-12-20T19:14:34","modified_gmt":"2017-12-20T19:14:34","slug":"howies-hockey-schnuersenkel-silber","status":"publish","type":"product","link":"https:\/\/gethowies.com\/de\/produkt\/howies-hockey-schnuersenkel-silber\/","title":{"rendered":"Howies Hockey Schn\u00fcrsenkel Silber"},"content":{"rendered":"<p>Howies Schn\u00fcrsenkel wurden in Canada f\u00fcr den professionellen Eishockeysport entwickelt. Die Schn\u00fcrsenkel sind in Premiumqualit\u00e4t und sprechen f\u00fcr eine lange Haltbarkeit. Die Wachsschicht sorgt f\u00fcr einen schnellen Abtransport von Feuchtigkeit und macht die Senkel wasserabweisend. Die geformten Spitzen (Enden) wurden zwei mal gewachst und unterscheiden sich hiervon in der Qualit\u00e4t von herrk\u00f6mmlichen Schn\u00fcrsenkel. Die Spitzen wurden so konsturiert, damit ein Bruch und somit ein Ausfranzen verhindert wird.<\/p>\n","protected":false},"excerpt":{"rendered":"<p>Howies Schn\u00fcrsenkel wurden in Canada f\u00fcr den professionellen Eishockeysport entwickelt. Die Schn\u00fcrsenkel sind in Premiumqualit\u00e4t und sprechen f\u00fcr eine lange Haltbarkeit. Die Wachsschicht sorgt f\u00fcr einen schnellen Abtransport von Feuchtigkeit und macht die Senkel wasserabweisend. Die geformten Spitzen (Enden) wurden zwei mal gewachst und unterscheiden sich hiervon in der Qualit\u00e4t von herrk\u00f6mmlichen Schn\u00fcrsenkel. Die Spitzen [&#8230;]\n","protected":false},"featured_media":3899,"comment_status":"closed","ping_status":"closed","template":"","meta":{"inline_featured_image":false},"product_brand":[],"product_cat":[108],"product_tag":[],"class_list":{"0":"post-3897","1":"product","2":"type-product","3":"status-publish","4":"has-post-thumbnail","6":"product_cat-farbiges-schnursenkel","8":"first","9":"instock","10":"shipping-taxable","11":"purchasable","12":"product-type-variable","13":"has-default-attributes"},"yoast_head":"<!-- This site is optimized with the Yoast SEO plugin v27.4 - https:\/\/yoast.com\/product\/yoast-seo-wordpress\/ -->\n<title>Howies Hockey Schn\u00fcrsenkel Silber - Howies Hockey Deutschland<\/title>\n<meta name=\"robots\" content=\"index, follow, max-snippet:-1, max-image-preview:large, max-video-preview:-1\" \/>\n<link rel=\"canonical\" href=\"https:\/\/gethowies.com\/de\/produkt\/howies-hockey-schnuersenkel-silber\/\" \/>\n<meta property=\"og:locale\" content=\"de_DE\" \/>\n<meta property=\"og:type\" content=\"article\" \/>\n<meta property=\"og:title\" content=\"Howies Hockey Schn\u00fcrsenkel Silber - Howies Hockey Deutschland\" \/>\n<meta property=\"og:description\" content=\"Howies Schn\u00fcrsenkel wurden in Canada f\u00fcr den professionellen Eishockeysport entwickelt. Die Schn\u00fcrsenkel sind in Premiumqualit\u00e4t und sprechen f\u00fcr eine lange Haltbarkeit. Die Wachsschicht sorgt f\u00fcr einen schnellen Abtransport von Feuchtigkeit und macht die Senkel wasserabweisend. Die geformten Spitzen (Enden) wurden zwei mal gewachst und unterscheiden sich hiervon in der Qualit\u00e4t von herrk\u00f6mmlichen Schn\u00fcrsenkel. Die Spitzen [...]\" \/>\n<meta property=\"og:url\" content=\"https:\/\/gethowies.com\/de\/produkt\/howies-hockey-schnuersenkel-silber\/\" \/>\n<meta property=\"og:site_name\" content=\"Howies Hockey Deutschland\" \/>\n<meta property=\"og:image\" content=\"https:\/\/gethowies.com\/de\/wp-content\/uploads\/sites\/4\/2017\/12\/hh-laces-silver-1020.jpg\" \/>\n\t<meta property=\"og:image:width\" content=\"1020\" \/>\n\t<meta property=\"og:image:height\" content=\"1020\" \/>\n\t<meta property=\"og:image:type\" content=\"image\/jpeg\" \/>\n<meta name=\"twitter:card\" content=\"summary_large_image\" \/>\n<script type=\"application\/ld+json\" class=\"yoast-schema-graph\">{\"@context\":\"https:\\\/\\\/schema.org\",\"@graph\":[{\"@type\":\"WebPage\",\"@id\":\"https:\\\/\\\/gethowies.com\\\/de\\\/produkt\\\/howies-hockey-schnuersenkel-silber\\\/\",\"url\":\"https:\\\/\\\/gethowies.com\\\/de\\\/produkt\\\/howies-hockey-schnuersenkel-silber\\\/\",\"name\":\"Howies Hockey Schn\u00fcrsenkel Silber - Howies Hockey Deutschland\",\"isPartOf\":{\"@id\":\"https:\\\/\\\/gethowies.com\\\/de\\\/#website\"},\"primaryImageOfPage\":{\"@id\":\"https:\\\/\\\/gethowies.com\\\/de\\\/produkt\\\/howies-hockey-schnuersenkel-silber\\\/#primaryimage\"},\"image\":{\"@id\":\"https:\\\/\\\/gethowies.com\\\/de\\\/produkt\\\/howies-hockey-schnuersenkel-silber\\\/#primaryimage\"},\"thumbnailUrl\":\"https:\\\/\\\/gethowies.com\\\/de\\\/wp-content\\\/uploads\\\/sites\\\/4\\\/2017\\\/12\\\/hh-laces-silver-1020.jpg\",\"datePublished\":\"2017-12-20T19:14:34+00:00\",\"breadcrumb\":{\"@id\":\"https:\\\/\\\/gethowies.com\\\/de\\\/produkt\\\/howies-hockey-schnuersenkel-silber\\\/#breadcrumb\"},\"inLanguage\":\"de\",\"potentialAction\":[{\"@type\":\"ReadAction\",\"target\":[\"https:\\\/\\\/gethowies.com\\\/de\\\/produkt\\\/howies-hockey-schnuersenkel-silber\\\/\"]}]},{\"@type\":\"ImageObject\",\"inLanguage\":\"de\",\"@id\":\"https:\\\/\\\/gethowies.com\\\/de\\\/produkt\\\/howies-hockey-schnuersenkel-silber\\\/#primaryimage\",\"url\":\"https:\\\/\\\/gethowies.com\\\/de\\\/wp-content\\\/uploads\\\/sites\\\/4\\\/2017\\\/12\\\/hh-laces-silver-1020.jpg\",\"contentUrl\":\"https:\\\/\\\/gethowies.com\\\/de\\\/wp-content\\\/uploads\\\/sites\\\/4\\\/2017\\\/12\\\/hh-laces-silver-1020.jpg\",\"width\":1020,\"height\":1020,\"caption\":\"Schn\u00fcrsenkel Silver\"},{\"@type\":\"BreadcrumbList\",\"@id\":\"https:\\\/\\\/gethowies.com\\\/de\\\/produkt\\\/howies-hockey-schnuersenkel-silber\\\/#breadcrumb\",\"itemListElement\":[{\"@type\":\"ListItem\",\"position\":1,\"name\":\"Hem\",\"item\":\"https:\\\/\\\/gethowies.com\\\/de\\\/\"},{\"@type\":\"ListItem\",\"position\":2,\"name\":\"Shop\",\"item\":\"https:\\\/\\\/gethowies.com\\\/de\\\/shop\\\/\"},{\"@type\":\"ListItem\",\"position\":3,\"name\":\"Howies Hockey Schn\u00fcrsenkel Silber\"}]},{\"@type\":\"WebSite\",\"@id\":\"https:\\\/\\\/gethowies.com\\\/de\\\/#website\",\"url\":\"https:\\\/\\\/gethowies.com\\\/de\\\/\",\"name\":\"Howies Hockey Deutschland\",\"description\":\"\",\"potentialAction\":[{\"@type\":\"SearchAction\",\"target\":{\"@type\":\"EntryPoint\",\"urlTemplate\":\"https:\\\/\\\/gethowies.com\\\/de\\\/?s={search_term_string}\"},\"query-input\":{\"@type\":\"PropertyValueSpecification\",\"valueRequired\":true,\"valueName\":\"search_term_string\"}}],\"inLanguage\":\"de\"}]}<\/script>\n<!-- \/ Yoast SEO plugin. -->","yoast_head_json":{"title":"Howies Hockey Schn\u00fcrsenkel Silber - Howies Hockey Deutschland","robots":{"index":"index","follow":"follow","max-snippet":"max-snippet:-1","max-image-preview":"max-image-preview:large","max-video-preview":"max-video-preview:-1"},"canonical":"https:\/\/gethowies.com\/de\/produkt\/howies-hockey-schnuersenkel-silber\/","og_locale":"de_DE","og_type":"article","og_title":"Howies Hockey Schn\u00fcrsenkel Silber - Howies Hockey Deutschland","og_description":"Howies Schn\u00fcrsenkel wurden in Canada f\u00fcr den professionellen Eishockeysport entwickelt. Die Schn\u00fcrsenkel sind in Premiumqualit\u00e4t und sprechen f\u00fcr eine lange Haltbarkeit. Die Wachsschicht sorgt f\u00fcr einen schnellen Abtransport von Feuchtigkeit und macht die Senkel wasserabweisend. Die geformten Spitzen (Enden) wurden zwei mal gewachst und unterscheiden sich hiervon in der Qualit\u00e4t von herrk\u00f6mmlichen Schn\u00fcrsenkel. Die Spitzen [...]","og_url":"https:\/\/gethowies.com\/de\/produkt\/howies-hockey-schnuersenkel-silber\/","og_site_name":"Howies Hockey Deutschland","og_image":[{"width":1020,"height":1020,"url":"https:\/\/gethowies.com\/de\/wp-content\/uploads\/sites\/4\/2017\/12\/hh-laces-silver-1020.jpg","type":"image\/jpeg"}],"twitter_card":"summary_large_image","schema":{"@context":"https:\/\/schema.org","@graph":[{"@type":"WebPage","@id":"https:\/\/gethowies.com\/de\/produkt\/howies-hockey-schnuersenkel-silber\/","url":"https:\/\/gethowies.com\/de\/produkt\/howies-hockey-schnuersenkel-silber\/","name":"Howies Hockey Schn\u00fcrsenkel Silber - Howies Hockey Deutschland","isPartOf":{"@id":"https:\/\/gethowies.com\/de\/#website"},"primaryImageOfPage":{"@id":"https:\/\/gethowies.com\/de\/produkt\/howies-hockey-schnuersenkel-silber\/#primaryimage"},"image":{"@id":"https:\/\/gethowies.com\/de\/produkt\/howies-hockey-schnuersenkel-silber\/#primaryimage"},"thumbnailUrl":"https:\/\/gethowies.com\/de\/wp-content\/uploads\/sites\/4\/2017\/12\/hh-laces-silver-1020.jpg","datePublished":"2017-12-20T19:14:34+00:00","breadcrumb":{"@id":"https:\/\/gethowies.com\/de\/produkt\/howies-hockey-schnuersenkel-silber\/#breadcrumb"},"inLanguage":"de","potentialAction":[{"@type":"ReadAction","target":["https:\/\/gethowies.com\/de\/produkt\/howies-hockey-schnuersenkel-silber\/"]}]},{"@type":"ImageObject","inLanguage":"de","@id":"https:\/\/gethowies.com\/de\/produkt\/howies-hockey-schnuersenkel-silber\/#primaryimage","url":"https:\/\/gethowies.com\/de\/wp-content\/uploads\/sites\/4\/2017\/12\/hh-laces-silver-1020.jpg","contentUrl":"https:\/\/gethowies.com\/de\/wp-content\/uploads\/sites\/4\/2017\/12\/hh-laces-silver-1020.jpg","width":1020,"height":1020,"caption":"Schn\u00fcrsenkel Silver"},{"@type":"BreadcrumbList","@id":"https:\/\/gethowies.com\/de\/produkt\/howies-hockey-schnuersenkel-silber\/#breadcrumb","itemListElement":[{"@type":"ListItem","position":1,"name":"Hem","item":"https:\/\/gethowies.com\/de\/"},{"@type":"ListItem","position":2,"name":"Shop","item":"https:\/\/gethowies.com\/de\/shop\/"},{"@type":"ListItem","position":3,"name":"Howies Hockey Schn\u00fcrsenkel Silber"}]},{"@type":"WebSite","@id":"https:\/\/gethowies.com\/de\/#website","url":"https:\/\/gethowies.com\/de\/","name":"Howies Hockey Deutschland","description":"","potentialAction":[{"@type":"SearchAction","target":{"@type":"EntryPoint","urlTemplate":"https:\/\/gethowies.com\/de\/?s={search_term_string}"},"query-input":{"@type":"PropertyValueSpecification","valueRequired":true,"valueName":"search_term_string"}}],"inLanguage":"de"}]}},"_links":{"self":[{"href":"https:\/\/gethowies.com\/de\/wp-json\/wp\/v2\/product\/3897","targetHints":{"allow":["GET"]}}],"collection":[{"href":"https:\/\/gethowies.com\/de\/wp-json\/wp\/v2\/product"}],"about":[{"href":"https:\/\/gethowies.com\/de\/wp-json\/wp\/v2\/types\/product"}],"replies":[{"embeddable":true,"href":"https:\/\/gethowies.com\/de\/wp-json\/wp\/v2\/comments?post=3897"}],"wp:featuredmedia":[{"embeddable":true,"href":"https:\/\/gethowies.com\/de\/wp-json\/wp\/v2\/media\/3899"}],"wp:attachment":[{"href":"https:\/\/gethowies.com\/de\/wp-json\/wp\/v2\/media?parent=3897"}],"wp:term":[{"taxonomy":"product_brand","embeddable":true,"href":"https:\/\/gethowies.com\/de\/wp-json\/wp\/v2\/product_brand?post=3897"},{"taxonomy":"product_cat","embeddable":true,"href":"https:\/\/gethowies.com\/de\/wp-json\/wp\/v2\/product_cat?post=3897"},{"taxonomy":"product_tag","embeddable":true,"href":"https:\/\/gethowies.com\/de\/wp-json\/wp\/v2\/product_tag?post=3897"}],"curies":[{"name":"wp","href":"https:\/\/api.w.org\/{rel}","templated":true}]}}