{"id":401,"date":"2017-02-26T22:12:29","date_gmt":"2017-02-26T22:12:29","guid":{"rendered":"http:\/\/hockeylife.de\/produkt\/howies-hockey-lace-yellow\/"},"modified":"2017-02-26T22:12:29","modified_gmt":"2017-02-26T22:12:29","slug":"howies-hockey-lace-yellow","status":"publish","type":"product","link":"https:\/\/gethowies.com\/de\/produkt\/howies-hockey-lace-yellow\/","title":{"rendered":"Howies Hockey Schn\u00fcrsenkel Gelb"},"content":{"rendered":"<h3>Die erste Wahl f\u00fcr Profis<\/h3>\n<p>Howies Hockey Schn\u00fcrsenkel Gelb werden von Spielern in der NHL und SHL verwendet. Diese Schn\u00fcrsenkel sind perfekt f\u00fcr alle, die sich nur mit dem Besten zufriedengeben.<\/p>\n<h3>Qualit\u00e4t<\/h3>\n<p>Doppelt gen\u00e4hte, rei\u00dffeste Schn\u00fcrsenkel, die mit unserem speziellen Wachs \u00fcberzogen sind, lassen deine Schlittschuhe deutlich cooler aussehen.<br \/>\n<b><\/b><\/p>\n<p>Hergestellt in Nordamerika<\/p>\n","protected":false},"excerpt":{"rendered":"<p>Howies Hockey Schn\u00fcrsenkel Gewachst werden von Spielern in der NHL und SHL verwendet. Diese Schn\u00fcrsenkel sind perfekt f\u00fcr alle, die sich nur mit dem Besten zufriedengeben. Doppelt gen\u00e4hte, rei\u00dffeste Schn\u00fcrsenkel, die mit unserem speziellen Wachs \u00fcberzogen sind, lassen deine Schlittschuhe deutlich cooler aussehen.<\/p>\n","protected":false},"featured_media":3936,"comment_status":"closed","ping_status":"closed","template":"","meta":{"inline_featured_image":false},"product_brand":[],"product_cat":[110,106],"product_tag":[],"class_list":{"0":"post-401","1":"product","2":"type-product","3":"status-publish","4":"has-post-thumbnail","6":"product_cat-waxed-laces","7":"product_cat-laces-nhl","9":"first","10":"instock","11":"shipping-taxable","12":"purchasable","13":"product-type-variable","14":"has-default-attributes"},"yoast_head":"<!-- This site is optimized with the Yoast SEO plugin v27.6 - https:\/\/yoast.com\/product\/yoast-seo-wordpress\/ -->\n<title>Howies Hockey Schn\u00fcrsenkel Gelb - Howies Hockey Deutschland<\/title>\n<meta name=\"robots\" content=\"index, follow, max-snippet:-1, max-image-preview:large, max-video-preview:-1\" \/>\n<link rel=\"canonical\" href=\"https:\/\/gethowies.com\/de\/produkt\/howies-hockey-lace-yellow\/\" \/>\n<meta property=\"og:locale\" content=\"de_DE\" \/>\n<meta property=\"og:type\" content=\"article\" \/>\n<meta property=\"og:title\" content=\"Howies Hockey Schn\u00fcrsenkel Gelb - Howies Hockey Deutschland\" \/>\n<meta property=\"og:description\" content=\"Howies Hockey Schn\u00fcrsenkel Gewachst werden von Spielern in der NHL und SHL verwendet. Diese Schn\u00fcrsenkel sind perfekt f\u00fcr alle, die sich nur mit dem Besten zufriedengeben. Doppelt gen\u00e4hte, rei\u00dffeste Schn\u00fcrsenkel, die mit unserem speziellen Wachs \u00fcberzogen sind, lassen deine Schlittschuhe deutlich cooler aussehen.\" \/>\n<meta property=\"og:url\" content=\"https:\/\/gethowies.com\/de\/produkt\/howies-hockey-lace-yellow\/\" \/>\n<meta property=\"og:site_name\" content=\"Howies Hockey Deutschland\" \/>\n<meta property=\"og:image\" content=\"https:\/\/gethowies.com\/de\/wp-content\/uploads\/sites\/4\/2017\/02\/hh-laces-yellow_1020.jpg\" \/>\n\t<meta property=\"og:image:width\" content=\"1020\" \/>\n\t<meta property=\"og:image:height\" content=\"1020\" \/>\n\t<meta property=\"og:image:type\" content=\"image\/jpeg\" \/>\n<meta name=\"twitter:card\" content=\"summary_large_image\" \/>\n<script type=\"application\/ld+json\" class=\"yoast-schema-graph\">{\"@context\":\"https:\\\/\\\/schema.org\",\"@graph\":[{\"@type\":\"WebPage\",\"@id\":\"https:\\\/\\\/gethowies.com\\\/de\\\/produkt\\\/howies-hockey-lace-yellow\\\/\",\"url\":\"https:\\\/\\\/gethowies.com\\\/de\\\/produkt\\\/howies-hockey-lace-yellow\\\/\",\"name\":\"Howies Hockey Schn\u00fcrsenkel Gelb - Howies Hockey Deutschland\",\"isPartOf\":{\"@id\":\"https:\\\/\\\/gethowies.com\\\/de\\\/#website\"},\"primaryImageOfPage\":{\"@id\":\"https:\\\/\\\/gethowies.com\\\/de\\\/produkt\\\/howies-hockey-lace-yellow\\\/#primaryimage\"},\"image\":{\"@id\":\"https:\\\/\\\/gethowies.com\\\/de\\\/produkt\\\/howies-hockey-lace-yellow\\\/#primaryimage\"},\"thumbnailUrl\":\"https:\\\/\\\/gethowies.com\\\/de\\\/wp-content\\\/uploads\\\/sites\\\/4\\\/2017\\\/02\\\/hh-laces-yellow_1020.jpg\",\"datePublished\":\"2017-02-26T22:12:29+00:00\",\"breadcrumb\":{\"@id\":\"https:\\\/\\\/gethowies.com\\\/de\\\/produkt\\\/howies-hockey-lace-yellow\\\/#breadcrumb\"},\"inLanguage\":\"de\",\"potentialAction\":[{\"@type\":\"ReadAction\",\"target\":[\"https:\\\/\\\/gethowies.com\\\/de\\\/produkt\\\/howies-hockey-lace-yellow\\\/\"]}]},{\"@type\":\"ImageObject\",\"inLanguage\":\"de\",\"@id\":\"https:\\\/\\\/gethowies.com\\\/de\\\/produkt\\\/howies-hockey-lace-yellow\\\/#primaryimage\",\"url\":\"https:\\\/\\\/gethowies.com\\\/de\\\/wp-content\\\/uploads\\\/sites\\\/4\\\/2017\\\/02\\\/hh-laces-yellow_1020.jpg\",\"contentUrl\":\"https:\\\/\\\/gethowies.com\\\/de\\\/wp-content\\\/uploads\\\/sites\\\/4\\\/2017\\\/02\\\/hh-laces-yellow_1020.jpg\",\"width\":1020,\"height\":1020,\"caption\":\"Howies Skridskosn\u00f6re Gul\"},{\"@type\":\"BreadcrumbList\",\"@id\":\"https:\\\/\\\/gethowies.com\\\/de\\\/produkt\\\/howies-hockey-lace-yellow\\\/#breadcrumb\",\"itemListElement\":[{\"@type\":\"ListItem\",\"position\":1,\"name\":\"Hem\",\"item\":\"https:\\\/\\\/gethowies.com\\\/de\\\/\"},{\"@type\":\"ListItem\",\"position\":2,\"name\":\"Shop\",\"item\":\"https:\\\/\\\/gethowies.com\\\/de\\\/shop\\\/\"},{\"@type\":\"ListItem\",\"position\":3,\"name\":\"Howies Hockey Schn\u00fcrsenkel Gelb\"}]},{\"@type\":\"WebSite\",\"@id\":\"https:\\\/\\\/gethowies.com\\\/de\\\/#website\",\"url\":\"https:\\\/\\\/gethowies.com\\\/de\\\/\",\"name\":\"Howies Hockey Deutschland\",\"description\":\"\",\"potentialAction\":[{\"@type\":\"SearchAction\",\"target\":{\"@type\":\"EntryPoint\",\"urlTemplate\":\"https:\\\/\\\/gethowies.com\\\/de\\\/?s={search_term_string}\"},\"query-input\":{\"@type\":\"PropertyValueSpecification\",\"valueRequired\":true,\"valueName\":\"search_term_string\"}}],\"inLanguage\":\"de\"}]}<\/script>\n<!-- \/ Yoast SEO plugin. -->","yoast_head_json":{"title":"Howies Hockey Schn\u00fcrsenkel Gelb - Howies Hockey Deutschland","robots":{"index":"index","follow":"follow","max-snippet":"max-snippet:-1","max-image-preview":"max-image-preview:large","max-video-preview":"max-video-preview:-1"},"canonical":"https:\/\/gethowies.com\/de\/produkt\/howies-hockey-lace-yellow\/","og_locale":"de_DE","og_type":"article","og_title":"Howies Hockey Schn\u00fcrsenkel Gelb - Howies Hockey Deutschland","og_description":"Howies Hockey Schn\u00fcrsenkel Gewachst werden von Spielern in der NHL und SHL verwendet. Diese Schn\u00fcrsenkel sind perfekt f\u00fcr alle, die sich nur mit dem Besten zufriedengeben. Doppelt gen\u00e4hte, rei\u00dffeste Schn\u00fcrsenkel, die mit unserem speziellen Wachs \u00fcberzogen sind, lassen deine Schlittschuhe deutlich cooler aussehen.","og_url":"https:\/\/gethowies.com\/de\/produkt\/howies-hockey-lace-yellow\/","og_site_name":"Howies Hockey Deutschland","og_image":[{"width":1020,"height":1020,"url":"https:\/\/gethowies.com\/de\/wp-content\/uploads\/sites\/4\/2017\/02\/hh-laces-yellow_1020.jpg","type":"image\/jpeg"}],"twitter_card":"summary_large_image","schema":{"@context":"https:\/\/schema.org","@graph":[{"@type":"WebPage","@id":"https:\/\/gethowies.com\/de\/produkt\/howies-hockey-lace-yellow\/","url":"https:\/\/gethowies.com\/de\/produkt\/howies-hockey-lace-yellow\/","name":"Howies Hockey Schn\u00fcrsenkel Gelb - Howies Hockey Deutschland","isPartOf":{"@id":"https:\/\/gethowies.com\/de\/#website"},"primaryImageOfPage":{"@id":"https:\/\/gethowies.com\/de\/produkt\/howies-hockey-lace-yellow\/#primaryimage"},"image":{"@id":"https:\/\/gethowies.com\/de\/produkt\/howies-hockey-lace-yellow\/#primaryimage"},"thumbnailUrl":"https:\/\/gethowies.com\/de\/wp-content\/uploads\/sites\/4\/2017\/02\/hh-laces-yellow_1020.jpg","datePublished":"2017-02-26T22:12:29+00:00","breadcrumb":{"@id":"https:\/\/gethowies.com\/de\/produkt\/howies-hockey-lace-yellow\/#breadcrumb"},"inLanguage":"de","potentialAction":[{"@type":"ReadAction","target":["https:\/\/gethowies.com\/de\/produkt\/howies-hockey-lace-yellow\/"]}]},{"@type":"ImageObject","inLanguage":"de","@id":"https:\/\/gethowies.com\/de\/produkt\/howies-hockey-lace-yellow\/#primaryimage","url":"https:\/\/gethowies.com\/de\/wp-content\/uploads\/sites\/4\/2017\/02\/hh-laces-yellow_1020.jpg","contentUrl":"https:\/\/gethowies.com\/de\/wp-content\/uploads\/sites\/4\/2017\/02\/hh-laces-yellow_1020.jpg","width":1020,"height":1020,"caption":"Howies Skridskosn\u00f6re Gul"},{"@type":"BreadcrumbList","@id":"https:\/\/gethowies.com\/de\/produkt\/howies-hockey-lace-yellow\/#breadcrumb","itemListElement":[{"@type":"ListItem","position":1,"name":"Hem","item":"https:\/\/gethowies.com\/de\/"},{"@type":"ListItem","position":2,"name":"Shop","item":"https:\/\/gethowies.com\/de\/shop\/"},{"@type":"ListItem","position":3,"name":"Howies Hockey Schn\u00fcrsenkel Gelb"}]},{"@type":"WebSite","@id":"https:\/\/gethowies.com\/de\/#website","url":"https:\/\/gethowies.com\/de\/","name":"Howies Hockey Deutschland","description":"","potentialAction":[{"@type":"SearchAction","target":{"@type":"EntryPoint","urlTemplate":"https:\/\/gethowies.com\/de\/?s={search_term_string}"},"query-input":{"@type":"PropertyValueSpecification","valueRequired":true,"valueName":"search_term_string"}}],"inLanguage":"de"}]}},"_links":{"self":[{"href":"https:\/\/gethowies.com\/de\/wp-json\/wp\/v2\/product\/401","targetHints":{"allow":["GET"]}}],"collection":[{"href":"https:\/\/gethowies.com\/de\/wp-json\/wp\/v2\/product"}],"about":[{"href":"https:\/\/gethowies.com\/de\/wp-json\/wp\/v2\/types\/product"}],"replies":[{"embeddable":true,"href":"https:\/\/gethowies.com\/de\/wp-json\/wp\/v2\/comments?post=401"}],"wp:featuredmedia":[{"embeddable":true,"href":"https:\/\/gethowies.com\/de\/wp-json\/wp\/v2\/media\/3936"}],"wp:attachment":[{"href":"https:\/\/gethowies.com\/de\/wp-json\/wp\/v2\/media?parent=401"}],"wp:term":[{"taxonomy":"product_brand","embeddable":true,"href":"https:\/\/gethowies.com\/de\/wp-json\/wp\/v2\/product_brand?post=401"},{"taxonomy":"product_cat","embeddable":true,"href":"https:\/\/gethowies.com\/de\/wp-json\/wp\/v2\/product_cat?post=401"},{"taxonomy":"product_tag","embeddable":true,"href":"https:\/\/gethowies.com\/de\/wp-json\/wp\/v2\/product_tag?post=401"}],"curies":[{"name":"wp","href":"https:\/\/api.w.org\/{rel}","templated":true}]}}