{"id":409,"date":"2017-02-26T22:25:48","date_gmt":"2017-02-26T22:25:48","guid":{"rendered":"http:\/\/hockeylife.de\/produkt\/howies-hockey-lace-mt-black\/"},"modified":"2017-02-26T22:25:48","modified_gmt":"2017-02-26T22:25:48","slug":"howies-hockey-lace-mt-black","status":"publish","type":"product","link":"https:\/\/gethowies.com\/de\/produkt\/howies-hockey-lace-mt-black\/","title":{"rendered":"Howies Schn\u00fcrsenkel MT Schwarz"},"content":{"rendered":"<p>Diese Schn\u00fcrsenkel bieten die erste Wahl f\u00fcr Spieler in der NHL. Made in Canada, aus 100% Baumwolle unsere Schn\u00fcrsenkel halten l\u00e4nger. Howies MT Schn\u00fcrsenkel ungewachst sind besonders breit und rei\u00dffest f\u00fcr extra comfort. F\u00fcr Spieler, die eine losere und flexibelere Fahrweise bevorzugen , sind die ungewachsten Eishockeyschn\u00fcrrsenkel eine perfekte Wahl.<\/p>\n<p>Diese Schn\u00fcrsenkel sind perfekt f\u00fcr alle, die sich nur mit dem Besten zufriedengeben.<\/p>\n<p>Hergestellt in Kanada<\/p>\n","protected":false},"excerpt":{"rendered":"<p>Diese Schn\u00fcrsenkel bieten die erste Wahl f\u00fcr Spieler in der NHL. Made in Canada, aus 100% Baumwolle unsere Schn\u00fcrsenkel halten l\u00e4nger. Howies MT Schn\u00fcrsenkel ungewachst sind besonders breit und rei\u00dffest f\u00fcr extra comfort. F\u00fcr Spieler, die eine losere und flexibelere Fahrweise bevorzugen , sind die ungewachsten Eishockeyschn\u00fcrrsenkel eine perfekte Wahl. Diese Schn\u00fcrsenkel sind perfekt f\u00fcr [&#8230;]\n","protected":false},"featured_media":3854,"comment_status":"closed","ping_status":"closed","template":"","meta":{"inline_featured_image":false},"product_brand":[],"product_cat":[107,106],"product_tag":[],"class_list":{"0":"post-409","1":"product","2":"type-product","3":"status-publish","4":"has-post-thumbnail","6":"product_cat-cloth-laces","7":"product_cat-laces-nhl","9":"first","10":"instock","11":"shipping-taxable","12":"purchasable","13":"product-type-variable","14":"has-default-attributes"},"yoast_head":"<!-- This site is optimized with the Yoast SEO plugin v27.5 - https:\/\/yoast.com\/product\/yoast-seo-wordpress\/ -->\n<title>Howies Schn\u00fcrsenkel MT Schwarz - Howies Hockey Deutschland<\/title>\n<meta name=\"robots\" content=\"index, follow, max-snippet:-1, max-image-preview:large, max-video-preview:-1\" \/>\n<link rel=\"canonical\" href=\"https:\/\/gethowies.com\/de\/produkt\/howies-hockey-lace-mt-black\/\" \/>\n<meta property=\"og:locale\" content=\"de_DE\" \/>\n<meta property=\"og:type\" content=\"article\" \/>\n<meta property=\"og:title\" content=\"Howies Schn\u00fcrsenkel MT Schwarz - Howies Hockey Deutschland\" \/>\n<meta property=\"og:description\" content=\"Diese Schn\u00fcrsenkel bieten die erste Wahl f\u00fcr Spieler in der NHL. Made in Canada, aus 100% Baumwolle unsere Schn\u00fcrsenkel halten l\u00e4nger. Howies MT Schn\u00fcrsenkel ungewachst sind besonders breit und rei\u00dffest f\u00fcr extra comfort. F\u00fcr Spieler, die eine losere und flexibelere Fahrweise bevorzugen , sind die ungewachsten Eishockeyschn\u00fcrrsenkel eine perfekte Wahl. Diese Schn\u00fcrsenkel sind perfekt f\u00fcr [...]\" \/>\n<meta property=\"og:url\" content=\"https:\/\/gethowies.com\/de\/produkt\/howies-hockey-lace-mt-black\/\" \/>\n<meta property=\"og:site_name\" content=\"Howies Hockey Deutschland\" \/>\n<meta property=\"og:image\" content=\"https:\/\/gethowies.com\/de\/wp-content\/uploads\/sites\/4\/2017\/02\/hh-laces-mt-black-1020.jpg\" \/>\n\t<meta property=\"og:image:width\" content=\"1020\" \/>\n\t<meta property=\"og:image:height\" content=\"1020\" \/>\n\t<meta property=\"og:image:type\" content=\"image\/jpeg\" \/>\n<meta name=\"twitter:card\" content=\"summary_large_image\" \/>\n<script type=\"application\/ld+json\" class=\"yoast-schema-graph\">{\"@context\":\"https:\\\/\\\/schema.org\",\"@graph\":[{\"@type\":\"WebPage\",\"@id\":\"https:\\\/\\\/gethowies.com\\\/de\\\/produkt\\\/howies-hockey-lace-mt-black\\\/\",\"url\":\"https:\\\/\\\/gethowies.com\\\/de\\\/produkt\\\/howies-hockey-lace-mt-black\\\/\",\"name\":\"Howies Schn\u00fcrsenkel MT Schwarz - Howies Hockey Deutschland\",\"isPartOf\":{\"@id\":\"https:\\\/\\\/gethowies.com\\\/de\\\/#website\"},\"primaryImageOfPage\":{\"@id\":\"https:\\\/\\\/gethowies.com\\\/de\\\/produkt\\\/howies-hockey-lace-mt-black\\\/#primaryimage\"},\"image\":{\"@id\":\"https:\\\/\\\/gethowies.com\\\/de\\\/produkt\\\/howies-hockey-lace-mt-black\\\/#primaryimage\"},\"thumbnailUrl\":\"https:\\\/\\\/gethowies.com\\\/de\\\/wp-content\\\/uploads\\\/sites\\\/4\\\/2017\\\/02\\\/hh-laces-mt-black-1020.jpg\",\"datePublished\":\"2017-02-26T22:25:48+00:00\",\"breadcrumb\":{\"@id\":\"https:\\\/\\\/gethowies.com\\\/de\\\/produkt\\\/howies-hockey-lace-mt-black\\\/#breadcrumb\"},\"inLanguage\":\"de\",\"potentialAction\":[{\"@type\":\"ReadAction\",\"target\":[\"https:\\\/\\\/gethowies.com\\\/de\\\/produkt\\\/howies-hockey-lace-mt-black\\\/\"]}]},{\"@type\":\"ImageObject\",\"inLanguage\":\"de\",\"@id\":\"https:\\\/\\\/gethowies.com\\\/de\\\/produkt\\\/howies-hockey-lace-mt-black\\\/#primaryimage\",\"url\":\"https:\\\/\\\/gethowies.com\\\/de\\\/wp-content\\\/uploads\\\/sites\\\/4\\\/2017\\\/02\\\/hh-laces-mt-black-1020.jpg\",\"contentUrl\":\"https:\\\/\\\/gethowies.com\\\/de\\\/wp-content\\\/uploads\\\/sites\\\/4\\\/2017\\\/02\\\/hh-laces-mt-black-1020.jpg\",\"width\":1020,\"height\":1020,\"caption\":\"Schn\u00fcrsenkel Umgewachst Schwarz\"},{\"@type\":\"BreadcrumbList\",\"@id\":\"https:\\\/\\\/gethowies.com\\\/de\\\/produkt\\\/howies-hockey-lace-mt-black\\\/#breadcrumb\",\"itemListElement\":[{\"@type\":\"ListItem\",\"position\":1,\"name\":\"Hem\",\"item\":\"https:\\\/\\\/gethowies.com\\\/de\\\/\"},{\"@type\":\"ListItem\",\"position\":2,\"name\":\"Shop\",\"item\":\"https:\\\/\\\/gethowies.com\\\/de\\\/shop\\\/\"},{\"@type\":\"ListItem\",\"position\":3,\"name\":\"Howies Schn\u00fcrsenkel MT Schwarz\"}]},{\"@type\":\"WebSite\",\"@id\":\"https:\\\/\\\/gethowies.com\\\/de\\\/#website\",\"url\":\"https:\\\/\\\/gethowies.com\\\/de\\\/\",\"name\":\"Howies Hockey Deutschland\",\"description\":\"\",\"potentialAction\":[{\"@type\":\"SearchAction\",\"target\":{\"@type\":\"EntryPoint\",\"urlTemplate\":\"https:\\\/\\\/gethowies.com\\\/de\\\/?s={search_term_string}\"},\"query-input\":{\"@type\":\"PropertyValueSpecification\",\"valueRequired\":true,\"valueName\":\"search_term_string\"}}],\"inLanguage\":\"de\"}]}<\/script>\n<!-- \/ Yoast SEO plugin. -->","yoast_head_json":{"title":"Howies Schn\u00fcrsenkel MT Schwarz - Howies Hockey Deutschland","robots":{"index":"index","follow":"follow","max-snippet":"max-snippet:-1","max-image-preview":"max-image-preview:large","max-video-preview":"max-video-preview:-1"},"canonical":"https:\/\/gethowies.com\/de\/produkt\/howies-hockey-lace-mt-black\/","og_locale":"de_DE","og_type":"article","og_title":"Howies Schn\u00fcrsenkel MT Schwarz - Howies Hockey Deutschland","og_description":"Diese Schn\u00fcrsenkel bieten die erste Wahl f\u00fcr Spieler in der NHL. Made in Canada, aus 100% Baumwolle unsere Schn\u00fcrsenkel halten l\u00e4nger. Howies MT Schn\u00fcrsenkel ungewachst sind besonders breit und rei\u00dffest f\u00fcr extra comfort. F\u00fcr Spieler, die eine losere und flexibelere Fahrweise bevorzugen , sind die ungewachsten Eishockeyschn\u00fcrrsenkel eine perfekte Wahl. Diese Schn\u00fcrsenkel sind perfekt f\u00fcr [...]","og_url":"https:\/\/gethowies.com\/de\/produkt\/howies-hockey-lace-mt-black\/","og_site_name":"Howies Hockey Deutschland","og_image":[{"width":1020,"height":1020,"url":"https:\/\/gethowies.com\/de\/wp-content\/uploads\/sites\/4\/2017\/02\/hh-laces-mt-black-1020.jpg","type":"image\/jpeg"}],"twitter_card":"summary_large_image","schema":{"@context":"https:\/\/schema.org","@graph":[{"@type":"WebPage","@id":"https:\/\/gethowies.com\/de\/produkt\/howies-hockey-lace-mt-black\/","url":"https:\/\/gethowies.com\/de\/produkt\/howies-hockey-lace-mt-black\/","name":"Howies Schn\u00fcrsenkel MT Schwarz - Howies Hockey Deutschland","isPartOf":{"@id":"https:\/\/gethowies.com\/de\/#website"},"primaryImageOfPage":{"@id":"https:\/\/gethowies.com\/de\/produkt\/howies-hockey-lace-mt-black\/#primaryimage"},"image":{"@id":"https:\/\/gethowies.com\/de\/produkt\/howies-hockey-lace-mt-black\/#primaryimage"},"thumbnailUrl":"https:\/\/gethowies.com\/de\/wp-content\/uploads\/sites\/4\/2017\/02\/hh-laces-mt-black-1020.jpg","datePublished":"2017-02-26T22:25:48+00:00","breadcrumb":{"@id":"https:\/\/gethowies.com\/de\/produkt\/howies-hockey-lace-mt-black\/#breadcrumb"},"inLanguage":"de","potentialAction":[{"@type":"ReadAction","target":["https:\/\/gethowies.com\/de\/produkt\/howies-hockey-lace-mt-black\/"]}]},{"@type":"ImageObject","inLanguage":"de","@id":"https:\/\/gethowies.com\/de\/produkt\/howies-hockey-lace-mt-black\/#primaryimage","url":"https:\/\/gethowies.com\/de\/wp-content\/uploads\/sites\/4\/2017\/02\/hh-laces-mt-black-1020.jpg","contentUrl":"https:\/\/gethowies.com\/de\/wp-content\/uploads\/sites\/4\/2017\/02\/hh-laces-mt-black-1020.jpg","width":1020,"height":1020,"caption":"Schn\u00fcrsenkel Umgewachst Schwarz"},{"@type":"BreadcrumbList","@id":"https:\/\/gethowies.com\/de\/produkt\/howies-hockey-lace-mt-black\/#breadcrumb","itemListElement":[{"@type":"ListItem","position":1,"name":"Hem","item":"https:\/\/gethowies.com\/de\/"},{"@type":"ListItem","position":2,"name":"Shop","item":"https:\/\/gethowies.com\/de\/shop\/"},{"@type":"ListItem","position":3,"name":"Howies Schn\u00fcrsenkel MT Schwarz"}]},{"@type":"WebSite","@id":"https:\/\/gethowies.com\/de\/#website","url":"https:\/\/gethowies.com\/de\/","name":"Howies Hockey Deutschland","description":"","potentialAction":[{"@type":"SearchAction","target":{"@type":"EntryPoint","urlTemplate":"https:\/\/gethowies.com\/de\/?s={search_term_string}"},"query-input":{"@type":"PropertyValueSpecification","valueRequired":true,"valueName":"search_term_string"}}],"inLanguage":"de"}]}},"_links":{"self":[{"href":"https:\/\/gethowies.com\/de\/wp-json\/wp\/v2\/product\/409","targetHints":{"allow":["GET"]}}],"collection":[{"href":"https:\/\/gethowies.com\/de\/wp-json\/wp\/v2\/product"}],"about":[{"href":"https:\/\/gethowies.com\/de\/wp-json\/wp\/v2\/types\/product"}],"replies":[{"embeddable":true,"href":"https:\/\/gethowies.com\/de\/wp-json\/wp\/v2\/comments?post=409"}],"wp:featuredmedia":[{"embeddable":true,"href":"https:\/\/gethowies.com\/de\/wp-json\/wp\/v2\/media\/3854"}],"wp:attachment":[{"href":"https:\/\/gethowies.com\/de\/wp-json\/wp\/v2\/media?parent=409"}],"wp:term":[{"taxonomy":"product_brand","embeddable":true,"href":"https:\/\/gethowies.com\/de\/wp-json\/wp\/v2\/product_brand?post=409"},{"taxonomy":"product_cat","embeddable":true,"href":"https:\/\/gethowies.com\/de\/wp-json\/wp\/v2\/product_cat?post=409"},{"taxonomy":"product_tag","embeddable":true,"href":"https:\/\/gethowies.com\/de\/wp-json\/wp\/v2\/product_tag?post=409"}],"curies":[{"name":"wp","href":"https:\/\/api.w.org\/{rel}","templated":true}]}}