{"id":4415,"date":"2018-07-20T22:18:02","date_gmt":"2018-07-20T20:18:02","guid":{"rendered":"https:\/\/hockeylife.de\/?post_type=product&#038;p=4415"},"modified":"2023-02-07T23:38:48","modified_gmt":"2023-02-07T22:38:48","slug":"tape-tiger","status":"publish","type":"product","link":"https:\/\/gethowies.com\/de\/produkt\/tape-tiger\/","title":{"rendered":"Tape Tiger"},"content":{"rendered":"<p>Die Tape-Tiger Pro ist eine einfache L\u00f6sung, Tape von Ihrem Hockeyschl\u00e4ger  zu entfernen. Die Tape-Tiger ist perfekt f\u00fcr diejenigen Spieler, die h\u00e4ufig gerne ihre St\u00f6cke Band und wollen nicht mit dem Entfernen durch Streifen Streifen zu \u00c4rger. Die Tape-Tiger Pro verf\u00fcgt auch \u00fcber eine Schere f\u00fcr eine saubere, professionelle Oberfl\u00e4che und einen Stein auf Grate und Kerben von der Kufe zu entfernen.<\/p>\n<p>Hier der Link zum Produktvideo:<\/p>\n<p><iframe loading=\"lazy\" width=\"1020\" height=\"574\" src=\"https:\/\/www.youtube.com\/embed\/yXFUvmosyEw?feature=oembed\" frameborder=\"0\" allow=\"autoplay; encrypted-media\" allowfullscreen><\/iframe><\/p>\n","protected":false},"excerpt":{"rendered":"<p>Die Tape-Tiger Pro ist eine einfache L\u00f6sung, Tape von Ihrem Hockeyschl\u00e4ger zu entfernen. Die Tape-Tiger ist perfekt f\u00fcr diejenigen Spieler, die h\u00e4ufig gerne ihre St\u00f6cke Band und wollen nicht mit dem Entfernen durch Streifen Streifen zu \u00c4rger. Die Tape-Tiger Pro verf\u00fcgt auch \u00fcber eine Schere f\u00fcr eine saubere, professionelle Oberfl\u00e4che und einen Stein auf Grate [&#8230;]\n","protected":false},"featured_media":4416,"comment_status":"closed","ping_status":"closed","template":"","meta":{"inline_featured_image":false},"product_brand":[],"product_cat":[117],"product_tag":[],"class_list":{"0":"post-4415","1":"product","2":"type-product","3":"status-publish","4":"has-post-thumbnail","6":"product_cat-zubehoer","8":"first","9":"instock","10":"shipping-taxable","11":"purchasable","12":"product-type-simple"},"yoast_head":"<!-- This site is optimized with the Yoast SEO plugin v27.3 - https:\/\/yoast.com\/product\/yoast-seo-wordpress\/ -->\n<title>Tape Tiger - Howies Hockey Deutschland<\/title>\n<meta name=\"robots\" content=\"index, follow, max-snippet:-1, max-image-preview:large, max-video-preview:-1\" \/>\n<link rel=\"canonical\" href=\"https:\/\/gethowies.com\/de\/produkt\/tape-tiger\/\" \/>\n<meta property=\"og:locale\" content=\"de_DE\" \/>\n<meta property=\"og:type\" content=\"article\" \/>\n<meta property=\"og:title\" content=\"Tape Tiger - Howies Hockey Deutschland\" \/>\n<meta property=\"og:description\" content=\"Die Tape-Tiger Pro ist eine einfache L\u00f6sung, Tape von Ihrem Hockeyschl\u00e4ger zu entfernen. Die Tape-Tiger ist perfekt f\u00fcr diejenigen Spieler, die h\u00e4ufig gerne ihre St\u00f6cke Band und wollen nicht mit dem Entfernen durch Streifen Streifen zu \u00c4rger. Die Tape-Tiger Pro verf\u00fcgt auch \u00fcber eine Schere f\u00fcr eine saubere, professionelle Oberfl\u00e4che und einen Stein auf Grate [...]\" \/>\n<meta property=\"og:url\" content=\"https:\/\/gethowies.com\/de\/produkt\/tape-tiger\/\" \/>\n<meta property=\"og:site_name\" content=\"Howies Hockey Deutschland\" \/>\n<meta property=\"article:modified_time\" content=\"2023-02-07T22:38:48+00:00\" \/>\n<meta property=\"og:image\" content=\"https:\/\/gethowies.com\/de\/wp-content\/uploads\/sites\/4\/2018\/07\/tape_tiger_grande.jpg\" \/>\n\t<meta property=\"og:image:width\" content=\"540\" \/>\n\t<meta property=\"og:image:height\" content=\"540\" \/>\n\t<meta property=\"og:image:type\" content=\"image\/jpeg\" \/>\n<meta name=\"twitter:card\" content=\"summary_large_image\" \/>\n<script type=\"application\/ld+json\" class=\"yoast-schema-graph\">{\"@context\":\"https:\\\/\\\/schema.org\",\"@graph\":[{\"@type\":\"WebPage\",\"@id\":\"https:\\\/\\\/gethowies.com\\\/de\\\/produkt\\\/tape-tiger\\\/\",\"url\":\"https:\\\/\\\/gethowies.com\\\/de\\\/produkt\\\/tape-tiger\\\/\",\"name\":\"Tape Tiger - Howies Hockey Deutschland\",\"isPartOf\":{\"@id\":\"https:\\\/\\\/gethowies.com\\\/de\\\/#website\"},\"primaryImageOfPage\":{\"@id\":\"https:\\\/\\\/gethowies.com\\\/de\\\/produkt\\\/tape-tiger\\\/#primaryimage\"},\"image\":{\"@id\":\"https:\\\/\\\/gethowies.com\\\/de\\\/produkt\\\/tape-tiger\\\/#primaryimage\"},\"thumbnailUrl\":\"https:\\\/\\\/gethowies.com\\\/de\\\/wp-content\\\/uploads\\\/sites\\\/4\\\/2018\\\/07\\\/tape_tiger_grande.jpg\",\"datePublished\":\"2018-07-20T20:18:02+00:00\",\"dateModified\":\"2023-02-07T22:38:48+00:00\",\"breadcrumb\":{\"@id\":\"https:\\\/\\\/gethowies.com\\\/de\\\/produkt\\\/tape-tiger\\\/#breadcrumb\"},\"inLanguage\":\"de\",\"potentialAction\":[{\"@type\":\"ReadAction\",\"target\":[\"https:\\\/\\\/gethowies.com\\\/de\\\/produkt\\\/tape-tiger\\\/\"]}]},{\"@type\":\"ImageObject\",\"inLanguage\":\"de\",\"@id\":\"https:\\\/\\\/gethowies.com\\\/de\\\/produkt\\\/tape-tiger\\\/#primaryimage\",\"url\":\"https:\\\/\\\/gethowies.com\\\/de\\\/wp-content\\\/uploads\\\/sites\\\/4\\\/2018\\\/07\\\/tape_tiger_grande.jpg\",\"contentUrl\":\"https:\\\/\\\/gethowies.com\\\/de\\\/wp-content\\\/uploads\\\/sites\\\/4\\\/2018\\\/07\\\/tape_tiger_grande.jpg\",\"width\":540,\"height\":540},{\"@type\":\"BreadcrumbList\",\"@id\":\"https:\\\/\\\/gethowies.com\\\/de\\\/produkt\\\/tape-tiger\\\/#breadcrumb\",\"itemListElement\":[{\"@type\":\"ListItem\",\"position\":1,\"name\":\"Hem\",\"item\":\"https:\\\/\\\/gethowies.com\\\/de\\\/\"},{\"@type\":\"ListItem\",\"position\":2,\"name\":\"Shop\",\"item\":\"https:\\\/\\\/gethowies.com\\\/de\\\/shop\\\/\"},{\"@type\":\"ListItem\",\"position\":3,\"name\":\"Tape Tiger\"}]},{\"@type\":\"WebSite\",\"@id\":\"https:\\\/\\\/gethowies.com\\\/de\\\/#website\",\"url\":\"https:\\\/\\\/gethowies.com\\\/de\\\/\",\"name\":\"Howies Hockey Deutschland\",\"description\":\"\",\"potentialAction\":[{\"@type\":\"SearchAction\",\"target\":{\"@type\":\"EntryPoint\",\"urlTemplate\":\"https:\\\/\\\/gethowies.com\\\/de\\\/?s={search_term_string}\"},\"query-input\":{\"@type\":\"PropertyValueSpecification\",\"valueRequired\":true,\"valueName\":\"search_term_string\"}}],\"inLanguage\":\"de\"}]}<\/script>\n<!-- \/ Yoast SEO plugin. -->","yoast_head_json":{"title":"Tape Tiger - Howies Hockey Deutschland","robots":{"index":"index","follow":"follow","max-snippet":"max-snippet:-1","max-image-preview":"max-image-preview:large","max-video-preview":"max-video-preview:-1"},"canonical":"https:\/\/gethowies.com\/de\/produkt\/tape-tiger\/","og_locale":"de_DE","og_type":"article","og_title":"Tape Tiger - Howies Hockey Deutschland","og_description":"Die Tape-Tiger Pro ist eine einfache L\u00f6sung, Tape von Ihrem Hockeyschl\u00e4ger zu entfernen. Die Tape-Tiger ist perfekt f\u00fcr diejenigen Spieler, die h\u00e4ufig gerne ihre St\u00f6cke Band und wollen nicht mit dem Entfernen durch Streifen Streifen zu \u00c4rger. Die Tape-Tiger Pro verf\u00fcgt auch \u00fcber eine Schere f\u00fcr eine saubere, professionelle Oberfl\u00e4che und einen Stein auf Grate [...]","og_url":"https:\/\/gethowies.com\/de\/produkt\/tape-tiger\/","og_site_name":"Howies Hockey Deutschland","article_modified_time":"2023-02-07T22:38:48+00:00","og_image":[{"width":540,"height":540,"url":"https:\/\/gethowies.com\/de\/wp-content\/uploads\/sites\/4\/2018\/07\/tape_tiger_grande.jpg","type":"image\/jpeg"}],"twitter_card":"summary_large_image","schema":{"@context":"https:\/\/schema.org","@graph":[{"@type":"WebPage","@id":"https:\/\/gethowies.com\/de\/produkt\/tape-tiger\/","url":"https:\/\/gethowies.com\/de\/produkt\/tape-tiger\/","name":"Tape Tiger - Howies Hockey Deutschland","isPartOf":{"@id":"https:\/\/gethowies.com\/de\/#website"},"primaryImageOfPage":{"@id":"https:\/\/gethowies.com\/de\/produkt\/tape-tiger\/#primaryimage"},"image":{"@id":"https:\/\/gethowies.com\/de\/produkt\/tape-tiger\/#primaryimage"},"thumbnailUrl":"https:\/\/gethowies.com\/de\/wp-content\/uploads\/sites\/4\/2018\/07\/tape_tiger_grande.jpg","datePublished":"2018-07-20T20:18:02+00:00","dateModified":"2023-02-07T22:38:48+00:00","breadcrumb":{"@id":"https:\/\/gethowies.com\/de\/produkt\/tape-tiger\/#breadcrumb"},"inLanguage":"de","potentialAction":[{"@type":"ReadAction","target":["https:\/\/gethowies.com\/de\/produkt\/tape-tiger\/"]}]},{"@type":"ImageObject","inLanguage":"de","@id":"https:\/\/gethowies.com\/de\/produkt\/tape-tiger\/#primaryimage","url":"https:\/\/gethowies.com\/de\/wp-content\/uploads\/sites\/4\/2018\/07\/tape_tiger_grande.jpg","contentUrl":"https:\/\/gethowies.com\/de\/wp-content\/uploads\/sites\/4\/2018\/07\/tape_tiger_grande.jpg","width":540,"height":540},{"@type":"BreadcrumbList","@id":"https:\/\/gethowies.com\/de\/produkt\/tape-tiger\/#breadcrumb","itemListElement":[{"@type":"ListItem","position":1,"name":"Hem","item":"https:\/\/gethowies.com\/de\/"},{"@type":"ListItem","position":2,"name":"Shop","item":"https:\/\/gethowies.com\/de\/shop\/"},{"@type":"ListItem","position":3,"name":"Tape Tiger"}]},{"@type":"WebSite","@id":"https:\/\/gethowies.com\/de\/#website","url":"https:\/\/gethowies.com\/de\/","name":"Howies Hockey Deutschland","description":"","potentialAction":[{"@type":"SearchAction","target":{"@type":"EntryPoint","urlTemplate":"https:\/\/gethowies.com\/de\/?s={search_term_string}"},"query-input":{"@type":"PropertyValueSpecification","valueRequired":true,"valueName":"search_term_string"}}],"inLanguage":"de"}]}},"_links":{"self":[{"href":"https:\/\/gethowies.com\/de\/wp-json\/wp\/v2\/product\/4415","targetHints":{"allow":["GET"]}}],"collection":[{"href":"https:\/\/gethowies.com\/de\/wp-json\/wp\/v2\/product"}],"about":[{"href":"https:\/\/gethowies.com\/de\/wp-json\/wp\/v2\/types\/product"}],"replies":[{"embeddable":true,"href":"https:\/\/gethowies.com\/de\/wp-json\/wp\/v2\/comments?post=4415"}],"wp:featuredmedia":[{"embeddable":true,"href":"https:\/\/gethowies.com\/de\/wp-json\/wp\/v2\/media\/4416"}],"wp:attachment":[{"href":"https:\/\/gethowies.com\/de\/wp-json\/wp\/v2\/media?parent=4415"}],"wp:term":[{"taxonomy":"product_brand","embeddable":true,"href":"https:\/\/gethowies.com\/de\/wp-json\/wp\/v2\/product_brand?post=4415"},{"taxonomy":"product_cat","embeddable":true,"href":"https:\/\/gethowies.com\/de\/wp-json\/wp\/v2\/product_cat?post=4415"},{"taxonomy":"product_tag","embeddable":true,"href":"https:\/\/gethowies.com\/de\/wp-json\/wp\/v2\/product_tag?post=4415"}],"curies":[{"name":"wp","href":"https:\/\/api.w.org\/{rel}","templated":true}]}}