{"id":461,"date":"2017-03-06T17:32:33","date_gmt":"2017-03-06T17:32:33","guid":{"rendered":"http:\/\/hockeylife.de\/?post_type=product&amp;p=461"},"modified":"2017-03-06T17:32:33","modified_gmt":"2017-03-06T17:32:33","slug":"howies-white-hockey-tape","status":"publish","type":"product","link":"https:\/\/gethowies.com\/de\/produkt\/howies-white-hockey-tape\/","title":{"rendered":"Howies Schl\u00e4gertape Wei\u00df"},"content":{"rendered":"<p>Stelle dir vor, du k\u00f6nntest 24 Stunden am Tag, 7 Tage in der Woche deinem Lieblingshobby nachgehen und m\u00fcsstest dein Tape niemals erneuern. Dies ist unser Konzept hinter unserem qualitativ hochwertigen Schl\u00e4gertape. Mit 3 Kreuzungen pro mm hat unserer Hockeytape eine absolut einmalig hohe Fadenzahl. Dazu kommt unser eigens entwickelter Klebstoff und dein Hockeytape ist resistent gegen Feuchtigkeit, Wasser und Eis \u2013 365 Tage im Jahr.<\/p>\n<p>Howies Schl\u00e4gertape wird von Spielern in der NHL und SHL verwendet und ist selbstverst\u00e4ndlich die erste Wahl f\u00fcr Profis und f\u00fcr die, die sich nur mit dem Besten zufriedengeben \u2013 auch \u00fcber das Spiel hinaus.<\/p>\n<p>Hergestellt in Nordamerika<\/p>\n","protected":false},"excerpt":{"rendered":"<p>Stelle dir vor, du k\u00f6nntest 24 Stunden am Tag, 7 Tage in der Woche deinem Lieblingshobby nachgehen und m\u00fcsstest dein Tape niemals erneuern. Dies ist unser Konzept hinter unserem qualitativ hochwertigen Schl\u00e4gertape. Mit 3 Kreuzungen pro mm hat unserer Hockeytape eine absolut einmalig hohe Fadenzahl. Dazu kommt unser eigens entwickelter Klebstoff und dein Hockeytape ist [&#8230;]\n","protected":false},"featured_media":3126,"comment_status":"closed","ping_status":"closed","template":"","meta":{"inline_featured_image":false},"product_brand":[],"product_cat":[102,94],"product_tag":[],"class_list":{"0":"post-461","1":"product","2":"type-product","3":"status-publish","4":"has-post-thumbnail","6":"product_cat-cloth-tape-black-white","7":"product_cat-tape-nhl","9":"first","10":"instock","11":"shipping-taxable","12":"purchasable","13":"product-type-simple"},"yoast_head":"<!-- This site is optimized with the Yoast SEO plugin v27.4 - https:\/\/yoast.com\/product\/yoast-seo-wordpress\/ -->\n<title>Howies Schl\u00e4gertape Wei\u00df - Howies Hockey Deutschland<\/title>\n<meta name=\"robots\" content=\"index, follow, max-snippet:-1, max-image-preview:large, max-video-preview:-1\" \/>\n<link rel=\"canonical\" href=\"https:\/\/gethowies.com\/de\/produkt\/howies-white-hockey-tape\/\" \/>\n<meta property=\"og:locale\" content=\"de_DE\" \/>\n<meta property=\"og:type\" content=\"article\" \/>\n<meta property=\"og:title\" content=\"Howies Schl\u00e4gertape Wei\u00df - Howies Hockey Deutschland\" \/>\n<meta property=\"og:description\" content=\"Stelle dir vor, du k\u00f6nntest 24 Stunden am Tag, 7 Tage in der Woche deinem Lieblingshobby nachgehen und m\u00fcsstest dein Tape niemals erneuern. Dies ist unser Konzept hinter unserem qualitativ hochwertigen Schl\u00e4gertape. Mit 3 Kreuzungen pro mm hat unserer Hockeytape eine absolut einmalig hohe Fadenzahl. Dazu kommt unser eigens entwickelter Klebstoff und dein Hockeytape ist [...]\" \/>\n<meta property=\"og:url\" content=\"https:\/\/gethowies.com\/de\/produkt\/howies-white-hockey-tape\/\" \/>\n<meta property=\"og:site_name\" content=\"Howies Hockey Deutschland\" \/>\n<meta property=\"og:image\" content=\"https:\/\/gethowies.com\/de\/wp-content\/uploads\/sites\/4\/2017\/03\/white-cloth.jpg\" \/>\n\t<meta property=\"og:image:width\" content=\"1020\" \/>\n\t<meta property=\"og:image:height\" content=\"1200\" \/>\n\t<meta property=\"og:image:type\" content=\"image\/jpeg\" \/>\n<meta name=\"twitter:card\" content=\"summary_large_image\" \/>\n<meta name=\"twitter:label1\" content=\"Gesch\u00e4tzte Lesezeit\" \/>\n\t<meta name=\"twitter:data1\" content=\"1\u00a0Minute\" \/>\n<script type=\"application\/ld+json\" class=\"yoast-schema-graph\">{\"@context\":\"https:\\\/\\\/schema.org\",\"@graph\":[{\"@type\":\"WebPage\",\"@id\":\"https:\\\/\\\/gethowies.com\\\/de\\\/produkt\\\/howies-white-hockey-tape\\\/\",\"url\":\"https:\\\/\\\/gethowies.com\\\/de\\\/produkt\\\/howies-white-hockey-tape\\\/\",\"name\":\"Howies Schl\u00e4gertape Wei\u00df - Howies Hockey Deutschland\",\"isPartOf\":{\"@id\":\"https:\\\/\\\/gethowies.com\\\/de\\\/#website\"},\"primaryImageOfPage\":{\"@id\":\"https:\\\/\\\/gethowies.com\\\/de\\\/produkt\\\/howies-white-hockey-tape\\\/#primaryimage\"},\"image\":{\"@id\":\"https:\\\/\\\/gethowies.com\\\/de\\\/produkt\\\/howies-white-hockey-tape\\\/#primaryimage\"},\"thumbnailUrl\":\"https:\\\/\\\/gethowies.com\\\/de\\\/wp-content\\\/uploads\\\/sites\\\/4\\\/2017\\\/03\\\/white-cloth.jpg\",\"datePublished\":\"2017-03-06T17:32:33+00:00\",\"breadcrumb\":{\"@id\":\"https:\\\/\\\/gethowies.com\\\/de\\\/produkt\\\/howies-white-hockey-tape\\\/#breadcrumb\"},\"inLanguage\":\"de\",\"potentialAction\":[{\"@type\":\"ReadAction\",\"target\":[\"https:\\\/\\\/gethowies.com\\\/de\\\/produkt\\\/howies-white-hockey-tape\\\/\"]}]},{\"@type\":\"ImageObject\",\"inLanguage\":\"de\",\"@id\":\"https:\\\/\\\/gethowies.com\\\/de\\\/produkt\\\/howies-white-hockey-tape\\\/#primaryimage\",\"url\":\"https:\\\/\\\/gethowies.com\\\/de\\\/wp-content\\\/uploads\\\/sites\\\/4\\\/2017\\\/03\\\/white-cloth.jpg\",\"contentUrl\":\"https:\\\/\\\/gethowies.com\\\/de\\\/wp-content\\\/uploads\\\/sites\\\/4\\\/2017\\\/03\\\/white-cloth.jpg\",\"width\":1020,\"height\":1200,\"caption\":\"Howies White Cloth Hockey Tape\"},{\"@type\":\"BreadcrumbList\",\"@id\":\"https:\\\/\\\/gethowies.com\\\/de\\\/produkt\\\/howies-white-hockey-tape\\\/#breadcrumb\",\"itemListElement\":[{\"@type\":\"ListItem\",\"position\":1,\"name\":\"Hem\",\"item\":\"https:\\\/\\\/gethowies.com\\\/de\\\/\"},{\"@type\":\"ListItem\",\"position\":2,\"name\":\"Shop\",\"item\":\"https:\\\/\\\/gethowies.com\\\/de\\\/shop\\\/\"},{\"@type\":\"ListItem\",\"position\":3,\"name\":\"Howies Schl\u00e4gertape Wei\u00df\"}]},{\"@type\":\"WebSite\",\"@id\":\"https:\\\/\\\/gethowies.com\\\/de\\\/#website\",\"url\":\"https:\\\/\\\/gethowies.com\\\/de\\\/\",\"name\":\"Howies Hockey Deutschland\",\"description\":\"\",\"potentialAction\":[{\"@type\":\"SearchAction\",\"target\":{\"@type\":\"EntryPoint\",\"urlTemplate\":\"https:\\\/\\\/gethowies.com\\\/de\\\/?s={search_term_string}\"},\"query-input\":{\"@type\":\"PropertyValueSpecification\",\"valueRequired\":true,\"valueName\":\"search_term_string\"}}],\"inLanguage\":\"de\"}]}<\/script>\n<!-- \/ Yoast SEO plugin. -->","yoast_head_json":{"title":"Howies Schl\u00e4gertape Wei\u00df - Howies Hockey Deutschland","robots":{"index":"index","follow":"follow","max-snippet":"max-snippet:-1","max-image-preview":"max-image-preview:large","max-video-preview":"max-video-preview:-1"},"canonical":"https:\/\/gethowies.com\/de\/produkt\/howies-white-hockey-tape\/","og_locale":"de_DE","og_type":"article","og_title":"Howies Schl\u00e4gertape Wei\u00df - Howies Hockey Deutschland","og_description":"Stelle dir vor, du k\u00f6nntest 24 Stunden am Tag, 7 Tage in der Woche deinem Lieblingshobby nachgehen und m\u00fcsstest dein Tape niemals erneuern. Dies ist unser Konzept hinter unserem qualitativ hochwertigen Schl\u00e4gertape. Mit 3 Kreuzungen pro mm hat unserer Hockeytape eine absolut einmalig hohe Fadenzahl. Dazu kommt unser eigens entwickelter Klebstoff und dein Hockeytape ist [...]","og_url":"https:\/\/gethowies.com\/de\/produkt\/howies-white-hockey-tape\/","og_site_name":"Howies Hockey Deutschland","og_image":[{"width":1020,"height":1200,"url":"https:\/\/gethowies.com\/de\/wp-content\/uploads\/sites\/4\/2017\/03\/white-cloth.jpg","type":"image\/jpeg"}],"twitter_card":"summary_large_image","twitter_misc":{"Gesch\u00e4tzte Lesezeit":"1\u00a0Minute"},"schema":{"@context":"https:\/\/schema.org","@graph":[{"@type":"WebPage","@id":"https:\/\/gethowies.com\/de\/produkt\/howies-white-hockey-tape\/","url":"https:\/\/gethowies.com\/de\/produkt\/howies-white-hockey-tape\/","name":"Howies Schl\u00e4gertape Wei\u00df - Howies Hockey Deutschland","isPartOf":{"@id":"https:\/\/gethowies.com\/de\/#website"},"primaryImageOfPage":{"@id":"https:\/\/gethowies.com\/de\/produkt\/howies-white-hockey-tape\/#primaryimage"},"image":{"@id":"https:\/\/gethowies.com\/de\/produkt\/howies-white-hockey-tape\/#primaryimage"},"thumbnailUrl":"https:\/\/gethowies.com\/de\/wp-content\/uploads\/sites\/4\/2017\/03\/white-cloth.jpg","datePublished":"2017-03-06T17:32:33+00:00","breadcrumb":{"@id":"https:\/\/gethowies.com\/de\/produkt\/howies-white-hockey-tape\/#breadcrumb"},"inLanguage":"de","potentialAction":[{"@type":"ReadAction","target":["https:\/\/gethowies.com\/de\/produkt\/howies-white-hockey-tape\/"]}]},{"@type":"ImageObject","inLanguage":"de","@id":"https:\/\/gethowies.com\/de\/produkt\/howies-white-hockey-tape\/#primaryimage","url":"https:\/\/gethowies.com\/de\/wp-content\/uploads\/sites\/4\/2017\/03\/white-cloth.jpg","contentUrl":"https:\/\/gethowies.com\/de\/wp-content\/uploads\/sites\/4\/2017\/03\/white-cloth.jpg","width":1020,"height":1200,"caption":"Howies White Cloth Hockey Tape"},{"@type":"BreadcrumbList","@id":"https:\/\/gethowies.com\/de\/produkt\/howies-white-hockey-tape\/#breadcrumb","itemListElement":[{"@type":"ListItem","position":1,"name":"Hem","item":"https:\/\/gethowies.com\/de\/"},{"@type":"ListItem","position":2,"name":"Shop","item":"https:\/\/gethowies.com\/de\/shop\/"},{"@type":"ListItem","position":3,"name":"Howies Schl\u00e4gertape Wei\u00df"}]},{"@type":"WebSite","@id":"https:\/\/gethowies.com\/de\/#website","url":"https:\/\/gethowies.com\/de\/","name":"Howies Hockey Deutschland","description":"","potentialAction":[{"@type":"SearchAction","target":{"@type":"EntryPoint","urlTemplate":"https:\/\/gethowies.com\/de\/?s={search_term_string}"},"query-input":{"@type":"PropertyValueSpecification","valueRequired":true,"valueName":"search_term_string"}}],"inLanguage":"de"}]}},"_links":{"self":[{"href":"https:\/\/gethowies.com\/de\/wp-json\/wp\/v2\/product\/461","targetHints":{"allow":["GET"]}}],"collection":[{"href":"https:\/\/gethowies.com\/de\/wp-json\/wp\/v2\/product"}],"about":[{"href":"https:\/\/gethowies.com\/de\/wp-json\/wp\/v2\/types\/product"}],"replies":[{"embeddable":true,"href":"https:\/\/gethowies.com\/de\/wp-json\/wp\/v2\/comments?post=461"}],"wp:featuredmedia":[{"embeddable":true,"href":"https:\/\/gethowies.com\/de\/wp-json\/wp\/v2\/media\/3126"}],"wp:attachment":[{"href":"https:\/\/gethowies.com\/de\/wp-json\/wp\/v2\/media?parent=461"}],"wp:term":[{"taxonomy":"product_brand","embeddable":true,"href":"https:\/\/gethowies.com\/de\/wp-json\/wp\/v2\/product_brand?post=461"},{"taxonomy":"product_cat","embeddable":true,"href":"https:\/\/gethowies.com\/de\/wp-json\/wp\/v2\/product_cat?post=461"},{"taxonomy":"product_tag","embeddable":true,"href":"https:\/\/gethowies.com\/de\/wp-json\/wp\/v2\/product_tag?post=461"}],"curies":[{"name":"wp","href":"https:\/\/api.w.org\/{rel}","templated":true}]}}