{"id":463,"date":"2017-03-06T18:40:22","date_gmt":"2017-03-06T18:40:22","guid":{"rendered":"http:\/\/hockeylife.de\/produkt\/howies-premium-svart\/"},"modified":"2017-03-06T18:40:22","modified_gmt":"2017-03-06T18:40:22","slug":"howies-black-hockey-tape","status":"publish","type":"product","link":"https:\/\/gethowies.com\/de\/produkt\/howies-black-hockey-tape\/","title":{"rendered":"Howies Schl\u00e4gertape Schwarz"},"content":{"rendered":"<p><span style=\"font-weight: 400\">Stelle dir vor, du k\u00f6nntest 24 Stunden am Tag, 7 Tage in der Woche deinem Lieblingshobby nachgehen und m\u00fcsstest dein Tape niemals erneuern. Dies ist unser Konzept hinter unserem qualitativ hochwertigen Schl\u00e4gertape. Mit 3 Kreuzungen pro mm hat unserer Hockeytape eine absolut einmalig hohe Fadenzahl. Dazu kommt unser eigens entwickelter Klebstoff und dein Hockeytape ist resistent gegen Feuchtigkeit, Wasser und Eis &#8211; 365 Tage im Jahr.<\/span><\/p>\n<p>Howies Schl\u00e4gertape wird von Spielern in der NHL und SHL verwendet und ist selbstverst\u00e4ndlich die erste Wahl f\u00fcr Profis und f\u00fcr die, die sich nur mit dem Besten zufriedengeben \u2013 auch \u00fcber das Spiel hinaus.<\/p>\n<p>Hergestellt in Nordamerika<\/p>\n","protected":false},"excerpt":{"rendered":"<p>Stelle dir vor, du k\u00f6nntest 24 Stunden am Tag, 7 Tage in der Woche deinem Lieblingshobby nachgehen und m\u00fcsstest dein Tape niemals erneuern. Dies ist unser Konzept hinter unserem qualitativ hochwertigen Schl\u00e4gertape. Mit 3 Kreuzungen pro mm hat unserer Hockeytape eine absolut einmalig hohe Fadenzahl. Dazu kommt unser eigens entwickelter Klebstoff und dein Hockeytape ist [&#8230;]\n","protected":false},"featured_media":3125,"comment_status":"closed","ping_status":"closed","template":"","meta":{"inline_featured_image":false},"product_brand":[],"product_cat":[102,94],"product_tag":[],"class_list":{"0":"post-463","1":"product","2":"type-product","3":"status-publish","4":"has-post-thumbnail","6":"product_cat-cloth-tape-black-white","7":"product_cat-tape-nhl","9":"first","10":"instock","11":"shipping-taxable","12":"purchasable","13":"product-type-simple"},"yoast_head":"<!-- This site is optimized with the Yoast SEO plugin v27.6 - https:\/\/yoast.com\/product\/yoast-seo-wordpress\/ -->\n<title>Howies Schl\u00e4gertape Schwarz - Howies Hockey Deutschland<\/title>\n<meta name=\"description\" content=\"Howies Hockey Tape anv\u00e4nds av spelare i NHL och SHL.\" \/>\n<meta name=\"robots\" content=\"index, follow, max-snippet:-1, max-image-preview:large, max-video-preview:-1\" \/>\n<link rel=\"canonical\" href=\"https:\/\/gethowies.com\/de\/produkt\/howies-black-hockey-tape\/\" \/>\n<meta property=\"og:locale\" content=\"de_DE\" \/>\n<meta property=\"og:type\" content=\"article\" \/>\n<meta property=\"og:title\" content=\"Howies Schl\u00e4gertape Schwarz - Howies Hockey Deutschland\" \/>\n<meta property=\"og:description\" content=\"Howies Hockey Tape anv\u00e4nds av spelare i NHL och SHL.\" \/>\n<meta property=\"og:url\" content=\"https:\/\/gethowies.com\/de\/produkt\/howies-black-hockey-tape\/\" \/>\n<meta property=\"og:site_name\" content=\"Howies Hockey Deutschland\" \/>\n<meta property=\"og:image\" content=\"https:\/\/gethowies.com\/de\/wp-content\/uploads\/sites\/4\/2017\/03\/black-cloth.jpg\" \/>\n\t<meta property=\"og:image:width\" content=\"1020\" \/>\n\t<meta property=\"og:image:height\" content=\"1200\" \/>\n\t<meta property=\"og:image:type\" content=\"image\/jpeg\" \/>\n<meta name=\"twitter:card\" content=\"summary_large_image\" \/>\n<meta name=\"twitter:label1\" content=\"Gesch\u00e4tzte Lesezeit\" \/>\n\t<meta name=\"twitter:data1\" content=\"1\u00a0Minute\" \/>\n<script type=\"application\/ld+json\" class=\"yoast-schema-graph\">{\"@context\":\"https:\\\/\\\/schema.org\",\"@graph\":[{\"@type\":\"WebPage\",\"@id\":\"https:\\\/\\\/gethowies.com\\\/de\\\/produkt\\\/howies-black-hockey-tape\\\/\",\"url\":\"https:\\\/\\\/gethowies.com\\\/de\\\/produkt\\\/howies-black-hockey-tape\\\/\",\"name\":\"Howies Schl\u00e4gertape Schwarz - Howies Hockey Deutschland\",\"isPartOf\":{\"@id\":\"https:\\\/\\\/gethowies.com\\\/de\\\/#website\"},\"primaryImageOfPage\":{\"@id\":\"https:\\\/\\\/gethowies.com\\\/de\\\/produkt\\\/howies-black-hockey-tape\\\/#primaryimage\"},\"image\":{\"@id\":\"https:\\\/\\\/gethowies.com\\\/de\\\/produkt\\\/howies-black-hockey-tape\\\/#primaryimage\"},\"thumbnailUrl\":\"https:\\\/\\\/gethowies.com\\\/de\\\/wp-content\\\/uploads\\\/sites\\\/4\\\/2017\\\/03\\\/black-cloth.jpg\",\"datePublished\":\"2017-03-06T18:40:22+00:00\",\"description\":\"Howies Hockey Tape anv\u00e4nds av spelare i NHL och SHL.\",\"breadcrumb\":{\"@id\":\"https:\\\/\\\/gethowies.com\\\/de\\\/produkt\\\/howies-black-hockey-tape\\\/#breadcrumb\"},\"inLanguage\":\"de\",\"potentialAction\":[{\"@type\":\"ReadAction\",\"target\":[\"https:\\\/\\\/gethowies.com\\\/de\\\/produkt\\\/howies-black-hockey-tape\\\/\"]}]},{\"@type\":\"ImageObject\",\"inLanguage\":\"de\",\"@id\":\"https:\\\/\\\/gethowies.com\\\/de\\\/produkt\\\/howies-black-hockey-tape\\\/#primaryimage\",\"url\":\"https:\\\/\\\/gethowies.com\\\/de\\\/wp-content\\\/uploads\\\/sites\\\/4\\\/2017\\\/03\\\/black-cloth.jpg\",\"contentUrl\":\"https:\\\/\\\/gethowies.com\\\/de\\\/wp-content\\\/uploads\\\/sites\\\/4\\\/2017\\\/03\\\/black-cloth.jpg\",\"width\":1020,\"height\":1200,\"caption\":\"Howies Black Cloth Hockey Tape\"},{\"@type\":\"BreadcrumbList\",\"@id\":\"https:\\\/\\\/gethowies.com\\\/de\\\/produkt\\\/howies-black-hockey-tape\\\/#breadcrumb\",\"itemListElement\":[{\"@type\":\"ListItem\",\"position\":1,\"name\":\"Hem\",\"item\":\"https:\\\/\\\/gethowies.com\\\/de\\\/\"},{\"@type\":\"ListItem\",\"position\":2,\"name\":\"Shop\",\"item\":\"https:\\\/\\\/gethowies.com\\\/de\\\/shop\\\/\"},{\"@type\":\"ListItem\",\"position\":3,\"name\":\"Howies Schl\u00e4gertape Schwarz\"}]},{\"@type\":\"WebSite\",\"@id\":\"https:\\\/\\\/gethowies.com\\\/de\\\/#website\",\"url\":\"https:\\\/\\\/gethowies.com\\\/de\\\/\",\"name\":\"Howies Hockey Deutschland\",\"description\":\"\",\"potentialAction\":[{\"@type\":\"SearchAction\",\"target\":{\"@type\":\"EntryPoint\",\"urlTemplate\":\"https:\\\/\\\/gethowies.com\\\/de\\\/?s={search_term_string}\"},\"query-input\":{\"@type\":\"PropertyValueSpecification\",\"valueRequired\":true,\"valueName\":\"search_term_string\"}}],\"inLanguage\":\"de\"}]}<\/script>\n<!-- \/ Yoast SEO plugin. -->","yoast_head_json":{"title":"Howies Schl\u00e4gertape Schwarz - Howies Hockey Deutschland","description":"Howies Hockey Tape anv\u00e4nds av spelare i NHL och SHL.","robots":{"index":"index","follow":"follow","max-snippet":"max-snippet:-1","max-image-preview":"max-image-preview:large","max-video-preview":"max-video-preview:-1"},"canonical":"https:\/\/gethowies.com\/de\/produkt\/howies-black-hockey-tape\/","og_locale":"de_DE","og_type":"article","og_title":"Howies Schl\u00e4gertape Schwarz - Howies Hockey Deutschland","og_description":"Howies Hockey Tape anv\u00e4nds av spelare i NHL och SHL.","og_url":"https:\/\/gethowies.com\/de\/produkt\/howies-black-hockey-tape\/","og_site_name":"Howies Hockey Deutschland","og_image":[{"width":1020,"height":1200,"url":"https:\/\/gethowies.com\/de\/wp-content\/uploads\/sites\/4\/2017\/03\/black-cloth.jpg","type":"image\/jpeg"}],"twitter_card":"summary_large_image","twitter_misc":{"Gesch\u00e4tzte Lesezeit":"1\u00a0Minute"},"schema":{"@context":"https:\/\/schema.org","@graph":[{"@type":"WebPage","@id":"https:\/\/gethowies.com\/de\/produkt\/howies-black-hockey-tape\/","url":"https:\/\/gethowies.com\/de\/produkt\/howies-black-hockey-tape\/","name":"Howies Schl\u00e4gertape Schwarz - Howies Hockey Deutschland","isPartOf":{"@id":"https:\/\/gethowies.com\/de\/#website"},"primaryImageOfPage":{"@id":"https:\/\/gethowies.com\/de\/produkt\/howies-black-hockey-tape\/#primaryimage"},"image":{"@id":"https:\/\/gethowies.com\/de\/produkt\/howies-black-hockey-tape\/#primaryimage"},"thumbnailUrl":"https:\/\/gethowies.com\/de\/wp-content\/uploads\/sites\/4\/2017\/03\/black-cloth.jpg","datePublished":"2017-03-06T18:40:22+00:00","description":"Howies Hockey Tape anv\u00e4nds av spelare i NHL och SHL.","breadcrumb":{"@id":"https:\/\/gethowies.com\/de\/produkt\/howies-black-hockey-tape\/#breadcrumb"},"inLanguage":"de","potentialAction":[{"@type":"ReadAction","target":["https:\/\/gethowies.com\/de\/produkt\/howies-black-hockey-tape\/"]}]},{"@type":"ImageObject","inLanguage":"de","@id":"https:\/\/gethowies.com\/de\/produkt\/howies-black-hockey-tape\/#primaryimage","url":"https:\/\/gethowies.com\/de\/wp-content\/uploads\/sites\/4\/2017\/03\/black-cloth.jpg","contentUrl":"https:\/\/gethowies.com\/de\/wp-content\/uploads\/sites\/4\/2017\/03\/black-cloth.jpg","width":1020,"height":1200,"caption":"Howies Black Cloth Hockey Tape"},{"@type":"BreadcrumbList","@id":"https:\/\/gethowies.com\/de\/produkt\/howies-black-hockey-tape\/#breadcrumb","itemListElement":[{"@type":"ListItem","position":1,"name":"Hem","item":"https:\/\/gethowies.com\/de\/"},{"@type":"ListItem","position":2,"name":"Shop","item":"https:\/\/gethowies.com\/de\/shop\/"},{"@type":"ListItem","position":3,"name":"Howies Schl\u00e4gertape Schwarz"}]},{"@type":"WebSite","@id":"https:\/\/gethowies.com\/de\/#website","url":"https:\/\/gethowies.com\/de\/","name":"Howies Hockey Deutschland","description":"","potentialAction":[{"@type":"SearchAction","target":{"@type":"EntryPoint","urlTemplate":"https:\/\/gethowies.com\/de\/?s={search_term_string}"},"query-input":{"@type":"PropertyValueSpecification","valueRequired":true,"valueName":"search_term_string"}}],"inLanguage":"de"}]}},"_links":{"self":[{"href":"https:\/\/gethowies.com\/de\/wp-json\/wp\/v2\/product\/463","targetHints":{"allow":["GET"]}}],"collection":[{"href":"https:\/\/gethowies.com\/de\/wp-json\/wp\/v2\/product"}],"about":[{"href":"https:\/\/gethowies.com\/de\/wp-json\/wp\/v2\/types\/product"}],"replies":[{"embeddable":true,"href":"https:\/\/gethowies.com\/de\/wp-json\/wp\/v2\/comments?post=463"}],"wp:featuredmedia":[{"embeddable":true,"href":"https:\/\/gethowies.com\/de\/wp-json\/wp\/v2\/media\/3125"}],"wp:attachment":[{"href":"https:\/\/gethowies.com\/de\/wp-json\/wp\/v2\/media?parent=463"}],"wp:term":[{"taxonomy":"product_brand","embeddable":true,"href":"https:\/\/gethowies.com\/de\/wp-json\/wp\/v2\/product_brand?post=463"},{"taxonomy":"product_cat","embeddable":true,"href":"https:\/\/gethowies.com\/de\/wp-json\/wp\/v2\/product_cat?post=463"},{"taxonomy":"product_tag","embeddable":true,"href":"https:\/\/gethowies.com\/de\/wp-json\/wp\/v2\/product_tag?post=463"}],"curies":[{"name":"wp","href":"https:\/\/api.w.org\/{rel}","templated":true}]}}