{"id":4727,"date":"2018-08-20T12:56:55","date_gmt":"2018-08-20T10:56:55","guid":{"rendered":"https:\/\/gethowies.com\/de\/?post_type=product&#038;p=4727"},"modified":"2025-10-11T23:57:26","modified_gmt":"2025-10-11T21:57:26","slug":"ankle-gel-pad","status":"publish","type":"product","link":"https:\/\/gethowies.com\/de\/produkt\/ankle-gel-pad\/","title":{"rendered":"Ankle Gel Pad"},"content":{"rendered":"<p>Brechen in Ihre Schlittschuhe mit Leichtigkeit!<\/p>\n<p>Speziell mit einem unsichtbaren selbstklebend, Bakterien resistent und hypoallergen D\u00e4mpfung Gel f\u00fcr \u00fcberlegene Sto\u00dfd\u00e4mpfung ausgelegt. Hilft Disperse Druck, verringert die Reibung und vermindert Schmerzen im Kn\u00f6chel und oder andere Druckbereiche vor Ort. In erster Linie verwendet, um in neue Skates zu brechen, verhindert Blasen und Scheuern.<\/p>\n<p>Erweiterte Anatomische wellenf\u00f6rmiges Design, um die Durchblutung anzuregen und die Anti-Rutsch-Funktion zu verbessern.<\/p>\n<p>Das Paket beinhaltet zwei Paar<\/p>\n","protected":false},"excerpt":{"rendered":"<p>Brechen in Ihre Schlittschuhe mit Leichtigkeit! Speziell mit einem unsichtbaren selbstklebend, Bakterien resistent und hypoallergen D\u00e4mpfung Gel f\u00fcr \u00fcberlegene Sto\u00dfd\u00e4mpfung ausgelegt. Hilft Disperse Druck, verringert die Reibung und vermindert Schmerzen im Kn\u00f6chel und oder andere Druckbereiche vor Ort. In erster Linie verwendet, um in neue Skates zu brechen, verhindert Blasen und Scheuern. Erweiterte Anatomische wellenf\u00f6rmiges [&#8230;]\n","protected":false},"featured_media":4728,"comment_status":"open","ping_status":"closed","template":"","meta":{"inline_featured_image":false},"product_brand":[],"product_cat":[117],"product_tag":[],"class_list":{"0":"post-4727","1":"product","2":"type-product","3":"status-publish","4":"has-post-thumbnail","6":"product_cat-zubehoer","8":"first","9":"instock","10":"shipping-taxable","11":"purchasable","12":"product-type-simple"},"yoast_head":"<!-- This site is optimized with the Yoast SEO plugin v27.5 - https:\/\/yoast.com\/product\/yoast-seo-wordpress\/ -->\n<title>Ankle Gel Pad - Howies Hockey Deutschland<\/title>\n<meta name=\"robots\" content=\"index, follow, max-snippet:-1, max-image-preview:large, max-video-preview:-1\" \/>\n<link rel=\"canonical\" href=\"https:\/\/gethowies.com\/de\/produkt\/ankle-gel-pad\/\" \/>\n<meta property=\"og:locale\" content=\"de_DE\" \/>\n<meta property=\"og:type\" content=\"article\" \/>\n<meta property=\"og:title\" content=\"Ankle Gel Pad - Howies Hockey Deutschland\" \/>\n<meta property=\"og:description\" content=\"Brechen in Ihre Schlittschuhe mit Leichtigkeit! Speziell mit einem unsichtbaren selbstklebend, Bakterien resistent und hypoallergen D\u00e4mpfung Gel f\u00fcr \u00fcberlegene Sto\u00dfd\u00e4mpfung ausgelegt. Hilft Disperse Druck, verringert die Reibung und vermindert Schmerzen im Kn\u00f6chel und oder andere Druckbereiche vor Ort. In erster Linie verwendet, um in neue Skates zu brechen, verhindert Blasen und Scheuern. Erweiterte Anatomische wellenf\u00f6rmiges [...]\" \/>\n<meta property=\"og:url\" content=\"https:\/\/gethowies.com\/de\/produkt\/ankle-gel-pad\/\" \/>\n<meta property=\"og:site_name\" content=\"Howies Hockey Deutschland\" \/>\n<meta property=\"article:modified_time\" content=\"2025-10-11T21:57:26+00:00\" \/>\n<meta property=\"og:image\" content=\"https:\/\/gethowies.com\/de\/wp-content\/uploads\/sites\/4\/2018\/08\/hht-ankle-gelpad.jpg\" \/>\n\t<meta property=\"og:image:width\" content=\"1200\" \/>\n\t<meta property=\"og:image:height\" content=\"1200\" \/>\n\t<meta property=\"og:image:type\" content=\"image\/jpeg\" \/>\n<meta name=\"twitter:card\" content=\"summary_large_image\" \/>\n<script type=\"application\/ld+json\" class=\"yoast-schema-graph\">{\"@context\":\"https:\\\/\\\/schema.org\",\"@graph\":[{\"@type\":\"WebPage\",\"@id\":\"https:\\\/\\\/gethowies.com\\\/de\\\/produkt\\\/ankle-gel-pad\\\/\",\"url\":\"https:\\\/\\\/gethowies.com\\\/de\\\/produkt\\\/ankle-gel-pad\\\/\",\"name\":\"Ankle Gel Pad - Howies Hockey Deutschland\",\"isPartOf\":{\"@id\":\"https:\\\/\\\/gethowies.com\\\/de\\\/#website\"},\"primaryImageOfPage\":{\"@id\":\"https:\\\/\\\/gethowies.com\\\/de\\\/produkt\\\/ankle-gel-pad\\\/#primaryimage\"},\"image\":{\"@id\":\"https:\\\/\\\/gethowies.com\\\/de\\\/produkt\\\/ankle-gel-pad\\\/#primaryimage\"},\"thumbnailUrl\":\"https:\\\/\\\/gethowies.com\\\/de\\\/wp-content\\\/uploads\\\/sites\\\/4\\\/2018\\\/08\\\/hht-ankle-gelpad.jpg\",\"datePublished\":\"2018-08-20T10:56:55+00:00\",\"dateModified\":\"2025-10-11T21:57:26+00:00\",\"breadcrumb\":{\"@id\":\"https:\\\/\\\/gethowies.com\\\/de\\\/produkt\\\/ankle-gel-pad\\\/#breadcrumb\"},\"inLanguage\":\"de\",\"potentialAction\":[{\"@type\":\"ReadAction\",\"target\":[\"https:\\\/\\\/gethowies.com\\\/de\\\/produkt\\\/ankle-gel-pad\\\/\"]}]},{\"@type\":\"ImageObject\",\"inLanguage\":\"de\",\"@id\":\"https:\\\/\\\/gethowies.com\\\/de\\\/produkt\\\/ankle-gel-pad\\\/#primaryimage\",\"url\":\"https:\\\/\\\/gethowies.com\\\/de\\\/wp-content\\\/uploads\\\/sites\\\/4\\\/2018\\\/08\\\/hht-ankle-gelpad.jpg\",\"contentUrl\":\"https:\\\/\\\/gethowies.com\\\/de\\\/wp-content\\\/uploads\\\/sites\\\/4\\\/2018\\\/08\\\/hht-ankle-gelpad.jpg\",\"width\":1200,\"height\":1200},{\"@type\":\"BreadcrumbList\",\"@id\":\"https:\\\/\\\/gethowies.com\\\/de\\\/produkt\\\/ankle-gel-pad\\\/#breadcrumb\",\"itemListElement\":[{\"@type\":\"ListItem\",\"position\":1,\"name\":\"Hem\",\"item\":\"https:\\\/\\\/gethowies.com\\\/de\\\/\"},{\"@type\":\"ListItem\",\"position\":2,\"name\":\"Shop\",\"item\":\"https:\\\/\\\/gethowies.com\\\/de\\\/shop\\\/\"},{\"@type\":\"ListItem\",\"position\":3,\"name\":\"Ankle Gel Pad\"}]},{\"@type\":\"WebSite\",\"@id\":\"https:\\\/\\\/gethowies.com\\\/de\\\/#website\",\"url\":\"https:\\\/\\\/gethowies.com\\\/de\\\/\",\"name\":\"Howies Hockey Deutschland\",\"description\":\"\",\"potentialAction\":[{\"@type\":\"SearchAction\",\"target\":{\"@type\":\"EntryPoint\",\"urlTemplate\":\"https:\\\/\\\/gethowies.com\\\/de\\\/?s={search_term_string}\"},\"query-input\":{\"@type\":\"PropertyValueSpecification\",\"valueRequired\":true,\"valueName\":\"search_term_string\"}}],\"inLanguage\":\"de\"}]}<\/script>\n<!-- \/ Yoast SEO plugin. -->","yoast_head_json":{"title":"Ankle Gel Pad - Howies Hockey Deutschland","robots":{"index":"index","follow":"follow","max-snippet":"max-snippet:-1","max-image-preview":"max-image-preview:large","max-video-preview":"max-video-preview:-1"},"canonical":"https:\/\/gethowies.com\/de\/produkt\/ankle-gel-pad\/","og_locale":"de_DE","og_type":"article","og_title":"Ankle Gel Pad - Howies Hockey Deutschland","og_description":"Brechen in Ihre Schlittschuhe mit Leichtigkeit! Speziell mit einem unsichtbaren selbstklebend, Bakterien resistent und hypoallergen D\u00e4mpfung Gel f\u00fcr \u00fcberlegene Sto\u00dfd\u00e4mpfung ausgelegt. Hilft Disperse Druck, verringert die Reibung und vermindert Schmerzen im Kn\u00f6chel und oder andere Druckbereiche vor Ort. In erster Linie verwendet, um in neue Skates zu brechen, verhindert Blasen und Scheuern. Erweiterte Anatomische wellenf\u00f6rmiges [...]","og_url":"https:\/\/gethowies.com\/de\/produkt\/ankle-gel-pad\/","og_site_name":"Howies Hockey Deutschland","article_modified_time":"2025-10-11T21:57:26+00:00","og_image":[{"width":1200,"height":1200,"url":"https:\/\/gethowies.com\/de\/wp-content\/uploads\/sites\/4\/2018\/08\/hht-ankle-gelpad.jpg","type":"image\/jpeg"}],"twitter_card":"summary_large_image","schema":{"@context":"https:\/\/schema.org","@graph":[{"@type":"WebPage","@id":"https:\/\/gethowies.com\/de\/produkt\/ankle-gel-pad\/","url":"https:\/\/gethowies.com\/de\/produkt\/ankle-gel-pad\/","name":"Ankle Gel Pad - Howies Hockey Deutschland","isPartOf":{"@id":"https:\/\/gethowies.com\/de\/#website"},"primaryImageOfPage":{"@id":"https:\/\/gethowies.com\/de\/produkt\/ankle-gel-pad\/#primaryimage"},"image":{"@id":"https:\/\/gethowies.com\/de\/produkt\/ankle-gel-pad\/#primaryimage"},"thumbnailUrl":"https:\/\/gethowies.com\/de\/wp-content\/uploads\/sites\/4\/2018\/08\/hht-ankle-gelpad.jpg","datePublished":"2018-08-20T10:56:55+00:00","dateModified":"2025-10-11T21:57:26+00:00","breadcrumb":{"@id":"https:\/\/gethowies.com\/de\/produkt\/ankle-gel-pad\/#breadcrumb"},"inLanguage":"de","potentialAction":[{"@type":"ReadAction","target":["https:\/\/gethowies.com\/de\/produkt\/ankle-gel-pad\/"]}]},{"@type":"ImageObject","inLanguage":"de","@id":"https:\/\/gethowies.com\/de\/produkt\/ankle-gel-pad\/#primaryimage","url":"https:\/\/gethowies.com\/de\/wp-content\/uploads\/sites\/4\/2018\/08\/hht-ankle-gelpad.jpg","contentUrl":"https:\/\/gethowies.com\/de\/wp-content\/uploads\/sites\/4\/2018\/08\/hht-ankle-gelpad.jpg","width":1200,"height":1200},{"@type":"BreadcrumbList","@id":"https:\/\/gethowies.com\/de\/produkt\/ankle-gel-pad\/#breadcrumb","itemListElement":[{"@type":"ListItem","position":1,"name":"Hem","item":"https:\/\/gethowies.com\/de\/"},{"@type":"ListItem","position":2,"name":"Shop","item":"https:\/\/gethowies.com\/de\/shop\/"},{"@type":"ListItem","position":3,"name":"Ankle Gel Pad"}]},{"@type":"WebSite","@id":"https:\/\/gethowies.com\/de\/#website","url":"https:\/\/gethowies.com\/de\/","name":"Howies Hockey Deutschland","description":"","potentialAction":[{"@type":"SearchAction","target":{"@type":"EntryPoint","urlTemplate":"https:\/\/gethowies.com\/de\/?s={search_term_string}"},"query-input":{"@type":"PropertyValueSpecification","valueRequired":true,"valueName":"search_term_string"}}],"inLanguage":"de"}]}},"_links":{"self":[{"href":"https:\/\/gethowies.com\/de\/wp-json\/wp\/v2\/product\/4727","targetHints":{"allow":["GET"]}}],"collection":[{"href":"https:\/\/gethowies.com\/de\/wp-json\/wp\/v2\/product"}],"about":[{"href":"https:\/\/gethowies.com\/de\/wp-json\/wp\/v2\/types\/product"}],"replies":[{"embeddable":true,"href":"https:\/\/gethowies.com\/de\/wp-json\/wp\/v2\/comments?post=4727"}],"wp:featuredmedia":[{"embeddable":true,"href":"https:\/\/gethowies.com\/de\/wp-json\/wp\/v2\/media\/4728"}],"wp:attachment":[{"href":"https:\/\/gethowies.com\/de\/wp-json\/wp\/v2\/media?parent=4727"}],"wp:term":[{"taxonomy":"product_brand","embeddable":true,"href":"https:\/\/gethowies.com\/de\/wp-json\/wp\/v2\/product_brand?post=4727"},{"taxonomy":"product_cat","embeddable":true,"href":"https:\/\/gethowies.com\/de\/wp-json\/wp\/v2\/product_cat?post=4727"},{"taxonomy":"product_tag","embeddable":true,"href":"https:\/\/gethowies.com\/de\/wp-json\/wp\/v2\/product_tag?post=4727"}],"curies":[{"name":"wp","href":"https:\/\/api.w.org\/{rel}","templated":true}]}}