{"id":4729,"date":"2018-08-20T13:01:02","date_gmt":"2018-08-20T11:01:02","guid":{"rendered":"https:\/\/gethowies.com\/de\/?post_type=product&#038;p=4729"},"modified":"2026-01-06T06:12:51","modified_gmt":"2026-01-06T05:12:51","slug":"achilles-heel-gel-pad","status":"publish","type":"product","link":"https:\/\/gethowies.com\/de\/produkt\/achilles-heel-gel-pad\/","title":{"rendered":"Achilles Heel Gel Pad"},"content":{"rendered":"<p>Speziell mit einem unsichtbaren selbstklebenden entworfen, Bakterien resistent und hypoallergene Gel Polsterung f\u00fcr \u00fcberragende Sto\u00dfd\u00e4mpfung<br \/>\nIdeal zur Vermeidung von Blasen, Scheuerstellen und Unebenheiten, die auf der R\u00fcckseite der Ferse und Achillessehne auftreten<br \/>\nErweiterte Anatomische wellenf\u00f6rmiges Design Komfort, Kissen, sch\u00fctzt die zarte Achillesbereich und verbessert die Anti-Rutsch-Funktion<br \/>\nMa\u00dfe: 3 Zoll. W x 1.5in. H<br \/>\nEin Paar pro Packung<\/p>\n","protected":false},"excerpt":{"rendered":"<p>Speziell mit einem unsichtbaren selbstklebenden entworfen, Bakterien resistent und hypoallergene Gel Polsterung f\u00fcr \u00fcberragende Sto\u00dfd\u00e4mpfung Ideal zur Vermeidung von Blasen, Scheuerstellen und Unebenheiten, die auf der R\u00fcckseite der Ferse und Achillessehne auftreten Erweiterte Anatomische wellenf\u00f6rmiges Design Komfort, Kissen, sch\u00fctzt die zarte Achillesbereich und verbessert die Anti-Rutsch-Funktion Ma\u00dfe: 3 Zoll. W x 1.5in. H Ein Paar [&#8230;]\n","protected":false},"featured_media":4730,"comment_status":"open","ping_status":"closed","template":"","meta":{"inline_featured_image":false},"product_brand":[],"product_cat":[117],"product_tag":[],"class_list":{"0":"post-4729","1":"product","2":"type-product","3":"status-publish","4":"has-post-thumbnail","6":"product_cat-zubehoer","8":"first","9":"instock","10":"shipping-taxable","11":"purchasable","12":"product-type-simple"},"yoast_head":"<!-- This site is optimized with the Yoast SEO plugin v27.3 - https:\/\/yoast.com\/product\/yoast-seo-wordpress\/ -->\n<title>Achilles Heel Gel Pad - Howies Hockey Deutschland<\/title>\n<meta name=\"robots\" content=\"index, follow, max-snippet:-1, max-image-preview:large, max-video-preview:-1\" \/>\n<link rel=\"canonical\" href=\"https:\/\/gethowies.com\/de\/produkt\/achilles-heel-gel-pad\/\" \/>\n<meta property=\"og:locale\" content=\"de_DE\" \/>\n<meta property=\"og:type\" content=\"article\" \/>\n<meta property=\"og:title\" content=\"Achilles Heel Gel Pad - Howies Hockey Deutschland\" \/>\n<meta property=\"og:description\" content=\"Speziell mit einem unsichtbaren selbstklebenden entworfen, Bakterien resistent und hypoallergene Gel Polsterung f\u00fcr \u00fcberragende Sto\u00dfd\u00e4mpfung Ideal zur Vermeidung von Blasen, Scheuerstellen und Unebenheiten, die auf der R\u00fcckseite der Ferse und Achillessehne auftreten Erweiterte Anatomische wellenf\u00f6rmiges Design Komfort, Kissen, sch\u00fctzt die zarte Achillesbereich und verbessert die Anti-Rutsch-Funktion Ma\u00dfe: 3 Zoll. W x 1.5in. H Ein Paar [...]\" \/>\n<meta property=\"og:url\" content=\"https:\/\/gethowies.com\/de\/produkt\/achilles-heel-gel-pad\/\" \/>\n<meta property=\"og:site_name\" content=\"Howies Hockey Deutschland\" \/>\n<meta property=\"article:modified_time\" content=\"2026-01-06T05:12:51+00:00\" \/>\n<meta property=\"og:image\" content=\"https:\/\/gethowies.com\/de\/wp-content\/uploads\/sites\/4\/2018\/08\/hht-achilles-gelpad.jpg\" \/>\n\t<meta property=\"og:image:width\" content=\"480\" \/>\n\t<meta property=\"og:image:height\" content=\"480\" \/>\n\t<meta property=\"og:image:type\" content=\"image\/jpeg\" \/>\n<meta name=\"twitter:card\" content=\"summary_large_image\" \/>\n<script type=\"application\/ld+json\" class=\"yoast-schema-graph\">{\"@context\":\"https:\\\/\\\/schema.org\",\"@graph\":[{\"@type\":\"WebPage\",\"@id\":\"https:\\\/\\\/gethowies.com\\\/de\\\/produkt\\\/achilles-heel-gel-pad\\\/\",\"url\":\"https:\\\/\\\/gethowies.com\\\/de\\\/produkt\\\/achilles-heel-gel-pad\\\/\",\"name\":\"Achilles Heel Gel Pad - Howies Hockey Deutschland\",\"isPartOf\":{\"@id\":\"https:\\\/\\\/gethowies.com\\\/de\\\/#website\"},\"primaryImageOfPage\":{\"@id\":\"https:\\\/\\\/gethowies.com\\\/de\\\/produkt\\\/achilles-heel-gel-pad\\\/#primaryimage\"},\"image\":{\"@id\":\"https:\\\/\\\/gethowies.com\\\/de\\\/produkt\\\/achilles-heel-gel-pad\\\/#primaryimage\"},\"thumbnailUrl\":\"https:\\\/\\\/gethowies.com\\\/de\\\/wp-content\\\/uploads\\\/sites\\\/4\\\/2018\\\/08\\\/hht-achilles-gelpad.jpg\",\"datePublished\":\"2018-08-20T11:01:02+00:00\",\"dateModified\":\"2026-01-06T05:12:51+00:00\",\"breadcrumb\":{\"@id\":\"https:\\\/\\\/gethowies.com\\\/de\\\/produkt\\\/achilles-heel-gel-pad\\\/#breadcrumb\"},\"inLanguage\":\"de\",\"potentialAction\":[{\"@type\":\"ReadAction\",\"target\":[\"https:\\\/\\\/gethowies.com\\\/de\\\/produkt\\\/achilles-heel-gel-pad\\\/\"]}]},{\"@type\":\"ImageObject\",\"inLanguage\":\"de\",\"@id\":\"https:\\\/\\\/gethowies.com\\\/de\\\/produkt\\\/achilles-heel-gel-pad\\\/#primaryimage\",\"url\":\"https:\\\/\\\/gethowies.com\\\/de\\\/wp-content\\\/uploads\\\/sites\\\/4\\\/2018\\\/08\\\/hht-achilles-gelpad.jpg\",\"contentUrl\":\"https:\\\/\\\/gethowies.com\\\/de\\\/wp-content\\\/uploads\\\/sites\\\/4\\\/2018\\\/08\\\/hht-achilles-gelpad.jpg\",\"width\":480,\"height\":480},{\"@type\":\"BreadcrumbList\",\"@id\":\"https:\\\/\\\/gethowies.com\\\/de\\\/produkt\\\/achilles-heel-gel-pad\\\/#breadcrumb\",\"itemListElement\":[{\"@type\":\"ListItem\",\"position\":1,\"name\":\"Hem\",\"item\":\"https:\\\/\\\/gethowies.com\\\/de\\\/\"},{\"@type\":\"ListItem\",\"position\":2,\"name\":\"Shop\",\"item\":\"https:\\\/\\\/gethowies.com\\\/de\\\/shop\\\/\"},{\"@type\":\"ListItem\",\"position\":3,\"name\":\"Achilles Heel Gel Pad\"}]},{\"@type\":\"WebSite\",\"@id\":\"https:\\\/\\\/gethowies.com\\\/de\\\/#website\",\"url\":\"https:\\\/\\\/gethowies.com\\\/de\\\/\",\"name\":\"Howies Hockey Deutschland\",\"description\":\"\",\"potentialAction\":[{\"@type\":\"SearchAction\",\"target\":{\"@type\":\"EntryPoint\",\"urlTemplate\":\"https:\\\/\\\/gethowies.com\\\/de\\\/?s={search_term_string}\"},\"query-input\":{\"@type\":\"PropertyValueSpecification\",\"valueRequired\":true,\"valueName\":\"search_term_string\"}}],\"inLanguage\":\"de\"}]}<\/script>\n<!-- \/ Yoast SEO plugin. -->","yoast_head_json":{"title":"Achilles Heel Gel Pad - Howies Hockey Deutschland","robots":{"index":"index","follow":"follow","max-snippet":"max-snippet:-1","max-image-preview":"max-image-preview:large","max-video-preview":"max-video-preview:-1"},"canonical":"https:\/\/gethowies.com\/de\/produkt\/achilles-heel-gel-pad\/","og_locale":"de_DE","og_type":"article","og_title":"Achilles Heel Gel Pad - Howies Hockey Deutschland","og_description":"Speziell mit einem unsichtbaren selbstklebenden entworfen, Bakterien resistent und hypoallergene Gel Polsterung f\u00fcr \u00fcberragende Sto\u00dfd\u00e4mpfung Ideal zur Vermeidung von Blasen, Scheuerstellen und Unebenheiten, die auf der R\u00fcckseite der Ferse und Achillessehne auftreten Erweiterte Anatomische wellenf\u00f6rmiges Design Komfort, Kissen, sch\u00fctzt die zarte Achillesbereich und verbessert die Anti-Rutsch-Funktion Ma\u00dfe: 3 Zoll. W x 1.5in. H Ein Paar [...]","og_url":"https:\/\/gethowies.com\/de\/produkt\/achilles-heel-gel-pad\/","og_site_name":"Howies Hockey Deutschland","article_modified_time":"2026-01-06T05:12:51+00:00","og_image":[{"width":480,"height":480,"url":"https:\/\/gethowies.com\/de\/wp-content\/uploads\/sites\/4\/2018\/08\/hht-achilles-gelpad.jpg","type":"image\/jpeg"}],"twitter_card":"summary_large_image","schema":{"@context":"https:\/\/schema.org","@graph":[{"@type":"WebPage","@id":"https:\/\/gethowies.com\/de\/produkt\/achilles-heel-gel-pad\/","url":"https:\/\/gethowies.com\/de\/produkt\/achilles-heel-gel-pad\/","name":"Achilles Heel Gel Pad - Howies Hockey Deutschland","isPartOf":{"@id":"https:\/\/gethowies.com\/de\/#website"},"primaryImageOfPage":{"@id":"https:\/\/gethowies.com\/de\/produkt\/achilles-heel-gel-pad\/#primaryimage"},"image":{"@id":"https:\/\/gethowies.com\/de\/produkt\/achilles-heel-gel-pad\/#primaryimage"},"thumbnailUrl":"https:\/\/gethowies.com\/de\/wp-content\/uploads\/sites\/4\/2018\/08\/hht-achilles-gelpad.jpg","datePublished":"2018-08-20T11:01:02+00:00","dateModified":"2026-01-06T05:12:51+00:00","breadcrumb":{"@id":"https:\/\/gethowies.com\/de\/produkt\/achilles-heel-gel-pad\/#breadcrumb"},"inLanguage":"de","potentialAction":[{"@type":"ReadAction","target":["https:\/\/gethowies.com\/de\/produkt\/achilles-heel-gel-pad\/"]}]},{"@type":"ImageObject","inLanguage":"de","@id":"https:\/\/gethowies.com\/de\/produkt\/achilles-heel-gel-pad\/#primaryimage","url":"https:\/\/gethowies.com\/de\/wp-content\/uploads\/sites\/4\/2018\/08\/hht-achilles-gelpad.jpg","contentUrl":"https:\/\/gethowies.com\/de\/wp-content\/uploads\/sites\/4\/2018\/08\/hht-achilles-gelpad.jpg","width":480,"height":480},{"@type":"BreadcrumbList","@id":"https:\/\/gethowies.com\/de\/produkt\/achilles-heel-gel-pad\/#breadcrumb","itemListElement":[{"@type":"ListItem","position":1,"name":"Hem","item":"https:\/\/gethowies.com\/de\/"},{"@type":"ListItem","position":2,"name":"Shop","item":"https:\/\/gethowies.com\/de\/shop\/"},{"@type":"ListItem","position":3,"name":"Achilles Heel Gel Pad"}]},{"@type":"WebSite","@id":"https:\/\/gethowies.com\/de\/#website","url":"https:\/\/gethowies.com\/de\/","name":"Howies Hockey Deutschland","description":"","potentialAction":[{"@type":"SearchAction","target":{"@type":"EntryPoint","urlTemplate":"https:\/\/gethowies.com\/de\/?s={search_term_string}"},"query-input":{"@type":"PropertyValueSpecification","valueRequired":true,"valueName":"search_term_string"}}],"inLanguage":"de"}]}},"_links":{"self":[{"href":"https:\/\/gethowies.com\/de\/wp-json\/wp\/v2\/product\/4729","targetHints":{"allow":["GET"]}}],"collection":[{"href":"https:\/\/gethowies.com\/de\/wp-json\/wp\/v2\/product"}],"about":[{"href":"https:\/\/gethowies.com\/de\/wp-json\/wp\/v2\/types\/product"}],"replies":[{"embeddable":true,"href":"https:\/\/gethowies.com\/de\/wp-json\/wp\/v2\/comments?post=4729"}],"wp:featuredmedia":[{"embeddable":true,"href":"https:\/\/gethowies.com\/de\/wp-json\/wp\/v2\/media\/4730"}],"wp:attachment":[{"href":"https:\/\/gethowies.com\/de\/wp-json\/wp\/v2\/media?parent=4729"}],"wp:term":[{"taxonomy":"product_brand","embeddable":true,"href":"https:\/\/gethowies.com\/de\/wp-json\/wp\/v2\/product_brand?post=4729"},{"taxonomy":"product_cat","embeddable":true,"href":"https:\/\/gethowies.com\/de\/wp-json\/wp\/v2\/product_cat?post=4729"},{"taxonomy":"product_tag","embeddable":true,"href":"https:\/\/gethowies.com\/de\/wp-json\/wp\/v2\/product_tag?post=4729"}],"curies":[{"name":"wp","href":"https:\/\/api.w.org\/{rel}","templated":true}]}}