{"id":476,"date":"2017-03-06T19:01:01","date_gmt":"2017-03-06T19:01:01","guid":{"rendered":"http:\/\/hockeylife.de\/produkt\/howies-premium-tejp-pink\/"},"modified":"2024-11-28T20:39:19","modified_gmt":"2024-11-28T19:39:19","slug":"howies-hockey-tape-pink","status":"publish","type":"product","link":"https:\/\/gethowies.com\/de\/produkt\/howies-hockey-tape-pink\/","title":{"rendered":"Howies Schl\u00e4gertape Pink"},"content":{"rendered":"<p>Es ist genauso haltbar wie unsere anderen bunten Hockey-Tapes aber ein wenig auff\u00e4lliger.<\/p>\n<p>Howies bunte Tapes sind die eindeutige Wahl f\u00fcr diejenigen, welche Style und Qualit\u00e4t vereinen wollen. Die F\u00e4denzahl im Baumwollgewebe weisst eine Strangzahl von 68 je Zoll auf. Das ist \u00e4usserst hoch und \u00fcbertrifft damit die Quali\u00e4t von herk\u00f6mmlichen Hockeytapes deutlich. Auch der Kleber wurde von Howies neu zusammengesetzt und verspircht eine enorme Klebekraft. Das Tape haftet somit trotz Eis und Schnee fest auf Ihrem Schl\u00e4ger.<\/p>\n<p>Hergestellt in Kanada<\/p>\n","protected":false},"excerpt":{"rendered":"<p>Es ist genauso haltbar wie unsere anderen bunten Hockey-Tapes aber ein wenig auff\u00e4lliger. Howies bunte Tapes sind die eindeutige Wahl f\u00fcr diejenigen, welche Style und Qualit\u00e4t vereinen wollen. Die F\u00e4denzahl im Baumwollgewebe weisst eine Strangzahl von 68 je Zoll auf. Das ist \u00e4usserst hoch und \u00fcbertrifft damit die Quali\u00e4t von herk\u00f6mmlichen Hockeytapes deutlich. Auch der [&#8230;]\n","protected":false},"featured_media":3141,"comment_status":"closed","ping_status":"closed","template":"","meta":{"inline_featured_image":false},"product_brand":[],"product_cat":[96],"product_tag":[],"class_list":{"0":"post-476","1":"product","2":"type-product","3":"status-publish","4":"has-post-thumbnail","6":"product_cat-fabiges-schlagertape","8":"first","9":"instock","10":"shipping-taxable","11":"purchasable","12":"product-type-simple"},"yoast_head":"<!-- This site is optimized with the Yoast SEO plugin v27.5 - https:\/\/yoast.com\/product\/yoast-seo-wordpress\/ -->\n<title>Howies Schl\u00e4gertape Pink - Howies Hockey Deutschland<\/title>\n<meta name=\"robots\" content=\"index, follow, max-snippet:-1, max-image-preview:large, max-video-preview:-1\" \/>\n<link rel=\"canonical\" href=\"https:\/\/gethowies.com\/de\/produkt\/howies-hockey-tape-pink\/\" \/>\n<meta property=\"og:locale\" content=\"de_DE\" \/>\n<meta property=\"og:type\" content=\"article\" \/>\n<meta property=\"og:title\" content=\"Howies Schl\u00e4gertape Pink - Howies Hockey Deutschland\" \/>\n<meta property=\"og:description\" content=\"Es ist genauso haltbar wie unsere anderen bunten Hockey-Tapes aber ein wenig auff\u00e4lliger. Howies bunte Tapes sind die eindeutige Wahl f\u00fcr diejenigen, welche Style und Qualit\u00e4t vereinen wollen. Die F\u00e4denzahl im Baumwollgewebe weisst eine Strangzahl von 68 je Zoll auf. Das ist \u00e4usserst hoch und \u00fcbertrifft damit die Quali\u00e4t von herk\u00f6mmlichen Hockeytapes deutlich. Auch der [...]\" \/>\n<meta property=\"og:url\" content=\"https:\/\/gethowies.com\/de\/produkt\/howies-hockey-tape-pink\/\" \/>\n<meta property=\"og:site_name\" content=\"Howies Hockey Deutschland\" \/>\n<meta property=\"article:modified_time\" content=\"2024-11-28T19:39:19+00:00\" \/>\n<meta property=\"og:image\" content=\"https:\/\/gethowies.com\/de\/wp-content\/uploads\/sites\/4\/2017\/03\/pink-cloth.jpg\" \/>\n\t<meta property=\"og:image:width\" content=\"1020\" \/>\n\t<meta property=\"og:image:height\" content=\"1200\" \/>\n\t<meta property=\"og:image:type\" content=\"image\/jpeg\" \/>\n<meta name=\"twitter:card\" content=\"summary_large_image\" \/>\n<script type=\"application\/ld+json\" class=\"yoast-schema-graph\">{\"@context\":\"https:\\\/\\\/schema.org\",\"@graph\":[{\"@type\":\"WebPage\",\"@id\":\"https:\\\/\\\/gethowies.com\\\/de\\\/produkt\\\/howies-hockey-tape-pink\\\/\",\"url\":\"https:\\\/\\\/gethowies.com\\\/de\\\/produkt\\\/howies-hockey-tape-pink\\\/\",\"name\":\"Howies Schl\u00e4gertape Pink - Howies Hockey Deutschland\",\"isPartOf\":{\"@id\":\"https:\\\/\\\/gethowies.com\\\/de\\\/#website\"},\"primaryImageOfPage\":{\"@id\":\"https:\\\/\\\/gethowies.com\\\/de\\\/produkt\\\/howies-hockey-tape-pink\\\/#primaryimage\"},\"image\":{\"@id\":\"https:\\\/\\\/gethowies.com\\\/de\\\/produkt\\\/howies-hockey-tape-pink\\\/#primaryimage\"},\"thumbnailUrl\":\"https:\\\/\\\/gethowies.com\\\/de\\\/wp-content\\\/uploads\\\/sites\\\/4\\\/2017\\\/03\\\/pink-cloth.jpg\",\"datePublished\":\"2017-03-06T19:01:01+00:00\",\"dateModified\":\"2024-11-28T19:39:19+00:00\",\"breadcrumb\":{\"@id\":\"https:\\\/\\\/gethowies.com\\\/de\\\/produkt\\\/howies-hockey-tape-pink\\\/#breadcrumb\"},\"inLanguage\":\"de\",\"potentialAction\":[{\"@type\":\"ReadAction\",\"target\":[\"https:\\\/\\\/gethowies.com\\\/de\\\/produkt\\\/howies-hockey-tape-pink\\\/\"]}]},{\"@type\":\"ImageObject\",\"inLanguage\":\"de\",\"@id\":\"https:\\\/\\\/gethowies.com\\\/de\\\/produkt\\\/howies-hockey-tape-pink\\\/#primaryimage\",\"url\":\"https:\\\/\\\/gethowies.com\\\/de\\\/wp-content\\\/uploads\\\/sites\\\/4\\\/2017\\\/03\\\/pink-cloth.jpg\",\"contentUrl\":\"https:\\\/\\\/gethowies.com\\\/de\\\/wp-content\\\/uploads\\\/sites\\\/4\\\/2017\\\/03\\\/pink-cloth.jpg\",\"width\":1020,\"height\":1200,\"caption\":\"Howies Hockey Tape Pink\"},{\"@type\":\"BreadcrumbList\",\"@id\":\"https:\\\/\\\/gethowies.com\\\/de\\\/produkt\\\/howies-hockey-tape-pink\\\/#breadcrumb\",\"itemListElement\":[{\"@type\":\"ListItem\",\"position\":1,\"name\":\"Hem\",\"item\":\"https:\\\/\\\/gethowies.com\\\/de\\\/\"},{\"@type\":\"ListItem\",\"position\":2,\"name\":\"Shop\",\"item\":\"https:\\\/\\\/gethowies.com\\\/de\\\/shop\\\/\"},{\"@type\":\"ListItem\",\"position\":3,\"name\":\"Howies Schl\u00e4gertape Pink\"}]},{\"@type\":\"WebSite\",\"@id\":\"https:\\\/\\\/gethowies.com\\\/de\\\/#website\",\"url\":\"https:\\\/\\\/gethowies.com\\\/de\\\/\",\"name\":\"Howies Hockey Deutschland\",\"description\":\"\",\"potentialAction\":[{\"@type\":\"SearchAction\",\"target\":{\"@type\":\"EntryPoint\",\"urlTemplate\":\"https:\\\/\\\/gethowies.com\\\/de\\\/?s={search_term_string}\"},\"query-input\":{\"@type\":\"PropertyValueSpecification\",\"valueRequired\":true,\"valueName\":\"search_term_string\"}}],\"inLanguage\":\"de\"}]}<\/script>\n<!-- \/ Yoast SEO plugin. -->","yoast_head_json":{"title":"Howies Schl\u00e4gertape Pink - Howies Hockey Deutschland","robots":{"index":"index","follow":"follow","max-snippet":"max-snippet:-1","max-image-preview":"max-image-preview:large","max-video-preview":"max-video-preview:-1"},"canonical":"https:\/\/gethowies.com\/de\/produkt\/howies-hockey-tape-pink\/","og_locale":"de_DE","og_type":"article","og_title":"Howies Schl\u00e4gertape Pink - Howies Hockey Deutschland","og_description":"Es ist genauso haltbar wie unsere anderen bunten Hockey-Tapes aber ein wenig auff\u00e4lliger. Howies bunte Tapes sind die eindeutige Wahl f\u00fcr diejenigen, welche Style und Qualit\u00e4t vereinen wollen. Die F\u00e4denzahl im Baumwollgewebe weisst eine Strangzahl von 68 je Zoll auf. Das ist \u00e4usserst hoch und \u00fcbertrifft damit die Quali\u00e4t von herk\u00f6mmlichen Hockeytapes deutlich. Auch der [...]","og_url":"https:\/\/gethowies.com\/de\/produkt\/howies-hockey-tape-pink\/","og_site_name":"Howies Hockey Deutschland","article_modified_time":"2024-11-28T19:39:19+00:00","og_image":[{"width":1020,"height":1200,"url":"https:\/\/gethowies.com\/de\/wp-content\/uploads\/sites\/4\/2017\/03\/pink-cloth.jpg","type":"image\/jpeg"}],"twitter_card":"summary_large_image","schema":{"@context":"https:\/\/schema.org","@graph":[{"@type":"WebPage","@id":"https:\/\/gethowies.com\/de\/produkt\/howies-hockey-tape-pink\/","url":"https:\/\/gethowies.com\/de\/produkt\/howies-hockey-tape-pink\/","name":"Howies Schl\u00e4gertape Pink - Howies Hockey Deutschland","isPartOf":{"@id":"https:\/\/gethowies.com\/de\/#website"},"primaryImageOfPage":{"@id":"https:\/\/gethowies.com\/de\/produkt\/howies-hockey-tape-pink\/#primaryimage"},"image":{"@id":"https:\/\/gethowies.com\/de\/produkt\/howies-hockey-tape-pink\/#primaryimage"},"thumbnailUrl":"https:\/\/gethowies.com\/de\/wp-content\/uploads\/sites\/4\/2017\/03\/pink-cloth.jpg","datePublished":"2017-03-06T19:01:01+00:00","dateModified":"2024-11-28T19:39:19+00:00","breadcrumb":{"@id":"https:\/\/gethowies.com\/de\/produkt\/howies-hockey-tape-pink\/#breadcrumb"},"inLanguage":"de","potentialAction":[{"@type":"ReadAction","target":["https:\/\/gethowies.com\/de\/produkt\/howies-hockey-tape-pink\/"]}]},{"@type":"ImageObject","inLanguage":"de","@id":"https:\/\/gethowies.com\/de\/produkt\/howies-hockey-tape-pink\/#primaryimage","url":"https:\/\/gethowies.com\/de\/wp-content\/uploads\/sites\/4\/2017\/03\/pink-cloth.jpg","contentUrl":"https:\/\/gethowies.com\/de\/wp-content\/uploads\/sites\/4\/2017\/03\/pink-cloth.jpg","width":1020,"height":1200,"caption":"Howies Hockey Tape Pink"},{"@type":"BreadcrumbList","@id":"https:\/\/gethowies.com\/de\/produkt\/howies-hockey-tape-pink\/#breadcrumb","itemListElement":[{"@type":"ListItem","position":1,"name":"Hem","item":"https:\/\/gethowies.com\/de\/"},{"@type":"ListItem","position":2,"name":"Shop","item":"https:\/\/gethowies.com\/de\/shop\/"},{"@type":"ListItem","position":3,"name":"Howies Schl\u00e4gertape Pink"}]},{"@type":"WebSite","@id":"https:\/\/gethowies.com\/de\/#website","url":"https:\/\/gethowies.com\/de\/","name":"Howies Hockey Deutschland","description":"","potentialAction":[{"@type":"SearchAction","target":{"@type":"EntryPoint","urlTemplate":"https:\/\/gethowies.com\/de\/?s={search_term_string}"},"query-input":{"@type":"PropertyValueSpecification","valueRequired":true,"valueName":"search_term_string"}}],"inLanguage":"de"}]}},"_links":{"self":[{"href":"https:\/\/gethowies.com\/de\/wp-json\/wp\/v2\/product\/476","targetHints":{"allow":["GET"]}}],"collection":[{"href":"https:\/\/gethowies.com\/de\/wp-json\/wp\/v2\/product"}],"about":[{"href":"https:\/\/gethowies.com\/de\/wp-json\/wp\/v2\/types\/product"}],"replies":[{"embeddable":true,"href":"https:\/\/gethowies.com\/de\/wp-json\/wp\/v2\/comments?post=476"}],"wp:featuredmedia":[{"embeddable":true,"href":"https:\/\/gethowies.com\/de\/wp-json\/wp\/v2\/media\/3141"}],"wp:attachment":[{"href":"https:\/\/gethowies.com\/de\/wp-json\/wp\/v2\/media?parent=476"}],"wp:term":[{"taxonomy":"product_brand","embeddable":true,"href":"https:\/\/gethowies.com\/de\/wp-json\/wp\/v2\/product_brand?post=476"},{"taxonomy":"product_cat","embeddable":true,"href":"https:\/\/gethowies.com\/de\/wp-json\/wp\/v2\/product_cat?post=476"},{"taxonomy":"product_tag","embeddable":true,"href":"https:\/\/gethowies.com\/de\/wp-json\/wp\/v2\/product_tag?post=476"}],"curies":[{"name":"wp","href":"https:\/\/api.w.org\/{rel}","templated":true}]}}