{"id":484,"date":"2017-03-06T19:12:12","date_gmt":"2017-03-06T19:12:12","guid":{"rendered":"http:\/\/hockeylife.de\/?post_type=product&#038;p=484"},"modified":"2024-11-28T20:41:58","modified_gmt":"2024-11-28T19:41:58","slug":"howies-hockey-tape-big-pack-colors","status":"publish","type":"product","link":"https:\/\/gethowies.com\/de\/produkt\/howies-hockey-tape-big-pack-colors\/","title":{"rendered":"Howies Farbiges Schl\u00e4gertape Mix"},"content":{"rendered":"<h4>10 Rollen<\/h4>\n<p>Je mehr Sie kaufen , desto mehr SPAREN Sie! Diese beinhaltet zB. 10 Rollen von Baumwoll-Tapes in verschiedenen Farben.<\/p>\n<p>Es ist genauso haltbar wie unsere anderen bunten Hockey-Tapes aber ein wenig auff\u00e4lliger.\u00a0Howies bunte Tapes sind die eindeutige Wahl f\u00fcr diejenigen, welche Style und Qualit\u00e4t vereinen wollen. Die F\u00e4denzahl im Baumwollgewebe weisst eine Strangzahl von 68 je Zoll auf. Das ist \u00e4usserst hoch und \u00fcbertrifft damit die Quali\u00e4t von herk\u00f6mmlichen Hockeytapes deutlich. Auch der Kleber wurde von Howies neu zusammengesetzt und verspircht eine enorme Klebekraft. Das Tape haftet somit trotz Eis und Schnee fest auf Ihrem Schl\u00e4ger.<\/p>\n<p>Hergestellt in Kanada<\/p>\n","protected":false},"excerpt":{"rendered":"<p>Diese beinhaltet zB. 10 Rollen von Baumwoll-Tapes in verschiedenen Farben.<\/p>\n","protected":false},"featured_media":3156,"comment_status":"closed","ping_status":"closed","template":"","meta":{"inline_featured_image":false},"product_brand":[],"product_cat":[101],"product_tag":[],"class_list":{"0":"post-484","1":"product","2":"type-product","3":"status-publish","4":"has-post-thumbnail","6":"product_cat-big-pack","8":"first","9":"instock","10":"shipping-taxable","11":"purchasable","12":"product-type-simple"},"yoast_head":"<!-- This site is optimized with the Yoast SEO plugin v27.4 - https:\/\/yoast.com\/product\/yoast-seo-wordpress\/ -->\n<title>Howies Farbiges Schl\u00e4gertape Mix - Howies Hockey Deutschland<\/title>\n<meta name=\"robots\" content=\"index, follow, max-snippet:-1, max-image-preview:large, max-video-preview:-1\" \/>\n<link rel=\"canonical\" href=\"https:\/\/gethowies.com\/de\/produkt\/howies-hockey-tape-big-pack-colors\/\" \/>\n<meta property=\"og:locale\" content=\"de_DE\" \/>\n<meta property=\"og:type\" content=\"article\" \/>\n<meta property=\"og:title\" content=\"Howies Farbiges Schl\u00e4gertape Mix - Howies Hockey Deutschland\" \/>\n<meta property=\"og:description\" content=\"Diese beinhaltet zB. 10 Rollen von Baumwoll-Tapes in verschiedenen Farben.\" \/>\n<meta property=\"og:url\" content=\"https:\/\/gethowies.com\/de\/produkt\/howies-hockey-tape-big-pack-colors\/\" \/>\n<meta property=\"og:site_name\" content=\"Howies Hockey Deutschland\" \/>\n<meta property=\"article:modified_time\" content=\"2024-11-28T19:41:58+00:00\" \/>\n<meta property=\"og:image\" content=\"https:\/\/gethowies.com\/de\/wp-content\/uploads\/sites\/4\/2017\/03\/colors-bigpack-2.jpg\" \/>\n\t<meta property=\"og:image:width\" content=\"1020\" \/>\n\t<meta property=\"og:image:height\" content=\"1200\" \/>\n\t<meta property=\"og:image:type\" content=\"image\/jpeg\" \/>\n<meta name=\"twitter:card\" content=\"summary_large_image\" \/>\n<meta name=\"twitter:label1\" content=\"Gesch\u00e4tzte Lesezeit\" \/>\n\t<meta name=\"twitter:data1\" content=\"1\u00a0Minute\" \/>\n<script type=\"application\/ld+json\" class=\"yoast-schema-graph\">{\"@context\":\"https:\\\/\\\/schema.org\",\"@graph\":[{\"@type\":\"WebPage\",\"@id\":\"https:\\\/\\\/gethowies.com\\\/de\\\/produkt\\\/howies-hockey-tape-big-pack-colors\\\/\",\"url\":\"https:\\\/\\\/gethowies.com\\\/de\\\/produkt\\\/howies-hockey-tape-big-pack-colors\\\/\",\"name\":\"Howies Farbiges Schl\u00e4gertape Mix - Howies Hockey Deutschland\",\"isPartOf\":{\"@id\":\"https:\\\/\\\/gethowies.com\\\/de\\\/#website\"},\"primaryImageOfPage\":{\"@id\":\"https:\\\/\\\/gethowies.com\\\/de\\\/produkt\\\/howies-hockey-tape-big-pack-colors\\\/#primaryimage\"},\"image\":{\"@id\":\"https:\\\/\\\/gethowies.com\\\/de\\\/produkt\\\/howies-hockey-tape-big-pack-colors\\\/#primaryimage\"},\"thumbnailUrl\":\"https:\\\/\\\/gethowies.com\\\/de\\\/wp-content\\\/uploads\\\/sites\\\/4\\\/2017\\\/03\\\/colors-bigpack-2.jpg\",\"datePublished\":\"2017-03-06T19:12:12+00:00\",\"dateModified\":\"2024-11-28T19:41:58+00:00\",\"breadcrumb\":{\"@id\":\"https:\\\/\\\/gethowies.com\\\/de\\\/produkt\\\/howies-hockey-tape-big-pack-colors\\\/#breadcrumb\"},\"inLanguage\":\"de\",\"potentialAction\":[{\"@type\":\"ReadAction\",\"target\":[\"https:\\\/\\\/gethowies.com\\\/de\\\/produkt\\\/howies-hockey-tape-big-pack-colors\\\/\"]}]},{\"@type\":\"ImageObject\",\"inLanguage\":\"de\",\"@id\":\"https:\\\/\\\/gethowies.com\\\/de\\\/produkt\\\/howies-hockey-tape-big-pack-colors\\\/#primaryimage\",\"url\":\"https:\\\/\\\/gethowies.com\\\/de\\\/wp-content\\\/uploads\\\/sites\\\/4\\\/2017\\\/03\\\/colors-bigpack-2.jpg\",\"contentUrl\":\"https:\\\/\\\/gethowies.com\\\/de\\\/wp-content\\\/uploads\\\/sites\\\/4\\\/2017\\\/03\\\/colors-bigpack-2.jpg\",\"width\":1020,\"height\":1200,\"caption\":\"Howies Hockey Tape Colors Big Pack 1\"},{\"@type\":\"BreadcrumbList\",\"@id\":\"https:\\\/\\\/gethowies.com\\\/de\\\/produkt\\\/howies-hockey-tape-big-pack-colors\\\/#breadcrumb\",\"itemListElement\":[{\"@type\":\"ListItem\",\"position\":1,\"name\":\"Hem\",\"item\":\"https:\\\/\\\/gethowies.com\\\/de\\\/\"},{\"@type\":\"ListItem\",\"position\":2,\"name\":\"Shop\",\"item\":\"https:\\\/\\\/gethowies.com\\\/de\\\/shop\\\/\"},{\"@type\":\"ListItem\",\"position\":3,\"name\":\"Howies Farbiges Schl\u00e4gertape Mix\"}]},{\"@type\":\"WebSite\",\"@id\":\"https:\\\/\\\/gethowies.com\\\/de\\\/#website\",\"url\":\"https:\\\/\\\/gethowies.com\\\/de\\\/\",\"name\":\"Howies Hockey Deutschland\",\"description\":\"\",\"potentialAction\":[{\"@type\":\"SearchAction\",\"target\":{\"@type\":\"EntryPoint\",\"urlTemplate\":\"https:\\\/\\\/gethowies.com\\\/de\\\/?s={search_term_string}\"},\"query-input\":{\"@type\":\"PropertyValueSpecification\",\"valueRequired\":true,\"valueName\":\"search_term_string\"}}],\"inLanguage\":\"de\"}]}<\/script>\n<!-- \/ Yoast SEO plugin. -->","yoast_head_json":{"title":"Howies Farbiges Schl\u00e4gertape Mix - Howies Hockey Deutschland","robots":{"index":"index","follow":"follow","max-snippet":"max-snippet:-1","max-image-preview":"max-image-preview:large","max-video-preview":"max-video-preview:-1"},"canonical":"https:\/\/gethowies.com\/de\/produkt\/howies-hockey-tape-big-pack-colors\/","og_locale":"de_DE","og_type":"article","og_title":"Howies Farbiges Schl\u00e4gertape Mix - Howies Hockey Deutschland","og_description":"Diese beinhaltet zB. 10 Rollen von Baumwoll-Tapes in verschiedenen Farben.","og_url":"https:\/\/gethowies.com\/de\/produkt\/howies-hockey-tape-big-pack-colors\/","og_site_name":"Howies Hockey Deutschland","article_modified_time":"2024-11-28T19:41:58+00:00","og_image":[{"width":1020,"height":1200,"url":"https:\/\/gethowies.com\/de\/wp-content\/uploads\/sites\/4\/2017\/03\/colors-bigpack-2.jpg","type":"image\/jpeg"}],"twitter_card":"summary_large_image","twitter_misc":{"Gesch\u00e4tzte Lesezeit":"1\u00a0Minute"},"schema":{"@context":"https:\/\/schema.org","@graph":[{"@type":"WebPage","@id":"https:\/\/gethowies.com\/de\/produkt\/howies-hockey-tape-big-pack-colors\/","url":"https:\/\/gethowies.com\/de\/produkt\/howies-hockey-tape-big-pack-colors\/","name":"Howies Farbiges Schl\u00e4gertape Mix - Howies Hockey Deutschland","isPartOf":{"@id":"https:\/\/gethowies.com\/de\/#website"},"primaryImageOfPage":{"@id":"https:\/\/gethowies.com\/de\/produkt\/howies-hockey-tape-big-pack-colors\/#primaryimage"},"image":{"@id":"https:\/\/gethowies.com\/de\/produkt\/howies-hockey-tape-big-pack-colors\/#primaryimage"},"thumbnailUrl":"https:\/\/gethowies.com\/de\/wp-content\/uploads\/sites\/4\/2017\/03\/colors-bigpack-2.jpg","datePublished":"2017-03-06T19:12:12+00:00","dateModified":"2024-11-28T19:41:58+00:00","breadcrumb":{"@id":"https:\/\/gethowies.com\/de\/produkt\/howies-hockey-tape-big-pack-colors\/#breadcrumb"},"inLanguage":"de","potentialAction":[{"@type":"ReadAction","target":["https:\/\/gethowies.com\/de\/produkt\/howies-hockey-tape-big-pack-colors\/"]}]},{"@type":"ImageObject","inLanguage":"de","@id":"https:\/\/gethowies.com\/de\/produkt\/howies-hockey-tape-big-pack-colors\/#primaryimage","url":"https:\/\/gethowies.com\/de\/wp-content\/uploads\/sites\/4\/2017\/03\/colors-bigpack-2.jpg","contentUrl":"https:\/\/gethowies.com\/de\/wp-content\/uploads\/sites\/4\/2017\/03\/colors-bigpack-2.jpg","width":1020,"height":1200,"caption":"Howies Hockey Tape Colors Big Pack 1"},{"@type":"BreadcrumbList","@id":"https:\/\/gethowies.com\/de\/produkt\/howies-hockey-tape-big-pack-colors\/#breadcrumb","itemListElement":[{"@type":"ListItem","position":1,"name":"Hem","item":"https:\/\/gethowies.com\/de\/"},{"@type":"ListItem","position":2,"name":"Shop","item":"https:\/\/gethowies.com\/de\/shop\/"},{"@type":"ListItem","position":3,"name":"Howies Farbiges Schl\u00e4gertape Mix"}]},{"@type":"WebSite","@id":"https:\/\/gethowies.com\/de\/#website","url":"https:\/\/gethowies.com\/de\/","name":"Howies Hockey Deutschland","description":"","potentialAction":[{"@type":"SearchAction","target":{"@type":"EntryPoint","urlTemplate":"https:\/\/gethowies.com\/de\/?s={search_term_string}"},"query-input":{"@type":"PropertyValueSpecification","valueRequired":true,"valueName":"search_term_string"}}],"inLanguage":"de"}]}},"_links":{"self":[{"href":"https:\/\/gethowies.com\/de\/wp-json\/wp\/v2\/product\/484","targetHints":{"allow":["GET"]}}],"collection":[{"href":"https:\/\/gethowies.com\/de\/wp-json\/wp\/v2\/product"}],"about":[{"href":"https:\/\/gethowies.com\/de\/wp-json\/wp\/v2\/types\/product"}],"replies":[{"embeddable":true,"href":"https:\/\/gethowies.com\/de\/wp-json\/wp\/v2\/comments?post=484"}],"wp:featuredmedia":[{"embeddable":true,"href":"https:\/\/gethowies.com\/de\/wp-json\/wp\/v2\/media\/3156"}],"wp:attachment":[{"href":"https:\/\/gethowies.com\/de\/wp-json\/wp\/v2\/media?parent=484"}],"wp:term":[{"taxonomy":"product_brand","embeddable":true,"href":"https:\/\/gethowies.com\/de\/wp-json\/wp\/v2\/product_brand?post=484"},{"taxonomy":"product_cat","embeddable":true,"href":"https:\/\/gethowies.com\/de\/wp-json\/wp\/v2\/product_cat?post=484"},{"taxonomy":"product_tag","embeddable":true,"href":"https:\/\/gethowies.com\/de\/wp-json\/wp\/v2\/product_tag?post=484"}],"curies":[{"name":"wp","href":"https:\/\/api.w.org\/{rel}","templated":true}]}}