{"id":486,"date":"2017-03-06T19:24:57","date_gmt":"2017-03-06T19:24:57","guid":{"rendered":"http:\/\/hockeylife.de\/?post_type=product&#038;p=486"},"modified":"2024-11-28T20:44:00","modified_gmt":"2024-11-28T19:44:00","slug":"howies-pro-clear-big-pack","status":"publish","type":"product","link":"https:\/\/gethowies.com\/de\/produkt\/howies-pro-clear-big-pack\/","title":{"rendered":"Howies Stutzentape Clear Big Pack"},"content":{"rendered":"<h4>Big pack<\/h4>\n<p>Je mehr Sie kaufen , desto mehr SPAREN Sie!\u00a0Beinhaltet 10, 20 ofer 30 Rollen aus klarem Schienbein-Tape.<\/p>\n<h4>Verwendet in der NHL und SHL<\/h4>\n<p>Howies Stutzentape wird von Spielern in der NHL und SHL verwendet und ist selbstverst\u00e4ndlich die erste Wahl f\u00fcr Profis und f\u00fcr die, die sich nur mit dem Besten zufriedengeben \u2013 auch \u00fcber das Spiel hinaus.<\/p>\n<p>Unser hochwertiges Stutzentape bietet durchgehend Schutz f\u00fcr DEINEN K\u00f6rper w\u00e4hrend des kompletten Spiels\/Trainings. \u00a0\u00a0<\/p>\n<p>Howies Stutzentape sollte NICHT mit \u00e4hnlichen, d\u00fcnneren Tapes kombiniert werden, um ein ein Ausleiern zu verhindern, wodurch das Verletzungsrisiko erh\u00f6ht werden k\u00f6nnte.<\/p>\n<p>Hergestellt in Nordamerika<\/p>\n","protected":false},"excerpt":{"rendered":"<p>Beinhaltet 10, 20 oder 30 Rollen aus klarem Schienbein-Tape.<\/p>\n","protected":false},"featured_media":3157,"comment_status":"closed","ping_status":"closed","template":"","meta":{"inline_featured_image":false},"product_brand":[],"product_cat":[101],"product_tag":[],"class_list":{"0":"post-486","1":"product","2":"type-product","3":"status-publish","4":"has-post-thumbnail","6":"product_cat-big-pack","8":"first","9":"instock","10":"shipping-taxable","11":"purchasable","12":"product-type-variable"},"yoast_head":"<!-- This site is optimized with the Yoast SEO plugin v27.5 - https:\/\/yoast.com\/product\/yoast-seo-wordpress\/ -->\n<title>Howies Stutzentape Clear Big Pack - Howies Hockey Deutschland<\/title>\n<meta name=\"robots\" content=\"index, follow, max-snippet:-1, max-image-preview:large, max-video-preview:-1\" \/>\n<link rel=\"canonical\" href=\"https:\/\/gethowies.com\/de\/produkt\/howies-pro-clear-big-pack\/\" \/>\n<meta property=\"og:locale\" content=\"de_DE\" \/>\n<meta property=\"og:type\" content=\"article\" \/>\n<meta property=\"og:title\" content=\"Howies Stutzentape Clear Big Pack - Howies Hockey Deutschland\" \/>\n<meta property=\"og:description\" content=\"Beinhaltet 10, 20 oder 30 Rollen aus klarem Schienbein-Tape.\" \/>\n<meta property=\"og:url\" content=\"https:\/\/gethowies.com\/de\/produkt\/howies-pro-clear-big-pack\/\" \/>\n<meta property=\"og:site_name\" content=\"Howies Hockey Deutschland\" \/>\n<meta property=\"article:modified_time\" content=\"2024-11-28T19:44:00+00:00\" \/>\n<meta property=\"og:image\" content=\"https:\/\/gethowies.com\/de\/wp-content\/uploads\/sites\/4\/2017\/03\/clear-big-pack.jpg\" \/>\n\t<meta property=\"og:image:width\" content=\"1020\" \/>\n\t<meta property=\"og:image:height\" content=\"1200\" \/>\n\t<meta property=\"og:image:type\" content=\"image\/jpeg\" \/>\n<meta name=\"twitter:card\" content=\"summary_large_image\" \/>\n<meta name=\"twitter:label1\" content=\"Gesch\u00e4tzte Lesezeit\" \/>\n\t<meta name=\"twitter:data1\" content=\"1\u00a0Minute\" \/>\n<script type=\"application\/ld+json\" class=\"yoast-schema-graph\">{\"@context\":\"https:\\\/\\\/schema.org\",\"@graph\":[{\"@type\":\"WebPage\",\"@id\":\"https:\\\/\\\/gethowies.com\\\/de\\\/produkt\\\/howies-pro-clear-big-pack\\\/\",\"url\":\"https:\\\/\\\/gethowies.com\\\/de\\\/produkt\\\/howies-pro-clear-big-pack\\\/\",\"name\":\"Howies Stutzentape Clear Big Pack - Howies Hockey Deutschland\",\"isPartOf\":{\"@id\":\"https:\\\/\\\/gethowies.com\\\/de\\\/#website\"},\"primaryImageOfPage\":{\"@id\":\"https:\\\/\\\/gethowies.com\\\/de\\\/produkt\\\/howies-pro-clear-big-pack\\\/#primaryimage\"},\"image\":{\"@id\":\"https:\\\/\\\/gethowies.com\\\/de\\\/produkt\\\/howies-pro-clear-big-pack\\\/#primaryimage\"},\"thumbnailUrl\":\"https:\\\/\\\/gethowies.com\\\/de\\\/wp-content\\\/uploads\\\/sites\\\/4\\\/2017\\\/03\\\/clear-big-pack.jpg\",\"datePublished\":\"2017-03-06T19:24:57+00:00\",\"dateModified\":\"2024-11-28T19:44:00+00:00\",\"breadcrumb\":{\"@id\":\"https:\\\/\\\/gethowies.com\\\/de\\\/produkt\\\/howies-pro-clear-big-pack\\\/#breadcrumb\"},\"inLanguage\":\"de\",\"potentialAction\":[{\"@type\":\"ReadAction\",\"target\":[\"https:\\\/\\\/gethowies.com\\\/de\\\/produkt\\\/howies-pro-clear-big-pack\\\/\"]}]},{\"@type\":\"ImageObject\",\"inLanguage\":\"de\",\"@id\":\"https:\\\/\\\/gethowies.com\\\/de\\\/produkt\\\/howies-pro-clear-big-pack\\\/#primaryimage\",\"url\":\"https:\\\/\\\/gethowies.com\\\/de\\\/wp-content\\\/uploads\\\/sites\\\/4\\\/2017\\\/03\\\/clear-big-pack.jpg\",\"contentUrl\":\"https:\\\/\\\/gethowies.com\\\/de\\\/wp-content\\\/uploads\\\/sites\\\/4\\\/2017\\\/03\\\/clear-big-pack.jpg\",\"width\":1020,\"height\":1200,\"caption\":\"Howies Shin Pad Tape Clear Big Pack\"},{\"@type\":\"BreadcrumbList\",\"@id\":\"https:\\\/\\\/gethowies.com\\\/de\\\/produkt\\\/howies-pro-clear-big-pack\\\/#breadcrumb\",\"itemListElement\":[{\"@type\":\"ListItem\",\"position\":1,\"name\":\"Hem\",\"item\":\"https:\\\/\\\/gethowies.com\\\/de\\\/\"},{\"@type\":\"ListItem\",\"position\":2,\"name\":\"Shop\",\"item\":\"https:\\\/\\\/gethowies.com\\\/de\\\/shop\\\/\"},{\"@type\":\"ListItem\",\"position\":3,\"name\":\"Howies Stutzentape Clear Big Pack\"}]},{\"@type\":\"WebSite\",\"@id\":\"https:\\\/\\\/gethowies.com\\\/de\\\/#website\",\"url\":\"https:\\\/\\\/gethowies.com\\\/de\\\/\",\"name\":\"Howies Hockey Deutschland\",\"description\":\"\",\"potentialAction\":[{\"@type\":\"SearchAction\",\"target\":{\"@type\":\"EntryPoint\",\"urlTemplate\":\"https:\\\/\\\/gethowies.com\\\/de\\\/?s={search_term_string}\"},\"query-input\":{\"@type\":\"PropertyValueSpecification\",\"valueRequired\":true,\"valueName\":\"search_term_string\"}}],\"inLanguage\":\"de\"}]}<\/script>\n<!-- \/ Yoast SEO plugin. -->","yoast_head_json":{"title":"Howies Stutzentape Clear Big Pack - Howies Hockey Deutschland","robots":{"index":"index","follow":"follow","max-snippet":"max-snippet:-1","max-image-preview":"max-image-preview:large","max-video-preview":"max-video-preview:-1"},"canonical":"https:\/\/gethowies.com\/de\/produkt\/howies-pro-clear-big-pack\/","og_locale":"de_DE","og_type":"article","og_title":"Howies Stutzentape Clear Big Pack - Howies Hockey Deutschland","og_description":"Beinhaltet 10, 20 oder 30 Rollen aus klarem Schienbein-Tape.","og_url":"https:\/\/gethowies.com\/de\/produkt\/howies-pro-clear-big-pack\/","og_site_name":"Howies Hockey Deutschland","article_modified_time":"2024-11-28T19:44:00+00:00","og_image":[{"width":1020,"height":1200,"url":"https:\/\/gethowies.com\/de\/wp-content\/uploads\/sites\/4\/2017\/03\/clear-big-pack.jpg","type":"image\/jpeg"}],"twitter_card":"summary_large_image","twitter_misc":{"Gesch\u00e4tzte Lesezeit":"1\u00a0Minute"},"schema":{"@context":"https:\/\/schema.org","@graph":[{"@type":"WebPage","@id":"https:\/\/gethowies.com\/de\/produkt\/howies-pro-clear-big-pack\/","url":"https:\/\/gethowies.com\/de\/produkt\/howies-pro-clear-big-pack\/","name":"Howies Stutzentape Clear Big Pack - Howies Hockey Deutschland","isPartOf":{"@id":"https:\/\/gethowies.com\/de\/#website"},"primaryImageOfPage":{"@id":"https:\/\/gethowies.com\/de\/produkt\/howies-pro-clear-big-pack\/#primaryimage"},"image":{"@id":"https:\/\/gethowies.com\/de\/produkt\/howies-pro-clear-big-pack\/#primaryimage"},"thumbnailUrl":"https:\/\/gethowies.com\/de\/wp-content\/uploads\/sites\/4\/2017\/03\/clear-big-pack.jpg","datePublished":"2017-03-06T19:24:57+00:00","dateModified":"2024-11-28T19:44:00+00:00","breadcrumb":{"@id":"https:\/\/gethowies.com\/de\/produkt\/howies-pro-clear-big-pack\/#breadcrumb"},"inLanguage":"de","potentialAction":[{"@type":"ReadAction","target":["https:\/\/gethowies.com\/de\/produkt\/howies-pro-clear-big-pack\/"]}]},{"@type":"ImageObject","inLanguage":"de","@id":"https:\/\/gethowies.com\/de\/produkt\/howies-pro-clear-big-pack\/#primaryimage","url":"https:\/\/gethowies.com\/de\/wp-content\/uploads\/sites\/4\/2017\/03\/clear-big-pack.jpg","contentUrl":"https:\/\/gethowies.com\/de\/wp-content\/uploads\/sites\/4\/2017\/03\/clear-big-pack.jpg","width":1020,"height":1200,"caption":"Howies Shin Pad Tape Clear Big Pack"},{"@type":"BreadcrumbList","@id":"https:\/\/gethowies.com\/de\/produkt\/howies-pro-clear-big-pack\/#breadcrumb","itemListElement":[{"@type":"ListItem","position":1,"name":"Hem","item":"https:\/\/gethowies.com\/de\/"},{"@type":"ListItem","position":2,"name":"Shop","item":"https:\/\/gethowies.com\/de\/shop\/"},{"@type":"ListItem","position":3,"name":"Howies Stutzentape Clear Big Pack"}]},{"@type":"WebSite","@id":"https:\/\/gethowies.com\/de\/#website","url":"https:\/\/gethowies.com\/de\/","name":"Howies Hockey Deutschland","description":"","potentialAction":[{"@type":"SearchAction","target":{"@type":"EntryPoint","urlTemplate":"https:\/\/gethowies.com\/de\/?s={search_term_string}"},"query-input":{"@type":"PropertyValueSpecification","valueRequired":true,"valueName":"search_term_string"}}],"inLanguage":"de"}]}},"_links":{"self":[{"href":"https:\/\/gethowies.com\/de\/wp-json\/wp\/v2\/product\/486","targetHints":{"allow":["GET"]}}],"collection":[{"href":"https:\/\/gethowies.com\/de\/wp-json\/wp\/v2\/product"}],"about":[{"href":"https:\/\/gethowies.com\/de\/wp-json\/wp\/v2\/types\/product"}],"replies":[{"embeddable":true,"href":"https:\/\/gethowies.com\/de\/wp-json\/wp\/v2\/comments?post=486"}],"wp:featuredmedia":[{"embeddable":true,"href":"https:\/\/gethowies.com\/de\/wp-json\/wp\/v2\/media\/3157"}],"wp:attachment":[{"href":"https:\/\/gethowies.com\/de\/wp-json\/wp\/v2\/media?parent=486"}],"wp:term":[{"taxonomy":"product_brand","embeddable":true,"href":"https:\/\/gethowies.com\/de\/wp-json\/wp\/v2\/product_brand?post=486"},{"taxonomy":"product_cat","embeddable":true,"href":"https:\/\/gethowies.com\/de\/wp-json\/wp\/v2\/product_cat?post=486"},{"taxonomy":"product_tag","embeddable":true,"href":"https:\/\/gethowies.com\/de\/wp-json\/wp\/v2\/product_tag?post=486"}],"curies":[{"name":"wp","href":"https:\/\/api.w.org\/{rel}","templated":true}]}}