{"id":495,"date":"2017-03-06T19:34:39","date_gmt":"2017-03-06T18:34:39","guid":{"rendered":"http:\/\/hockeylife.de\/produkt\/howies-pro-gold\/"},"modified":"2023-05-27T09:57:57","modified_gmt":"2023-05-27T07:57:57","slug":"howies-pro-navy","status":"publish","type":"product","link":"https:\/\/gethowies.com\/de\/produkt\/howies-pro-navy\/","title":{"rendered":"Howies Navy Stutzentape"},"content":{"rendered":"<p><span style=\"font-weight: 400\">Howies Stutzentape wird von Spielern in der NHL und SHL verwendet und ist selbstverst\u00e4ndlich die erste Wahl f\u00fcr Profis und f\u00fcr die, die sich nur mit dem Besten zufriedengeben &#8211; auch \u00fcber das Spiel hinaus.<\/span><\/p>\n<p><span style=\"font-weight: 400\">Unser hochwertiges Stutzentape bietet durchgehend Schutz f\u00fcr DEINEN K\u00f6rper w\u00e4hrend des kompletten Spiels\/Trainings. \u00a0\u00a0<\/span><\/p>\n<p><span style=\"font-weight: 400\">Howies Stutzentape sollte NICHT mit \u00e4hnlichen, d\u00fcnneren Tapes kombiniert werden, um ein ein Ausleiern zu verhindern, wodurch das Verletzungsrisiko erh\u00f6ht werden k\u00f6nnte.<\/span><\/p>\n<h3>Farben<\/h3>\n<p><span style=\"font-weight: 400\">W\u00e4hle zwischen\u00a0<\/span>Clear\/Durchsichtig, Rosa, Gelb, Silber, Navy, Rot, Wei\u00df und Orange<\/p>\n<p>Hergestellt in Nordamerika<\/p>\n","protected":false},"excerpt":{"rendered":"<p>Howies Stutzentape wird von Spielern in der NHL und SHL verwendet und ist selbstverst\u00e4ndlich die erste Wahl f\u00fcr Profis und f\u00fcr die, die sich nur mit dem Besten zufriedengeben &#8211; auch \u00fcber das Spiel hinaus. Unser hochwertiges Stutzentape bietet durchgehend Schutz f\u00fcr DEINEN K\u00f6rper w\u00e4hrend des kompletten Spiels\/Trainings. \u00a0\u00a0 Howies Stutzentape sollte NICHT mit \u00e4hnlichen, [&#8230;]\n","protected":false},"featured_media":3823,"comment_status":"closed","ping_status":"closed","template":"","meta":{"inline_featured_image":false},"product_brand":[],"product_cat":[95],"product_tag":[],"class_list":{"0":"post-495","1":"product","2":"type-product","3":"status-publish","4":"has-post-thumbnail","6":"product_cat-hockey-stutzentape","8":"first","9":"instock","10":"shipping-taxable","11":"purchasable","12":"product-type-simple"},"yoast_head":"<!-- This site is optimized with the Yoast SEO plugin v27.4 - https:\/\/yoast.com\/product\/yoast-seo-wordpress\/ -->\n<title>Howies Navy Stutzentape - Howies Hockey Deutschland<\/title>\n<meta name=\"robots\" content=\"index, follow, max-snippet:-1, max-image-preview:large, max-video-preview:-1\" \/>\n<link rel=\"canonical\" href=\"https:\/\/gethowies.com\/de\/produkt\/howies-pro-navy\/\" \/>\n<meta property=\"og:locale\" content=\"de_DE\" \/>\n<meta property=\"og:type\" content=\"article\" \/>\n<meta property=\"og:title\" content=\"Howies Navy Stutzentape - Howies Hockey Deutschland\" \/>\n<meta property=\"og:description\" content=\"Howies Stutzentape wird von Spielern in der NHL und SHL verwendet und ist selbstverst\u00e4ndlich die erste Wahl f\u00fcr Profis und f\u00fcr die, die sich nur mit dem Besten zufriedengeben &#8211; auch \u00fcber das Spiel hinaus. Unser hochwertiges Stutzentape bietet durchgehend Schutz f\u00fcr DEINEN K\u00f6rper w\u00e4hrend des kompletten Spiels\/Trainings. \u00a0\u00a0 Howies Stutzentape sollte NICHT mit \u00e4hnlichen, [...]\" \/>\n<meta property=\"og:url\" content=\"https:\/\/gethowies.com\/de\/produkt\/howies-pro-navy\/\" \/>\n<meta property=\"og:site_name\" content=\"Howies Hockey Deutschland\" \/>\n<meta property=\"article:modified_time\" content=\"2023-05-27T07:57:57+00:00\" \/>\n<meta property=\"og:image\" content=\"https:\/\/gethowies.com\/de\/wp-content\/uploads\/sites\/4\/2017\/03\/hht-navy-poly.jpg\" \/>\n\t<meta property=\"og:image:width\" content=\"1020\" \/>\n\t<meta property=\"og:image:height\" content=\"1020\" \/>\n\t<meta property=\"og:image:type\" content=\"image\/jpeg\" \/>\n<meta name=\"twitter:card\" content=\"summary_large_image\" \/>\n<script type=\"application\/ld+json\" class=\"yoast-schema-graph\">{\"@context\":\"https:\\\/\\\/schema.org\",\"@graph\":[{\"@type\":\"WebPage\",\"@id\":\"https:\\\/\\\/gethowies.com\\\/de\\\/produkt\\\/howies-pro-navy\\\/\",\"url\":\"https:\\\/\\\/gethowies.com\\\/de\\\/produkt\\\/howies-pro-navy\\\/\",\"name\":\"Howies Navy Stutzentape - Howies Hockey Deutschland\",\"isPartOf\":{\"@id\":\"https:\\\/\\\/gethowies.com\\\/de\\\/#website\"},\"primaryImageOfPage\":{\"@id\":\"https:\\\/\\\/gethowies.com\\\/de\\\/produkt\\\/howies-pro-navy\\\/#primaryimage\"},\"image\":{\"@id\":\"https:\\\/\\\/gethowies.com\\\/de\\\/produkt\\\/howies-pro-navy\\\/#primaryimage\"},\"thumbnailUrl\":\"https:\\\/\\\/gethowies.com\\\/de\\\/wp-content\\\/uploads\\\/sites\\\/4\\\/2017\\\/03\\\/hht-navy-poly.jpg\",\"datePublished\":\"2017-03-06T18:34:39+00:00\",\"dateModified\":\"2023-05-27T07:57:57+00:00\",\"breadcrumb\":{\"@id\":\"https:\\\/\\\/gethowies.com\\\/de\\\/produkt\\\/howies-pro-navy\\\/#breadcrumb\"},\"inLanguage\":\"de\",\"potentialAction\":[{\"@type\":\"ReadAction\",\"target\":[\"https:\\\/\\\/gethowies.com\\\/de\\\/produkt\\\/howies-pro-navy\\\/\"]}]},{\"@type\":\"ImageObject\",\"inLanguage\":\"de\",\"@id\":\"https:\\\/\\\/gethowies.com\\\/de\\\/produkt\\\/howies-pro-navy\\\/#primaryimage\",\"url\":\"https:\\\/\\\/gethowies.com\\\/de\\\/wp-content\\\/uploads\\\/sites\\\/4\\\/2017\\\/03\\\/hht-navy-poly.jpg\",\"contentUrl\":\"https:\\\/\\\/gethowies.com\\\/de\\\/wp-content\\\/uploads\\\/sites\\\/4\\\/2017\\\/03\\\/hht-navy-poly.jpg\",\"width\":1020,\"height\":1020},{\"@type\":\"BreadcrumbList\",\"@id\":\"https:\\\/\\\/gethowies.com\\\/de\\\/produkt\\\/howies-pro-navy\\\/#breadcrumb\",\"itemListElement\":[{\"@type\":\"ListItem\",\"position\":1,\"name\":\"Hem\",\"item\":\"https:\\\/\\\/gethowies.com\\\/de\\\/\"},{\"@type\":\"ListItem\",\"position\":2,\"name\":\"Shop\",\"item\":\"https:\\\/\\\/gethowies.com\\\/de\\\/shop\\\/\"},{\"@type\":\"ListItem\",\"position\":3,\"name\":\"Howies Navy Stutzentape\"}]},{\"@type\":\"WebSite\",\"@id\":\"https:\\\/\\\/gethowies.com\\\/de\\\/#website\",\"url\":\"https:\\\/\\\/gethowies.com\\\/de\\\/\",\"name\":\"Howies Hockey Deutschland\",\"description\":\"\",\"potentialAction\":[{\"@type\":\"SearchAction\",\"target\":{\"@type\":\"EntryPoint\",\"urlTemplate\":\"https:\\\/\\\/gethowies.com\\\/de\\\/?s={search_term_string}\"},\"query-input\":{\"@type\":\"PropertyValueSpecification\",\"valueRequired\":true,\"valueName\":\"search_term_string\"}}],\"inLanguage\":\"de\"}]}<\/script>\n<!-- \/ Yoast SEO plugin. -->","yoast_head_json":{"title":"Howies Navy Stutzentape - Howies Hockey Deutschland","robots":{"index":"index","follow":"follow","max-snippet":"max-snippet:-1","max-image-preview":"max-image-preview:large","max-video-preview":"max-video-preview:-1"},"canonical":"https:\/\/gethowies.com\/de\/produkt\/howies-pro-navy\/","og_locale":"de_DE","og_type":"article","og_title":"Howies Navy Stutzentape - Howies Hockey Deutschland","og_description":"Howies Stutzentape wird von Spielern in der NHL und SHL verwendet und ist selbstverst\u00e4ndlich die erste Wahl f\u00fcr Profis und f\u00fcr die, die sich nur mit dem Besten zufriedengeben &#8211; auch \u00fcber das Spiel hinaus. Unser hochwertiges Stutzentape bietet durchgehend Schutz f\u00fcr DEINEN K\u00f6rper w\u00e4hrend des kompletten Spiels\/Trainings. \u00a0\u00a0 Howies Stutzentape sollte NICHT mit \u00e4hnlichen, [...]","og_url":"https:\/\/gethowies.com\/de\/produkt\/howies-pro-navy\/","og_site_name":"Howies Hockey Deutschland","article_modified_time":"2023-05-27T07:57:57+00:00","og_image":[{"width":1020,"height":1020,"url":"https:\/\/gethowies.com\/de\/wp-content\/uploads\/sites\/4\/2017\/03\/hht-navy-poly.jpg","type":"image\/jpeg"}],"twitter_card":"summary_large_image","schema":{"@context":"https:\/\/schema.org","@graph":[{"@type":"WebPage","@id":"https:\/\/gethowies.com\/de\/produkt\/howies-pro-navy\/","url":"https:\/\/gethowies.com\/de\/produkt\/howies-pro-navy\/","name":"Howies Navy Stutzentape - Howies Hockey Deutschland","isPartOf":{"@id":"https:\/\/gethowies.com\/de\/#website"},"primaryImageOfPage":{"@id":"https:\/\/gethowies.com\/de\/produkt\/howies-pro-navy\/#primaryimage"},"image":{"@id":"https:\/\/gethowies.com\/de\/produkt\/howies-pro-navy\/#primaryimage"},"thumbnailUrl":"https:\/\/gethowies.com\/de\/wp-content\/uploads\/sites\/4\/2017\/03\/hht-navy-poly.jpg","datePublished":"2017-03-06T18:34:39+00:00","dateModified":"2023-05-27T07:57:57+00:00","breadcrumb":{"@id":"https:\/\/gethowies.com\/de\/produkt\/howies-pro-navy\/#breadcrumb"},"inLanguage":"de","potentialAction":[{"@type":"ReadAction","target":["https:\/\/gethowies.com\/de\/produkt\/howies-pro-navy\/"]}]},{"@type":"ImageObject","inLanguage":"de","@id":"https:\/\/gethowies.com\/de\/produkt\/howies-pro-navy\/#primaryimage","url":"https:\/\/gethowies.com\/de\/wp-content\/uploads\/sites\/4\/2017\/03\/hht-navy-poly.jpg","contentUrl":"https:\/\/gethowies.com\/de\/wp-content\/uploads\/sites\/4\/2017\/03\/hht-navy-poly.jpg","width":1020,"height":1020},{"@type":"BreadcrumbList","@id":"https:\/\/gethowies.com\/de\/produkt\/howies-pro-navy\/#breadcrumb","itemListElement":[{"@type":"ListItem","position":1,"name":"Hem","item":"https:\/\/gethowies.com\/de\/"},{"@type":"ListItem","position":2,"name":"Shop","item":"https:\/\/gethowies.com\/de\/shop\/"},{"@type":"ListItem","position":3,"name":"Howies Navy Stutzentape"}]},{"@type":"WebSite","@id":"https:\/\/gethowies.com\/de\/#website","url":"https:\/\/gethowies.com\/de\/","name":"Howies Hockey Deutschland","description":"","potentialAction":[{"@type":"SearchAction","target":{"@type":"EntryPoint","urlTemplate":"https:\/\/gethowies.com\/de\/?s={search_term_string}"},"query-input":{"@type":"PropertyValueSpecification","valueRequired":true,"valueName":"search_term_string"}}],"inLanguage":"de"}]}},"_links":{"self":[{"href":"https:\/\/gethowies.com\/de\/wp-json\/wp\/v2\/product\/495","targetHints":{"allow":["GET"]}}],"collection":[{"href":"https:\/\/gethowies.com\/de\/wp-json\/wp\/v2\/product"}],"about":[{"href":"https:\/\/gethowies.com\/de\/wp-json\/wp\/v2\/types\/product"}],"replies":[{"embeddable":true,"href":"https:\/\/gethowies.com\/de\/wp-json\/wp\/v2\/comments?post=495"}],"wp:featuredmedia":[{"embeddable":true,"href":"https:\/\/gethowies.com\/de\/wp-json\/wp\/v2\/media\/3823"}],"wp:attachment":[{"href":"https:\/\/gethowies.com\/de\/wp-json\/wp\/v2\/media?parent=495"}],"wp:term":[{"taxonomy":"product_brand","embeddable":true,"href":"https:\/\/gethowies.com\/de\/wp-json\/wp\/v2\/product_brand?post=495"},{"taxonomy":"product_cat","embeddable":true,"href":"https:\/\/gethowies.com\/de\/wp-json\/wp\/v2\/product_cat?post=495"},{"taxonomy":"product_tag","embeddable":true,"href":"https:\/\/gethowies.com\/de\/wp-json\/wp\/v2\/product_tag?post=495"}],"curies":[{"name":"wp","href":"https:\/\/api.w.org\/{rel}","templated":true}]}}