{"id":591,"date":"2017-03-08T09:23:17","date_gmt":"2017-03-08T08:23:17","guid":{"rendered":"http:\/\/hockeylife.de\/produkt\/howies-pro-grip-gron\/"},"modified":"2023-02-07T23:40:07","modified_gmt":"2023-02-07T22:40:07","slug":"howies-pro-grip-gron","status":"publish","type":"product","link":"https:\/\/gethowies.com\/de\/produkt\/howies-pro-grip-gron\/","title":{"rendered":"Howies Stretch Grip Gr\u00fcn"},"content":{"rendered":"<p><span style=\"font-weight: 400\">Howies Pro Grip Tape verleiht der f\u00fchrenden Hand w\u00e4hrend des Spiels einen bedeutend besseren Halt, im Vergleich zu normalen Schl\u00e4gertapes. Auch bei Feuchtigkeit und N\u00e4sse wird dir das Tape einen sicheren Halt bieten..<\/span><\/p>\n<p><span style=\"font-weight: 400\">Das Tape ist angenehm weich und gleichzeitig widerstandsf\u00e4hig &#8211; auch gegen deinen Handschuh.<\/span><\/p>\n","protected":false},"excerpt":{"rendered":"<p>Howies Pro Grip Tape verleiht der f\u00fchrenden Hand w\u00e4hrend des Spiels einen bedeutend besseren Halt, im Vergleich zu normalen Schl\u00e4gertapes. Auch bei Feuchtigkeit und N\u00e4sse wird dir das Tape einen sicheren Halt bieten.. Das Tape ist angenehm weich und gleichzeitig widerstandsf\u00e4hig &#8211; auch gegen deinen Handschuh.<\/p>\n","protected":false},"featured_media":3858,"comment_status":"closed","ping_status":"closed","template":"","meta":{"inline_featured_image":false},"product_brand":[],"product_cat":[97,99],"product_tag":[],"class_list":{"0":"post-591","1":"product","2":"type-product","3":"status-publish","4":"has-post-thumbnail","6":"product_cat-hockey-grip-tape","7":"product_cat-stretch-grip-tejp","9":"first","10":"instock","11":"shipping-taxable","12":"purchasable","13":"product-type-simple"},"yoast_head":"<!-- This site is optimized with the Yoast SEO plugin v27.4 - https:\/\/yoast.com\/product\/yoast-seo-wordpress\/ -->\n<title>Howies Stretch Grip Gr\u00fcn - Howies Hockey Deutschland<\/title>\n<meta name=\"robots\" content=\"index, follow, max-snippet:-1, max-image-preview:large, max-video-preview:-1\" \/>\n<link rel=\"canonical\" href=\"https:\/\/gethowies.com\/de\/produkt\/howies-pro-grip-gron\/\" \/>\n<meta property=\"og:locale\" content=\"de_DE\" \/>\n<meta property=\"og:type\" content=\"article\" \/>\n<meta property=\"og:title\" content=\"Howies Stretch Grip Gr\u00fcn - Howies Hockey Deutschland\" \/>\n<meta property=\"og:description\" content=\"Howies Pro Grip Tape verleiht der f\u00fchrenden Hand w\u00e4hrend des Spiels einen bedeutend besseren Halt, im Vergleich zu normalen Schl\u00e4gertapes. Auch bei Feuchtigkeit und N\u00e4sse wird dir das Tape einen sicheren Halt bieten.. Das Tape ist angenehm weich und gleichzeitig widerstandsf\u00e4hig &#8211; auch gegen deinen Handschuh.\" \/>\n<meta property=\"og:url\" content=\"https:\/\/gethowies.com\/de\/produkt\/howies-pro-grip-gron\/\" \/>\n<meta property=\"og:site_name\" content=\"Howies Hockey Deutschland\" \/>\n<meta property=\"article:modified_time\" content=\"2023-02-07T22:40:07+00:00\" \/>\n<meta property=\"og:image\" content=\"https:\/\/gethowies.com\/de\/wp-content\/uploads\/sites\/4\/2017\/03\/hht-green_grip.jpg\" \/>\n\t<meta property=\"og:image:width\" content=\"1020\" \/>\n\t<meta property=\"og:image:height\" content=\"1020\" \/>\n\t<meta property=\"og:image:type\" content=\"image\/jpeg\" \/>\n<meta name=\"twitter:card\" content=\"summary_large_image\" \/>\n<script type=\"application\/ld+json\" class=\"yoast-schema-graph\">{\"@context\":\"https:\\\/\\\/schema.org\",\"@graph\":[{\"@type\":\"WebPage\",\"@id\":\"https:\\\/\\\/gethowies.com\\\/de\\\/produkt\\\/howies-pro-grip-gron\\\/\",\"url\":\"https:\\\/\\\/gethowies.com\\\/de\\\/produkt\\\/howies-pro-grip-gron\\\/\",\"name\":\"Howies Stretch Grip Gr\u00fcn - Howies Hockey Deutschland\",\"isPartOf\":{\"@id\":\"https:\\\/\\\/gethowies.com\\\/de\\\/#website\"},\"primaryImageOfPage\":{\"@id\":\"https:\\\/\\\/gethowies.com\\\/de\\\/produkt\\\/howies-pro-grip-gron\\\/#primaryimage\"},\"image\":{\"@id\":\"https:\\\/\\\/gethowies.com\\\/de\\\/produkt\\\/howies-pro-grip-gron\\\/#primaryimage\"},\"thumbnailUrl\":\"https:\\\/\\\/gethowies.com\\\/de\\\/wp-content\\\/uploads\\\/sites\\\/4\\\/2017\\\/03\\\/hht-green_grip.jpg\",\"datePublished\":\"2017-03-08T08:23:17+00:00\",\"dateModified\":\"2023-02-07T22:40:07+00:00\",\"breadcrumb\":{\"@id\":\"https:\\\/\\\/gethowies.com\\\/de\\\/produkt\\\/howies-pro-grip-gron\\\/#breadcrumb\"},\"inLanguage\":\"de\",\"potentialAction\":[{\"@type\":\"ReadAction\",\"target\":[\"https:\\\/\\\/gethowies.com\\\/de\\\/produkt\\\/howies-pro-grip-gron\\\/\"]}]},{\"@type\":\"ImageObject\",\"inLanguage\":\"de\",\"@id\":\"https:\\\/\\\/gethowies.com\\\/de\\\/produkt\\\/howies-pro-grip-gron\\\/#primaryimage\",\"url\":\"https:\\\/\\\/gethowies.com\\\/de\\\/wp-content\\\/uploads\\\/sites\\\/4\\\/2017\\\/03\\\/hht-green_grip.jpg\",\"contentUrl\":\"https:\\\/\\\/gethowies.com\\\/de\\\/wp-content\\\/uploads\\\/sites\\\/4\\\/2017\\\/03\\\/hht-green_grip.jpg\",\"width\":1020,\"height\":1020,\"caption\":\"Howies Gr\u00fcn Grip Tape\"},{\"@type\":\"BreadcrumbList\",\"@id\":\"https:\\\/\\\/gethowies.com\\\/de\\\/produkt\\\/howies-pro-grip-gron\\\/#breadcrumb\",\"itemListElement\":[{\"@type\":\"ListItem\",\"position\":1,\"name\":\"Hem\",\"item\":\"https:\\\/\\\/gethowies.com\\\/de\\\/\"},{\"@type\":\"ListItem\",\"position\":2,\"name\":\"Shop\",\"item\":\"https:\\\/\\\/gethowies.com\\\/de\\\/shop\\\/\"},{\"@type\":\"ListItem\",\"position\":3,\"name\":\"Howies Stretch Grip Gr\u00fcn\"}]},{\"@type\":\"WebSite\",\"@id\":\"https:\\\/\\\/gethowies.com\\\/de\\\/#website\",\"url\":\"https:\\\/\\\/gethowies.com\\\/de\\\/\",\"name\":\"Howies Hockey Deutschland\",\"description\":\"\",\"potentialAction\":[{\"@type\":\"SearchAction\",\"target\":{\"@type\":\"EntryPoint\",\"urlTemplate\":\"https:\\\/\\\/gethowies.com\\\/de\\\/?s={search_term_string}\"},\"query-input\":{\"@type\":\"PropertyValueSpecification\",\"valueRequired\":true,\"valueName\":\"search_term_string\"}}],\"inLanguage\":\"de\"}]}<\/script>\n<!-- \/ Yoast SEO plugin. -->","yoast_head_json":{"title":"Howies Stretch Grip Gr\u00fcn - Howies Hockey Deutschland","robots":{"index":"index","follow":"follow","max-snippet":"max-snippet:-1","max-image-preview":"max-image-preview:large","max-video-preview":"max-video-preview:-1"},"canonical":"https:\/\/gethowies.com\/de\/produkt\/howies-pro-grip-gron\/","og_locale":"de_DE","og_type":"article","og_title":"Howies Stretch Grip Gr\u00fcn - Howies Hockey Deutschland","og_description":"Howies Pro Grip Tape verleiht der f\u00fchrenden Hand w\u00e4hrend des Spiels einen bedeutend besseren Halt, im Vergleich zu normalen Schl\u00e4gertapes. Auch bei Feuchtigkeit und N\u00e4sse wird dir das Tape einen sicheren Halt bieten.. Das Tape ist angenehm weich und gleichzeitig widerstandsf\u00e4hig &#8211; auch gegen deinen Handschuh.","og_url":"https:\/\/gethowies.com\/de\/produkt\/howies-pro-grip-gron\/","og_site_name":"Howies Hockey Deutschland","article_modified_time":"2023-02-07T22:40:07+00:00","og_image":[{"width":1020,"height":1020,"url":"https:\/\/gethowies.com\/de\/wp-content\/uploads\/sites\/4\/2017\/03\/hht-green_grip.jpg","type":"image\/jpeg"}],"twitter_card":"summary_large_image","schema":{"@context":"https:\/\/schema.org","@graph":[{"@type":"WebPage","@id":"https:\/\/gethowies.com\/de\/produkt\/howies-pro-grip-gron\/","url":"https:\/\/gethowies.com\/de\/produkt\/howies-pro-grip-gron\/","name":"Howies Stretch Grip Gr\u00fcn - Howies Hockey Deutschland","isPartOf":{"@id":"https:\/\/gethowies.com\/de\/#website"},"primaryImageOfPage":{"@id":"https:\/\/gethowies.com\/de\/produkt\/howies-pro-grip-gron\/#primaryimage"},"image":{"@id":"https:\/\/gethowies.com\/de\/produkt\/howies-pro-grip-gron\/#primaryimage"},"thumbnailUrl":"https:\/\/gethowies.com\/de\/wp-content\/uploads\/sites\/4\/2017\/03\/hht-green_grip.jpg","datePublished":"2017-03-08T08:23:17+00:00","dateModified":"2023-02-07T22:40:07+00:00","breadcrumb":{"@id":"https:\/\/gethowies.com\/de\/produkt\/howies-pro-grip-gron\/#breadcrumb"},"inLanguage":"de","potentialAction":[{"@type":"ReadAction","target":["https:\/\/gethowies.com\/de\/produkt\/howies-pro-grip-gron\/"]}]},{"@type":"ImageObject","inLanguage":"de","@id":"https:\/\/gethowies.com\/de\/produkt\/howies-pro-grip-gron\/#primaryimage","url":"https:\/\/gethowies.com\/de\/wp-content\/uploads\/sites\/4\/2017\/03\/hht-green_grip.jpg","contentUrl":"https:\/\/gethowies.com\/de\/wp-content\/uploads\/sites\/4\/2017\/03\/hht-green_grip.jpg","width":1020,"height":1020,"caption":"Howies Gr\u00fcn Grip Tape"},{"@type":"BreadcrumbList","@id":"https:\/\/gethowies.com\/de\/produkt\/howies-pro-grip-gron\/#breadcrumb","itemListElement":[{"@type":"ListItem","position":1,"name":"Hem","item":"https:\/\/gethowies.com\/de\/"},{"@type":"ListItem","position":2,"name":"Shop","item":"https:\/\/gethowies.com\/de\/shop\/"},{"@type":"ListItem","position":3,"name":"Howies Stretch Grip Gr\u00fcn"}]},{"@type":"WebSite","@id":"https:\/\/gethowies.com\/de\/#website","url":"https:\/\/gethowies.com\/de\/","name":"Howies Hockey Deutschland","description":"","potentialAction":[{"@type":"SearchAction","target":{"@type":"EntryPoint","urlTemplate":"https:\/\/gethowies.com\/de\/?s={search_term_string}"},"query-input":{"@type":"PropertyValueSpecification","valueRequired":true,"valueName":"search_term_string"}}],"inLanguage":"de"}]}},"_links":{"self":[{"href":"https:\/\/gethowies.com\/de\/wp-json\/wp\/v2\/product\/591","targetHints":{"allow":["GET"]}}],"collection":[{"href":"https:\/\/gethowies.com\/de\/wp-json\/wp\/v2\/product"}],"about":[{"href":"https:\/\/gethowies.com\/de\/wp-json\/wp\/v2\/types\/product"}],"replies":[{"embeddable":true,"href":"https:\/\/gethowies.com\/de\/wp-json\/wp\/v2\/comments?post=591"}],"wp:featuredmedia":[{"embeddable":true,"href":"https:\/\/gethowies.com\/de\/wp-json\/wp\/v2\/media\/3858"}],"wp:attachment":[{"href":"https:\/\/gethowies.com\/de\/wp-json\/wp\/v2\/media?parent=591"}],"wp:term":[{"taxonomy":"product_brand","embeddable":true,"href":"https:\/\/gethowies.com\/de\/wp-json\/wp\/v2\/product_brand?post=591"},{"taxonomy":"product_cat","embeddable":true,"href":"https:\/\/gethowies.com\/de\/wp-json\/wp\/v2\/product_cat?post=591"},{"taxonomy":"product_tag","embeddable":true,"href":"https:\/\/gethowies.com\/de\/wp-json\/wp\/v2\/product_tag?post=591"}],"curies":[{"name":"wp","href":"https:\/\/api.w.org\/{rel}","templated":true}]}}