{"id":593,"date":"2017-03-08T09:27:28","date_gmt":"2017-03-08T08:27:28","guid":{"rendered":"http:\/\/hockeylife.de\/produkt\/howies-pro-grip-sky\/"},"modified":"2018-08-28T19:09:07","modified_gmt":"2018-08-28T17:09:07","slug":"howies-pro-grip-sky","status":"publish","type":"product","link":"https:\/\/gethowies.com\/de\/produkt\/howies-pro-grip-sky\/","title":{"rendered":"Howies Stretch Grip Sky"},"content":{"rendered":"<p><span style=\"font-weight: 400\">Howies Pro Grip Tape verleiht der f\u00fchrenden Hand w\u00e4hrend des Spiels einen bedeutend besseren Halt, im Vergleich zu normalen Schl\u00e4gertapes. Auch bei Feuchtigkeit und N\u00e4sse wird dir das Tape einen sicheren Halt bieten..<\/span><\/p>\n<p><span style=\"font-weight: 400\">Das Tape ist angenehm weich und gleichzeitig widerstandsf\u00e4hig &#8211; auch gegen deinen Handschuh. <\/span><\/p>\n<p><span style=\"font-weight: 400\">W\u00e4hle zwischen: Wei\u00df &#8211; Schwarz &#8211; Gelb &#8211; Blau &#8211; Rot &#8211; Hellblau &#8211; Gr\u00fcn &#8211; Pink &#8211; Orange und Lila.<\/span><\/p>\n<p>Made In\u00a0<b>North America<\/b><\/p>\n","protected":false},"excerpt":{"rendered":"<p>Howies Pro Grip Tape verleiht der f\u00fchrenden Hand w\u00e4hrend des Spiels einen bedeutend besseren Halt, im Vergleich zu normalen Schl\u00e4gertapes. Auch bei Feuchtigkeit und N\u00e4sse wird dir das Tape einen sicheren Halt bieten.. Das Tape ist angenehm weich und gleichzeitig widerstandsf\u00e4hig &#8211; auch gegen deinen Handschuh. W\u00e4hle zwischen: Wei\u00df &#8211; Schwarz &#8211; Gelb &#8211; Blau [&#8230;]\n","protected":false},"featured_media":3946,"comment_status":"closed","ping_status":"closed","template":"","meta":{"inline_featured_image":false},"product_brand":[],"product_cat":[97,99],"product_tag":[],"class_list":{"0":"post-593","1":"product","2":"type-product","3":"status-publish","4":"has-post-thumbnail","6":"product_cat-hockey-grip-tape","7":"product_cat-stretch-grip-tejp","9":"first","10":"instock","11":"shipping-taxable","12":"purchasable","13":"product-type-simple"},"yoast_head":"<!-- This site is optimized with the Yoast SEO plugin v27.4 - https:\/\/yoast.com\/product\/yoast-seo-wordpress\/ -->\n<title>Howies Stretch Grip Sky - Howies Hockey Deutschland<\/title>\n<meta name=\"robots\" content=\"index, follow, max-snippet:-1, max-image-preview:large, max-video-preview:-1\" \/>\n<link rel=\"canonical\" href=\"https:\/\/gethowies.com\/de\/produkt\/howies-pro-grip-sky\/\" \/>\n<meta property=\"og:locale\" content=\"de_DE\" \/>\n<meta property=\"og:type\" content=\"article\" \/>\n<meta property=\"og:title\" content=\"Howies Stretch Grip Sky - Howies Hockey Deutschland\" \/>\n<meta property=\"og:description\" content=\"Howies Pro Grip Tape verleiht der f\u00fchrenden Hand w\u00e4hrend des Spiels einen bedeutend besseren Halt, im Vergleich zu normalen Schl\u00e4gertapes. Auch bei Feuchtigkeit und N\u00e4sse wird dir das Tape einen sicheren Halt bieten.. Das Tape ist angenehm weich und gleichzeitig widerstandsf\u00e4hig &#8211; auch gegen deinen Handschuh. W\u00e4hle zwischen: Wei\u00df &#8211; Schwarz &#8211; Gelb &#8211; Blau [...]\" \/>\n<meta property=\"og:url\" content=\"https:\/\/gethowies.com\/de\/produkt\/howies-pro-grip-sky\/\" \/>\n<meta property=\"og:site_name\" content=\"Howies Hockey Deutschland\" \/>\n<meta property=\"article:modified_time\" content=\"2018-08-28T17:09:07+00:00\" \/>\n<meta property=\"og:image\" content=\"https:\/\/gethowies.com\/de\/wp-content\/uploads\/sites\/4\/2017\/03\/hht-sky-grip.jpg\" \/>\n\t<meta property=\"og:image:width\" content=\"1020\" \/>\n\t<meta property=\"og:image:height\" content=\"1020\" \/>\n\t<meta property=\"og:image:type\" content=\"image\/jpeg\" \/>\n<meta name=\"twitter:card\" content=\"summary_large_image\" \/>\n<script type=\"application\/ld+json\" class=\"yoast-schema-graph\">{\"@context\":\"https:\\\/\\\/schema.org\",\"@graph\":[{\"@type\":\"WebPage\",\"@id\":\"https:\\\/\\\/gethowies.com\\\/de\\\/produkt\\\/howies-pro-grip-sky\\\/\",\"url\":\"https:\\\/\\\/gethowies.com\\\/de\\\/produkt\\\/howies-pro-grip-sky\\\/\",\"name\":\"Howies Stretch Grip Sky - Howies Hockey Deutschland\",\"isPartOf\":{\"@id\":\"https:\\\/\\\/gethowies.com\\\/de\\\/#website\"},\"primaryImageOfPage\":{\"@id\":\"https:\\\/\\\/gethowies.com\\\/de\\\/produkt\\\/howies-pro-grip-sky\\\/#primaryimage\"},\"image\":{\"@id\":\"https:\\\/\\\/gethowies.com\\\/de\\\/produkt\\\/howies-pro-grip-sky\\\/#primaryimage\"},\"thumbnailUrl\":\"https:\\\/\\\/gethowies.com\\\/de\\\/wp-content\\\/uploads\\\/sites\\\/4\\\/2017\\\/03\\\/hht-sky-grip.jpg\",\"datePublished\":\"2017-03-08T08:27:28+00:00\",\"dateModified\":\"2018-08-28T17:09:07+00:00\",\"breadcrumb\":{\"@id\":\"https:\\\/\\\/gethowies.com\\\/de\\\/produkt\\\/howies-pro-grip-sky\\\/#breadcrumb\"},\"inLanguage\":\"de\",\"potentialAction\":[{\"@type\":\"ReadAction\",\"target\":[\"https:\\\/\\\/gethowies.com\\\/de\\\/produkt\\\/howies-pro-grip-sky\\\/\"]}]},{\"@type\":\"ImageObject\",\"inLanguage\":\"de\",\"@id\":\"https:\\\/\\\/gethowies.com\\\/de\\\/produkt\\\/howies-pro-grip-sky\\\/#primaryimage\",\"url\":\"https:\\\/\\\/gethowies.com\\\/de\\\/wp-content\\\/uploads\\\/sites\\\/4\\\/2017\\\/03\\\/hht-sky-grip.jpg\",\"contentUrl\":\"https:\\\/\\\/gethowies.com\\\/de\\\/wp-content\\\/uploads\\\/sites\\\/4\\\/2017\\\/03\\\/hht-sky-grip.jpg\",\"width\":1020,\"height\":1020,\"caption\":\"Howies Grip Tape Sky\"},{\"@type\":\"BreadcrumbList\",\"@id\":\"https:\\\/\\\/gethowies.com\\\/de\\\/produkt\\\/howies-pro-grip-sky\\\/#breadcrumb\",\"itemListElement\":[{\"@type\":\"ListItem\",\"position\":1,\"name\":\"Hem\",\"item\":\"https:\\\/\\\/gethowies.com\\\/de\\\/\"},{\"@type\":\"ListItem\",\"position\":2,\"name\":\"Shop\",\"item\":\"https:\\\/\\\/gethowies.com\\\/de\\\/shop\\\/\"},{\"@type\":\"ListItem\",\"position\":3,\"name\":\"Howies Stretch Grip Sky\"}]},{\"@type\":\"WebSite\",\"@id\":\"https:\\\/\\\/gethowies.com\\\/de\\\/#website\",\"url\":\"https:\\\/\\\/gethowies.com\\\/de\\\/\",\"name\":\"Howies Hockey Deutschland\",\"description\":\"\",\"potentialAction\":[{\"@type\":\"SearchAction\",\"target\":{\"@type\":\"EntryPoint\",\"urlTemplate\":\"https:\\\/\\\/gethowies.com\\\/de\\\/?s={search_term_string}\"},\"query-input\":{\"@type\":\"PropertyValueSpecification\",\"valueRequired\":true,\"valueName\":\"search_term_string\"}}],\"inLanguage\":\"de\"}]}<\/script>\n<!-- \/ Yoast SEO plugin. -->","yoast_head_json":{"title":"Howies Stretch Grip Sky - Howies Hockey Deutschland","robots":{"index":"index","follow":"follow","max-snippet":"max-snippet:-1","max-image-preview":"max-image-preview:large","max-video-preview":"max-video-preview:-1"},"canonical":"https:\/\/gethowies.com\/de\/produkt\/howies-pro-grip-sky\/","og_locale":"de_DE","og_type":"article","og_title":"Howies Stretch Grip Sky - Howies Hockey Deutschland","og_description":"Howies Pro Grip Tape verleiht der f\u00fchrenden Hand w\u00e4hrend des Spiels einen bedeutend besseren Halt, im Vergleich zu normalen Schl\u00e4gertapes. Auch bei Feuchtigkeit und N\u00e4sse wird dir das Tape einen sicheren Halt bieten.. Das Tape ist angenehm weich und gleichzeitig widerstandsf\u00e4hig &#8211; auch gegen deinen Handschuh. W\u00e4hle zwischen: Wei\u00df &#8211; Schwarz &#8211; Gelb &#8211; Blau [...]","og_url":"https:\/\/gethowies.com\/de\/produkt\/howies-pro-grip-sky\/","og_site_name":"Howies Hockey Deutschland","article_modified_time":"2018-08-28T17:09:07+00:00","og_image":[{"width":1020,"height":1020,"url":"https:\/\/gethowies.com\/de\/wp-content\/uploads\/sites\/4\/2017\/03\/hht-sky-grip.jpg","type":"image\/jpeg"}],"twitter_card":"summary_large_image","schema":{"@context":"https:\/\/schema.org","@graph":[{"@type":"WebPage","@id":"https:\/\/gethowies.com\/de\/produkt\/howies-pro-grip-sky\/","url":"https:\/\/gethowies.com\/de\/produkt\/howies-pro-grip-sky\/","name":"Howies Stretch Grip Sky - Howies Hockey Deutschland","isPartOf":{"@id":"https:\/\/gethowies.com\/de\/#website"},"primaryImageOfPage":{"@id":"https:\/\/gethowies.com\/de\/produkt\/howies-pro-grip-sky\/#primaryimage"},"image":{"@id":"https:\/\/gethowies.com\/de\/produkt\/howies-pro-grip-sky\/#primaryimage"},"thumbnailUrl":"https:\/\/gethowies.com\/de\/wp-content\/uploads\/sites\/4\/2017\/03\/hht-sky-grip.jpg","datePublished":"2017-03-08T08:27:28+00:00","dateModified":"2018-08-28T17:09:07+00:00","breadcrumb":{"@id":"https:\/\/gethowies.com\/de\/produkt\/howies-pro-grip-sky\/#breadcrumb"},"inLanguage":"de","potentialAction":[{"@type":"ReadAction","target":["https:\/\/gethowies.com\/de\/produkt\/howies-pro-grip-sky\/"]}]},{"@type":"ImageObject","inLanguage":"de","@id":"https:\/\/gethowies.com\/de\/produkt\/howies-pro-grip-sky\/#primaryimage","url":"https:\/\/gethowies.com\/de\/wp-content\/uploads\/sites\/4\/2017\/03\/hht-sky-grip.jpg","contentUrl":"https:\/\/gethowies.com\/de\/wp-content\/uploads\/sites\/4\/2017\/03\/hht-sky-grip.jpg","width":1020,"height":1020,"caption":"Howies Grip Tape Sky"},{"@type":"BreadcrumbList","@id":"https:\/\/gethowies.com\/de\/produkt\/howies-pro-grip-sky\/#breadcrumb","itemListElement":[{"@type":"ListItem","position":1,"name":"Hem","item":"https:\/\/gethowies.com\/de\/"},{"@type":"ListItem","position":2,"name":"Shop","item":"https:\/\/gethowies.com\/de\/shop\/"},{"@type":"ListItem","position":3,"name":"Howies Stretch Grip Sky"}]},{"@type":"WebSite","@id":"https:\/\/gethowies.com\/de\/#website","url":"https:\/\/gethowies.com\/de\/","name":"Howies Hockey Deutschland","description":"","potentialAction":[{"@type":"SearchAction","target":{"@type":"EntryPoint","urlTemplate":"https:\/\/gethowies.com\/de\/?s={search_term_string}"},"query-input":{"@type":"PropertyValueSpecification","valueRequired":true,"valueName":"search_term_string"}}],"inLanguage":"de"}]}},"_links":{"self":[{"href":"https:\/\/gethowies.com\/de\/wp-json\/wp\/v2\/product\/593","targetHints":{"allow":["GET"]}}],"collection":[{"href":"https:\/\/gethowies.com\/de\/wp-json\/wp\/v2\/product"}],"about":[{"href":"https:\/\/gethowies.com\/de\/wp-json\/wp\/v2\/types\/product"}],"replies":[{"embeddable":true,"href":"https:\/\/gethowies.com\/de\/wp-json\/wp\/v2\/comments?post=593"}],"wp:featuredmedia":[{"embeddable":true,"href":"https:\/\/gethowies.com\/de\/wp-json\/wp\/v2\/media\/3946"}],"wp:attachment":[{"href":"https:\/\/gethowies.com\/de\/wp-json\/wp\/v2\/media?parent=593"}],"wp:term":[{"taxonomy":"product_brand","embeddable":true,"href":"https:\/\/gethowies.com\/de\/wp-json\/wp\/v2\/product_brand?post=593"},{"taxonomy":"product_cat","embeddable":true,"href":"https:\/\/gethowies.com\/de\/wp-json\/wp\/v2\/product_cat?post=593"},{"taxonomy":"product_tag","embeddable":true,"href":"https:\/\/gethowies.com\/de\/wp-json\/wp\/v2\/product_tag?post=593"}],"curies":[{"name":"wp","href":"https:\/\/api.w.org\/{rel}","templated":true}]}}