{"id":802,"date":"2017-03-13T12:26:09","date_gmt":"2017-03-13T12:26:09","guid":{"rendered":"http:\/\/hockeylife.de\/produkt\/howies-traningspuck\/"},"modified":"2017-03-13T12:26:09","modified_gmt":"2017-03-13T12:26:09","slug":"howies-training-pucks","status":"publish","type":"product","link":"https:\/\/gethowies.com\/de\/produkt\/howies-training-pucks\/","title":{"rendered":"Howies Eishockey Puck Official"},"content":{"rendered":"<h4>Anerkannt von der IIHF (International Icehockey Federation)<\/h4>\n<p>Howies offizielle schwarze Hockey-Pucks sind schmierfrei und k\u00f6nnen nicht splittern.\u00a0Unsere Pucks, welche von hoher Qualit\u00e4t sind, werden in Tschechien angefertigt und wurden f\u00fcr alle Spiele Rund ums Eis gepr\u00fcft.\u00a0Sie sind in big packs verf\u00fcgbar, welche 50 oder 100 Pucks beinhalten, eine weise Wahl wenn sie geld sparen m\u00f6chten.<\/p>\n<h5>Selbstentworfenes Logo<\/h5>\n<p>Alle unsere Pucks k\u00f6nnen auch mit selbstentworfenem Logo bestellt werden<b>, <\/b>eine popul\u00e4re Wahl f\u00fcr Teams oder Events!<\/p>\n<p>F\u00fcr mehr Informationen <a href=\"https:\/\/hockeylife.de\/custom-pucks\/\">klicken Sie bitte hier<\/a><\/p>\n","protected":false},"excerpt":{"rendered":"<p>Anerkannt von der IIHF (International Icehockey Federation) Howies offizielle schwarze Hockey-Pucks sind schmierfrei und k\u00f6nnen nicht splittern.\u00a0Unsere Pucks, welche von hoher Qualit\u00e4t sind, werden in Tschechien angefertigt und wurden f\u00fcr alle Spiele Rund ums Eis gepr\u00fcft.\u00a0Sie sind in big packs verf\u00fcgbar, welche 50 oder 100 Pucks beinhalten, eine weise Wahl wenn sie geld sparen m\u00f6chten. [&#8230;]\n","protected":false},"featured_media":2107,"comment_status":"closed","ping_status":"closed","template":"","meta":{"inline_featured_image":false},"product_brand":[],"product_cat":[116],"product_tag":[],"class_list":{"0":"post-802","1":"product","2":"type-product","3":"status-publish","4":"has-post-thumbnail","6":"product_cat-hockey-pucks","8":"first","9":"instock","10":"shipping-taxable","11":"purchasable","12":"product-type-variable","13":"has-default-attributes"},"yoast_head":"<!-- This site is optimized with the Yoast SEO plugin v27.5 - https:\/\/yoast.com\/product\/yoast-seo-wordpress\/ -->\n<title>Howies Eishockey Puck Official - Howies Hockey Deutschland<\/title>\n<meta name=\"description\" content=\"Unsere Pucks, welche von hoher Qualit\u00e4t sind, werden in Tschechien angefertigt und wurden f\u00fcr alle Spiele Rund ums Eis gepr\u00fcft.\" \/>\n<meta name=\"robots\" content=\"index, follow, max-snippet:-1, max-image-preview:large, max-video-preview:-1\" \/>\n<link rel=\"canonical\" href=\"https:\/\/gethowies.com\/de\/produkt\/howies-training-pucks\/\" \/>\n<meta property=\"og:locale\" content=\"de_DE\" \/>\n<meta property=\"og:type\" content=\"article\" \/>\n<meta property=\"og:title\" content=\"Howies Eishockey Puck Official - Howies Hockey Deutschland\" \/>\n<meta property=\"og:description\" content=\"Unsere Pucks, welche von hoher Qualit\u00e4t sind, werden in Tschechien angefertigt und wurden f\u00fcr alle Spiele Rund ums Eis gepr\u00fcft.\" \/>\n<meta property=\"og:url\" content=\"https:\/\/gethowies.com\/de\/produkt\/howies-training-pucks\/\" \/>\n<meta property=\"og:site_name\" content=\"Howies Hockey Deutschland\" \/>\n<meta property=\"og:image\" content=\"https:\/\/gethowies.com\/de\/wp-content\/uploads\/sites\/4\/2017\/03\/Puck-svart-paket.jpg\" \/>\n\t<meta property=\"og:image:width\" content=\"1020\" \/>\n\t<meta property=\"og:image:height\" content=\"1200\" \/>\n\t<meta property=\"og:image:type\" content=\"image\/jpeg\" \/>\n<meta name=\"twitter:card\" content=\"summary_large_image\" \/>\n<script type=\"application\/ld+json\" class=\"yoast-schema-graph\">{\"@context\":\"https:\\\/\\\/schema.org\",\"@graph\":[{\"@type\":\"WebPage\",\"@id\":\"https:\\\/\\\/gethowies.com\\\/de\\\/produkt\\\/howies-training-pucks\\\/\",\"url\":\"https:\\\/\\\/gethowies.com\\\/de\\\/produkt\\\/howies-training-pucks\\\/\",\"name\":\"Howies Eishockey Puck Official - Howies Hockey Deutschland\",\"isPartOf\":{\"@id\":\"https:\\\/\\\/gethowies.com\\\/de\\\/#website\"},\"primaryImageOfPage\":{\"@id\":\"https:\\\/\\\/gethowies.com\\\/de\\\/produkt\\\/howies-training-pucks\\\/#primaryimage\"},\"image\":{\"@id\":\"https:\\\/\\\/gethowies.com\\\/de\\\/produkt\\\/howies-training-pucks\\\/#primaryimage\"},\"thumbnailUrl\":\"https:\\\/\\\/gethowies.com\\\/de\\\/wp-content\\\/uploads\\\/sites\\\/4\\\/2017\\\/03\\\/Puck-svart-paket.jpg\",\"datePublished\":\"2017-03-13T12:26:09+00:00\",\"description\":\"Unsere Pucks, welche von hoher Qualit\u00e4t sind, werden in Tschechien angefertigt und wurden f\u00fcr alle Spiele Rund ums Eis gepr\u00fcft.\",\"breadcrumb\":{\"@id\":\"https:\\\/\\\/gethowies.com\\\/de\\\/produkt\\\/howies-training-pucks\\\/#breadcrumb\"},\"inLanguage\":\"de\",\"potentialAction\":[{\"@type\":\"ReadAction\",\"target\":[\"https:\\\/\\\/gethowies.com\\\/de\\\/produkt\\\/howies-training-pucks\\\/\"]}]},{\"@type\":\"ImageObject\",\"inLanguage\":\"de\",\"@id\":\"https:\\\/\\\/gethowies.com\\\/de\\\/produkt\\\/howies-training-pucks\\\/#primaryimage\",\"url\":\"https:\\\/\\\/gethowies.com\\\/de\\\/wp-content\\\/uploads\\\/sites\\\/4\\\/2017\\\/03\\\/Puck-svart-paket.jpg\",\"contentUrl\":\"https:\\\/\\\/gethowies.com\\\/de\\\/wp-content\\\/uploads\\\/sites\\\/4\\\/2017\\\/03\\\/Puck-svart-paket.jpg\",\"width\":1020,\"height\":1200,\"caption\":\"Howies Svart mathcpuck\"},{\"@type\":\"BreadcrumbList\",\"@id\":\"https:\\\/\\\/gethowies.com\\\/de\\\/produkt\\\/howies-training-pucks\\\/#breadcrumb\",\"itemListElement\":[{\"@type\":\"ListItem\",\"position\":1,\"name\":\"Hem\",\"item\":\"https:\\\/\\\/gethowies.com\\\/de\\\/\"},{\"@type\":\"ListItem\",\"position\":2,\"name\":\"Shop\",\"item\":\"https:\\\/\\\/gethowies.com\\\/de\\\/shop\\\/\"},{\"@type\":\"ListItem\",\"position\":3,\"name\":\"Howies Eishockey Puck Official\"}]},{\"@type\":\"WebSite\",\"@id\":\"https:\\\/\\\/gethowies.com\\\/de\\\/#website\",\"url\":\"https:\\\/\\\/gethowies.com\\\/de\\\/\",\"name\":\"Howies Hockey Deutschland\",\"description\":\"\",\"potentialAction\":[{\"@type\":\"SearchAction\",\"target\":{\"@type\":\"EntryPoint\",\"urlTemplate\":\"https:\\\/\\\/gethowies.com\\\/de\\\/?s={search_term_string}\"},\"query-input\":{\"@type\":\"PropertyValueSpecification\",\"valueRequired\":true,\"valueName\":\"search_term_string\"}}],\"inLanguage\":\"de\"}]}<\/script>\n<!-- \/ Yoast SEO plugin. -->","yoast_head_json":{"title":"Howies Eishockey Puck Official - Howies Hockey Deutschland","description":"Unsere Pucks, welche von hoher Qualit\u00e4t sind, werden in Tschechien angefertigt und wurden f\u00fcr alle Spiele Rund ums Eis gepr\u00fcft.","robots":{"index":"index","follow":"follow","max-snippet":"max-snippet:-1","max-image-preview":"max-image-preview:large","max-video-preview":"max-video-preview:-1"},"canonical":"https:\/\/gethowies.com\/de\/produkt\/howies-training-pucks\/","og_locale":"de_DE","og_type":"article","og_title":"Howies Eishockey Puck Official - Howies Hockey Deutschland","og_description":"Unsere Pucks, welche von hoher Qualit\u00e4t sind, werden in Tschechien angefertigt und wurden f\u00fcr alle Spiele Rund ums Eis gepr\u00fcft.","og_url":"https:\/\/gethowies.com\/de\/produkt\/howies-training-pucks\/","og_site_name":"Howies Hockey Deutschland","og_image":[{"width":1020,"height":1200,"url":"https:\/\/gethowies.com\/de\/wp-content\/uploads\/sites\/4\/2017\/03\/Puck-svart-paket.jpg","type":"image\/jpeg"}],"twitter_card":"summary_large_image","schema":{"@context":"https:\/\/schema.org","@graph":[{"@type":"WebPage","@id":"https:\/\/gethowies.com\/de\/produkt\/howies-training-pucks\/","url":"https:\/\/gethowies.com\/de\/produkt\/howies-training-pucks\/","name":"Howies Eishockey Puck Official - Howies Hockey Deutschland","isPartOf":{"@id":"https:\/\/gethowies.com\/de\/#website"},"primaryImageOfPage":{"@id":"https:\/\/gethowies.com\/de\/produkt\/howies-training-pucks\/#primaryimage"},"image":{"@id":"https:\/\/gethowies.com\/de\/produkt\/howies-training-pucks\/#primaryimage"},"thumbnailUrl":"https:\/\/gethowies.com\/de\/wp-content\/uploads\/sites\/4\/2017\/03\/Puck-svart-paket.jpg","datePublished":"2017-03-13T12:26:09+00:00","description":"Unsere Pucks, welche von hoher Qualit\u00e4t sind, werden in Tschechien angefertigt und wurden f\u00fcr alle Spiele Rund ums Eis gepr\u00fcft.","breadcrumb":{"@id":"https:\/\/gethowies.com\/de\/produkt\/howies-training-pucks\/#breadcrumb"},"inLanguage":"de","potentialAction":[{"@type":"ReadAction","target":["https:\/\/gethowies.com\/de\/produkt\/howies-training-pucks\/"]}]},{"@type":"ImageObject","inLanguage":"de","@id":"https:\/\/gethowies.com\/de\/produkt\/howies-training-pucks\/#primaryimage","url":"https:\/\/gethowies.com\/de\/wp-content\/uploads\/sites\/4\/2017\/03\/Puck-svart-paket.jpg","contentUrl":"https:\/\/gethowies.com\/de\/wp-content\/uploads\/sites\/4\/2017\/03\/Puck-svart-paket.jpg","width":1020,"height":1200,"caption":"Howies Svart mathcpuck"},{"@type":"BreadcrumbList","@id":"https:\/\/gethowies.com\/de\/produkt\/howies-training-pucks\/#breadcrumb","itemListElement":[{"@type":"ListItem","position":1,"name":"Hem","item":"https:\/\/gethowies.com\/de\/"},{"@type":"ListItem","position":2,"name":"Shop","item":"https:\/\/gethowies.com\/de\/shop\/"},{"@type":"ListItem","position":3,"name":"Howies Eishockey Puck Official"}]},{"@type":"WebSite","@id":"https:\/\/gethowies.com\/de\/#website","url":"https:\/\/gethowies.com\/de\/","name":"Howies Hockey Deutschland","description":"","potentialAction":[{"@type":"SearchAction","target":{"@type":"EntryPoint","urlTemplate":"https:\/\/gethowies.com\/de\/?s={search_term_string}"},"query-input":{"@type":"PropertyValueSpecification","valueRequired":true,"valueName":"search_term_string"}}],"inLanguage":"de"}]}},"_links":{"self":[{"href":"https:\/\/gethowies.com\/de\/wp-json\/wp\/v2\/product\/802","targetHints":{"allow":["GET"]}}],"collection":[{"href":"https:\/\/gethowies.com\/de\/wp-json\/wp\/v2\/product"}],"about":[{"href":"https:\/\/gethowies.com\/de\/wp-json\/wp\/v2\/types\/product"}],"replies":[{"embeddable":true,"href":"https:\/\/gethowies.com\/de\/wp-json\/wp\/v2\/comments?post=802"}],"wp:featuredmedia":[{"embeddable":true,"href":"https:\/\/gethowies.com\/de\/wp-json\/wp\/v2\/media\/2107"}],"wp:attachment":[{"href":"https:\/\/gethowies.com\/de\/wp-json\/wp\/v2\/media?parent=802"}],"wp:term":[{"taxonomy":"product_brand","embeddable":true,"href":"https:\/\/gethowies.com\/de\/wp-json\/wp\/v2\/product_brand?post=802"},{"taxonomy":"product_cat","embeddable":true,"href":"https:\/\/gethowies.com\/de\/wp-json\/wp\/v2\/product_cat?post=802"},{"taxonomy":"product_tag","embeddable":true,"href":"https:\/\/gethowies.com\/de\/wp-json\/wp\/v2\/product_tag?post=802"}],"curies":[{"name":"wp","href":"https:\/\/api.w.org\/{rel}","templated":true}]}}