{"id":823,"date":"2017-03-13T19:22:26","date_gmt":"2017-03-13T19:22:26","guid":{"rendered":"http:\/\/hockeylife.de\/?post_type=product&#038;p=823"},"modified":"2018-08-28T11:24:18","modified_gmt":"2018-08-28T09:24:18","slug":"howies-water-bottle","status":"publish","type":"product","link":"https:\/\/gethowies.com\/de\/produkt\/howies-water-bottle\/","title":{"rendered":"Howies Trinkflasche"},"content":{"rendered":"<p><span style=\"font-weight: 400\">Gelegentlich schie\u00dft man aufs Tor, trifft die Flasche des Goalies und das Wasser spritzt \u00fcber die ganze Eisfl\u00e4che &#8211; guter Schuss. Howies gelb &#8211; leuchtende Flasche bietet mit dem aufgedruckten Logo eine perfekte Zielscheibe f\u00fcr alle Torj\u00e4ger. \u00a0<\/span><\/p>\n<p><span style=\"font-weight: 400\">Unsere Flaschen werden aus leichtem Plastik (100% BPA frei) hergestellt und tragen einen robusten Gummideckel, um eine lange Haltbarkeit, auch w\u00e4hrend des rauen Umgangs auf der Bank, zu garantieren.<\/span><\/p>\n<p>Made In <strong>North America<\/strong><\/p>\n","protected":false},"excerpt":{"rendered":"<p>Gelegentlich schie\u00dft man aufs Tor, trifft die Flasche des Goalies und das Wasser spritzt \u00fcber die ganze Eisfl\u00e4che &#8211; guter Schuss. Howies gelb &#8211; leuchtende Flasche bietet mit dem aufgedruckten Logo eine perfekte Zielscheibe f\u00fcr alle Torj\u00e4ger. \u00a0 Unsere Flaschen werden aus leichtem Plastik (100% BPA frei) hergestellt und tragen einen robusten Gummideckel, um eine [&#8230;]\n","protected":false},"featured_media":0,"comment_status":"closed","ping_status":"closed","template":"","meta":{"inline_featured_image":false},"product_brand":[],"product_cat":[119],"product_tag":[],"class_list":{"0":"post-823","1":"product","2":"type-product","3":"status-publish","5":"product_cat-trinkflasche","7":"first","8":"instock","9":"shipping-taxable","10":"purchasable","11":"product-type-simple"},"yoast_head":"<!-- This site is optimized with the Yoast SEO plugin v27.5 - https:\/\/yoast.com\/product\/yoast-seo-wordpress\/ -->\n<title>Howies Trinkflasche - Howies Hockey Deutschland<\/title>\n<meta name=\"robots\" content=\"index, follow, max-snippet:-1, max-image-preview:large, max-video-preview:-1\" \/>\n<link rel=\"canonical\" href=\"https:\/\/gethowies.com\/de\/produkt\/howies-water-bottle\/\" \/>\n<meta property=\"og:locale\" content=\"de_DE\" \/>\n<meta property=\"og:type\" content=\"article\" \/>\n<meta property=\"og:title\" content=\"Howies Trinkflasche - Howies Hockey Deutschland\" \/>\n<meta property=\"og:description\" content=\"Gelegentlich schie\u00dft man aufs Tor, trifft die Flasche des Goalies und das Wasser spritzt \u00fcber die ganze Eisfl\u00e4che &#8211; guter Schuss. Howies gelb &#8211; leuchtende Flasche bietet mit dem aufgedruckten Logo eine perfekte Zielscheibe f\u00fcr alle Torj\u00e4ger. \u00a0 Unsere Flaschen werden aus leichtem Plastik (100% BPA frei) hergestellt und tragen einen robusten Gummideckel, um eine [...]\" \/>\n<meta property=\"og:url\" content=\"https:\/\/gethowies.com\/de\/produkt\/howies-water-bottle\/\" \/>\n<meta property=\"og:site_name\" content=\"Howies Hockey Deutschland\" \/>\n<meta property=\"article:modified_time\" content=\"2018-08-28T09:24:18+00:00\" \/>\n<meta name=\"twitter:card\" content=\"summary_large_image\" \/>\n<script type=\"application\/ld+json\" class=\"yoast-schema-graph\">{\"@context\":\"https:\\\/\\\/schema.org\",\"@graph\":[{\"@type\":\"WebPage\",\"@id\":\"https:\\\/\\\/gethowies.com\\\/de\\\/produkt\\\/howies-water-bottle\\\/\",\"url\":\"https:\\\/\\\/gethowies.com\\\/de\\\/produkt\\\/howies-water-bottle\\\/\",\"name\":\"Howies Trinkflasche - Howies Hockey Deutschland\",\"isPartOf\":{\"@id\":\"https:\\\/\\\/gethowies.com\\\/de\\\/#website\"},\"datePublished\":\"2017-03-13T19:22:26+00:00\",\"dateModified\":\"2018-08-28T09:24:18+00:00\",\"breadcrumb\":{\"@id\":\"https:\\\/\\\/gethowies.com\\\/de\\\/produkt\\\/howies-water-bottle\\\/#breadcrumb\"},\"inLanguage\":\"de\",\"potentialAction\":[{\"@type\":\"ReadAction\",\"target\":[\"https:\\\/\\\/gethowies.com\\\/de\\\/produkt\\\/howies-water-bottle\\\/\"]}]},{\"@type\":\"BreadcrumbList\",\"@id\":\"https:\\\/\\\/gethowies.com\\\/de\\\/produkt\\\/howies-water-bottle\\\/#breadcrumb\",\"itemListElement\":[{\"@type\":\"ListItem\",\"position\":1,\"name\":\"Hem\",\"item\":\"https:\\\/\\\/gethowies.com\\\/de\\\/\"},{\"@type\":\"ListItem\",\"position\":2,\"name\":\"Shop\",\"item\":\"https:\\\/\\\/gethowies.com\\\/de\\\/shop\\\/\"},{\"@type\":\"ListItem\",\"position\":3,\"name\":\"Howies Trinkflasche\"}]},{\"@type\":\"WebSite\",\"@id\":\"https:\\\/\\\/gethowies.com\\\/de\\\/#website\",\"url\":\"https:\\\/\\\/gethowies.com\\\/de\\\/\",\"name\":\"Howies Hockey Deutschland\",\"description\":\"\",\"potentialAction\":[{\"@type\":\"SearchAction\",\"target\":{\"@type\":\"EntryPoint\",\"urlTemplate\":\"https:\\\/\\\/gethowies.com\\\/de\\\/?s={search_term_string}\"},\"query-input\":{\"@type\":\"PropertyValueSpecification\",\"valueRequired\":true,\"valueName\":\"search_term_string\"}}],\"inLanguage\":\"de\"}]}<\/script>\n<!-- \/ Yoast SEO plugin. -->","yoast_head_json":{"title":"Howies Trinkflasche - Howies Hockey Deutschland","robots":{"index":"index","follow":"follow","max-snippet":"max-snippet:-1","max-image-preview":"max-image-preview:large","max-video-preview":"max-video-preview:-1"},"canonical":"https:\/\/gethowies.com\/de\/produkt\/howies-water-bottle\/","og_locale":"de_DE","og_type":"article","og_title":"Howies Trinkflasche - Howies Hockey Deutschland","og_description":"Gelegentlich schie\u00dft man aufs Tor, trifft die Flasche des Goalies und das Wasser spritzt \u00fcber die ganze Eisfl\u00e4che &#8211; guter Schuss. Howies gelb &#8211; leuchtende Flasche bietet mit dem aufgedruckten Logo eine perfekte Zielscheibe f\u00fcr alle Torj\u00e4ger. \u00a0 Unsere Flaschen werden aus leichtem Plastik (100% BPA frei) hergestellt und tragen einen robusten Gummideckel, um eine [...]","og_url":"https:\/\/gethowies.com\/de\/produkt\/howies-water-bottle\/","og_site_name":"Howies Hockey Deutschland","article_modified_time":"2018-08-28T09:24:18+00:00","twitter_card":"summary_large_image","schema":{"@context":"https:\/\/schema.org","@graph":[{"@type":"WebPage","@id":"https:\/\/gethowies.com\/de\/produkt\/howies-water-bottle\/","url":"https:\/\/gethowies.com\/de\/produkt\/howies-water-bottle\/","name":"Howies Trinkflasche - Howies Hockey Deutschland","isPartOf":{"@id":"https:\/\/gethowies.com\/de\/#website"},"datePublished":"2017-03-13T19:22:26+00:00","dateModified":"2018-08-28T09:24:18+00:00","breadcrumb":{"@id":"https:\/\/gethowies.com\/de\/produkt\/howies-water-bottle\/#breadcrumb"},"inLanguage":"de","potentialAction":[{"@type":"ReadAction","target":["https:\/\/gethowies.com\/de\/produkt\/howies-water-bottle\/"]}]},{"@type":"BreadcrumbList","@id":"https:\/\/gethowies.com\/de\/produkt\/howies-water-bottle\/#breadcrumb","itemListElement":[{"@type":"ListItem","position":1,"name":"Hem","item":"https:\/\/gethowies.com\/de\/"},{"@type":"ListItem","position":2,"name":"Shop","item":"https:\/\/gethowies.com\/de\/shop\/"},{"@type":"ListItem","position":3,"name":"Howies Trinkflasche"}]},{"@type":"WebSite","@id":"https:\/\/gethowies.com\/de\/#website","url":"https:\/\/gethowies.com\/de\/","name":"Howies Hockey Deutschland","description":"","potentialAction":[{"@type":"SearchAction","target":{"@type":"EntryPoint","urlTemplate":"https:\/\/gethowies.com\/de\/?s={search_term_string}"},"query-input":{"@type":"PropertyValueSpecification","valueRequired":true,"valueName":"search_term_string"}}],"inLanguage":"de"}]}},"_links":{"self":[{"href":"https:\/\/gethowies.com\/de\/wp-json\/wp\/v2\/product\/823","targetHints":{"allow":["GET"]}}],"collection":[{"href":"https:\/\/gethowies.com\/de\/wp-json\/wp\/v2\/product"}],"about":[{"href":"https:\/\/gethowies.com\/de\/wp-json\/wp\/v2\/types\/product"}],"replies":[{"embeddable":true,"href":"https:\/\/gethowies.com\/de\/wp-json\/wp\/v2\/comments?post=823"}],"wp:attachment":[{"href":"https:\/\/gethowies.com\/de\/wp-json\/wp\/v2\/media?parent=823"}],"wp:term":[{"taxonomy":"product_brand","embeddable":true,"href":"https:\/\/gethowies.com\/de\/wp-json\/wp\/v2\/product_brand?post=823"},{"taxonomy":"product_cat","embeddable":true,"href":"https:\/\/gethowies.com\/de\/wp-json\/wp\/v2\/product_cat?post=823"},{"taxonomy":"product_tag","embeddable":true,"href":"https:\/\/gethowies.com\/de\/wp-json\/wp\/v2\/product_tag?post=823"}],"curies":[{"name":"wp","href":"https:\/\/api.w.org\/{rel}","templated":true}]}}