{"id":843,"date":"2017-03-15T12:37:15","date_gmt":"2017-03-15T12:37:15","guid":{"rendered":"http:\/\/hockeylife.de\/produkt\/howies-bryne-medium\/"},"modified":"2017-03-15T12:37:15","modified_gmt":"2017-03-15T12:37:15","slug":"howies-bryne-medium","status":"publish","type":"product","link":"https:\/\/gethowies.com\/de\/produkt\/howies-bryne-medium\/","title":{"rendered":"Howies Bryne Medium"},"content":{"rendered":"<p>F\u00f6r att f\u00e5 det perfekt beh\u00f6ver du ibland finslipa det sj\u00e4lv. Det \u00e4r h\u00e4r Howies bryne kommer in perfekt. Att sk\u00f6ta sin utrustning \u00e4r viktigt.. Du \u00e4r spelar typen som vet att f\u00f6r att f\u00e5 ut maximalt av skridskorna beh\u00f6ver skenan underh\u00e5llas kontinuerligt. Howies Bryne MEDIUM tar bort st\u00f6rre jack och repor i skenan.<\/p>\n<div><\/div>\n<div>\n<ul style=\"margin-top: 10px;margin-bottom: 10px;padding-left: 20px;font-family: Helvetica, Arial, sans-serif;font-size: 12px;font-style: normal;line-height: inherit;list-style-type: disc;color: #5b5b5b\">\n<li style=\"margin-bottom: 5px;font-size: inherit;font-variant: inherit;line-height: inherit\">Contains premium silicon carbide abrasive<\/li>\n<li style=\"margin-bottom: 5px;font-size: inherit;font-variant: inherit;line-height: inherit\">Quick cutting action<\/li>\n<li style=\"margin-bottom: 5px;font-size: inherit;font-variant: inherit;line-height: inherit\">Uses industry leading vitrified bond technology<\/li>\n<li style=\"margin-bottom: 5px;font-size: inherit;font-variant: inherit;line-height: inherit\"><span style=\"font-variant: inherit;line-height: inherit\"><span style=\"font-family: arial, helvetica, sans-serif;font-size: inherit;font-variant: inherit;line-height: inherit\"><span style=\"font-size: inherit;font-variant: inherit;line-height: 13.800000190734863px\">For major de-burring and repairing damaged edges<\/span><\/span><\/span><\/li>\n<\/ul>\n<\/div>\n","protected":false},"excerpt":{"rendered":"<p>F\u00f6r att f\u00e5 det perfekt beh\u00f6ver du ibland finslipa det sj\u00e4lv. Det \u00e4r h\u00e4r Howies bryne kommer in perfekt. Att sk\u00f6ta sin utrustning \u00e4r viktigt.. Du \u00e4r spelar typen som vet att f\u00f6r att f\u00e5 ut maximalt av skridskorna beh\u00f6ver skenan underh\u00e5llas kontinuerligt. Howies Bryne MEDIUM tar bort st\u00f6rre jack och repor i skenan.<\/p>\n","protected":false},"featured_media":0,"comment_status":"closed","ping_status":"closed","template":"","meta":{"inline_featured_image":false},"product_brand":[],"product_cat":[120],"product_tag":[],"class_list":{"0":"post-843","1":"product","2":"type-product","3":"status-publish","5":"product_cat-sharpening-supplies","7":"first","8":"outofstock","9":"shipping-taxable","10":"purchasable","11":"product-type-simple"},"yoast_head":"<!-- This site is optimized with the Yoast SEO plugin v27.4 - https:\/\/yoast.com\/product\/yoast-seo-wordpress\/ -->\n<title>Howies Bryne Medium - Howies Hockey Deutschland<\/title>\n<meta name=\"robots\" content=\"index, follow, max-snippet:-1, max-image-preview:large, max-video-preview:-1\" \/>\n<link rel=\"canonical\" href=\"https:\/\/gethowies.com\/de\/produkt\/howies-bryne-medium\/\" \/>\n<meta property=\"og:locale\" content=\"de_DE\" \/>\n<meta property=\"og:type\" content=\"article\" \/>\n<meta property=\"og:title\" content=\"Howies Bryne Medium - Howies Hockey Deutschland\" \/>\n<meta property=\"og:description\" content=\"F\u00f6r att f\u00e5 det perfekt beh\u00f6ver du ibland finslipa det sj\u00e4lv. Det \u00e4r h\u00e4r Howies bryne kommer in perfekt. Att sk\u00f6ta sin utrustning \u00e4r viktigt.. Du \u00e4r spelar typen som vet att f\u00f6r att f\u00e5 ut maximalt av skridskorna beh\u00f6ver skenan underh\u00e5llas kontinuerligt. Howies Bryne MEDIUM tar bort st\u00f6rre jack och repor i skenan.\" \/>\n<meta property=\"og:url\" content=\"https:\/\/gethowies.com\/de\/produkt\/howies-bryne-medium\/\" \/>\n<meta property=\"og:site_name\" content=\"Howies Hockey Deutschland\" \/>\n<meta name=\"twitter:card\" content=\"summary_large_image\" \/>\n<script type=\"application\/ld+json\" class=\"yoast-schema-graph\">{\"@context\":\"https:\\\/\\\/schema.org\",\"@graph\":[{\"@type\":\"WebPage\",\"@id\":\"https:\\\/\\\/gethowies.com\\\/de\\\/produkt\\\/howies-bryne-medium\\\/\",\"url\":\"https:\\\/\\\/gethowies.com\\\/de\\\/produkt\\\/howies-bryne-medium\\\/\",\"name\":\"Howies Bryne Medium - Howies Hockey Deutschland\",\"isPartOf\":{\"@id\":\"https:\\\/\\\/gethowies.com\\\/de\\\/#website\"},\"datePublished\":\"2017-03-15T12:37:15+00:00\",\"breadcrumb\":{\"@id\":\"https:\\\/\\\/gethowies.com\\\/de\\\/produkt\\\/howies-bryne-medium\\\/#breadcrumb\"},\"inLanguage\":\"de\",\"potentialAction\":[{\"@type\":\"ReadAction\",\"target\":[\"https:\\\/\\\/gethowies.com\\\/de\\\/produkt\\\/howies-bryne-medium\\\/\"]}]},{\"@type\":\"BreadcrumbList\",\"@id\":\"https:\\\/\\\/gethowies.com\\\/de\\\/produkt\\\/howies-bryne-medium\\\/#breadcrumb\",\"itemListElement\":[{\"@type\":\"ListItem\",\"position\":1,\"name\":\"Hem\",\"item\":\"https:\\\/\\\/gethowies.com\\\/de\\\/\"},{\"@type\":\"ListItem\",\"position\":2,\"name\":\"Shop\",\"item\":\"https:\\\/\\\/gethowies.com\\\/de\\\/shop\\\/\"},{\"@type\":\"ListItem\",\"position\":3,\"name\":\"Howies Bryne Medium\"}]},{\"@type\":\"WebSite\",\"@id\":\"https:\\\/\\\/gethowies.com\\\/de\\\/#website\",\"url\":\"https:\\\/\\\/gethowies.com\\\/de\\\/\",\"name\":\"Howies Hockey Deutschland\",\"description\":\"\",\"potentialAction\":[{\"@type\":\"SearchAction\",\"target\":{\"@type\":\"EntryPoint\",\"urlTemplate\":\"https:\\\/\\\/gethowies.com\\\/de\\\/?s={search_term_string}\"},\"query-input\":{\"@type\":\"PropertyValueSpecification\",\"valueRequired\":true,\"valueName\":\"search_term_string\"}}],\"inLanguage\":\"de\"}]}<\/script>\n<!-- \/ Yoast SEO plugin. -->","yoast_head_json":{"title":"Howies Bryne Medium - Howies Hockey Deutschland","robots":{"index":"index","follow":"follow","max-snippet":"max-snippet:-1","max-image-preview":"max-image-preview:large","max-video-preview":"max-video-preview:-1"},"canonical":"https:\/\/gethowies.com\/de\/produkt\/howies-bryne-medium\/","og_locale":"de_DE","og_type":"article","og_title":"Howies Bryne Medium - Howies Hockey Deutschland","og_description":"F\u00f6r att f\u00e5 det perfekt beh\u00f6ver du ibland finslipa det sj\u00e4lv. Det \u00e4r h\u00e4r Howies bryne kommer in perfekt. Att sk\u00f6ta sin utrustning \u00e4r viktigt.. Du \u00e4r spelar typen som vet att f\u00f6r att f\u00e5 ut maximalt av skridskorna beh\u00f6ver skenan underh\u00e5llas kontinuerligt. Howies Bryne MEDIUM tar bort st\u00f6rre jack och repor i skenan.","og_url":"https:\/\/gethowies.com\/de\/produkt\/howies-bryne-medium\/","og_site_name":"Howies Hockey Deutschland","twitter_card":"summary_large_image","schema":{"@context":"https:\/\/schema.org","@graph":[{"@type":"WebPage","@id":"https:\/\/gethowies.com\/de\/produkt\/howies-bryne-medium\/","url":"https:\/\/gethowies.com\/de\/produkt\/howies-bryne-medium\/","name":"Howies Bryne Medium - Howies Hockey Deutschland","isPartOf":{"@id":"https:\/\/gethowies.com\/de\/#website"},"datePublished":"2017-03-15T12:37:15+00:00","breadcrumb":{"@id":"https:\/\/gethowies.com\/de\/produkt\/howies-bryne-medium\/#breadcrumb"},"inLanguage":"de","potentialAction":[{"@type":"ReadAction","target":["https:\/\/gethowies.com\/de\/produkt\/howies-bryne-medium\/"]}]},{"@type":"BreadcrumbList","@id":"https:\/\/gethowies.com\/de\/produkt\/howies-bryne-medium\/#breadcrumb","itemListElement":[{"@type":"ListItem","position":1,"name":"Hem","item":"https:\/\/gethowies.com\/de\/"},{"@type":"ListItem","position":2,"name":"Shop","item":"https:\/\/gethowies.com\/de\/shop\/"},{"@type":"ListItem","position":3,"name":"Howies Bryne Medium"}]},{"@type":"WebSite","@id":"https:\/\/gethowies.com\/de\/#website","url":"https:\/\/gethowies.com\/de\/","name":"Howies Hockey Deutschland","description":"","potentialAction":[{"@type":"SearchAction","target":{"@type":"EntryPoint","urlTemplate":"https:\/\/gethowies.com\/de\/?s={search_term_string}"},"query-input":{"@type":"PropertyValueSpecification","valueRequired":true,"valueName":"search_term_string"}}],"inLanguage":"de"}]}},"_links":{"self":[{"href":"https:\/\/gethowies.com\/de\/wp-json\/wp\/v2\/product\/843","targetHints":{"allow":["GET"]}}],"collection":[{"href":"https:\/\/gethowies.com\/de\/wp-json\/wp\/v2\/product"}],"about":[{"href":"https:\/\/gethowies.com\/de\/wp-json\/wp\/v2\/types\/product"}],"replies":[{"embeddable":true,"href":"https:\/\/gethowies.com\/de\/wp-json\/wp\/v2\/comments?post=843"}],"wp:attachment":[{"href":"https:\/\/gethowies.com\/de\/wp-json\/wp\/v2\/media?parent=843"}],"wp:term":[{"taxonomy":"product_brand","embeddable":true,"href":"https:\/\/gethowies.com\/de\/wp-json\/wp\/v2\/product_brand?post=843"},{"taxonomy":"product_cat","embeddable":true,"href":"https:\/\/gethowies.com\/de\/wp-json\/wp\/v2\/product_cat?post=843"},{"taxonomy":"product_tag","embeddable":true,"href":"https:\/\/gethowies.com\/de\/wp-json\/wp\/v2\/product_tag?post=843"}],"curies":[{"name":"wp","href":"https:\/\/api.w.org\/{rel}","templated":true}]}}