{"id":4724,"date":"2017-12-22T23:34:00","date_gmt":"2017-12-22T22:34:00","guid":{"rendered":"http:\/\/hockeylife.dk\/?page_id=4724"},"modified":"2017-12-22T23:34:00","modified_gmt":"2017-12-22T22:34:00","slug":"caps-med-logo","status":"publish","type":"page","link":"https:\/\/gethowies.com\/dk\/caps-med-logo\/","title":{"rendered":"Caps med logo"},"content":{"rendered":"\n  <div class=\"banner has-hover\" id=\"banner-1960464767\">\n          <div class=\"banner-inner fill\">\n        <div class=\"banner-bg fill\" >\n            <div class=\"bg fill bg-fill \"><\/div>\n                                    \n                    <\/div>\n\t\t\n        <div class=\"banner-layers container\">\n            <div class=\"fill banner-link\"><\/div>            \n   <div id=\"text-box-618208645\" class=\"text-box banner-layer x50 md-x50 lg-x50 y50 md-y50 lg-y50 res-text\">\n                                <div class=\"text-box-content text dark\">\n              \n              <div class=\"text-inner text-center\">\n                  \n<h3 class=\"uppercase\"><strong>caps med logo<\/strong><\/h3>\n              <\/div>\n           <\/div>\n                            \n<style>\n#text-box-618208645 {\n  width: 60%;\n}\n#text-box-618208645 .text-box-content {\n  font-size: 100%;\n}\n<\/style>\n    <\/div>\n \n        <\/div>\n      <\/div>\n\n            \n<style>\n#banner-1960464767 {\n  padding-top: 200px;\n  background-color: rgb(255, 255, 255);\n}\n#banner-1960464767 .bg.bg-loaded {\n  background-image: url(https:\/\/gethowies.com\/dk\/wp-content\/uploads\/sites\/6\/2017\/12\/hatsbanner-1024x279.jpg);\n}\n#banner-1960464767 .ux-shape-divider--top svg {\n  height: 150px;\n  --divider-top-width: 100%;\n}\n#banner-1960464767 .ux-shape-divider--bottom svg {\n  height: 150px;\n  --divider-width: 100%;\n}\n@media (min-width:550px) {\n  #banner-1960464767 {\n    padding-top: 300px;\n  }\n}\n<\/style>\n  <\/div>\n\n\n<div class=\"row\"  id=\"row-894846562\">\n\n\t<div id=\"col-364956634\" class=\"col medium-8 small-12 large-8\"  >\n\t\t\t\t<div class=\"col-inner\"  >\n\t\t\t\n\t\t\t\n<div class=\"container section-title-container\" ><h3 class=\"section-title section-title-normal\"><b><\/b><span class=\"section-title-main\" >caps med logo<\/span><b><\/b><\/h3><\/div>\n<p>Designa din egen keps, vi erbjuder kepsar och m\u00f6ssor med h\u00f6g kvalit\u00e9 till r\u00e4tt pris. Kontakta oss idag f\u00f6r att f\u00e5 en offert s\u00e5 \u00e5terkommer vi s\u00e5 snart vi kan.<\/p>\n<h5>KLUBBENS LOGOTYPE<\/h5>\n<p>Howies levererar kepsar och m\u00f6ssor till ett stort antal f\u00f6reningar i norden. Vi erbjuder alla modeller med stora anpassningsm\u00f6jligheter. Vi skapar er keps eller m\u00f6ssa helt efter era \u00f6nskem\u00e5l, passa p\u00e5 att g\u00f6ra kepsen eller m\u00f6ssan unik f\u00f6r er klubb. Ni kan v\u00e4lja mellan brodyr, patch eller tryck. Fr\u00e5n godk\u00e4nd korrektur tar det ca 14-20 dagar att tillverka er order innan den slutligen kan skickas till er.<\/p>\n<h2 class=\"uppercase\">priser<\/h2>\n<p>Kontakt venligst for priser.<\/p>\n<h2>BESTILLING<\/h2>\n<p>1. Send en e-mail til <u>info@hockeylife.se<\/u> med din ordre og inkluder f\u00f8lgende:\u00a0<br \/>\u2022 \u00a0Logotype\u00a0<br \/>\u2022 \u00a0Antallet af kasketter eller huer\u00a0<br \/>\u2022 \u00a0Kontaktinformation<\/p>\n<p>2. Vi gennemg\u00e5r din ordre og sender en ordrebekr\u00e6ftelse.<\/p>\n<h2>GUIDE TIL DESIGNET<\/h2>\n<p>\u2022 \u00a0Filen med designet skal gennemarbejdes via programmer som Adobe Illustrator eller Corel Draw. \u00a0<br \/>\u2022 \u00a0Filen skal gemmes i ai, cdr eller eps.<br \/>\u2022 \u00a0ilen m\u00e5 ikke indeholde billeder lavet p\u00e5 raster eller pixel.<\/p>\n<h2>BETINGELSER<\/h2>\n<p>Specialdesignede kasketter\/huer er et unikt produkt, betaling p\u00e5 forh\u00e5nd via kreditkort eller faktura er derfor n\u00f8dvendigt.<\/p>\n<h2>FRAGT<\/h2>\n<p>Fragtomkostninger vil blive vedlagt i ordrebekr\u00e6ftelsen via e-mail.<\/p>\n\t\t<\/div>\n\t\t\t\t\t<\/div>\n\n\t\n\n\t<div id=\"col-1872804804\" class=\"col medium-4 small-12 large-4\"  >\n\t\t\t\t<div class=\"col-inner\"  >\n\t\t\t\n\t\t\t\n<div class=\"container section-title-container\" ><h3 class=\"section-title section-title-normal\"><b><\/b><span class=\"section-title-main\" >kontakt os<\/span><b><\/b><\/h3><\/div>\n\n<div class=\"wpcf7 no-js\" id=\"wpcf7-f10-o1\" lang=\"sv-SE\" dir=\"ltr\" data-wpcf7-id=\"10\">\n<div class=\"screen-reader-response\"><p role=\"status\" aria-live=\"polite\" aria-atomic=\"true\"><\/p> <ul><\/ul><\/div>\n<form action=\"\/dk\/wp-json\/wp\/v2\/pages\/4724#wpcf7-f10-o1\" method=\"post\" class=\"wpcf7-form init\" aria-label=\"Kontaktformul\u00e4r\" novalidate=\"novalidate\" data-status=\"init\">\n<fieldset class=\"hidden-fields-container\"><input type=\"hidden\" name=\"_wpcf7\" value=\"10\" \/><input type=\"hidden\" name=\"_wpcf7_version\" value=\"6.1.5\" \/><input type=\"hidden\" name=\"_wpcf7_locale\" value=\"sv_SE\" \/><input type=\"hidden\" name=\"_wpcf7_unit_tag\" value=\"wpcf7-f10-o1\" \/><input type=\"hidden\" name=\"_wpcf7_container_post\" value=\"0\" \/><input type=\"hidden\" name=\"_wpcf7_posted_data_hash\" value=\"\" \/>\n<\/fieldset>\n<p><label> Dit navn*<br \/>\n<span class=\"wpcf7-form-control-wrap\" data-name=\"your-name\"><input size=\"40\" maxlength=\"400\" class=\"wpcf7-form-control wpcf7-text wpcf7-validates-as-required\" aria-required=\"true\" aria-invalid=\"false\" value=\"\" type=\"text\" name=\"your-name\" \/><\/span> <\/label>\n<\/p>\n<p><label> Din e-mail*<br \/>\n<span class=\"wpcf7-form-control-wrap\" data-name=\"your-email\"><input size=\"40\" maxlength=\"400\" class=\"wpcf7-form-control wpcf7-email wpcf7-validates-as-required wpcf7-text wpcf7-validates-as-email\" aria-required=\"true\" aria-invalid=\"false\" value=\"\" type=\"email\" name=\"your-email\" \/><\/span> <\/label>\n<\/p>\n<p><label> Indhold<br \/>\n<span class=\"wpcf7-form-control-wrap\" data-name=\"your-subject\"><input size=\"40\" maxlength=\"400\" class=\"wpcf7-form-control wpcf7-text\" aria-invalid=\"false\" value=\"\" type=\"text\" name=\"your-subject\" \/><\/span> <\/label>\n<\/p>\n<p><label> Hvordan kan vi hj\u00e6lpe dig?<br \/>\n<span class=\"wpcf7-form-control-wrap\" data-name=\"your-message\"><textarea cols=\"40\" rows=\"10\" maxlength=\"2000\" class=\"wpcf7-form-control wpcf7-textarea\" aria-invalid=\"false\" name=\"your-message\"><\/textarea><\/span> <\/label>\n<\/p>\n<div style=\"margin-bottom: 1em;\">\n\t<p>[recaptcha]\n\t<\/p>\n<\/div>\n<p><input class=\"wpcf7-form-control wpcf7-submit has-spinner\" type=\"submit\" value=\"Sende\" \/>\n<\/p><div class=\"wpcf7-response-output\" aria-hidden=\"true\"><\/div>\n<\/form>\n<\/div>\n\n\t\t<\/div>\n\t\t\t\t\t<\/div>\n\n\t\n<\/div>\n\t<section class=\"section\" id=\"section_1126959329\">\n\t\t<div class=\"bg section-bg fill bg-fill  bg-loaded\" >\n\n\t\t\t\n\t\t\t\n\t\t\t\n\n\t\t<\/div>\n\n\t\t\n\n\t\t<div class=\"section-content relative\">\n\t\t\t\n<div class=\"row align-center\"  id=\"row-223396088\">\n\n\t<div id=\"col-924046698\" class=\"col medium-6 small-12 large-6\"  >\n\t\t\t\t<div class=\"col-inner text-center\"  >\n\t\t\t\n\t\t\t\n\t<div id=\"gap-1473863775\" class=\"gap-element clearfix\" style=\"display:block; height:auto;\">\n\t\t\n<style>\n#gap-1473863775 {\n  padding-top: 36px;\n}\n<\/style>\n\t<\/div>\n\t\n<h2 class=\"uppercase\" style=\"text-align: center\"><span style=\"font-size: 130%\">MODELLER<\/span><\/h2>\n<div class=\"text-center\"><div class=\"is-divider divider clearfix\" style=\"margin-top:1.4em;margin-bottom:1.4em;max-width:50px;\"><\/div><\/div>\n\t\t<\/div>\n\t\t\t\t\t<\/div>\n\n\t\n<\/div>\n<div class=\"row row-small\"  id=\"row-1392734778\">\n\n\t<div id=\"col-1708730479\" class=\"col medium-4 small-12 large-4\"  >\n\t\t\t\t<div class=\"col-inner\"  >\n\t\t\t\n\t\t\t\n\n  <div class=\"banner has-hover bg-overlay-add\" id=\"banner-1625555524\">\n          <div class=\"banner-inner fill\">\n        <div class=\"banner-bg fill\" >\n            <div class=\"bg fill bg-fill \"><\/div>\n                        <div class=\"overlay\"><\/div>            \n                    <\/div>\n\t\t\n        <div class=\"banner-layers container\">\n            <div class=\"fill banner-link\"><\/div>            \n   <div id=\"text-box-926443233\" class=\"text-box banner-layer x50 md-x50 lg-x50 y50 md-y50 lg-y50 res-text\">\n       <div class=\"hover-zoom-in\">                         <div class=\"text-box-content text dark\">\n              \n              <div class=\"text-inner text-center\">\n                  \n<h2>LOCKER ROOM HAT<\/h2>\n<a class=\"button white is-link is-large\"  >\n    <span>view now<\/span>\n  <\/a>\n\n              <\/div>\n           <\/div>\n                     <\/div>       \n<style>\n#text-box-926443233 {\n  width: 60%;\n}\n#text-box-926443233 .text-box-content {\n  font-size: 100%;\n}\n<\/style>\n    <\/div>\n \n        <\/div>\n      <\/div>\n\n            \n<style>\n#banner-1625555524 {\n  padding-top: 360px;\n}\n#banner-1625555524 .bg.bg-loaded {\n  background-image: url(https:\/\/gethowies.com\/dk\/wp-content\/uploads\/sites\/6\/2017\/12\/hh-hat-1.jpg);\n}\n#banner-1625555524 .overlay {\n  background-color: rgba(254, 130, 108, 0.72);\n}\n#banner-1625555524 .bg {\n  background-position: 42% 38%;\n}\n#banner-1625555524 .ux-shape-divider--top svg {\n  height: 150px;\n  --divider-top-width: 100%;\n}\n#banner-1625555524 .ux-shape-divider--bottom svg {\n  height: 150px;\n  --divider-width: 100%;\n}\n<\/style>\n  <\/div>\n\n\n\t\t<\/div>\n\t\t\t\t\t<\/div>\n\n\t\n\n\t<div id=\"col-18060971\" class=\"col medium-4 small-12 large-4\"  >\n\t\t\t\t<div class=\"col-inner\"  >\n\t\t\t\n\t\t\t\n\n  <div class=\"banner has-hover bg-overlay-add\" id=\"banner-1574765904\">\n          <div class=\"banner-inner fill\">\n        <div class=\"banner-bg fill\" >\n            <div class=\"bg fill bg-fill \"><\/div>\n                        <div class=\"overlay\"><\/div>            \n                    <\/div>\n\t\t\n        <div class=\"banner-layers container\">\n            <div class=\"fill banner-link\"><\/div>            \n   <div id=\"text-box-665204256\" class=\"text-box banner-layer x50 md-x50 lg-x50 y50 md-y50 lg-y50 res-text\">\n       <div class=\"hover-zoom-in\">                         <div class=\"text-box-content text dark\">\n              \n              <div class=\"text-inner text-center\">\n                  \n<h2>WINTER CLASSIC BEANIE<\/h2>\n<a class=\"button white is-link is-large\"  >\n    <span>view now<\/span>\n  <\/a>\n\n              <\/div>\n           <\/div>\n                     <\/div>       \n<style>\n#text-box-665204256 {\n  width: 77%;\n}\n#text-box-665204256 .text-box-content {\n  font-size: 100%;\n}\n<\/style>\n    <\/div>\n \n        <\/div>\n      <\/div>\n\n            \n<style>\n#banner-1574765904 {\n  padding-top: 360px;\n}\n#banner-1574765904 .bg.bg-loaded {\n  background-image: url(https:\/\/gethowies.com\/dk\/wp-content\/uploads\/sites\/6\/2017\/02\/esh-beanie-870x1024.jpg);\n}\n#banner-1574765904 .overlay {\n  background-color: rgba(254, 130, 108, 0.72);\n}\n#banner-1574765904 .bg {\n  background-position: 51% 45%;\n}\n#banner-1574765904 .ux-shape-divider--top svg {\n  height: 150px;\n  --divider-top-width: 100%;\n}\n#banner-1574765904 .ux-shape-divider--bottom svg {\n  height: 150px;\n  --divider-width: 100%;\n}\n<\/style>\n  <\/div>\n\n\n\t\t<\/div>\n\t\t\t\t\t<\/div>\n\n\t\n\n\t<div id=\"col-204046589\" class=\"col medium-4 small-12 large-4\"  >\n\t\t\t\t<div class=\"col-inner\"  >\n\t\t\t\n\t\t\t\n\n  <div class=\"banner has-hover bg-overlay-add\" id=\"banner-108194215\">\n          <div class=\"banner-inner fill\">\n        <div class=\"banner-bg fill\" >\n            <div class=\"bg fill bg-fill \"><\/div>\n                        <div class=\"overlay\"><\/div>            \n                    <\/div>\n\t\t\n        <div class=\"banner-layers container\">\n            <div class=\"fill banner-link\"><\/div>            \n   <div id=\"text-box-469409557\" class=\"text-box banner-layer x50 md-x50 lg-x50 y50 md-y50 lg-y50 res-text\">\n       <div class=\"hover-zoom-in\">                         <div class=\"text-box-content text dark\">\n              \n              <div class=\"text-inner text-center\">\n                  \n<h2>SNAPBACK<\/h2>\n<a class=\"button white is-link is-large\"  >\n    <span>view now<\/span>\n  <\/a>\n\n              <\/div>\n           <\/div>\n                     <\/div>       \n<style>\n#text-box-469409557 {\n  width: 60%;\n}\n#text-box-469409557 .text-box-content {\n  font-size: 100%;\n}\n<\/style>\n    <\/div>\n \n        <\/div>\n      <\/div>\n\n            \n<style>\n#banner-108194215 {\n  padding-top: 360px;\n}\n#banner-108194215 .bg.bg-loaded {\n  background-image: url(https:\/\/gethowies.com\/dk\/wp-content\/uploads\/sites\/6\/2017\/07\/snapback-blue-1024x678.jpg);\n}\n#banner-108194215 .overlay {\n  background-color: rgba(254, 130, 108, 0.72);\n}\n#banner-108194215 .bg {\n  background-position: 42% 38%;\n}\n#banner-108194215 .ux-shape-divider--top svg {\n  height: 150px;\n  --divider-top-width: 100%;\n}\n#banner-108194215 .ux-shape-divider--bottom svg {\n  height: 150px;\n  --divider-width: 100%;\n}\n<\/style>\n  <\/div>\n\n\n\t\t<\/div>\n\t\t\t\t\t<\/div>\n\n\t\n<\/div>\n<div class=\"row align-center\"  id=\"row-2089394793\">\n\n\t<div id=\"col-465378420\" class=\"col medium-6 small-12 large-6\"  >\n\t\t\t\t<div class=\"col-inner text-center\"  >\n\t\t\t\n\t\t\t\n\t<div id=\"gap-2012976895\" class=\"gap-element clearfix\" style=\"display:block; height:auto;\">\n\t\t\n<style>\n#gap-2012976895 {\n  padding-top: 40px;\n}\n<\/style>\n\t<\/div>\n\t\n<a class=\"button white is-outline is-small\"  style=\"border-radius:99px;\">\n    <span>kontakt for priser<\/span>\n  <\/a>\n\n\t\t<\/div>\n\t\t\t\t\t<\/div>\n\n\t\n<\/div>\n\t\t<\/div>\n\n\t\t\n<style>\n#section_1126959329 {\n  padding-top: 42px;\n  padding-bottom: 42px;\n  background-color: rgb(255, 255, 255);\n}\n#section_1126959329 .ux-shape-divider--top svg {\n  height: 150px;\n  --divider-top-width: 100%;\n}\n#section_1126959329 .ux-shape-divider--bottom svg {\n  height: 150px;\n  --divider-width: 100%;\n}\n<\/style>\n\t<\/section>\n\t\n","protected":false},"excerpt":{"rendered":"","protected":false},"author":1,"featured_media":0,"parent":0,"menu_order":0,"comment_status":"closed","ping_status":"closed","template":"","meta":{"inline_featured_image":false,"footnotes":""},"class_list":["post-4724","page","type-page","status-publish","hentry"],"yoast_head":"<!-- This site is optimized with the Yoast SEO plugin v27.4 - https:\/\/yoast.com\/product\/yoast-seo-wordpress\/ -->\n<title>Caps med logo - Howies Hockey Danmark<\/title>\n<meta name=\"robots\" content=\"index, follow, max-snippet:-1, max-image-preview:large, max-video-preview:-1\" \/>\n<link rel=\"canonical\" href=\"https:\/\/gethowies.com\/dk\/caps-med-logo\/\" \/>\n<meta property=\"og:locale\" content=\"da_DK\" \/>\n<meta property=\"og:type\" content=\"article\" \/>\n<meta property=\"og:title\" content=\"Caps med logo - Howies Hockey Danmark\" \/>\n<meta property=\"og:url\" content=\"https:\/\/gethowies.com\/dk\/caps-med-logo\/\" \/>\n<meta property=\"og:site_name\" content=\"Howies Hockey Danmark\" \/>\n<meta name=\"twitter:card\" content=\"summary_large_image\" \/>\n<meta name=\"twitter:label1\" content=\"Estimeret l\u00e6setid\" \/>\n\t<meta name=\"twitter:data1\" content=\"2 minutter\" \/>\n<script type=\"application\/ld+json\" class=\"yoast-schema-graph\">{\"@context\":\"https:\\\/\\\/schema.org\",\"@graph\":[{\"@type\":\"WebPage\",\"@id\":\"https:\\\/\\\/gethowies.com\\\/dk\\\/caps-med-logo\\\/\",\"url\":\"https:\\\/\\\/gethowies.com\\\/dk\\\/caps-med-logo\\\/\",\"name\":\"Caps med logo - Howies Hockey Danmark\",\"isPartOf\":{\"@id\":\"https:\\\/\\\/gethowies.com\\\/dk\\\/#website\"},\"datePublished\":\"2017-12-22T22:34:00+00:00\",\"breadcrumb\":{\"@id\":\"https:\\\/\\\/gethowies.com\\\/dk\\\/caps-med-logo\\\/#breadcrumb\"},\"inLanguage\":\"da-DK\",\"potentialAction\":[{\"@type\":\"ReadAction\",\"target\":[\"https:\\\/\\\/gethowies.com\\\/dk\\\/caps-med-logo\\\/\"]}]},{\"@type\":\"BreadcrumbList\",\"@id\":\"https:\\\/\\\/gethowies.com\\\/dk\\\/caps-med-logo\\\/#breadcrumb\",\"itemListElement\":[{\"@type\":\"ListItem\",\"position\":1,\"name\":\"Hem\",\"item\":\"https:\\\/\\\/gethowies.com\\\/dk\\\/\"},{\"@type\":\"ListItem\",\"position\":2,\"name\":\"Caps med logo\"}]},{\"@type\":\"WebSite\",\"@id\":\"https:\\\/\\\/gethowies.com\\\/dk\\\/#website\",\"url\":\"https:\\\/\\\/gethowies.com\\\/dk\\\/\",\"name\":\"Howies Hockey Danmark\",\"description\":\"\",\"potentialAction\":[{\"@type\":\"SearchAction\",\"target\":{\"@type\":\"EntryPoint\",\"urlTemplate\":\"https:\\\/\\\/gethowies.com\\\/dk\\\/?s={search_term_string}\"},\"query-input\":{\"@type\":\"PropertyValueSpecification\",\"valueRequired\":true,\"valueName\":\"search_term_string\"}}],\"inLanguage\":\"da-DK\"}]}<\/script>\n<!-- \/ Yoast SEO plugin. -->","yoast_head_json":{"title":"Caps med logo - Howies Hockey Danmark","robots":{"index":"index","follow":"follow","max-snippet":"max-snippet:-1","max-image-preview":"max-image-preview:large","max-video-preview":"max-video-preview:-1"},"canonical":"https:\/\/gethowies.com\/dk\/caps-med-logo\/","og_locale":"da_DK","og_type":"article","og_title":"Caps med logo - Howies Hockey Danmark","og_url":"https:\/\/gethowies.com\/dk\/caps-med-logo\/","og_site_name":"Howies Hockey Danmark","twitter_card":"summary_large_image","twitter_misc":{"Estimeret l\u00e6setid":"2 minutter"},"schema":{"@context":"https:\/\/schema.org","@graph":[{"@type":"WebPage","@id":"https:\/\/gethowies.com\/dk\/caps-med-logo\/","url":"https:\/\/gethowies.com\/dk\/caps-med-logo\/","name":"Caps med logo - Howies Hockey Danmark","isPartOf":{"@id":"https:\/\/gethowies.com\/dk\/#website"},"datePublished":"2017-12-22T22:34:00+00:00","breadcrumb":{"@id":"https:\/\/gethowies.com\/dk\/caps-med-logo\/#breadcrumb"},"inLanguage":"da-DK","potentialAction":[{"@type":"ReadAction","target":["https:\/\/gethowies.com\/dk\/caps-med-logo\/"]}]},{"@type":"BreadcrumbList","@id":"https:\/\/gethowies.com\/dk\/caps-med-logo\/#breadcrumb","itemListElement":[{"@type":"ListItem","position":1,"name":"Hem","item":"https:\/\/gethowies.com\/dk\/"},{"@type":"ListItem","position":2,"name":"Caps med logo"}]},{"@type":"WebSite","@id":"https:\/\/gethowies.com\/dk\/#website","url":"https:\/\/gethowies.com\/dk\/","name":"Howies Hockey Danmark","description":"","potentialAction":[{"@type":"SearchAction","target":{"@type":"EntryPoint","urlTemplate":"https:\/\/gethowies.com\/dk\/?s={search_term_string}"},"query-input":{"@type":"PropertyValueSpecification","valueRequired":true,"valueName":"search_term_string"}}],"inLanguage":"da-DK"}]}},"_links":{"self":[{"href":"https:\/\/gethowies.com\/dk\/wp-json\/wp\/v2\/pages\/4724","targetHints":{"allow":["GET"]}}],"collection":[{"href":"https:\/\/gethowies.com\/dk\/wp-json\/wp\/v2\/pages"}],"about":[{"href":"https:\/\/gethowies.com\/dk\/wp-json\/wp\/v2\/types\/page"}],"author":[{"embeddable":true,"href":"https:\/\/gethowies.com\/dk\/wp-json\/wp\/v2\/users\/1"}],"replies":[{"embeddable":true,"href":"https:\/\/gethowies.com\/dk\/wp-json\/wp\/v2\/comments?post=4724"}],"version-history":[{"count":0,"href":"https:\/\/gethowies.com\/dk\/wp-json\/wp\/v2\/pages\/4724\/revisions"}],"wp:attachment":[{"href":"https:\/\/gethowies.com\/dk\/wp-json\/wp\/v2\/media?parent=4724"}],"curies":[{"name":"wp","href":"https:\/\/api.w.org\/{rel}","templated":true}]}}