{"id":5871,"date":"2018-05-23T21:05:55","date_gmt":"2018-05-23T20:05:55","guid":{"rendered":"https:\/\/hockeylife.dk\/?page_id=5871"},"modified":"2018-05-23T21:05:55","modified_gmt":"2018-05-23T20:05:55","slug":"behandling-af-data","status":"publish","type":"page","link":"https:\/\/gethowies.com\/dk\/behandling-af-data\/","title":{"rendered":"Behandling af data"},"content":{"rendered":"<div class=\"row\"  id=\"row-1790426716\">\n\n\t<div id=\"col-1095980113\" class=\"col small-12 large-12\"  >\n\t\t\t\t<div class=\"col-inner\"  >\n\t\t\t\n\t\t\t\n  <div id=\"page-header-843046562\" class=\"page-header-wrapper\">\n  <div class=\"page-title light simple-title\">\n\n    \n    <div class=\"page-title-inner container align-center text-center flex-row-col medium-flex-wrap\" >\n              <div class=\"title-wrapper uppercase is-xlarge flex-col\">\n          <h1 class=\"entry-title mb-0\">\n            Behandling af data          <\/h1>\n        <\/div>\n                    <div class=\"title-content flex-col\">\n        <div class=\"title-breadcrumbs pb-half pt-half\"><nav class=\"woocommerce-breadcrumb breadcrumbs uppercase\">Forside<\/nav><\/div>      <\/div>\n    <\/div>\n\n       <\/div>\n    <\/div>\n  \n<p class=\"uppercase\"><strong>Personlig data<\/strong><\/p>\n<p>I forbindelse med din online tilmeldelse og ved bestilling produkter p\u00e5 Howies Hockeys hjemmeside accepterer du ved lov, at vi gemmer og anvender dine oplysninger i vores forretning til at udf\u00f8re vores forpligtelse til dig. Howies Hockey (reg. nr 556.889-7994) beskytter dine personlige oplysninger i henhold til Databeskyttelsesloven.<\/p>\n<p class=\"p1\">Vi bruger kun dine oplysninger til f\u00f8lgende form\u00e5l:<\/p>\n<ul>\n<li class=\"p1\">Behandling &amp; levering af din ordre<\/li>\n<li class=\"p1\">Kommunikere med dig og yde kundesupport<\/li>\n<li class=\"p1\">Sende relevante oplysninger om produkter og kampagner<\/li>\n<\/ul>\n<div class=\"is-divider divider clearfix\" style=\"max-width:1150px;height:1px;background-color:rgb(0, 0, 0);\"><\/div>\n<p class=\"uppercase\"><strong>Oplysninger eller \u00e6ndringer af dine oplysninger<\/strong><\/p>\n<p>Det er altid din rettighed at se dine personlige oplysninger som er blevet registreret hos os. Hvis disse er forkerte eller ufuldst\u00e6ndige, har du ret til at f\u00e5 de relevante data enten rettet eller fjernet. Hvis du ikke \u00f8nsker at modtage informationer fra os, kan du nemt afmelde dig eller kontakte vores kundeservice her. Howies Hockey anvender krypteret dataoverf\u00f8rsel og er SSL-certificeret.<\/p>\n<p>Betaling og personlig information sker gennem sikre websteder. Hvis du er under 18 \u00e5r, skal du have dine for\u00e6ldrenes tilladelse f\u00f8r at du kan bestille produkter p\u00e5 Howies Hockey.<\/p>\n<div class=\"is-divider divider clearfix\" style=\"max-width:1150px;height:1px;background-color:rgb(0, 0, 0);\"><\/div>\n<p class=\"uppercase\"><strong>Hvilke informationer indsamler hockeylife.dk?<\/strong><\/p>\n<p>Vi indsamler kun relevante oplysninge, som du giver os, n\u00e5r du kontakter os, tilmelder dig vores nyhedsbrev eller ved bestiller vores produkter online. Cookies kan ogs\u00e5 indsamle oplysninger om dit bes\u00f8g, herunder blandt andet demografi, varigheden af \u200b\u200bsider eller sider bes\u00f8gt.<\/p>\n<div class=\"is-divider divider clearfix\" style=\"max-width:1150px;height:1px;background-color:rgb(0, 0, 0);\"><\/div>\n<p class=\"uppercase\"><strong>Tredje Parter<\/strong><\/p>\n<p>Howies Hockey kan dele kundeoplysninger med tredjeparter til at udf\u00f8re tjenesteydelser p\u00e5 vegne af vores kunder. Ingen personlige data vil blive fremsendt, \u00e6ndres eller offentligg\u00f8res uden for vores organisation eller vores p\u00e5lidelige partnere.<\/p>\n<div class=\"is-divider divider clearfix\" style=\"max-width:1150px;height:1px;background-color:rgb(0, 0, 0);\"><\/div>\n<p class=\"uppercase\"><strong>Bruger Hockeylife.dk cookies?<\/strong><\/p>\n<p>Hockeylife.dk bruger permanente og midlertidige cookies for den bedste brugeroplevelse p\u00e5 hjemmesiden.<\/p>\n<div class=\"is-divider divider clearfix\" style=\"max-width:1150px;height:1px;background-color:rgb(0, 0, 0);\"><\/div>\n<p class=\"uppercase\"><strong>Hvad er en cookie og hvad bruges den til?<\/strong><\/p>\n<p>En cookie er en lille tekstfil, der lagres p\u00e5 din computer og indeholder visse oplysninger. Cookies bruges udelukkende af tekniske \u00e5rsager relevant til hjemmesidens funktionalitet, s\u00e5som login, navigation og til at behandle formularer. Der findes to typer af cookies, en der gemmer en fil permanent p\u00e5 din computer, og en anden der er gemt midlertidigt, mens du befinder dig p\u00e5 vores hjemmeside.<\/p>\n<div class=\"is-divider divider clearfix\" style=\"max-width:1150px;height:1px;background-color:rgb(0, 0, 0);\"><\/div>\n<p class=\"uppercase\"><strong>Kan jeg undg\u00e5 cookies?<\/strong><\/p>\n<p>Hvis du ikke \u00f8nsker at der gemmes cookies p\u00e5 din computer, kan du deaktivere dette i din browsers indstillinger (se din web browser instruktioner, proceduren varierer nemlig afh\u00e6ngig af hvilken browser du bruger). Det betyder dog at funktionaliteten af \u200b\u200bhjemmesiden og relevante indk\u00f8b vil v\u00e6re begr\u00e6nset.<\/p>\n<div class=\"is-divider divider clearfix\" style=\"max-width:1150px;height:1px;background-color:rgb(0, 0, 0);\"><\/div>\n<p class=\"uppercase\"><strong>Opdateringer<\/strong><\/p>\n<p>Oplysninger p\u00e5 denne side kan blive opdateret fra tid til anden, og vi anbefaler, at brugere af hjemmesiden vender tilbage til dette afsnit ofte for at holde sig opdateret.<br \/>Alle opdateringer vil blive offentliggjort p\u00e5 denne side.<\/p>\n\t<div id=\"gap-15786650\" class=\"gap-element clearfix\" style=\"display:block; height:auto;\">\n\t\t\n<style>\n#gap-15786650 {\n  padding-top: 60px;\n}\n<\/style>\n\t<\/div>\n\t\n\t\t<\/div>\n\t\t\t\t\t<\/div>\n\n\t\n\n<style>\n#row-1790426716 > .col > .col-inner {\n  padding: 30px 0px 0px 0px;\n}\n<\/style>\n<\/div>\n","protected":false},"excerpt":{"rendered":"","protected":false},"author":1,"featured_media":0,"parent":0,"menu_order":0,"comment_status":"closed","ping_status":"closed","template":"","meta":{"inline_featured_image":false,"footnotes":""},"class_list":["post-5871","page","type-page","status-publish","hentry"],"yoast_head":"<!-- This site is optimized with the Yoast SEO plugin v27.4 - https:\/\/yoast.com\/product\/yoast-seo-wordpress\/ -->\n<title>Behandling af data - Howies Hockey Danmark<\/title>\n<meta name=\"robots\" content=\"index, follow, max-snippet:-1, max-image-preview:large, max-video-preview:-1\" \/>\n<link rel=\"canonical\" href=\"https:\/\/gethowies.com\/dk\/behandling-af-data\/\" \/>\n<meta property=\"og:locale\" content=\"da_DK\" \/>\n<meta property=\"og:type\" content=\"article\" \/>\n<meta property=\"og:title\" content=\"Behandling af data - Howies Hockey Danmark\" \/>\n<meta property=\"og:url\" content=\"https:\/\/gethowies.com\/dk\/behandling-af-data\/\" \/>\n<meta property=\"og:site_name\" content=\"Howies Hockey Danmark\" \/>\n<meta name=\"twitter:card\" content=\"summary_large_image\" \/>\n<meta name=\"twitter:label1\" content=\"Estimeret l\u00e6setid\" \/>\n\t<meta name=\"twitter:data1\" content=\"3 minutter\" \/>\n<script type=\"application\/ld+json\" class=\"yoast-schema-graph\">{\"@context\":\"https:\\\/\\\/schema.org\",\"@graph\":[{\"@type\":\"WebPage\",\"@id\":\"https:\\\/\\\/gethowies.com\\\/dk\\\/behandling-af-data\\\/\",\"url\":\"https:\\\/\\\/gethowies.com\\\/dk\\\/behandling-af-data\\\/\",\"name\":\"Behandling af data - Howies Hockey Danmark\",\"isPartOf\":{\"@id\":\"https:\\\/\\\/gethowies.com\\\/dk\\\/#website\"},\"datePublished\":\"2018-05-23T20:05:55+00:00\",\"breadcrumb\":{\"@id\":\"https:\\\/\\\/gethowies.com\\\/dk\\\/behandling-af-data\\\/#breadcrumb\"},\"inLanguage\":\"da-DK\",\"potentialAction\":[{\"@type\":\"ReadAction\",\"target\":[\"https:\\\/\\\/gethowies.com\\\/dk\\\/behandling-af-data\\\/\"]}]},{\"@type\":\"BreadcrumbList\",\"@id\":\"https:\\\/\\\/gethowies.com\\\/dk\\\/behandling-af-data\\\/#breadcrumb\",\"itemListElement\":[{\"@type\":\"ListItem\",\"position\":1,\"name\":\"Hem\",\"item\":\"https:\\\/\\\/gethowies.com\\\/dk\\\/\"},{\"@type\":\"ListItem\",\"position\":2,\"name\":\"Behandling af data\"}]},{\"@type\":\"WebSite\",\"@id\":\"https:\\\/\\\/gethowies.com\\\/dk\\\/#website\",\"url\":\"https:\\\/\\\/gethowies.com\\\/dk\\\/\",\"name\":\"Howies Hockey Danmark\",\"description\":\"\",\"potentialAction\":[{\"@type\":\"SearchAction\",\"target\":{\"@type\":\"EntryPoint\",\"urlTemplate\":\"https:\\\/\\\/gethowies.com\\\/dk\\\/?s={search_term_string}\"},\"query-input\":{\"@type\":\"PropertyValueSpecification\",\"valueRequired\":true,\"valueName\":\"search_term_string\"}}],\"inLanguage\":\"da-DK\"}]}<\/script>\n<!-- \/ Yoast SEO plugin. -->","yoast_head_json":{"title":"Behandling af data - Howies Hockey Danmark","robots":{"index":"index","follow":"follow","max-snippet":"max-snippet:-1","max-image-preview":"max-image-preview:large","max-video-preview":"max-video-preview:-1"},"canonical":"https:\/\/gethowies.com\/dk\/behandling-af-data\/","og_locale":"da_DK","og_type":"article","og_title":"Behandling af data - Howies Hockey Danmark","og_url":"https:\/\/gethowies.com\/dk\/behandling-af-data\/","og_site_name":"Howies Hockey Danmark","twitter_card":"summary_large_image","twitter_misc":{"Estimeret l\u00e6setid":"3 minutter"},"schema":{"@context":"https:\/\/schema.org","@graph":[{"@type":"WebPage","@id":"https:\/\/gethowies.com\/dk\/behandling-af-data\/","url":"https:\/\/gethowies.com\/dk\/behandling-af-data\/","name":"Behandling af data - Howies Hockey Danmark","isPartOf":{"@id":"https:\/\/gethowies.com\/dk\/#website"},"datePublished":"2018-05-23T20:05:55+00:00","breadcrumb":{"@id":"https:\/\/gethowies.com\/dk\/behandling-af-data\/#breadcrumb"},"inLanguage":"da-DK","potentialAction":[{"@type":"ReadAction","target":["https:\/\/gethowies.com\/dk\/behandling-af-data\/"]}]},{"@type":"BreadcrumbList","@id":"https:\/\/gethowies.com\/dk\/behandling-af-data\/#breadcrumb","itemListElement":[{"@type":"ListItem","position":1,"name":"Hem","item":"https:\/\/gethowies.com\/dk\/"},{"@type":"ListItem","position":2,"name":"Behandling af data"}]},{"@type":"WebSite","@id":"https:\/\/gethowies.com\/dk\/#website","url":"https:\/\/gethowies.com\/dk\/","name":"Howies Hockey Danmark","description":"","potentialAction":[{"@type":"SearchAction","target":{"@type":"EntryPoint","urlTemplate":"https:\/\/gethowies.com\/dk\/?s={search_term_string}"},"query-input":{"@type":"PropertyValueSpecification","valueRequired":true,"valueName":"search_term_string"}}],"inLanguage":"da-DK"}]}},"_links":{"self":[{"href":"https:\/\/gethowies.com\/dk\/wp-json\/wp\/v2\/pages\/5871","targetHints":{"allow":["GET"]}}],"collection":[{"href":"https:\/\/gethowies.com\/dk\/wp-json\/wp\/v2\/pages"}],"about":[{"href":"https:\/\/gethowies.com\/dk\/wp-json\/wp\/v2\/types\/page"}],"author":[{"embeddable":true,"href":"https:\/\/gethowies.com\/dk\/wp-json\/wp\/v2\/users\/1"}],"replies":[{"embeddable":true,"href":"https:\/\/gethowies.com\/dk\/wp-json\/wp\/v2\/comments?post=5871"}],"version-history":[{"count":0,"href":"https:\/\/gethowies.com\/dk\/wp-json\/wp\/v2\/pages\/5871\/revisions"}],"wp:attachment":[{"href":"https:\/\/gethowies.com\/dk\/wp-json\/wp\/v2\/media?parent=5871"}],"curies":[{"name":"wp","href":"https:\/\/api.w.org\/{rel}","templated":true}]}}