{"id":857,"date":"2017-03-15T13:34:40","date_gmt":"2017-03-15T13:34:40","guid":{"rendered":"http:\/\/hockeylife.dk\/?page_id=857"},"modified":"2017-03-15T13:34:40","modified_gmt":"2017-03-15T13:34:40","slug":"forhandlere","status":"publish","type":"page","link":"https:\/\/gethowies.com\/dk\/forhandlere\/","title":{"rendered":"Forhandlere"},"content":{"rendered":"  <div id=\"page-header-2019987581\" class=\"page-header-wrapper\">\n  <div class=\"page-title light simple-title\">\n\n    \n    <div class=\"page-title-inner container align-center text-center flex-row-col medium-flex-wrap\" >\n              <div class=\"title-wrapper uppercase is-xlarge flex-col\">\n          <h1 class=\"entry-title mb-0\">\n            forhandlere          <\/h1>\n        <\/div>\n                    <div class=\"title-content flex-col\">\n        <div class=\"title-breadcrumbs pb-half pt-half\"><nav class=\"woocommerce-breadcrumb breadcrumbs uppercase\">Forside<\/nav><\/div>      <\/div>\n    <\/div>\n\n       <\/div>\n    <\/div>\n  \n<div class=\"row row-large\"  id=\"row-352807661\">\n\n\t<div id=\"col-2117031375\" class=\"col medium-6 small-12 large-6\"  >\n\t\t\t\t<div class=\"col-inner\"  >\n\t\t\t\n\t\t\t\n<div class=\"container section-title-container\" ><h3 class=\"section-title section-title-normal\"><b><\/b><span class=\"section-title-main\" >Howies I din butik<\/span><b><\/b><\/h3><\/div>\n<p class=\"p1\">Howies leverer til de f\u00f8rende sportsbutikker i Sverige, Norge, Danmark og rundt omkring i hele Europa. Vi tilbyder gode tilbud og rabatter p\u00e5 vores produkter, sammen med markedets bredeste udvalg af hockeytape, sn\u00f8reb\u00e5nd og tilbeh\u00f8r. Derudover vil vi g\u00f8re alt for at din oplevelse hos os er intet andet end i top. Dette er nogle af de fordele du opn\u00e5r ved, at k\u00f8be hos Howies:<\/p>\n<ul class=\"ul1\">\n<li class=\"li1\">Den bedste produktkvalitet i verden<\/li>\n<li class=\"li1\">De bedste priser<\/li>\n<li class=\"li1\">Kundeservice d\u00f8gnet rundt<\/li>\n<li class=\"li1\">Velkendt brand<\/li>\n<\/ul>\n<p class=\"p3\"><b>HVORDAN KOMMER JEG IGANG? <\/b><\/p>\n<p class=\"p1\">Vi sammens\u00e6tter et opl\u00e6g med priser, samt information om alle vores produkter til jer. Kontakt os venligst via e-mail eller p\u00e5 telefon.<\/p>\n<p class=\"p1\"><b>EMAIL: INFO@HOWIES.SE\u00a0<\/b><\/p>\n<p class=\"p1\"><b>PHONE: +46735444276<\/b><\/p>\n\t\t<\/div>\n\t\t\t\t\t<\/div>\n\n\t\n\n\t<div id=\"col-62740745\" class=\"col medium-6 small-12 large-6\"  >\n\t\t\t\t<div class=\"col-inner\"  >\n\t\t\t\n\t\t\t\n<div class=\"container section-title-container\" ><h3 class=\"section-title section-title-normal\"><b><\/b><span class=\"section-title-main\" >kontakt os<\/span><b><\/b><\/h3><\/div>\n\n<div class=\"wpcf7 no-js\" id=\"wpcf7-f10-o1\" lang=\"sv-SE\" dir=\"ltr\" data-wpcf7-id=\"10\">\n<div class=\"screen-reader-response\"><p role=\"status\" aria-live=\"polite\" aria-atomic=\"true\"><\/p> <ul><\/ul><\/div>\n<form action=\"\/dk\/wp-json\/wp\/v2\/pages\/857#wpcf7-f10-o1\" method=\"post\" class=\"wpcf7-form init\" aria-label=\"Kontaktformul\u00e4r\" novalidate=\"novalidate\" data-status=\"init\">\n<fieldset class=\"hidden-fields-container\"><input type=\"hidden\" name=\"_wpcf7\" value=\"10\" \/><input type=\"hidden\" name=\"_wpcf7_version\" value=\"6.1.5\" \/><input type=\"hidden\" name=\"_wpcf7_locale\" value=\"sv_SE\" \/><input type=\"hidden\" name=\"_wpcf7_unit_tag\" value=\"wpcf7-f10-o1\" \/><input type=\"hidden\" name=\"_wpcf7_container_post\" value=\"0\" \/><input type=\"hidden\" name=\"_wpcf7_posted_data_hash\" value=\"\" \/>\n<\/fieldset>\n<p><label> Dit navn*<br \/>\n<span class=\"wpcf7-form-control-wrap\" data-name=\"your-name\"><input size=\"40\" maxlength=\"400\" class=\"wpcf7-form-control wpcf7-text wpcf7-validates-as-required\" aria-required=\"true\" aria-invalid=\"false\" value=\"\" type=\"text\" name=\"your-name\" \/><\/span> <\/label>\n<\/p>\n<p><label> Din e-mail*<br \/>\n<span class=\"wpcf7-form-control-wrap\" data-name=\"your-email\"><input size=\"40\" maxlength=\"400\" class=\"wpcf7-form-control wpcf7-email wpcf7-validates-as-required wpcf7-text wpcf7-validates-as-email\" aria-required=\"true\" aria-invalid=\"false\" value=\"\" type=\"email\" name=\"your-email\" \/><\/span> <\/label>\n<\/p>\n<p><label> Indhold<br \/>\n<span class=\"wpcf7-form-control-wrap\" data-name=\"your-subject\"><input size=\"40\" maxlength=\"400\" class=\"wpcf7-form-control wpcf7-text\" aria-invalid=\"false\" value=\"\" type=\"text\" name=\"your-subject\" \/><\/span> <\/label>\n<\/p>\n<p><label> Hvordan kan vi hj\u00e6lpe dig?<br \/>\n<span class=\"wpcf7-form-control-wrap\" data-name=\"your-message\"><textarea cols=\"40\" rows=\"10\" maxlength=\"2000\" class=\"wpcf7-form-control wpcf7-textarea\" aria-invalid=\"false\" name=\"your-message\"><\/textarea><\/span> <\/label>\n<\/p>\n<div style=\"margin-bottom: 1em;\">\n\t<p>[recaptcha]\n\t<\/p>\n<\/div>\n<p><input class=\"wpcf7-form-control wpcf7-submit has-spinner\" type=\"submit\" value=\"Sende\" \/>\n<\/p><div class=\"wpcf7-response-output\" aria-hidden=\"true\"><\/div>\n<\/form>\n<\/div>\n\n\t\t<\/div>\n\t\t\t\t\t<\/div>\n\n\t\n<\/div>\n","protected":false},"excerpt":{"rendered":"","protected":false},"author":1,"featured_media":0,"parent":0,"menu_order":0,"comment_status":"closed","ping_status":"closed","template":"","meta":{"inline_featured_image":false,"footnotes":""},"class_list":["post-857","page","type-page","status-publish","hentry"],"yoast_head":"<!-- This site is optimized with the Yoast SEO plugin v27.5 - https:\/\/yoast.com\/product\/yoast-seo-wordpress\/ -->\n<title>Forhandlere - Howies Hockey Danmark<\/title>\n<meta name=\"description\" content=\"Vill du bli \u00e5terf\u00f6rs\u00e4ljare av Howies produkter? Vi \u00e4r den officiella leverant\u00f6ren av Howies Hockey produkter i Sverige och erbjuder ett enormt sortiment av hockeytejp, skridskosn\u00f6ren, stick wax etc.\" \/>\n<meta name=\"robots\" content=\"index, follow, max-snippet:-1, max-image-preview:large, max-video-preview:-1\" \/>\n<link rel=\"canonical\" href=\"https:\/\/gethowies.com\/dk\/forhandlere\/\" \/>\n<meta property=\"og:locale\" content=\"da_DK\" \/>\n<meta property=\"og:type\" content=\"article\" \/>\n<meta property=\"og:title\" content=\"Forhandlere - Howies Hockey Danmark\" \/>\n<meta property=\"og:description\" content=\"Vill du bli \u00e5terf\u00f6rs\u00e4ljare av Howies produkter? Vi \u00e4r den officiella leverant\u00f6ren av Howies Hockey produkter i Sverige och erbjuder ett enormt sortiment av hockeytejp, skridskosn\u00f6ren, stick wax etc.\" \/>\n<meta property=\"og:url\" content=\"https:\/\/gethowies.com\/dk\/forhandlere\/\" \/>\n<meta property=\"og:site_name\" content=\"Howies Hockey Danmark\" \/>\n<meta name=\"twitter:card\" content=\"summary_large_image\" \/>\n<meta name=\"twitter:label1\" content=\"Estimeret l\u00e6setid\" \/>\n\t<meta name=\"twitter:data1\" content=\"1 minut\" \/>\n<script type=\"application\/ld+json\" class=\"yoast-schema-graph\">{\"@context\":\"https:\\\/\\\/schema.org\",\"@graph\":[{\"@type\":\"WebPage\",\"@id\":\"https:\\\/\\\/gethowies.com\\\/dk\\\/forhandlere\\\/\",\"url\":\"https:\\\/\\\/gethowies.com\\\/dk\\\/forhandlere\\\/\",\"name\":\"Forhandlere - Howies Hockey Danmark\",\"isPartOf\":{\"@id\":\"https:\\\/\\\/gethowies.com\\\/dk\\\/#website\"},\"datePublished\":\"2017-03-15T13:34:40+00:00\",\"description\":\"Vill du bli \u00e5terf\u00f6rs\u00e4ljare av Howies produkter? Vi \u00e4r den officiella leverant\u00f6ren av Howies Hockey produkter i Sverige och erbjuder ett enormt sortiment av hockeytejp, skridskosn\u00f6ren, stick wax etc.\",\"breadcrumb\":{\"@id\":\"https:\\\/\\\/gethowies.com\\\/dk\\\/forhandlere\\\/#breadcrumb\"},\"inLanguage\":\"da-DK\",\"potentialAction\":[{\"@type\":\"ReadAction\",\"target\":[\"https:\\\/\\\/gethowies.com\\\/dk\\\/forhandlere\\\/\"]}]},{\"@type\":\"BreadcrumbList\",\"@id\":\"https:\\\/\\\/gethowies.com\\\/dk\\\/forhandlere\\\/#breadcrumb\",\"itemListElement\":[{\"@type\":\"ListItem\",\"position\":1,\"name\":\"Hem\",\"item\":\"https:\\\/\\\/gethowies.com\\\/dk\\\/\"},{\"@type\":\"ListItem\",\"position\":2,\"name\":\"Forhandlere\"}]},{\"@type\":\"WebSite\",\"@id\":\"https:\\\/\\\/gethowies.com\\\/dk\\\/#website\",\"url\":\"https:\\\/\\\/gethowies.com\\\/dk\\\/\",\"name\":\"Howies Hockey Danmark\",\"description\":\"\",\"potentialAction\":[{\"@type\":\"SearchAction\",\"target\":{\"@type\":\"EntryPoint\",\"urlTemplate\":\"https:\\\/\\\/gethowies.com\\\/dk\\\/?s={search_term_string}\"},\"query-input\":{\"@type\":\"PropertyValueSpecification\",\"valueRequired\":true,\"valueName\":\"search_term_string\"}}],\"inLanguage\":\"da-DK\"}]}<\/script>\n<!-- \/ Yoast SEO plugin. -->","yoast_head_json":{"title":"Forhandlere - Howies Hockey Danmark","description":"Vill du bli \u00e5terf\u00f6rs\u00e4ljare av Howies produkter? Vi \u00e4r den officiella leverant\u00f6ren av Howies Hockey produkter i Sverige och erbjuder ett enormt sortiment av hockeytejp, skridskosn\u00f6ren, stick wax etc.","robots":{"index":"index","follow":"follow","max-snippet":"max-snippet:-1","max-image-preview":"max-image-preview:large","max-video-preview":"max-video-preview:-1"},"canonical":"https:\/\/gethowies.com\/dk\/forhandlere\/","og_locale":"da_DK","og_type":"article","og_title":"Forhandlere - Howies Hockey Danmark","og_description":"Vill du bli \u00e5terf\u00f6rs\u00e4ljare av Howies produkter? Vi \u00e4r den officiella leverant\u00f6ren av Howies Hockey produkter i Sverige och erbjuder ett enormt sortiment av hockeytejp, skridskosn\u00f6ren, stick wax etc.","og_url":"https:\/\/gethowies.com\/dk\/forhandlere\/","og_site_name":"Howies Hockey Danmark","twitter_card":"summary_large_image","twitter_misc":{"Estimeret l\u00e6setid":"1 minut"},"schema":{"@context":"https:\/\/schema.org","@graph":[{"@type":"WebPage","@id":"https:\/\/gethowies.com\/dk\/forhandlere\/","url":"https:\/\/gethowies.com\/dk\/forhandlere\/","name":"Forhandlere - Howies Hockey Danmark","isPartOf":{"@id":"https:\/\/gethowies.com\/dk\/#website"},"datePublished":"2017-03-15T13:34:40+00:00","description":"Vill du bli \u00e5terf\u00f6rs\u00e4ljare av Howies produkter? Vi \u00e4r den officiella leverant\u00f6ren av Howies Hockey produkter i Sverige och erbjuder ett enormt sortiment av hockeytejp, skridskosn\u00f6ren, stick wax etc.","breadcrumb":{"@id":"https:\/\/gethowies.com\/dk\/forhandlere\/#breadcrumb"},"inLanguage":"da-DK","potentialAction":[{"@type":"ReadAction","target":["https:\/\/gethowies.com\/dk\/forhandlere\/"]}]},{"@type":"BreadcrumbList","@id":"https:\/\/gethowies.com\/dk\/forhandlere\/#breadcrumb","itemListElement":[{"@type":"ListItem","position":1,"name":"Hem","item":"https:\/\/gethowies.com\/dk\/"},{"@type":"ListItem","position":2,"name":"Forhandlere"}]},{"@type":"WebSite","@id":"https:\/\/gethowies.com\/dk\/#website","url":"https:\/\/gethowies.com\/dk\/","name":"Howies Hockey Danmark","description":"","potentialAction":[{"@type":"SearchAction","target":{"@type":"EntryPoint","urlTemplate":"https:\/\/gethowies.com\/dk\/?s={search_term_string}"},"query-input":{"@type":"PropertyValueSpecification","valueRequired":true,"valueName":"search_term_string"}}],"inLanguage":"da-DK"}]}},"_links":{"self":[{"href":"https:\/\/gethowies.com\/dk\/wp-json\/wp\/v2\/pages\/857","targetHints":{"allow":["GET"]}}],"collection":[{"href":"https:\/\/gethowies.com\/dk\/wp-json\/wp\/v2\/pages"}],"about":[{"href":"https:\/\/gethowies.com\/dk\/wp-json\/wp\/v2\/types\/page"}],"author":[{"embeddable":true,"href":"https:\/\/gethowies.com\/dk\/wp-json\/wp\/v2\/users\/1"}],"replies":[{"embeddable":true,"href":"https:\/\/gethowies.com\/dk\/wp-json\/wp\/v2\/comments?post=857"}],"version-history":[{"count":0,"href":"https:\/\/gethowies.com\/dk\/wp-json\/wp\/v2\/pages\/857\/revisions"}],"wp:attachment":[{"href":"https:\/\/gethowies.com\/dk\/wp-json\/wp\/v2\/media?parent=857"}],"curies":[{"name":"wp","href":"https:\/\/api.w.org\/{rel}","templated":true}]}}