{"id":92,"date":"2013-08-11T19:22:53","date_gmt":"2013-08-11T19:22:53","guid":{"rendered":"http:\/\/localhost:8888\/test\/?page_id=532"},"modified":"2018-08-28T13:09:57","modified_gmt":"2018-08-28T11:09:57","slug":"kontakt-os","status":"publish","type":"page","link":"https:\/\/gethowies.com\/dk\/kontakt-os\/","title":{"rendered":"Kontakt os"},"content":{"rendered":"\n\t<script type=\"text\/javascript\">\n  jQuery( document ).ready(function() {\n    function initialize() {\n        var styles = {\n            'flatsome':  [{\n            \"featureType\": \"administrative\",\n            \"stylers\": [\n              { \"visibility\": \"on\" }\n            ]\n          },\n          {\n            \"featureType\": \"road\",\n            \"stylers\": [\n              { \"visibility\": \"on\" },\n              { \"hue\": \"\" }\n            ]\n          },\n          {\n            \"stylers\": [\n\t\t\t  { \"visibility\": \"on\" },\n\t\t\t  { \"hue\": \"\" },\n\t\t\t  { \"saturation\": -30 }\n            ]\n          }\n        ]};\n\n        var myLatlng = new google.maps.LatLng(57.681409, 11.907277);\n        var myOptions = {\n            zoom: 17,\n            center: myLatlng,\n            mapTypeId: google.maps.MapTypeId.ROADMAP,\n            disableDefaultUI: true,\n            mapTypeId: 'flatsome',\n            draggable: true,\n            zoomControl: false,\n            zoomControlOptions: {\n              position: google.maps.ControlPosition.TOP_LEFT\n            },\n      \t\t\t\/\/ panControl: false,\n            \/\/ panControlOptions: {\n            \/\/   position: google.maps.ControlPosition.TOP_LEFT\n            \/\/ },\n      \t\t\tmapTypeControl: false,\n            mapTypeControlOptions: {\n              position: google.maps.ControlPosition.TOP_LEFT\n            },\n      \t\t\t\/\/ scaleControl: false,\n            \/\/ scaleControlOptions: {\n            \/\/   position: google.maps.ControlPosition.TOP_LEFT\n            \/\/ },\n      \t\t\tstreetViewControl: false,\n            streetViewControlOptions: {\n              position: google.maps.ControlPosition.TOP_LEFT\n            },\n      \t\t\t\/\/ overviewMapControl: false,\n            \/\/ overviewMapControlOptions: {\n            \/\/   position: google.maps.ControlPosition.TOP_LEFT\n            \/\/ },\n            scrollwheel: false,\n            disableDoubleClickZoom: true\n        }\n        var map = new google.maps.Map(document.getElementById(\"map-3044310741-inner\"), myOptions);\n        var styledMapType = new google.maps.StyledMapType(styles['flatsome'], {name: 'flatsome'});\n        map.mapTypes.set('flatsome', styledMapType);\n\n        var marker = new google.maps.Marker({\n            position: myLatlng,\n            map: map,\n            title:\"\"\n        });\n    }\n\n    \/\/ Required to proceed\n    if (!(typeof google === 'object' && typeof google.maps === 'object')) {\n      return\n    }\n\n    initialize()\n    google.maps.event.addDomListener(window, 'resize', initialize);\n    });\n    <\/script>\n\n    <div class=\"google-map relative mb\" id=\"map-3044310741\">\n        <div class=\"map-height\" id=\"map-3044310741-inner\"><\/div>\n        <div id=\"map_overlay_top\"><\/div>\n        <div id=\"map_overlay_bottom\"><\/div>\n                  <div class=\"map_inner map-inner last-reset absolute x95 md-x95 lg-x95 y95 md-y95 lg-y95\">\n              \n<h3>Varholmsgatan 6, 414 74, G\u00f6teborg<\/h3>\n<p>Vi er \u00e5bne M\u00e5ndag \u2013 Fredag: 9:00 &#8211; 17:00<\/p>\n         <\/div>\n       \n       \n<style>\n#map-3044310741 .map-inner {\n  background-color: #fff;\n  max-width: 92%;\n}\n#map-3044310741 .map-height {\n  height: 300px;\n}\n@media (min-width:550px) {\n  #map-3044310741 .map-inner {\n    max-width: 41%;\n  }\n  #map-3044310741 .map-height {\n    height: 400px;\n  }\n}\n@media (min-width:850px) {\n  #map-3044310741 .map-inner {\n    max-width: 36%;\n  }\n}\n<\/style>\n    <\/div>\n\n\t\n<div class=\"row\"  id=\"row-445086625\">\n\n\t<div id=\"col-1108703494\" class=\"col medium-6 large-6\"  >\n\t\t\t\t<div class=\"col-inner\"  >\n\t\t\t\n\t\t\t\n<div class=\"container section-title-container\" ><h3 class=\"section-title section-title-normal\"><b><\/b><span class=\"section-title-main\" >faq<\/span><b><\/b><\/h3><\/div>\n<p class=\"lead\">Her finder du vores oftest stillede sp\u00f8rgsm\u00e5l.<\/p>\n<div class=\"accordion\">\n<div id=\"accordion-277369076\" class=\"accordion-item\"><a id=\"accordion-277369076-label\" href=\"#\" class=\"accordion-title plain\" aria-expanded=\"false\" aria-controls=\"accordion-277369076-content\"><button class=\"toggle\" aria-label=\"Toggle\"><i class=\"icon-angle-down\"><\/i><\/button><span>Hvilke betalingsmuligheder accepterer i?<\/span><\/a><div id=\"accordion-277369076-content\" class=\"accordion-inner\" aria-labelledby=\"accordion-277369076-label\">\n<p>Hockeylife accepterer AliPay, American Express, Diners Club, JCB, SafetyPay, MasterCard, VISA, PayPal og flere andre lokale betalingskort og faktureringsmuligheder.<\/p>\n<\/div><\/div>\n<div id=\"accordion-1160415962\" class=\"accordion-item\"><a id=\"accordion-1160415962-label\" href=\"#\" class=\"accordion-title plain\" aria-expanded=\"false\" aria-controls=\"accordion-1160415962-content\"><button class=\"toggle\" aria-label=\"Toggle\"><i class=\"icon-angle-down\"><\/i><\/button><span>Hvilken valuta bliver vist p\u00e5 hjemmesiden?<\/span><\/a><div id=\"accordion-1160415962-content\" class=\"accordion-inner\" aria-labelledby=\"accordion-1160415962-label\">\n<p>Priserne som vises er i DKK. Disse priser inkluderer ikke eventuelle skatter og afgifter, der enten tilf\u00f8jes eller fratr\u00e6kkes ved kassen.<\/p>\n<p>Hockeylife er ikke ansvarlig for eventuelle afvigelser i valuta eller vekselgebyrer som din bank eller kreditkortselskab opkr\u00e6ver, n\u00e5r du k\u00f8ber fra vores hjemmeside. Hvis du har sp\u00f8rgsm\u00e5l om dette, skal du kontakte din bank eller kreditkortselskab.<\/p>\n<\/div><\/div>\n<div id=\"accordion-1144611323\" class=\"accordion-item\"><a id=\"accordion-1144611323-label\" href=\"#\" class=\"accordion-title plain\" aria-expanded=\"false\" aria-controls=\"accordion-1144611323-content\"><button class=\"toggle\" aria-label=\"Toggle\"><i class=\"icon-angle-down\"><\/i><\/button><span>Hvorn\u00e5r modtager jeg min bestilling?<\/span><\/a><div id=\"accordion-1144611323-content\" class=\"accordion-inner\" aria-labelledby=\"accordion-1144611323-label\">\n<p>Vores m\u00e5l er at f\u00e5 din bestilling leveret s\u00e5 hurtigt som muligt. N\u00e5r din ordre er blevet placeret, behandles den af vores ordremodtagelse s\u00e5 tidligt som 15 minutter senere. Derefter bliver den pakket og afsendt. Din forventede leveringsdato afh\u00e6nger af, hvilken type forsendelse som du v\u00e6lger n\u00e5r du afgiver din bestilling.<\/p>\n<p>Pakker bliver normalt ikke leveret i weekender og lokale helligdage. Bem\u00e6rk, at den ansl\u00e5ede leveringstid er et sk\u00f8n, og at tiden kan variere alt efter eksterne faktorer, som Hockeylife og dens forsendelse partner ikke kan kontrollere. Disse faktorer kan omfatte, men er ikke begr\u00e6nset til, ekstreme vejrforhold, tekniske fejl, told forsinkelser mv. Bem\u00e6rk ogs\u00e5, at leveringstiden kan v\u00e6re l\u00e6ngere end normalt, under udsalg, nylanceringer eller lign.<\/p>\n<\/div><\/div>\n<div id=\"accordion-2557507786\" class=\"accordion-item\"><a id=\"accordion-2557507786-label\" href=\"#\" class=\"accordion-title plain\" aria-expanded=\"false\" aria-controls=\"accordion-2557507786-content\"><button class=\"toggle\" aria-label=\"Toggle\"><i class=\"icon-angle-down\"><\/i><\/button><span>Hvor er min pakke sendt fra?<\/span><\/a><div id=\"accordion-2557507786-content\" class=\"accordion-inner\" aria-labelledby=\"accordion-2557507786-label\">\n<p>Bestillinger til Danmark sendes fra vores lager i Sverige.<\/p>\n<\/div><\/div>\n<div id=\"accordion-1549318376\" class=\"accordion-item\"><a id=\"accordion-1549318376-label\" href=\"#\" class=\"accordion-title plain\" aria-expanded=\"false\" aria-controls=\"accordion-1549318376-content\"><button class=\"toggle\" aria-label=\"Toggle\"><i class=\"icon-angle-down\"><\/i><\/button><span>Er mine betalingsoplysninger i sikre h\u00e6nder?<\/span><\/a><div id=\"accordion-1549318376-content\" class=\"accordion-inner\" aria-labelledby=\"accordion-1549318376-label\">\n<p>Din transaktion og betalingsoplysninger h\u00e5ndteres direkte af Stripe, vores betalingsformidler, som udbyder en sikker kryptering under strenge bank kontrol.<\/p>\n<p>Dine kreditkort oplysninger sendes direkte til banken og kan ikke l\u00e6ses eller ses af andre end din bank, ikke engang af Hockeylife.<\/p>\n<p>Hockeylife har SSL certifikat og opfylder kravene i PCI DSS.<\/p>\n<\/div><\/div>\n<div id=\"accordion-915203840\" class=\"accordion-item\"><a id=\"accordion-915203840-label\" href=\"#\" class=\"accordion-title plain\" aria-expanded=\"false\" aria-controls=\"accordion-915203840-content\"><button class=\"toggle\" aria-label=\"Toggle\"><i class=\"icon-angle-down\"><\/i><\/button><span>Er min betaling g\u00e5et igennem?<\/span><\/a><div id=\"accordion-915203840-content\" class=\"accordion-inner\" aria-labelledby=\"accordion-915203840-label\">\n<p>Hockeylifes betalingsprocess omfatter flere kontrol skridt for at maksimere sikkerheden. Det samlede bel\u00f8b for din ordre vil blive trukket fra din bankkonto ved bestilling, og betalingen bliver herefter behandlet og godkendt. Hvis betaling ikke modtages efter bestillingen er afgivet, kan Hockeylife automatisk annullere ordren uden yderligere meddelelse.<\/p>\n<\/div><\/div>\n<\/div>\n\t\t<\/div>\n\t\t\t\t\t<\/div>\n\n\t\n\n\t<div id=\"col-1001220191\" class=\"col medium-6 large-6\"  >\n\t\t\t\t<div class=\"col-inner\"  >\n\t\t\t\n\t\t\t\n<div class=\"container section-title-container\" ><h3 class=\"section-title section-title-normal\"><b><\/b><span class=\"section-title-main\" >send os en email<\/span><b><\/b><\/h3><\/div>\n\n<div class=\"wpcf7 no-js\" id=\"wpcf7-f10-o1\" lang=\"sv-SE\" dir=\"ltr\" data-wpcf7-id=\"10\">\n<div class=\"screen-reader-response\"><p role=\"status\" aria-live=\"polite\" aria-atomic=\"true\"><\/p> <ul><\/ul><\/div>\n<form action=\"\/dk\/wp-json\/wp\/v2\/pages\/92#wpcf7-f10-o1\" method=\"post\" class=\"wpcf7-form init\" aria-label=\"Kontaktformul\u00e4r\" novalidate=\"novalidate\" data-status=\"init\">\n<fieldset class=\"hidden-fields-container\"><input type=\"hidden\" name=\"_wpcf7\" value=\"10\" \/><input type=\"hidden\" name=\"_wpcf7_version\" value=\"6.1.5\" \/><input type=\"hidden\" name=\"_wpcf7_locale\" value=\"sv_SE\" \/><input type=\"hidden\" name=\"_wpcf7_unit_tag\" value=\"wpcf7-f10-o1\" \/><input type=\"hidden\" name=\"_wpcf7_container_post\" value=\"0\" \/><input type=\"hidden\" name=\"_wpcf7_posted_data_hash\" value=\"\" \/>\n<\/fieldset>\n<p><label> Dit navn*<br \/>\n<span class=\"wpcf7-form-control-wrap\" data-name=\"your-name\"><input size=\"40\" maxlength=\"400\" class=\"wpcf7-form-control wpcf7-text wpcf7-validates-as-required\" aria-required=\"true\" aria-invalid=\"false\" value=\"\" type=\"text\" name=\"your-name\" \/><\/span> <\/label>\n<\/p>\n<p><label> Din e-mail*<br \/>\n<span class=\"wpcf7-form-control-wrap\" data-name=\"your-email\"><input size=\"40\" maxlength=\"400\" class=\"wpcf7-form-control wpcf7-email wpcf7-validates-as-required wpcf7-text wpcf7-validates-as-email\" aria-required=\"true\" aria-invalid=\"false\" value=\"\" type=\"email\" name=\"your-email\" \/><\/span> <\/label>\n<\/p>\n<p><label> Indhold<br \/>\n<span class=\"wpcf7-form-control-wrap\" data-name=\"your-subject\"><input size=\"40\" maxlength=\"400\" class=\"wpcf7-form-control wpcf7-text\" aria-invalid=\"false\" value=\"\" type=\"text\" name=\"your-subject\" \/><\/span> <\/label>\n<\/p>\n<p><label> Hvordan kan vi hj\u00e6lpe dig?<br \/>\n<span class=\"wpcf7-form-control-wrap\" data-name=\"your-message\"><textarea cols=\"40\" rows=\"10\" maxlength=\"2000\" class=\"wpcf7-form-control wpcf7-textarea\" aria-invalid=\"false\" name=\"your-message\"><\/textarea><\/span> <\/label>\n<\/p>\n<div style=\"margin-bottom: 1em;\">\n\t<p>[recaptcha]\n\t<\/p>\n<\/div>\n<p><input class=\"wpcf7-form-control wpcf7-submit has-spinner\" type=\"submit\" value=\"Sende\" \/>\n<\/p><div class=\"wpcf7-response-output\" aria-hidden=\"true\"><\/div>\n<\/form>\n<\/div>\n\n\t\t<\/div>\n\t\t\t\t\t<\/div>\n\n\t\n<\/div>\n<p>\u00a0<\/p>\n","protected":false},"excerpt":{"rendered":"<p>\u00a0<\/p>\n","protected":false},"author":1,"featured_media":16,"parent":0,"menu_order":0,"comment_status":"closed","ping_status":"closed","template":"page-blank.php","meta":{"inline_featured_image":false,"footnotes":""},"class_list":["post-92","page","type-page","status-publish","has-post-thumbnail","hentry"],"yoast_head":"<!-- This site is optimized with the Yoast SEO plugin v27.5 - https:\/\/yoast.com\/product\/yoast-seo-wordpress\/ -->\n<title>Kontakt os - Howies Hockey Danmark<\/title>\n<meta name=\"robots\" content=\"index, follow, max-snippet:-1, max-image-preview:large, max-video-preview:-1\" \/>\n<link rel=\"canonical\" href=\"https:\/\/gethowies.com\/dk\/kontakt-os\/\" \/>\n<meta property=\"og:locale\" content=\"da_DK\" \/>\n<meta property=\"og:type\" content=\"article\" \/>\n<meta property=\"og:title\" content=\"Kontakt os - Howies Hockey Danmark\" \/>\n<meta property=\"og:description\" content=\"\u00a0\" \/>\n<meta property=\"og:url\" content=\"https:\/\/gethowies.com\/dk\/kontakt-os\/\" \/>\n<meta property=\"og:site_name\" content=\"Howies Hockey Danmark\" \/>\n<meta property=\"article:modified_time\" content=\"2018-08-28T11:09:57+00:00\" \/>\n<meta property=\"og:image\" content=\"https:\/\/gethowies.com\/dk\/wp-content\/uploads\/sites\/6\/2016\/08\/dummy-1.jpg\" \/>\n\t<meta property=\"og:image:width\" content=\"400\" \/>\n\t<meta property=\"og:image:height\" content=\"260\" \/>\n\t<meta property=\"og:image:type\" content=\"image\/jpeg\" \/>\n<meta name=\"twitter:card\" content=\"summary_large_image\" \/>\n<meta name=\"twitter:label1\" content=\"Estimeret l\u00e6setid\" \/>\n\t<meta name=\"twitter:data1\" content=\"2 minutter\" \/>\n<script type=\"application\/ld+json\" class=\"yoast-schema-graph\">{\"@context\":\"https:\\\/\\\/schema.org\",\"@graph\":[{\"@type\":\"WebPage\",\"@id\":\"https:\\\/\\\/gethowies.com\\\/dk\\\/kontakt-os\\\/\",\"url\":\"https:\\\/\\\/gethowies.com\\\/dk\\\/kontakt-os\\\/\",\"name\":\"Kontakt os - Howies Hockey Danmark\",\"isPartOf\":{\"@id\":\"https:\\\/\\\/gethowies.com\\\/dk\\\/#website\"},\"primaryImageOfPage\":{\"@id\":\"https:\\\/\\\/gethowies.com\\\/dk\\\/kontakt-os\\\/#primaryimage\"},\"image\":{\"@id\":\"https:\\\/\\\/gethowies.com\\\/dk\\\/kontakt-os\\\/#primaryimage\"},\"thumbnailUrl\":\"https:\\\/\\\/gethowies.com\\\/dk\\\/wp-content\\\/uploads\\\/sites\\\/6\\\/2016\\\/08\\\/dummy-1.jpg\",\"datePublished\":\"2013-08-11T19:22:53+00:00\",\"dateModified\":\"2018-08-28T11:09:57+00:00\",\"breadcrumb\":{\"@id\":\"https:\\\/\\\/gethowies.com\\\/dk\\\/kontakt-os\\\/#breadcrumb\"},\"inLanguage\":\"da-DK\",\"potentialAction\":[{\"@type\":\"ReadAction\",\"target\":[\"https:\\\/\\\/gethowies.com\\\/dk\\\/kontakt-os\\\/\"]}]},{\"@type\":\"ImageObject\",\"inLanguage\":\"da-DK\",\"@id\":\"https:\\\/\\\/gethowies.com\\\/dk\\\/kontakt-os\\\/#primaryimage\",\"url\":\"https:\\\/\\\/gethowies.com\\\/dk\\\/wp-content\\\/uploads\\\/sites\\\/6\\\/2016\\\/08\\\/dummy-1.jpg\",\"contentUrl\":\"https:\\\/\\\/gethowies.com\\\/dk\\\/wp-content\\\/uploads\\\/sites\\\/6\\\/2016\\\/08\\\/dummy-1.jpg\",\"width\":400,\"height\":260},{\"@type\":\"BreadcrumbList\",\"@id\":\"https:\\\/\\\/gethowies.com\\\/dk\\\/kontakt-os\\\/#breadcrumb\",\"itemListElement\":[{\"@type\":\"ListItem\",\"position\":1,\"name\":\"Hem\",\"item\":\"https:\\\/\\\/gethowies.com\\\/dk\\\/\"},{\"@type\":\"ListItem\",\"position\":2,\"name\":\"Kontakt os\"}]},{\"@type\":\"WebSite\",\"@id\":\"https:\\\/\\\/gethowies.com\\\/dk\\\/#website\",\"url\":\"https:\\\/\\\/gethowies.com\\\/dk\\\/\",\"name\":\"Howies Hockey Danmark\",\"description\":\"\",\"potentialAction\":[{\"@type\":\"SearchAction\",\"target\":{\"@type\":\"EntryPoint\",\"urlTemplate\":\"https:\\\/\\\/gethowies.com\\\/dk\\\/?s={search_term_string}\"},\"query-input\":{\"@type\":\"PropertyValueSpecification\",\"valueRequired\":true,\"valueName\":\"search_term_string\"}}],\"inLanguage\":\"da-DK\"}]}<\/script>\n<!-- \/ Yoast SEO plugin. -->","yoast_head_json":{"title":"Kontakt os - Howies Hockey Danmark","robots":{"index":"index","follow":"follow","max-snippet":"max-snippet:-1","max-image-preview":"max-image-preview:large","max-video-preview":"max-video-preview:-1"},"canonical":"https:\/\/gethowies.com\/dk\/kontakt-os\/","og_locale":"da_DK","og_type":"article","og_title":"Kontakt os - Howies Hockey Danmark","og_description":"\u00a0","og_url":"https:\/\/gethowies.com\/dk\/kontakt-os\/","og_site_name":"Howies Hockey Danmark","article_modified_time":"2018-08-28T11:09:57+00:00","og_image":[{"width":400,"height":260,"url":"https:\/\/gethowies.com\/dk\/wp-content\/uploads\/sites\/6\/2016\/08\/dummy-1.jpg","type":"image\/jpeg"}],"twitter_card":"summary_large_image","twitter_misc":{"Estimeret l\u00e6setid":"2 minutter"},"schema":{"@context":"https:\/\/schema.org","@graph":[{"@type":"WebPage","@id":"https:\/\/gethowies.com\/dk\/kontakt-os\/","url":"https:\/\/gethowies.com\/dk\/kontakt-os\/","name":"Kontakt os - Howies Hockey Danmark","isPartOf":{"@id":"https:\/\/gethowies.com\/dk\/#website"},"primaryImageOfPage":{"@id":"https:\/\/gethowies.com\/dk\/kontakt-os\/#primaryimage"},"image":{"@id":"https:\/\/gethowies.com\/dk\/kontakt-os\/#primaryimage"},"thumbnailUrl":"https:\/\/gethowies.com\/dk\/wp-content\/uploads\/sites\/6\/2016\/08\/dummy-1.jpg","datePublished":"2013-08-11T19:22:53+00:00","dateModified":"2018-08-28T11:09:57+00:00","breadcrumb":{"@id":"https:\/\/gethowies.com\/dk\/kontakt-os\/#breadcrumb"},"inLanguage":"da-DK","potentialAction":[{"@type":"ReadAction","target":["https:\/\/gethowies.com\/dk\/kontakt-os\/"]}]},{"@type":"ImageObject","inLanguage":"da-DK","@id":"https:\/\/gethowies.com\/dk\/kontakt-os\/#primaryimage","url":"https:\/\/gethowies.com\/dk\/wp-content\/uploads\/sites\/6\/2016\/08\/dummy-1.jpg","contentUrl":"https:\/\/gethowies.com\/dk\/wp-content\/uploads\/sites\/6\/2016\/08\/dummy-1.jpg","width":400,"height":260},{"@type":"BreadcrumbList","@id":"https:\/\/gethowies.com\/dk\/kontakt-os\/#breadcrumb","itemListElement":[{"@type":"ListItem","position":1,"name":"Hem","item":"https:\/\/gethowies.com\/dk\/"},{"@type":"ListItem","position":2,"name":"Kontakt os"}]},{"@type":"WebSite","@id":"https:\/\/gethowies.com\/dk\/#website","url":"https:\/\/gethowies.com\/dk\/","name":"Howies Hockey Danmark","description":"","potentialAction":[{"@type":"SearchAction","target":{"@type":"EntryPoint","urlTemplate":"https:\/\/gethowies.com\/dk\/?s={search_term_string}"},"query-input":{"@type":"PropertyValueSpecification","valueRequired":true,"valueName":"search_term_string"}}],"inLanguage":"da-DK"}]}},"_links":{"self":[{"href":"https:\/\/gethowies.com\/dk\/wp-json\/wp\/v2\/pages\/92","targetHints":{"allow":["GET"]}}],"collection":[{"href":"https:\/\/gethowies.com\/dk\/wp-json\/wp\/v2\/pages"}],"about":[{"href":"https:\/\/gethowies.com\/dk\/wp-json\/wp\/v2\/types\/page"}],"author":[{"embeddable":true,"href":"https:\/\/gethowies.com\/dk\/wp-json\/wp\/v2\/users\/1"}],"replies":[{"embeddable":true,"href":"https:\/\/gethowies.com\/dk\/wp-json\/wp\/v2\/comments?post=92"}],"version-history":[{"count":1,"href":"https:\/\/gethowies.com\/dk\/wp-json\/wp\/v2\/pages\/92\/revisions"}],"predecessor-version":[{"id":6225,"href":"https:\/\/gethowies.com\/dk\/wp-json\/wp\/v2\/pages\/92\/revisions\/6225"}],"wp:featuredmedia":[{"embeddable":true,"href":"https:\/\/gethowies.com\/dk\/wp-json\/wp\/v2\/media\/16"}],"wp:attachment":[{"href":"https:\/\/gethowies.com\/dk\/wp-json\/wp\/v2\/media?parent=92"}],"curies":[{"name":"wp","href":"https:\/\/api.w.org\/{rel}","templated":true}]}}