{"id":94,"date":"2013-08-11T19:06:15","date_gmt":"2013-08-11T19:06:15","guid":{"rendered":"http:\/\/localhost:8888\/test\/?page_id=520"},"modified":"2018-08-28T13:39:11","modified_gmt":"2018-08-28T11:39:11","slug":"om-os","status":"publish","type":"page","link":"https:\/\/gethowies.com\/dk\/om-os\/","title":{"rendered":"Om Howies"},"content":{"rendered":"\t<section class=\"section\" id=\"section_1721841353\">\n\t\t<div class=\"bg section-bg fill bg-fill  bg-loaded\" >\n\n\t\t\t\n\t\t\t\n\t\t\t\n\n\t\t<\/div>\n\n\t\t\n\n\t\t<div class=\"section-content relative\">\n\t\t\t\n<div class=\"row\"  id=\"row-1025400081\">\n\n\t<div id=\"col-68074019\" class=\"col small-12 large-12\"  >\n\t\t\t\t<div class=\"col-inner\"  >\n\t\t\t\n\t\t\t\n  <div id=\"page-header-270858031\" class=\"page-header-wrapper\">\n  <div class=\"page-title light simple-title\">\n\n    \n    <div class=\"page-title-inner container align-center text-center flex-row-col medium-flex-wrap\" >\n              <div class=\"title-wrapper uppercase flex-col\">\n          <h1 class=\"entry-title mb-0\">\n            Vores Historie          <\/h1>\n        <\/div>\n                    <div class=\"title-content flex-col\">\n        <div class=\"title-breadcrumbs pb-half pt-half\"><nav class=\"woocommerce-breadcrumb breadcrumbs uppercase\">Forside<\/nav><\/div>      <\/div>\n    <\/div>\n\n       <\/div>\n    <\/div>\n  \n<p class=\"p1\" style=\"text-align: center;\">Howies Hockey har i over et \u00e5rti suppleret hockeyspillere med det bedste hockeytape og sn\u00f8reb\u00e5nd der findes. Vores tape er brugt og anbefalet af spillere i NHL, SHL, HockeyAllsvenskan og rundt omkring i hele verden. Vores hold her, hos Howies, er tidligere hockeyspilere og vores afdeling der tester produkterne er nuv\u00e6rende professionelle hockeyspillere og s\u00e6tter derved standarden for os, s\u00e5 vi kan producere det bedste tape og sn\u00f8reb\u00e5nd. Vores produktion ligger i Nordamerika og Europa for at sikre den h\u00f8jeste standard. Vi kan med stolthed sige at ikke nok med, at vi har den h\u00f8jeste kvalitet, s\u00e5 har vi ogs\u00e5 det bredeste sortiment, af stoktape, benskinnetape, sn\u00f8reb\u00e5nd og stickwax. Designet af hockeyspillere, til hockeyspillere. N\u00e6vn et produkt indenfor hockey, s\u00e5 har vi det.<\/p>\n<p class=\"p1\" style=\"text-align: center;\">Kvalitet er en af hj\u00f8rnestenene hos Howies Hockey, for n\u00e5r alt kommer til alt, s\u00e5 er det kvaliteten der har gjort os unik. Vi tager stor stolthed i det arbejde vi laver og det faktum,<span class=\"Apple-converted-space\">\u00a0 <\/span>at vi har leveret verdens h\u00f8jeste kvalitet af stoktape og sn\u00f8reb\u00e5nd i over 10 \u00e5r.<\/p>\n\t\t<\/div>\n\t\t\t\t\n<style>\n#col-68074019 > .col-inner {\n  padding: 0px 15px 60px 15px;\n}\n<\/style>\n\t<\/div>\n\n\t\n<\/div>\n\t\t<\/div>\n\n\t\t\n<style>\n#section_1721841353 {\n  padding-top: 30px;\n  padding-bottom: 30px;\n  min-height: 400px;\n}\n#section_1721841353 .ux-shape-divider--top svg {\n  height: 150px;\n  --divider-top-width: 100%;\n}\n#section_1721841353 .ux-shape-divider--bottom svg {\n  height: 150px;\n  --divider-width: 100%;\n}\n<\/style>\n\t<\/section>\n\t\n\t<section class=\"section\" id=\"section_732550111\">\n\t\t<div class=\"bg section-bg fill bg-fill  bg-loaded\" >\n\n\t\t\t\n\t\t\t\n\t\t\t\n\t<div class=\"is-border\"\n\t\tstyle=\"border-color:rgb(235, 235, 235);border-width:1px 0px 0px 0px;\">\n\t<\/div>\n\n\t\t<\/div>\n\n\t\t\n\n\t\t<div class=\"section-content relative\">\n\t\t\t\n<div class=\"row\"  id=\"row-1850118401\">\n\n\t<div id=\"col-106154449\" class=\"col small-12 large-12\"  >\n\t\t\t\t<div class=\"col-inner\"  >\n\t\t\t\n\t\t\t\n<p>\u00a0<\/p>\n<h2 style=\"text-align: center\"><span style=\"font-size: 120%\">Vil du vide mere?<\/span><\/h2>\n\t\t<\/div>\n\t\t\t\t\t<\/div>\n\n\t\n<\/div>\n<div class=\"row\"  id=\"row-83121747\">\n\n\t<div id=\"col-1366252208\" class=\"col medium-4 small-12 large-4\"  >\n\t\t\t\t<div class=\"col-inner\"  >\n\t\t\t\n\t\t\t\n\n  <div class=\"banner has-hover bg-zoom bg-blur\" id=\"banner-1550648465\">\n          <div class=\"banner-inner fill\">\n        <div class=\"banner-bg fill\" >\n            <div class=\"bg fill bg-fill \"><\/div>\n                        <div class=\"overlay\"><\/div>            \n                    <\/div>\n\t\t\n        <div class=\"banner-layers container\">\n            <a class=\"fill\" href=\"https:\/\/gethowies.com\/dk\/kontakt-os\/\"  ><div class=\"fill banner-link\"><\/div><\/a>            \n   <div id=\"text-box-15461641\" class=\"text-box banner-layer x50 md-x50 lg-x50 y50 md-y50 lg-y50 res-text\">\n                                <div class=\"text-box-content text dark\">\n              \n              <div class=\"text-inner text-center\">\n                  \n<h2 class=\"uppercase\"><a href=\"https:\/\/gethowies.com\/dk\/kontakt-os\/\"><strong>KONTAKT<\/strong><\/a><\/h2>\n<h4>KOM I KONTAKT MED OS<\/h4>\n              <\/div>\n           <\/div>\n                            \n<style>\n#text-box-15461641 {\n  width: 60%;\n}\n#text-box-15461641 .text-box-content {\n  font-size: 100%;\n}\n<\/style>\n    <\/div>\n \n        <\/div>\n      <\/div>\n\n            \n<style>\n#banner-1550648465 {\n  padding-top: 200px;\n}\n#banner-1550648465 .bg.bg-loaded {\n  background-image: url(https:\/\/gethowies.com\/dk\/wp-content\/uploads\/sites\/6\/2017\/07\/sauce-1024x678.jpg);\n}\n#banner-1550648465 .overlay {\n  background-color: rgba(0,0,0,.5);\n}\n#banner-1550648465 .ux-shape-divider--top svg {\n  height: 150px;\n  --divider-top-width: 100%;\n}\n#banner-1550648465 .ux-shape-divider--bottom svg {\n  height: 150px;\n  --divider-width: 100%;\n}\n<\/style>\n  <\/div>\n\n\n\t\t<\/div>\n\t\t\t\t\t<\/div>\n\n\t\n\n\t<div id=\"col-192099951\" class=\"col medium-4 small-12 large-4\"  >\n\t\t\t\t<div class=\"col-inner\"  >\n\t\t\t\n\t\t\t\n\n  <div class=\"banner has-hover bg-zoom bg-blur\" id=\"banner-1977880812\">\n          <div class=\"banner-inner fill\">\n        <div class=\"banner-bg fill\" >\n            <div class=\"bg fill bg-fill \"><\/div>\n                        <div class=\"overlay\"><\/div>            \n                    <\/div>\n\t\t\n        <div class=\"banner-layers container\">\n            <a class=\"fill\" href=\"https:\/\/gethowies.com\/dk\/vilkar-betingelser\/\"  ><div class=\"fill banner-link\"><\/div><\/a>            \n   <div id=\"text-box-537809876\" class=\"text-box banner-layer x50 md-x50 lg-x50 y50 md-y50 lg-y50 res-text\">\n                     <div data-animate=\"none\">           <div class=\"text-box-content text dark\">\n              \n              <div class=\"text-inner text-center\">\n                  \n<h2 class=\"uppercase\"><a href=\"https:\/\/gethowies.com\/dk\/vilkar-betingelser\/\"><strong>betingelser<\/strong><\/a><\/h2>\n<h4><a href=\"https:\/\/hockeylife.dk\/vilkar-betingelser\/\">SE VORES VILLKOR &amp; BETINGELSER<\/a><\/h4>\n              <\/div>\n           <\/div>\n       <\/div>                     \n<style>\n#text-box-537809876 {\n  width: 60%;\n}\n#text-box-537809876 .text-box-content {\n  font-size: 100%;\n}\n<\/style>\n    <\/div>\n \n        <\/div>\n      <\/div>\n\n            \n<style>\n#banner-1977880812 {\n  padding-top: 200px;\n}\n#banner-1977880812 .bg.bg-loaded {\n  background-image: url(https:\/\/gethowies.com\/dk\/wp-content\/uploads\/sites\/6\/2017\/07\/snapback-blue-1024x678.jpg);\n}\n#banner-1977880812 .overlay {\n  background-color: rgba(0,0,0,.5);\n}\n#banner-1977880812 .bg {\n  background-position: 85% 46%;\n}\n#banner-1977880812 .ux-shape-divider--top svg {\n  height: 150px;\n  --divider-top-width: 100%;\n}\n#banner-1977880812 .ux-shape-divider--bottom svg {\n  height: 150px;\n  --divider-width: 100%;\n}\n<\/style>\n  <\/div>\n\n\n\t\t<\/div>\n\t\t\t\t\t<\/div>\n\n\t\n\n\t<div id=\"col-746044224\" class=\"col medium-4 small-12 large-4\"  >\n\t\t\t\t<div class=\"col-inner\"  >\n\t\t\t\n\t\t\t\n\n  <div class=\"banner has-hover bg-zoom bg-blur\" id=\"banner-1881784898\">\n          <div class=\"banner-inner fill\">\n        <div class=\"banner-bg fill\" >\n            <div class=\"bg fill bg-fill \"><\/div>\n                        <div class=\"overlay\"><\/div>            \n                    <\/div>\n\t\t\n        <div class=\"banner-layers container\">\n            <a class=\"fill\" href=\"https:\/\/gethowies.com\/dk\/faq\/\"  ><div class=\"fill banner-link\"><\/div><\/a>            \n   <div id=\"text-box-1069861077\" class=\"text-box banner-layer x50 md-x50 lg-x50 y50 md-y50 lg-y50 res-text\">\n                                <div class=\"text-box-content text dark\">\n              \n              <div class=\"text-inner text-center\">\n                  \n<h2 class=\"uppercase\"><a href=\"http:\/\/hockeylife.dk\/faq\/\"><strong>FAQ<\/strong><\/a><\/h2>\n<h4><a href=\"https:\/\/gethowies.com\/dk\/faq\/\">OFTE STILLEDE SP\u00d8RGSM\u00c5L<br \/>\n<\/a><\/h4>\n              <\/div>\n           <\/div>\n                            \n<style>\n#text-box-1069861077 {\n  width: 60%;\n}\n#text-box-1069861077 .text-box-content {\n  font-size: 100%;\n}\n<\/style>\n    <\/div>\n \n        <\/div>\n      <\/div>\n\n            \n<style>\n#banner-1881784898 {\n  padding-top: 200px;\n}\n#banner-1881784898 .bg.bg-loaded {\n  background-image: url(https:\/\/gethowies.com\/dk\/wp-content\/uploads\/sites\/6\/2017\/04\/newsletterbox-1024x731.jpg);\n}\n#banner-1881784898 .overlay {\n  background-color: rgba(0,0,0,.5);\n}\n#banner-1881784898 .ux-shape-divider--top svg {\n  height: 150px;\n  --divider-top-width: 100%;\n}\n#banner-1881784898 .ux-shape-divider--bottom svg {\n  height: 150px;\n  --divider-width: 100%;\n}\n<\/style>\n  <\/div>\n\n\n\t\t<\/div>\n\t\t\t\t\t<\/div>\n\n\t\n<\/div>\n\t\t<\/div>\n\n\t\t\n<style>\n#section_732550111 {\n  padding-top: 59px;\n  padding-bottom: 59px;\n  min-height: 300px;\n  background-color: rgb(245, 245, 245);\n}\n#section_732550111 .ux-shape-divider--top svg {\n  height: 150px;\n  --divider-top-width: 100%;\n}\n#section_732550111 .ux-shape-divider--bottom svg {\n  height: 150px;\n  --divider-width: 100%;\n}\n<\/style>\n\t<\/section>\n\t\n","protected":false},"excerpt":{"rendered":"","protected":false},"author":1,"featured_media":16,"parent":0,"menu_order":0,"comment_status":"closed","ping_status":"closed","template":"page-blank.php","meta":{"inline_featured_image":false,"footnotes":""},"class_list":["post-94","page","type-page","status-publish","has-post-thumbnail","hentry"],"yoast_head":"<!-- This site is optimized with the Yoast SEO plugin v27.4 - https:\/\/yoast.com\/product\/yoast-seo-wordpress\/ -->\n<title>Vores historie - Howies Hockey<\/title>\n<meta name=\"robots\" content=\"index, follow, max-snippet:-1, max-image-preview:large, max-video-preview:-1\" \/>\n<link rel=\"canonical\" href=\"https:\/\/gethowies.com\/dk\/om-os\/\" \/>\n<meta property=\"og:locale\" content=\"da_DK\" \/>\n<meta property=\"og:type\" content=\"article\" \/>\n<meta property=\"og:title\" content=\"Vores historie - Howies Hockey\" \/>\n<meta property=\"og:url\" content=\"https:\/\/gethowies.com\/dk\/om-os\/\" \/>\n<meta property=\"og:site_name\" content=\"Howies Hockey Danmark\" \/>\n<meta property=\"article:modified_time\" content=\"2018-08-28T11:39:11+00:00\" \/>\n<meta property=\"og:image\" content=\"https:\/\/gethowies.com\/dk\/wp-content\/uploads\/sites\/6\/2016\/08\/dummy-1.jpg\" \/>\n\t<meta property=\"og:image:width\" content=\"400\" \/>\n\t<meta property=\"og:image:height\" content=\"260\" \/>\n\t<meta property=\"og:image:type\" content=\"image\/jpeg\" \/>\n<meta name=\"twitter:card\" content=\"summary_large_image\" \/>\n<meta name=\"twitter:label1\" content=\"Estimeret l\u00e6setid\" \/>\n\t<meta name=\"twitter:data1\" content=\"2 minutter\" \/>\n<script type=\"application\/ld+json\" class=\"yoast-schema-graph\">{\"@context\":\"https:\\\/\\\/schema.org\",\"@graph\":[{\"@type\":\"WebPage\",\"@id\":\"https:\\\/\\\/gethowies.com\\\/dk\\\/om-os\\\/\",\"url\":\"https:\\\/\\\/gethowies.com\\\/dk\\\/om-os\\\/\",\"name\":\"Vores historie - Howies Hockey\",\"isPartOf\":{\"@id\":\"https:\\\/\\\/gethowies.com\\\/dk\\\/#website\"},\"primaryImageOfPage\":{\"@id\":\"https:\\\/\\\/gethowies.com\\\/dk\\\/om-os\\\/#primaryimage\"},\"image\":{\"@id\":\"https:\\\/\\\/gethowies.com\\\/dk\\\/om-os\\\/#primaryimage\"},\"thumbnailUrl\":\"https:\\\/\\\/gethowies.com\\\/dk\\\/wp-content\\\/uploads\\\/sites\\\/6\\\/2016\\\/08\\\/dummy-1.jpg\",\"datePublished\":\"2013-08-11T19:06:15+00:00\",\"dateModified\":\"2018-08-28T11:39:11+00:00\",\"breadcrumb\":{\"@id\":\"https:\\\/\\\/gethowies.com\\\/dk\\\/om-os\\\/#breadcrumb\"},\"inLanguage\":\"da-DK\",\"potentialAction\":[{\"@type\":\"ReadAction\",\"target\":[\"https:\\\/\\\/gethowies.com\\\/dk\\\/om-os\\\/\"]}]},{\"@type\":\"ImageObject\",\"inLanguage\":\"da-DK\",\"@id\":\"https:\\\/\\\/gethowies.com\\\/dk\\\/om-os\\\/#primaryimage\",\"url\":\"https:\\\/\\\/gethowies.com\\\/dk\\\/wp-content\\\/uploads\\\/sites\\\/6\\\/2016\\\/08\\\/dummy-1.jpg\",\"contentUrl\":\"https:\\\/\\\/gethowies.com\\\/dk\\\/wp-content\\\/uploads\\\/sites\\\/6\\\/2016\\\/08\\\/dummy-1.jpg\",\"width\":400,\"height\":260},{\"@type\":\"BreadcrumbList\",\"@id\":\"https:\\\/\\\/gethowies.com\\\/dk\\\/om-os\\\/#breadcrumb\",\"itemListElement\":[{\"@type\":\"ListItem\",\"position\":1,\"name\":\"Hem\",\"item\":\"https:\\\/\\\/gethowies.com\\\/dk\\\/\"},{\"@type\":\"ListItem\",\"position\":2,\"name\":\"Om Howies\"}]},{\"@type\":\"WebSite\",\"@id\":\"https:\\\/\\\/gethowies.com\\\/dk\\\/#website\",\"url\":\"https:\\\/\\\/gethowies.com\\\/dk\\\/\",\"name\":\"Howies Hockey Danmark\",\"description\":\"\",\"potentialAction\":[{\"@type\":\"SearchAction\",\"target\":{\"@type\":\"EntryPoint\",\"urlTemplate\":\"https:\\\/\\\/gethowies.com\\\/dk\\\/?s={search_term_string}\"},\"query-input\":{\"@type\":\"PropertyValueSpecification\",\"valueRequired\":true,\"valueName\":\"search_term_string\"}}],\"inLanguage\":\"da-DK\"}]}<\/script>\n<!-- \/ Yoast SEO plugin. -->","yoast_head_json":{"title":"Vores historie - Howies Hockey","robots":{"index":"index","follow":"follow","max-snippet":"max-snippet:-1","max-image-preview":"max-image-preview:large","max-video-preview":"max-video-preview:-1"},"canonical":"https:\/\/gethowies.com\/dk\/om-os\/","og_locale":"da_DK","og_type":"article","og_title":"Vores historie - Howies Hockey","og_url":"https:\/\/gethowies.com\/dk\/om-os\/","og_site_name":"Howies Hockey Danmark","article_modified_time":"2018-08-28T11:39:11+00:00","og_image":[{"width":400,"height":260,"url":"https:\/\/gethowies.com\/dk\/wp-content\/uploads\/sites\/6\/2016\/08\/dummy-1.jpg","type":"image\/jpeg"}],"twitter_card":"summary_large_image","twitter_misc":{"Estimeret l\u00e6setid":"2 minutter"},"schema":{"@context":"https:\/\/schema.org","@graph":[{"@type":"WebPage","@id":"https:\/\/gethowies.com\/dk\/om-os\/","url":"https:\/\/gethowies.com\/dk\/om-os\/","name":"Vores historie - Howies Hockey","isPartOf":{"@id":"https:\/\/gethowies.com\/dk\/#website"},"primaryImageOfPage":{"@id":"https:\/\/gethowies.com\/dk\/om-os\/#primaryimage"},"image":{"@id":"https:\/\/gethowies.com\/dk\/om-os\/#primaryimage"},"thumbnailUrl":"https:\/\/gethowies.com\/dk\/wp-content\/uploads\/sites\/6\/2016\/08\/dummy-1.jpg","datePublished":"2013-08-11T19:06:15+00:00","dateModified":"2018-08-28T11:39:11+00:00","breadcrumb":{"@id":"https:\/\/gethowies.com\/dk\/om-os\/#breadcrumb"},"inLanguage":"da-DK","potentialAction":[{"@type":"ReadAction","target":["https:\/\/gethowies.com\/dk\/om-os\/"]}]},{"@type":"ImageObject","inLanguage":"da-DK","@id":"https:\/\/gethowies.com\/dk\/om-os\/#primaryimage","url":"https:\/\/gethowies.com\/dk\/wp-content\/uploads\/sites\/6\/2016\/08\/dummy-1.jpg","contentUrl":"https:\/\/gethowies.com\/dk\/wp-content\/uploads\/sites\/6\/2016\/08\/dummy-1.jpg","width":400,"height":260},{"@type":"BreadcrumbList","@id":"https:\/\/gethowies.com\/dk\/om-os\/#breadcrumb","itemListElement":[{"@type":"ListItem","position":1,"name":"Hem","item":"https:\/\/gethowies.com\/dk\/"},{"@type":"ListItem","position":2,"name":"Om Howies"}]},{"@type":"WebSite","@id":"https:\/\/gethowies.com\/dk\/#website","url":"https:\/\/gethowies.com\/dk\/","name":"Howies Hockey Danmark","description":"","potentialAction":[{"@type":"SearchAction","target":{"@type":"EntryPoint","urlTemplate":"https:\/\/gethowies.com\/dk\/?s={search_term_string}"},"query-input":{"@type":"PropertyValueSpecification","valueRequired":true,"valueName":"search_term_string"}}],"inLanguage":"da-DK"}]}},"_links":{"self":[{"href":"https:\/\/gethowies.com\/dk\/wp-json\/wp\/v2\/pages\/94","targetHints":{"allow":["GET"]}}],"collection":[{"href":"https:\/\/gethowies.com\/dk\/wp-json\/wp\/v2\/pages"}],"about":[{"href":"https:\/\/gethowies.com\/dk\/wp-json\/wp\/v2\/types\/page"}],"author":[{"embeddable":true,"href":"https:\/\/gethowies.com\/dk\/wp-json\/wp\/v2\/users\/1"}],"replies":[{"embeddable":true,"href":"https:\/\/gethowies.com\/dk\/wp-json\/wp\/v2\/comments?post=94"}],"version-history":[{"count":2,"href":"https:\/\/gethowies.com\/dk\/wp-json\/wp\/v2\/pages\/94\/revisions"}],"predecessor-version":[{"id":6229,"href":"https:\/\/gethowies.com\/dk\/wp-json\/wp\/v2\/pages\/94\/revisions\/6229"}],"wp:featuredmedia":[{"embeddable":true,"href":"https:\/\/gethowies.com\/dk\/wp-json\/wp\/v2\/media\/16"}],"wp:attachment":[{"href":"https:\/\/gethowies.com\/dk\/wp-json\/wp\/v2\/media?parent=94"}],"curies":[{"name":"wp","href":"https:\/\/api.w.org\/{rel}","templated":true}]}}