{"id":390,"date":"2017-02-26T21:48:53","date_gmt":"2017-02-26T20:48:53","guid":{"rendered":"http:\/\/hockeylife.dk\/produkt\/howies-hockey-lace-orange\/"},"modified":"2017-02-26T21:48:53","modified_gmt":"2017-02-26T20:48:53","slug":"howies-snoreband-orange","status":"publish","type":"product","link":"https:\/\/gethowies.com\/dk\/vare\/howies-snoreband-orange\/","title":{"rendered":"Howies Sn\u00f8reb\u00e5nd Orange"},"content":{"rendered":"<p>Howies sn\u00f8reb\u00e5nd med voks er det \u00e5benlyse valg, for dem der kun er tilfredse med det bedste. Disse sn\u00f8reb\u00e5nd er produceret i Canada fra h\u00f8j kvalitets polyester garn, der g\u00f8r at de holder l\u00e6ngere. I mods\u00e6tning til andre producenter af sn\u00f8reb\u00e5nd med voks, sender vi alle sn\u00f8reb\u00e5nd igennem vores voks-process, for at sikre, at den pr\u00e6cise m\u00e6ngde af voks bliver fordelt p\u00e5 sn\u00f8reb\u00e5ndende. Til spillere der foretr\u00e6kker en strammer pasform, med mulighed for at personligg\u00f8re f\u00f8lelsen af sk\u00f8jten, er Howies sn\u00f8reb\u00e5nd med voks et godt valg. <\/p>\n","protected":false},"excerpt":{"rendered":"<p><font><strong>Farve<\/strong> &#8211; Orange<\/font><\/p>\n<div class=\"boxarna\">\n<ul>\n<li><a href=\"..\/howies-hockey-lace-white\/\">\n<div class=\"white\"><\/div>\n<p><\/a><\/li>\n<li><a href=\"..\/howies-hockey-lace-black\/\">\n<div class=\"black\">\n  <\/div>\n<p><\/a><\/li>\n<li><a href=\"..\/howies-hockey-lace-blue\/\">\n<div class=\"blue\">\n  <\/div>\n<p><\/a><\/li>\n<li><a href=\"..\/howies-hockey-lace-lila\/\">\n<div class=\"purple\">\n  <\/div>\n<p><\/a><\/li>\n<li><a href=\"..\/howies-hockey-lace-sky\/\">\n<div class=\"sky\">\n  <\/div>\n<p><\/a><\/li>\n<li><a href=\"..\/howies-hockey-lace-gron\/\">\n<div class=\"green\">\n  <\/div>\n<p><\/a><\/li>\n<li><a href=\"..\/howies-hockey-lace-lime\/\">\n<div class=\"neon\">\n  <\/div>\n<p><\/a><\/li>\n<li><a href=\"..\/howies-skridskosnoren-silver\/\">\n<div class=\"silver\">\n  <\/div>\n<p><\/a><\/li>\n<li><a href=\"..\/howies-hockey-lace-yellow\/\">\n<div class=\"yellow\">\n  <\/div>\n<p><\/a><\/li>\n<li class=\"ccurrent\"><a href=\"..\/howies-hockey-lace-orange\/\">\n<div class=\"orange\">\n  <\/div>\n<p><\/a><\/li>\n<li><a href=\"..\/howies-hockey-lace-pink\/\">\n<div class=\"pink\">\n  <\/div>\n<p><\/a><\/li>\n<li><a href=\"..\/howies-hockey-lace-rod\/\">\n<div class=\"red\">\n  <\/div>\n<p><\/a><\/li>\n<li><a href=\"..\/howies-hockey-lace-camo\/\">\n<div class=\"camo\">\n  <\/div>\n<p><\/a><\/li>\n<\/ul>\n<\/div>\n","protected":false},"featured_media":4460,"comment_status":"closed","ping_status":"closed","template":"","meta":{"inline_featured_image":false},"product_brand":[],"product_cat":[99],"product_tag":[],"class_list":{"0":"post-390","1":"product","2":"type-product","3":"status-publish","4":"has-post-thumbnail","6":"product_cat-farvede-snoreband","8":"first","9":"instock","10":"shipping-taxable","11":"purchasable","12":"product-type-variable"},"yoast_head":"<!-- This site is optimized with the Yoast SEO plugin v27.5 - https:\/\/yoast.com\/product\/yoast-seo-wordpress\/ -->\n<title>Howies Sn\u00f8reb\u00e5nd Orange - Howies Hockey Danmark<\/title>\n<meta name=\"robots\" content=\"index, follow, max-snippet:-1, max-image-preview:large, max-video-preview:-1\" \/>\n<link rel=\"canonical\" href=\"https:\/\/gethowies.com\/dk\/vare\/howies-snoreband-orange\/\" \/>\n<meta property=\"og:locale\" content=\"da_DK\" \/>\n<meta property=\"og:type\" content=\"article\" \/>\n<meta property=\"og:title\" content=\"Howies Sn\u00f8reb\u00e5nd Orange - Howies Hockey Danmark\" \/>\n<meta property=\"og:description\" content=\"Farve - Orange\" \/>\n<meta property=\"og:url\" content=\"https:\/\/gethowies.com\/dk\/vare\/howies-snoreband-orange\/\" \/>\n<meta property=\"og:site_name\" content=\"Howies Hockey Danmark\" \/>\n<meta property=\"og:image\" content=\"https:\/\/gethowies.com\/dk\/wp-content\/uploads\/sites\/6\/2017\/02\/hh-laces-orange-1020.jpg\" \/>\n\t<meta property=\"og:image:width\" content=\"1632\" \/>\n\t<meta property=\"og:image:height\" content=\"1632\" \/>\n\t<meta property=\"og:image:type\" content=\"image\/jpeg\" \/>\n<meta name=\"twitter:card\" content=\"summary_large_image\" \/>\n<meta name=\"twitter:label1\" content=\"Estimeret l\u00e6setid\" \/>\n\t<meta name=\"twitter:data1\" content=\"1 minut\" \/>\n<script type=\"application\/ld+json\" class=\"yoast-schema-graph\">{\"@context\":\"https:\\\/\\\/schema.org\",\"@graph\":[{\"@type\":\"WebPage\",\"@id\":\"https:\\\/\\\/gethowies.com\\\/dk\\\/vare\\\/howies-snoreband-orange\\\/\",\"url\":\"https:\\\/\\\/gethowies.com\\\/dk\\\/vare\\\/howies-snoreband-orange\\\/\",\"name\":\"Howies Sn\u00f8reb\u00e5nd Orange - Howies Hockey Danmark\",\"isPartOf\":{\"@id\":\"https:\\\/\\\/gethowies.com\\\/dk\\\/#website\"},\"primaryImageOfPage\":{\"@id\":\"https:\\\/\\\/gethowies.com\\\/dk\\\/vare\\\/howies-snoreband-orange\\\/#primaryimage\"},\"image\":{\"@id\":\"https:\\\/\\\/gethowies.com\\\/dk\\\/vare\\\/howies-snoreband-orange\\\/#primaryimage\"},\"thumbnailUrl\":\"https:\\\/\\\/gethowies.com\\\/dk\\\/wp-content\\\/uploads\\\/sites\\\/6\\\/2017\\\/02\\\/hh-laces-orange-1020.jpg\",\"datePublished\":\"2017-02-26T20:48:53+00:00\",\"breadcrumb\":{\"@id\":\"https:\\\/\\\/gethowies.com\\\/dk\\\/vare\\\/howies-snoreband-orange\\\/#breadcrumb\"},\"inLanguage\":\"da-DK\",\"potentialAction\":[{\"@type\":\"ReadAction\",\"target\":[\"https:\\\/\\\/gethowies.com\\\/dk\\\/vare\\\/howies-snoreband-orange\\\/\"]}]},{\"@type\":\"ImageObject\",\"inLanguage\":\"da-DK\",\"@id\":\"https:\\\/\\\/gethowies.com\\\/dk\\\/vare\\\/howies-snoreband-orange\\\/#primaryimage\",\"url\":\"https:\\\/\\\/gethowies.com\\\/dk\\\/wp-content\\\/uploads\\\/sites\\\/6\\\/2017\\\/02\\\/hh-laces-orange-1020.jpg\",\"contentUrl\":\"https:\\\/\\\/gethowies.com\\\/dk\\\/wp-content\\\/uploads\\\/sites\\\/6\\\/2017\\\/02\\\/hh-laces-orange-1020.jpg\",\"width\":1632,\"height\":1632},{\"@type\":\"BreadcrumbList\",\"@id\":\"https:\\\/\\\/gethowies.com\\\/dk\\\/vare\\\/howies-snoreband-orange\\\/#breadcrumb\",\"itemListElement\":[{\"@type\":\"ListItem\",\"position\":1,\"name\":\"Hem\",\"item\":\"https:\\\/\\\/gethowies.com\\\/dk\\\/\"},{\"@type\":\"ListItem\",\"position\":2,\"name\":\"Shop\",\"item\":\"https:\\\/\\\/gethowies.com\\\/dk\\\/shop\\\/\"},{\"@type\":\"ListItem\",\"position\":3,\"name\":\"Howies Sn\u00f8reb\u00e5nd Orange\"}]},{\"@type\":\"WebSite\",\"@id\":\"https:\\\/\\\/gethowies.com\\\/dk\\\/#website\",\"url\":\"https:\\\/\\\/gethowies.com\\\/dk\\\/\",\"name\":\"Howies Hockey Danmark\",\"description\":\"\",\"potentialAction\":[{\"@type\":\"SearchAction\",\"target\":{\"@type\":\"EntryPoint\",\"urlTemplate\":\"https:\\\/\\\/gethowies.com\\\/dk\\\/?s={search_term_string}\"},\"query-input\":{\"@type\":\"PropertyValueSpecification\",\"valueRequired\":true,\"valueName\":\"search_term_string\"}}],\"inLanguage\":\"da-DK\"}]}<\/script>\n<!-- \/ Yoast SEO plugin. -->","yoast_head_json":{"title":"Howies Sn\u00f8reb\u00e5nd Orange - Howies Hockey Danmark","robots":{"index":"index","follow":"follow","max-snippet":"max-snippet:-1","max-image-preview":"max-image-preview:large","max-video-preview":"max-video-preview:-1"},"canonical":"https:\/\/gethowies.com\/dk\/vare\/howies-snoreband-orange\/","og_locale":"da_DK","og_type":"article","og_title":"Howies Sn\u00f8reb\u00e5nd Orange - Howies Hockey Danmark","og_description":"Farve - Orange","og_url":"https:\/\/gethowies.com\/dk\/vare\/howies-snoreband-orange\/","og_site_name":"Howies Hockey Danmark","og_image":[{"width":1632,"height":1632,"url":"https:\/\/gethowies.com\/dk\/wp-content\/uploads\/sites\/6\/2017\/02\/hh-laces-orange-1020.jpg","type":"image\/jpeg"}],"twitter_card":"summary_large_image","twitter_misc":{"Estimeret l\u00e6setid":"1 minut"},"schema":{"@context":"https:\/\/schema.org","@graph":[{"@type":"WebPage","@id":"https:\/\/gethowies.com\/dk\/vare\/howies-snoreband-orange\/","url":"https:\/\/gethowies.com\/dk\/vare\/howies-snoreband-orange\/","name":"Howies Sn\u00f8reb\u00e5nd Orange - Howies Hockey Danmark","isPartOf":{"@id":"https:\/\/gethowies.com\/dk\/#website"},"primaryImageOfPage":{"@id":"https:\/\/gethowies.com\/dk\/vare\/howies-snoreband-orange\/#primaryimage"},"image":{"@id":"https:\/\/gethowies.com\/dk\/vare\/howies-snoreband-orange\/#primaryimage"},"thumbnailUrl":"https:\/\/gethowies.com\/dk\/wp-content\/uploads\/sites\/6\/2017\/02\/hh-laces-orange-1020.jpg","datePublished":"2017-02-26T20:48:53+00:00","breadcrumb":{"@id":"https:\/\/gethowies.com\/dk\/vare\/howies-snoreband-orange\/#breadcrumb"},"inLanguage":"da-DK","potentialAction":[{"@type":"ReadAction","target":["https:\/\/gethowies.com\/dk\/vare\/howies-snoreband-orange\/"]}]},{"@type":"ImageObject","inLanguage":"da-DK","@id":"https:\/\/gethowies.com\/dk\/vare\/howies-snoreband-orange\/#primaryimage","url":"https:\/\/gethowies.com\/dk\/wp-content\/uploads\/sites\/6\/2017\/02\/hh-laces-orange-1020.jpg","contentUrl":"https:\/\/gethowies.com\/dk\/wp-content\/uploads\/sites\/6\/2017\/02\/hh-laces-orange-1020.jpg","width":1632,"height":1632},{"@type":"BreadcrumbList","@id":"https:\/\/gethowies.com\/dk\/vare\/howies-snoreband-orange\/#breadcrumb","itemListElement":[{"@type":"ListItem","position":1,"name":"Hem","item":"https:\/\/gethowies.com\/dk\/"},{"@type":"ListItem","position":2,"name":"Shop","item":"https:\/\/gethowies.com\/dk\/shop\/"},{"@type":"ListItem","position":3,"name":"Howies Sn\u00f8reb\u00e5nd Orange"}]},{"@type":"WebSite","@id":"https:\/\/gethowies.com\/dk\/#website","url":"https:\/\/gethowies.com\/dk\/","name":"Howies Hockey Danmark","description":"","potentialAction":[{"@type":"SearchAction","target":{"@type":"EntryPoint","urlTemplate":"https:\/\/gethowies.com\/dk\/?s={search_term_string}"},"query-input":{"@type":"PropertyValueSpecification","valueRequired":true,"valueName":"search_term_string"}}],"inLanguage":"da-DK"}]}},"_links":{"self":[{"href":"https:\/\/gethowies.com\/dk\/wp-json\/wp\/v2\/product\/390","targetHints":{"allow":["GET"]}}],"collection":[{"href":"https:\/\/gethowies.com\/dk\/wp-json\/wp\/v2\/product"}],"about":[{"href":"https:\/\/gethowies.com\/dk\/wp-json\/wp\/v2\/types\/product"}],"replies":[{"embeddable":true,"href":"https:\/\/gethowies.com\/dk\/wp-json\/wp\/v2\/comments?post=390"}],"wp:featuredmedia":[{"embeddable":true,"href":"https:\/\/gethowies.com\/dk\/wp-json\/wp\/v2\/media\/4460"}],"wp:attachment":[{"href":"https:\/\/gethowies.com\/dk\/wp-json\/wp\/v2\/media?parent=390"}],"wp:term":[{"taxonomy":"product_brand","embeddable":true,"href":"https:\/\/gethowies.com\/dk\/wp-json\/wp\/v2\/product_brand?post=390"},{"taxonomy":"product_cat","embeddable":true,"href":"https:\/\/gethowies.com\/dk\/wp-json\/wp\/v2\/product_cat?post=390"},{"taxonomy":"product_tag","embeddable":true,"href":"https:\/\/gethowies.com\/dk\/wp-json\/wp\/v2\/product_tag?post=390"}],"curies":[{"name":"wp","href":"https:\/\/api.w.org\/{rel}","templated":true}]}}