{"id":3919,"date":"2017-10-15T22:53:03","date_gmt":"2017-10-15T20:53:03","guid":{"rendered":"http:\/\/hockeylife.dk\/?post_type=product&amp;p=3919"},"modified":"2017-10-15T22:53:03","modified_gmt":"2017-10-15T20:53:03","slug":"howies-stok-tape-winter-camo","status":"publish","type":"product","link":"https:\/\/gethowies.com\/dk\/vare\/howies-stok-tape-winter-camo\/","title":{"rendered":"Howies Stoktape Winter Camo"},"content":{"rendered":"<p>Det er lige s\u00e5 holdbart som alt vores andet stoftape, men er lidt mere prangende. Howies Patterend Cloth tape er det \u00e5benlyse valg, for dem der \u00f8nsker at kombinere stil og ydeevne. Hos Howies bruger vi tid p\u00e5 at fordoble farvestoffet i vores tape, s\u00e5 farven bliver helt perfekt. <\/p>\n<p>Howies Hockeytape er de professionelles valg af hockeytape. Howies Hockeytape anvendes af spillere i nogle af de bedste ligaer, bl.a. I NHL og SHL. Howies Hockeytape har en perfekt kombination af bomuld\/polyester, som g\u00f8r at hockeytapen holder ekstremt godt igennem alle tre perioder. Vores stoftape modst\u00e5r vand og forhindrer is i at s\u00e6tte sig fast p\u00e5 bladet bedre end noget andet hockeytape p\u00e5 markedet. Vil du have endnu bedre beskyttelse mod sne\/is p\u00e5 bladet, anbefaler vi dig til at pr\u00f8ve vores Stick Wax.<\/p>\n","protected":false},"excerpt":{"rendered":"<p><font><strong>Farve<\/strong> &#8211; Winter Camo<\/font><\/p>\n<div class=\"boxarna\">\n<ul>\n<li><a href=\"..\/howies-stok-tape-green-camo\/\">\n<div class=\"camo\"><\/div>\n<p><\/a><\/li>\n<li class=\"ccurrent\"><a href=\"..\/howies-stok-tape-winter-camo\/\">\n<div class=\"winter-camo\">\n  <\/div>\n<p><\/a><\/li>\n<li><a href=\"..\/howies-stok-tape-pink-camo\/\">\n<div class=\"pink-camo\">\n  <\/div>\n<p><\/a><\/li>\n<li><a href=\"..\/howies-stok-tape-usa-flag\/\">\n<div class=\"us-flag\">\n  <\/div>\n<p><\/a><\/li>\n<li><a href=\"..\/howies-stok-tape-canada-flag\/\">\n<div class=\"can-flag\">\n  <\/div>\n<p><\/a><\/li>\n<\/ul>\n<\/div>\n","protected":false},"featured_media":4192,"comment_status":"closed","ping_status":"closed","template":"","meta":{"inline_featured_image":false},"product_brand":[],"product_cat":[92],"product_tag":[],"class_list":{"0":"post-3919","1":"product","2":"type-product","3":"status-publish","4":"has-post-thumbnail","6":"product_cat-patterned-tape","8":"first","9":"instock","10":"shipping-taxable","11":"purchasable","12":"product-type-simple"},"yoast_head":"<!-- This site is optimized with the Yoast SEO plugin v27.4 - https:\/\/yoast.com\/product\/yoast-seo-wordpress\/ -->\n<title>Howies Stoktape Winter Camo - Howies Hockey Danmark<\/title>\n<meta name=\"robots\" content=\"index, follow, max-snippet:-1, max-image-preview:large, max-video-preview:-1\" \/>\n<link rel=\"canonical\" href=\"https:\/\/gethowies.com\/dk\/vare\/howies-stok-tape-winter-camo\/\" \/>\n<meta property=\"og:locale\" content=\"da_DK\" \/>\n<meta property=\"og:type\" content=\"article\" \/>\n<meta property=\"og:title\" content=\"Howies Stoktape Winter Camo - Howies Hockey Danmark\" \/>\n<meta property=\"og:description\" content=\"Farve - Winter Camo\" \/>\n<meta property=\"og:url\" content=\"https:\/\/gethowies.com\/dk\/vare\/howies-stok-tape-winter-camo\/\" \/>\n<meta property=\"og:site_name\" content=\"Howies Hockey Danmark\" \/>\n<meta property=\"og:image\" content=\"https:\/\/gethowies.com\/dk\/wp-content\/uploads\/sites\/6\/2017\/10\/hht_winter-camo.jpg\" \/>\n\t<meta property=\"og:image:width\" content=\"1020\" \/>\n\t<meta property=\"og:image:height\" content=\"1020\" \/>\n\t<meta property=\"og:image:type\" content=\"image\/jpeg\" \/>\n<meta name=\"twitter:card\" content=\"summary_large_image\" \/>\n<meta name=\"twitter:label1\" content=\"Estimeret l\u00e6setid\" \/>\n\t<meta name=\"twitter:data1\" content=\"1 minut\" \/>\n<script type=\"application\/ld+json\" class=\"yoast-schema-graph\">{\"@context\":\"https:\\\/\\\/schema.org\",\"@graph\":[{\"@type\":\"WebPage\",\"@id\":\"https:\\\/\\\/gethowies.com\\\/dk\\\/vare\\\/howies-stok-tape-winter-camo\\\/\",\"url\":\"https:\\\/\\\/gethowies.com\\\/dk\\\/vare\\\/howies-stok-tape-winter-camo\\\/\",\"name\":\"Howies Stoktape Winter Camo - Howies Hockey Danmark\",\"isPartOf\":{\"@id\":\"https:\\\/\\\/gethowies.com\\\/dk\\\/#website\"},\"primaryImageOfPage\":{\"@id\":\"https:\\\/\\\/gethowies.com\\\/dk\\\/vare\\\/howies-stok-tape-winter-camo\\\/#primaryimage\"},\"image\":{\"@id\":\"https:\\\/\\\/gethowies.com\\\/dk\\\/vare\\\/howies-stok-tape-winter-camo\\\/#primaryimage\"},\"thumbnailUrl\":\"https:\\\/\\\/gethowies.com\\\/dk\\\/wp-content\\\/uploads\\\/sites\\\/6\\\/2017\\\/10\\\/hht_winter-camo.jpg\",\"datePublished\":\"2017-10-15T20:53:03+00:00\",\"breadcrumb\":{\"@id\":\"https:\\\/\\\/gethowies.com\\\/dk\\\/vare\\\/howies-stok-tape-winter-camo\\\/#breadcrumb\"},\"inLanguage\":\"da-DK\",\"potentialAction\":[{\"@type\":\"ReadAction\",\"target\":[\"https:\\\/\\\/gethowies.com\\\/dk\\\/vare\\\/howies-stok-tape-winter-camo\\\/\"]}]},{\"@type\":\"ImageObject\",\"inLanguage\":\"da-DK\",\"@id\":\"https:\\\/\\\/gethowies.com\\\/dk\\\/vare\\\/howies-stok-tape-winter-camo\\\/#primaryimage\",\"url\":\"https:\\\/\\\/gethowies.com\\\/dk\\\/wp-content\\\/uploads\\\/sites\\\/6\\\/2017\\\/10\\\/hht_winter-camo.jpg\",\"contentUrl\":\"https:\\\/\\\/gethowies.com\\\/dk\\\/wp-content\\\/uploads\\\/sites\\\/6\\\/2017\\\/10\\\/hht_winter-camo.jpg\",\"width\":1020,\"height\":1020,\"caption\":\"Howies Winter Camo\"},{\"@type\":\"BreadcrumbList\",\"@id\":\"https:\\\/\\\/gethowies.com\\\/dk\\\/vare\\\/howies-stok-tape-winter-camo\\\/#breadcrumb\",\"itemListElement\":[{\"@type\":\"ListItem\",\"position\":1,\"name\":\"Hem\",\"item\":\"https:\\\/\\\/gethowies.com\\\/dk\\\/\"},{\"@type\":\"ListItem\",\"position\":2,\"name\":\"Shop\",\"item\":\"https:\\\/\\\/gethowies.com\\\/dk\\\/shop\\\/\"},{\"@type\":\"ListItem\",\"position\":3,\"name\":\"Howies Stoktape Winter Camo\"}]},{\"@type\":\"WebSite\",\"@id\":\"https:\\\/\\\/gethowies.com\\\/dk\\\/#website\",\"url\":\"https:\\\/\\\/gethowies.com\\\/dk\\\/\",\"name\":\"Howies Hockey Danmark\",\"description\":\"\",\"potentialAction\":[{\"@type\":\"SearchAction\",\"target\":{\"@type\":\"EntryPoint\",\"urlTemplate\":\"https:\\\/\\\/gethowies.com\\\/dk\\\/?s={search_term_string}\"},\"query-input\":{\"@type\":\"PropertyValueSpecification\",\"valueRequired\":true,\"valueName\":\"search_term_string\"}}],\"inLanguage\":\"da-DK\"}]}<\/script>\n<!-- \/ Yoast SEO plugin. -->","yoast_head_json":{"title":"Howies Stoktape Winter Camo - Howies Hockey Danmark","robots":{"index":"index","follow":"follow","max-snippet":"max-snippet:-1","max-image-preview":"max-image-preview:large","max-video-preview":"max-video-preview:-1"},"canonical":"https:\/\/gethowies.com\/dk\/vare\/howies-stok-tape-winter-camo\/","og_locale":"da_DK","og_type":"article","og_title":"Howies Stoktape Winter Camo - Howies Hockey Danmark","og_description":"Farve - Winter Camo","og_url":"https:\/\/gethowies.com\/dk\/vare\/howies-stok-tape-winter-camo\/","og_site_name":"Howies Hockey Danmark","og_image":[{"width":1020,"height":1020,"url":"https:\/\/gethowies.com\/dk\/wp-content\/uploads\/sites\/6\/2017\/10\/hht_winter-camo.jpg","type":"image\/jpeg"}],"twitter_card":"summary_large_image","twitter_misc":{"Estimeret l\u00e6setid":"1 minut"},"schema":{"@context":"https:\/\/schema.org","@graph":[{"@type":"WebPage","@id":"https:\/\/gethowies.com\/dk\/vare\/howies-stok-tape-winter-camo\/","url":"https:\/\/gethowies.com\/dk\/vare\/howies-stok-tape-winter-camo\/","name":"Howies Stoktape Winter Camo - Howies Hockey Danmark","isPartOf":{"@id":"https:\/\/gethowies.com\/dk\/#website"},"primaryImageOfPage":{"@id":"https:\/\/gethowies.com\/dk\/vare\/howies-stok-tape-winter-camo\/#primaryimage"},"image":{"@id":"https:\/\/gethowies.com\/dk\/vare\/howies-stok-tape-winter-camo\/#primaryimage"},"thumbnailUrl":"https:\/\/gethowies.com\/dk\/wp-content\/uploads\/sites\/6\/2017\/10\/hht_winter-camo.jpg","datePublished":"2017-10-15T20:53:03+00:00","breadcrumb":{"@id":"https:\/\/gethowies.com\/dk\/vare\/howies-stok-tape-winter-camo\/#breadcrumb"},"inLanguage":"da-DK","potentialAction":[{"@type":"ReadAction","target":["https:\/\/gethowies.com\/dk\/vare\/howies-stok-tape-winter-camo\/"]}]},{"@type":"ImageObject","inLanguage":"da-DK","@id":"https:\/\/gethowies.com\/dk\/vare\/howies-stok-tape-winter-camo\/#primaryimage","url":"https:\/\/gethowies.com\/dk\/wp-content\/uploads\/sites\/6\/2017\/10\/hht_winter-camo.jpg","contentUrl":"https:\/\/gethowies.com\/dk\/wp-content\/uploads\/sites\/6\/2017\/10\/hht_winter-camo.jpg","width":1020,"height":1020,"caption":"Howies Winter Camo"},{"@type":"BreadcrumbList","@id":"https:\/\/gethowies.com\/dk\/vare\/howies-stok-tape-winter-camo\/#breadcrumb","itemListElement":[{"@type":"ListItem","position":1,"name":"Hem","item":"https:\/\/gethowies.com\/dk\/"},{"@type":"ListItem","position":2,"name":"Shop","item":"https:\/\/gethowies.com\/dk\/shop\/"},{"@type":"ListItem","position":3,"name":"Howies Stoktape Winter Camo"}]},{"@type":"WebSite","@id":"https:\/\/gethowies.com\/dk\/#website","url":"https:\/\/gethowies.com\/dk\/","name":"Howies Hockey Danmark","description":"","potentialAction":[{"@type":"SearchAction","target":{"@type":"EntryPoint","urlTemplate":"https:\/\/gethowies.com\/dk\/?s={search_term_string}"},"query-input":{"@type":"PropertyValueSpecification","valueRequired":true,"valueName":"search_term_string"}}],"inLanguage":"da-DK"}]}},"_links":{"self":[{"href":"https:\/\/gethowies.com\/dk\/wp-json\/wp\/v2\/product\/3919","targetHints":{"allow":["GET"]}}],"collection":[{"href":"https:\/\/gethowies.com\/dk\/wp-json\/wp\/v2\/product"}],"about":[{"href":"https:\/\/gethowies.com\/dk\/wp-json\/wp\/v2\/types\/product"}],"replies":[{"embeddable":true,"href":"https:\/\/gethowies.com\/dk\/wp-json\/wp\/v2\/comments?post=3919"}],"wp:featuredmedia":[{"embeddable":true,"href":"https:\/\/gethowies.com\/dk\/wp-json\/wp\/v2\/media\/4192"}],"wp:attachment":[{"href":"https:\/\/gethowies.com\/dk\/wp-json\/wp\/v2\/media?parent=3919"}],"wp:term":[{"taxonomy":"product_brand","embeddable":true,"href":"https:\/\/gethowies.com\/dk\/wp-json\/wp\/v2\/product_brand?post=3919"},{"taxonomy":"product_cat","embeddable":true,"href":"https:\/\/gethowies.com\/dk\/wp-json\/wp\/v2\/product_cat?post=3919"},{"taxonomy":"product_tag","embeddable":true,"href":"https:\/\/gethowies.com\/dk\/wp-json\/wp\/v2\/product_tag?post=3919"}],"curies":[{"name":"wp","href":"https:\/\/api.w.org\/{rel}","templated":true}]}}