{"id":406,"date":"2017-02-26T22:19:03","date_gmt":"2017-02-26T21:19:03","guid":{"rendered":"http:\/\/hockeylife.dk\/produkt\/howies-hockey-lace-mt-white\/"},"modified":"2017-02-26T22:19:03","modified_gmt":"2017-02-26T21:19:03","slug":"howies-hockey-lace-mt-white","status":"publish","type":"product","link":"https:\/\/gethowies.com\/dk\/vare\/howies-hockey-lace-mt-white\/","title":{"rendered":"Howies Sn\u00f8reb\u00e5nd Hvid Uden Voks"},"content":{"rendered":"<p>Den professionelles valg, n\u00e5r det kommer til valg af sn\u00f8reb\u00e5nd. Nogle bruger sn\u00f8reb\u00e5nd med voks, andre g\u00f8r ikke. Vores bomuld sn\u00f8reb\u00e5nd er ekstra tykke og giver den perfekte f\u00f8lelse n\u00e5r du strammer dine sk\u00f8jter. <\/p>\n<p>Produceret i Canada fra en blanding af fugtspredende og vedholdende polyestergarn. De er ekstra store, for at give bedre komfort. Til spillere der foretr\u00e6kker, en lidt l\u00f8sere og mere fleksibel tilpasning, er sn\u00f8reb\u00e5nd uden voks et godt valg. Med vores teknologi, der st\u00f8ber enden p\u00e5 sn\u00f8reb\u00e5ndet, kommer du heller aldrig til at d\u00f8je med flosset sn\u00f8reb\u00e5ndsender, n\u00e5r du s\u00e6tter sn\u00f8reb\u00e5ndende i sk\u00f8jterne. <\/p>\n<p>Produceret i Canada <\/p>\n","protected":false},"excerpt":{"rendered":"<p><font><strong>Farve<\/strong> &#8211; Hvid<\/font><\/p>\n<div class=\"boxarna\">\n<ul>\n<li class=\"ccurrent\"><a href=\"..\/howies-hockey-lace-mt-white\/\">\n<div class=\"white\"><\/div>\n<p><\/a><\/li>\n<li><a href=\"..\/howies-hockey-lace-mt-black\/\">\n<div class=\"black\">\n  <\/div>\n<p><\/a><\/li>\n<\/ul>\n<\/div>\n","protected":false},"featured_media":4484,"comment_status":"closed","ping_status":"closed","template":"","meta":{"inline_featured_image":false},"product_brand":[],"product_cat":[98],"product_tag":[],"class_list":{"0":"post-406","1":"product","2":"type-product","3":"status-publish","4":"has-post-thumbnail","6":"product_cat-snoreband-uden-voks","8":"first","9":"instock","10":"shipping-taxable","11":"purchasable","12":"product-type-variable","13":"has-default-attributes"},"yoast_head":"<!-- This site is optimized with the Yoast SEO plugin v27.4 - https:\/\/yoast.com\/product\/yoast-seo-wordpress\/ -->\n<title>Howies Sn\u00f8reb\u00e5nd Hvid Uden Voks - Howies Hockey Danmark<\/title>\n<meta name=\"robots\" content=\"index, follow, max-snippet:-1, max-image-preview:large, max-video-preview:-1\" \/>\n<link rel=\"canonical\" href=\"https:\/\/gethowies.com\/dk\/vare\/howies-hockey-lace-mt-white\/\" \/>\n<meta property=\"og:locale\" content=\"da_DK\" \/>\n<meta property=\"og:type\" content=\"article\" \/>\n<meta property=\"og:title\" content=\"Howies Sn\u00f8reb\u00e5nd Hvid Uden Voks - Howies Hockey Danmark\" \/>\n<meta property=\"og:description\" content=\"Farve - Hvid\" \/>\n<meta property=\"og:url\" content=\"https:\/\/gethowies.com\/dk\/vare\/howies-hockey-lace-mt-white\/\" \/>\n<meta property=\"og:site_name\" content=\"Howies Hockey Danmark\" \/>\n<meta property=\"og:image\" content=\"https:\/\/gethowies.com\/dk\/wp-content\/uploads\/sites\/6\/2017\/02\/hh-laces-mt-white-1020.jpg\" \/>\n\t<meta property=\"og:image:width\" content=\"1632\" \/>\n\t<meta property=\"og:image:height\" content=\"1632\" \/>\n\t<meta property=\"og:image:type\" content=\"image\/jpeg\" \/>\n<meta name=\"twitter:card\" content=\"summary_large_image\" \/>\n<meta name=\"twitter:label1\" content=\"Estimeret l\u00e6setid\" \/>\n\t<meta name=\"twitter:data1\" content=\"1 minut\" \/>\n<script type=\"application\/ld+json\" class=\"yoast-schema-graph\">{\"@context\":\"https:\\\/\\\/schema.org\",\"@graph\":[{\"@type\":\"WebPage\",\"@id\":\"https:\\\/\\\/gethowies.com\\\/dk\\\/vare\\\/howies-hockey-lace-mt-white\\\/\",\"url\":\"https:\\\/\\\/gethowies.com\\\/dk\\\/vare\\\/howies-hockey-lace-mt-white\\\/\",\"name\":\"Howies Sn\u00f8reb\u00e5nd Hvid Uden Voks - Howies Hockey Danmark\",\"isPartOf\":{\"@id\":\"https:\\\/\\\/gethowies.com\\\/dk\\\/#website\"},\"primaryImageOfPage\":{\"@id\":\"https:\\\/\\\/gethowies.com\\\/dk\\\/vare\\\/howies-hockey-lace-mt-white\\\/#primaryimage\"},\"image\":{\"@id\":\"https:\\\/\\\/gethowies.com\\\/dk\\\/vare\\\/howies-hockey-lace-mt-white\\\/#primaryimage\"},\"thumbnailUrl\":\"https:\\\/\\\/gethowies.com\\\/dk\\\/wp-content\\\/uploads\\\/sites\\\/6\\\/2017\\\/02\\\/hh-laces-mt-white-1020.jpg\",\"datePublished\":\"2017-02-26T21:19:03+00:00\",\"breadcrumb\":{\"@id\":\"https:\\\/\\\/gethowies.com\\\/dk\\\/vare\\\/howies-hockey-lace-mt-white\\\/#breadcrumb\"},\"inLanguage\":\"da-DK\",\"potentialAction\":[{\"@type\":\"ReadAction\",\"target\":[\"https:\\\/\\\/gethowies.com\\\/dk\\\/vare\\\/howies-hockey-lace-mt-white\\\/\"]}]},{\"@type\":\"ImageObject\",\"inLanguage\":\"da-DK\",\"@id\":\"https:\\\/\\\/gethowies.com\\\/dk\\\/vare\\\/howies-hockey-lace-mt-white\\\/#primaryimage\",\"url\":\"https:\\\/\\\/gethowies.com\\\/dk\\\/wp-content\\\/uploads\\\/sites\\\/6\\\/2017\\\/02\\\/hh-laces-mt-white-1020.jpg\",\"contentUrl\":\"https:\\\/\\\/gethowies.com\\\/dk\\\/wp-content\\\/uploads\\\/sites\\\/6\\\/2017\\\/02\\\/hh-laces-mt-white-1020.jpg\",\"width\":1632,\"height\":1632,\"caption\":\"Sn\u00f8reb\u00e5nd uden voks\"},{\"@type\":\"BreadcrumbList\",\"@id\":\"https:\\\/\\\/gethowies.com\\\/dk\\\/vare\\\/howies-hockey-lace-mt-white\\\/#breadcrumb\",\"itemListElement\":[{\"@type\":\"ListItem\",\"position\":1,\"name\":\"Hem\",\"item\":\"https:\\\/\\\/gethowies.com\\\/dk\\\/\"},{\"@type\":\"ListItem\",\"position\":2,\"name\":\"Shop\",\"item\":\"https:\\\/\\\/gethowies.com\\\/dk\\\/shop\\\/\"},{\"@type\":\"ListItem\",\"position\":3,\"name\":\"Howies Sn\u00f8reb\u00e5nd Hvid Uden Voks\"}]},{\"@type\":\"WebSite\",\"@id\":\"https:\\\/\\\/gethowies.com\\\/dk\\\/#website\",\"url\":\"https:\\\/\\\/gethowies.com\\\/dk\\\/\",\"name\":\"Howies Hockey Danmark\",\"description\":\"\",\"potentialAction\":[{\"@type\":\"SearchAction\",\"target\":{\"@type\":\"EntryPoint\",\"urlTemplate\":\"https:\\\/\\\/gethowies.com\\\/dk\\\/?s={search_term_string}\"},\"query-input\":{\"@type\":\"PropertyValueSpecification\",\"valueRequired\":true,\"valueName\":\"search_term_string\"}}],\"inLanguage\":\"da-DK\"}]}<\/script>\n<!-- \/ Yoast SEO plugin. -->","yoast_head_json":{"title":"Howies Sn\u00f8reb\u00e5nd Hvid Uden Voks - Howies Hockey Danmark","robots":{"index":"index","follow":"follow","max-snippet":"max-snippet:-1","max-image-preview":"max-image-preview:large","max-video-preview":"max-video-preview:-1"},"canonical":"https:\/\/gethowies.com\/dk\/vare\/howies-hockey-lace-mt-white\/","og_locale":"da_DK","og_type":"article","og_title":"Howies Sn\u00f8reb\u00e5nd Hvid Uden Voks - Howies Hockey Danmark","og_description":"Farve - Hvid","og_url":"https:\/\/gethowies.com\/dk\/vare\/howies-hockey-lace-mt-white\/","og_site_name":"Howies Hockey Danmark","og_image":[{"width":1632,"height":1632,"url":"https:\/\/gethowies.com\/dk\/wp-content\/uploads\/sites\/6\/2017\/02\/hh-laces-mt-white-1020.jpg","type":"image\/jpeg"}],"twitter_card":"summary_large_image","twitter_misc":{"Estimeret l\u00e6setid":"1 minut"},"schema":{"@context":"https:\/\/schema.org","@graph":[{"@type":"WebPage","@id":"https:\/\/gethowies.com\/dk\/vare\/howies-hockey-lace-mt-white\/","url":"https:\/\/gethowies.com\/dk\/vare\/howies-hockey-lace-mt-white\/","name":"Howies Sn\u00f8reb\u00e5nd Hvid Uden Voks - Howies Hockey Danmark","isPartOf":{"@id":"https:\/\/gethowies.com\/dk\/#website"},"primaryImageOfPage":{"@id":"https:\/\/gethowies.com\/dk\/vare\/howies-hockey-lace-mt-white\/#primaryimage"},"image":{"@id":"https:\/\/gethowies.com\/dk\/vare\/howies-hockey-lace-mt-white\/#primaryimage"},"thumbnailUrl":"https:\/\/gethowies.com\/dk\/wp-content\/uploads\/sites\/6\/2017\/02\/hh-laces-mt-white-1020.jpg","datePublished":"2017-02-26T21:19:03+00:00","breadcrumb":{"@id":"https:\/\/gethowies.com\/dk\/vare\/howies-hockey-lace-mt-white\/#breadcrumb"},"inLanguage":"da-DK","potentialAction":[{"@type":"ReadAction","target":["https:\/\/gethowies.com\/dk\/vare\/howies-hockey-lace-mt-white\/"]}]},{"@type":"ImageObject","inLanguage":"da-DK","@id":"https:\/\/gethowies.com\/dk\/vare\/howies-hockey-lace-mt-white\/#primaryimage","url":"https:\/\/gethowies.com\/dk\/wp-content\/uploads\/sites\/6\/2017\/02\/hh-laces-mt-white-1020.jpg","contentUrl":"https:\/\/gethowies.com\/dk\/wp-content\/uploads\/sites\/6\/2017\/02\/hh-laces-mt-white-1020.jpg","width":1632,"height":1632,"caption":"Sn\u00f8reb\u00e5nd uden voks"},{"@type":"BreadcrumbList","@id":"https:\/\/gethowies.com\/dk\/vare\/howies-hockey-lace-mt-white\/#breadcrumb","itemListElement":[{"@type":"ListItem","position":1,"name":"Hem","item":"https:\/\/gethowies.com\/dk\/"},{"@type":"ListItem","position":2,"name":"Shop","item":"https:\/\/gethowies.com\/dk\/shop\/"},{"@type":"ListItem","position":3,"name":"Howies Sn\u00f8reb\u00e5nd Hvid Uden Voks"}]},{"@type":"WebSite","@id":"https:\/\/gethowies.com\/dk\/#website","url":"https:\/\/gethowies.com\/dk\/","name":"Howies Hockey Danmark","description":"","potentialAction":[{"@type":"SearchAction","target":{"@type":"EntryPoint","urlTemplate":"https:\/\/gethowies.com\/dk\/?s={search_term_string}"},"query-input":{"@type":"PropertyValueSpecification","valueRequired":true,"valueName":"search_term_string"}}],"inLanguage":"da-DK"}]}},"_links":{"self":[{"href":"https:\/\/gethowies.com\/dk\/wp-json\/wp\/v2\/product\/406","targetHints":{"allow":["GET"]}}],"collection":[{"href":"https:\/\/gethowies.com\/dk\/wp-json\/wp\/v2\/product"}],"about":[{"href":"https:\/\/gethowies.com\/dk\/wp-json\/wp\/v2\/types\/product"}],"replies":[{"embeddable":true,"href":"https:\/\/gethowies.com\/dk\/wp-json\/wp\/v2\/comments?post=406"}],"wp:featuredmedia":[{"embeddable":true,"href":"https:\/\/gethowies.com\/dk\/wp-json\/wp\/v2\/media\/4484"}],"wp:attachment":[{"href":"https:\/\/gethowies.com\/dk\/wp-json\/wp\/v2\/media?parent=406"}],"wp:term":[{"taxonomy":"product_brand","embeddable":true,"href":"https:\/\/gethowies.com\/dk\/wp-json\/wp\/v2\/product_brand?post=406"},{"taxonomy":"product_cat","embeddable":true,"href":"https:\/\/gethowies.com\/dk\/wp-json\/wp\/v2\/product_cat?post=406"},{"taxonomy":"product_tag","embeddable":true,"href":"https:\/\/gethowies.com\/dk\/wp-json\/wp\/v2\/product_tag?post=406"}],"curies":[{"name":"wp","href":"https:\/\/api.w.org\/{rel}","templated":true}]}}