{"id":486,"date":"2017-03-06T21:24:57","date_gmt":"2017-03-06T20:24:57","guid":{"rendered":"http:\/\/hockeylife.dk\/?post_type=product&amp;p=486"},"modified":"2017-03-06T21:24:57","modified_gmt":"2017-03-06T20:24:57","slug":"howies-benskinne-tape-clear-big-pack","status":"publish","type":"product","link":"https:\/\/gethowies.com\/dk\/vare\/howies-benskinne-tape-clear-big-pack\/","title":{"rendered":"Howies Benskinne Tape Clear Big Pack"},"content":{"rendered":"<p>K\u00f8b mere, spar mere. Indeholder 10, 20 eller 30 ruller beskinnetape.<\/p>\n<p>N\u00e5r du f\u00f8rst har brugt vores beskinnetape \u00e9n gang, vil du aldrig bruge andet. Netop fordi vores beskinnetape, yder det bedste og holder dine beskinner p\u00e5 plads og derved minimerer risikoen for skader. Det er lavet af polyethylen hvilket g\u00f8r det elastisk nok til, at udvide sig og skabe kontrakt med dine muskler. <\/p>\n<p>Vores beskinnetape kan ikke sammenlignes med elektrisk tape, der sv\u00e6kker udstr\u00e6kningen af tapen og derved \u00f8ger muligheden for skader. <\/p>\n<p>Vores beskinnetape bliver brugt af professionelle spillere i NHL &amp; SHL. <\/p>\n<p>Produceret i Nordamerika<\/p>\n","protected":false},"excerpt":{"rendered":"<p>K\u00f8b mere, spar mere. Indeholder 10, 20 eller 30 ruller beskinnetape. N\u00e5r du f\u00f8rst har brugt vores beskinnetape \u00e9n gang, vil du aldrig bruge andet. Netop fordi vores beskinnetape, yder det bedste og holder dine beskinner p\u00e5 plads og derved minimerer risikoen for skader. Det er lavet af polyethylen hvilket g\u00f8r det elastisk nok til, [&#8230;]\n","protected":false},"featured_media":2920,"comment_status":"open","ping_status":"closed","template":"","meta":{"inline_featured_image":false},"product_brand":[],"product_cat":[93],"product_tag":[],"class_list":{"0":"post-486","1":"product","2":"type-product","3":"status-publish","4":"has-post-thumbnail","6":"product_cat-big-pack","8":"first","9":"instock","10":"shipping-taxable","11":"purchasable","12":"product-type-variable"},"yoast_head":"<!-- This site is optimized with the Yoast SEO plugin v27.5 - https:\/\/yoast.com\/product\/yoast-seo-wordpress\/ -->\n<title>Howies Benskinne Tape Clear Big Pack - Howies Hockey Danmark<\/title>\n<meta name=\"description\" content=\"Howies Benskyddstejp Clear Big Pack, anv\u00e4nds av spelare i NHL och SHL. Big pack 10, 20 eller 30 rullar. K\u00f6p mer, spara mer pengar!\" \/>\n<meta name=\"robots\" content=\"index, follow, max-snippet:-1, max-image-preview:large, max-video-preview:-1\" \/>\n<link rel=\"canonical\" href=\"https:\/\/gethowies.com\/dk\/vare\/howies-benskinne-tape-clear-big-pack\/\" \/>\n<meta property=\"og:locale\" content=\"da_DK\" \/>\n<meta property=\"og:type\" content=\"article\" \/>\n<meta property=\"og:title\" content=\"Howies Benskinne Tape Clear Big Pack - Howies Hockey Danmark\" \/>\n<meta property=\"og:description\" content=\"Howies Benskyddstejp Clear Big Pack, anv\u00e4nds av spelare i NHL och SHL. Big pack 10, 20 eller 30 rullar. K\u00f6p mer, spara mer pengar!\" \/>\n<meta property=\"og:url\" content=\"https:\/\/gethowies.com\/dk\/vare\/howies-benskinne-tape-clear-big-pack\/\" \/>\n<meta property=\"og:site_name\" content=\"Howies Hockey Danmark\" \/>\n<meta property=\"og:image\" content=\"https:\/\/gethowies.com\/dk\/wp-content\/uploads\/sites\/6\/2017\/03\/benskydd-bigpack.jpg\" \/>\n\t<meta property=\"og:image:width\" content=\"1020\" \/>\n\t<meta property=\"og:image:height\" content=\"1200\" \/>\n\t<meta property=\"og:image:type\" content=\"image\/jpeg\" \/>\n<meta name=\"twitter:card\" content=\"summary_large_image\" \/>\n<meta name=\"twitter:label1\" content=\"Estimeret l\u00e6setid\" \/>\n\t<meta name=\"twitter:data1\" content=\"1 minut\" \/>\n<script type=\"application\/ld+json\" class=\"yoast-schema-graph\">{\"@context\":\"https:\\\/\\\/schema.org\",\"@graph\":[{\"@type\":\"WebPage\",\"@id\":\"https:\\\/\\\/gethowies.com\\\/dk\\\/vare\\\/howies-benskinne-tape-clear-big-pack\\\/\",\"url\":\"https:\\\/\\\/gethowies.com\\\/dk\\\/vare\\\/howies-benskinne-tape-clear-big-pack\\\/\",\"name\":\"Howies Benskinne Tape Clear Big Pack - Howies Hockey Danmark\",\"isPartOf\":{\"@id\":\"https:\\\/\\\/gethowies.com\\\/dk\\\/#website\"},\"primaryImageOfPage\":{\"@id\":\"https:\\\/\\\/gethowies.com\\\/dk\\\/vare\\\/howies-benskinne-tape-clear-big-pack\\\/#primaryimage\"},\"image\":{\"@id\":\"https:\\\/\\\/gethowies.com\\\/dk\\\/vare\\\/howies-benskinne-tape-clear-big-pack\\\/#primaryimage\"},\"thumbnailUrl\":\"https:\\\/\\\/gethowies.com\\\/dk\\\/wp-content\\\/uploads\\\/sites\\\/6\\\/2017\\\/03\\\/benskydd-bigpack.jpg\",\"datePublished\":\"2017-03-06T20:24:57+00:00\",\"description\":\"Howies Benskyddstejp Clear Big Pack, anv\u00e4nds av spelare i NHL och SHL. Big pack 10, 20 eller 30 rullar. K\u00f6p mer, spara mer pengar!\",\"breadcrumb\":{\"@id\":\"https:\\\/\\\/gethowies.com\\\/dk\\\/vare\\\/howies-benskinne-tape-clear-big-pack\\\/#breadcrumb\"},\"inLanguage\":\"da-DK\",\"potentialAction\":[{\"@type\":\"ReadAction\",\"target\":[\"https:\\\/\\\/gethowies.com\\\/dk\\\/vare\\\/howies-benskinne-tape-clear-big-pack\\\/\"]}]},{\"@type\":\"ImageObject\",\"inLanguage\":\"da-DK\",\"@id\":\"https:\\\/\\\/gethowies.com\\\/dk\\\/vare\\\/howies-benskinne-tape-clear-big-pack\\\/#primaryimage\",\"url\":\"https:\\\/\\\/gethowies.com\\\/dk\\\/wp-content\\\/uploads\\\/sites\\\/6\\\/2017\\\/03\\\/benskydd-bigpack.jpg\",\"contentUrl\":\"https:\\\/\\\/gethowies.com\\\/dk\\\/wp-content\\\/uploads\\\/sites\\\/6\\\/2017\\\/03\\\/benskydd-bigpack.jpg\",\"width\":1020,\"height\":1200},{\"@type\":\"BreadcrumbList\",\"@id\":\"https:\\\/\\\/gethowies.com\\\/dk\\\/vare\\\/howies-benskinne-tape-clear-big-pack\\\/#breadcrumb\",\"itemListElement\":[{\"@type\":\"ListItem\",\"position\":1,\"name\":\"Hem\",\"item\":\"https:\\\/\\\/gethowies.com\\\/dk\\\/\"},{\"@type\":\"ListItem\",\"position\":2,\"name\":\"Shop\",\"item\":\"https:\\\/\\\/gethowies.com\\\/dk\\\/shop\\\/\"},{\"@type\":\"ListItem\",\"position\":3,\"name\":\"Howies Benskinne Tape Clear Big Pack\"}]},{\"@type\":\"WebSite\",\"@id\":\"https:\\\/\\\/gethowies.com\\\/dk\\\/#website\",\"url\":\"https:\\\/\\\/gethowies.com\\\/dk\\\/\",\"name\":\"Howies Hockey Danmark\",\"description\":\"\",\"potentialAction\":[{\"@type\":\"SearchAction\",\"target\":{\"@type\":\"EntryPoint\",\"urlTemplate\":\"https:\\\/\\\/gethowies.com\\\/dk\\\/?s={search_term_string}\"},\"query-input\":{\"@type\":\"PropertyValueSpecification\",\"valueRequired\":true,\"valueName\":\"search_term_string\"}}],\"inLanguage\":\"da-DK\"}]}<\/script>\n<!-- \/ Yoast SEO plugin. -->","yoast_head_json":{"title":"Howies Benskinne Tape Clear Big Pack - Howies Hockey Danmark","description":"Howies Benskyddstejp Clear Big Pack, anv\u00e4nds av spelare i NHL och SHL. Big pack 10, 20 eller 30 rullar. K\u00f6p mer, spara mer pengar!","robots":{"index":"index","follow":"follow","max-snippet":"max-snippet:-1","max-image-preview":"max-image-preview:large","max-video-preview":"max-video-preview:-1"},"canonical":"https:\/\/gethowies.com\/dk\/vare\/howies-benskinne-tape-clear-big-pack\/","og_locale":"da_DK","og_type":"article","og_title":"Howies Benskinne Tape Clear Big Pack - Howies Hockey Danmark","og_description":"Howies Benskyddstejp Clear Big Pack, anv\u00e4nds av spelare i NHL och SHL. Big pack 10, 20 eller 30 rullar. K\u00f6p mer, spara mer pengar!","og_url":"https:\/\/gethowies.com\/dk\/vare\/howies-benskinne-tape-clear-big-pack\/","og_site_name":"Howies Hockey Danmark","og_image":[{"width":1020,"height":1200,"url":"https:\/\/gethowies.com\/dk\/wp-content\/uploads\/sites\/6\/2017\/03\/benskydd-bigpack.jpg","type":"image\/jpeg"}],"twitter_card":"summary_large_image","twitter_misc":{"Estimeret l\u00e6setid":"1 minut"},"schema":{"@context":"https:\/\/schema.org","@graph":[{"@type":"WebPage","@id":"https:\/\/gethowies.com\/dk\/vare\/howies-benskinne-tape-clear-big-pack\/","url":"https:\/\/gethowies.com\/dk\/vare\/howies-benskinne-tape-clear-big-pack\/","name":"Howies Benskinne Tape Clear Big Pack - Howies Hockey Danmark","isPartOf":{"@id":"https:\/\/gethowies.com\/dk\/#website"},"primaryImageOfPage":{"@id":"https:\/\/gethowies.com\/dk\/vare\/howies-benskinne-tape-clear-big-pack\/#primaryimage"},"image":{"@id":"https:\/\/gethowies.com\/dk\/vare\/howies-benskinne-tape-clear-big-pack\/#primaryimage"},"thumbnailUrl":"https:\/\/gethowies.com\/dk\/wp-content\/uploads\/sites\/6\/2017\/03\/benskydd-bigpack.jpg","datePublished":"2017-03-06T20:24:57+00:00","description":"Howies Benskyddstejp Clear Big Pack, anv\u00e4nds av spelare i NHL och SHL. Big pack 10, 20 eller 30 rullar. K\u00f6p mer, spara mer pengar!","breadcrumb":{"@id":"https:\/\/gethowies.com\/dk\/vare\/howies-benskinne-tape-clear-big-pack\/#breadcrumb"},"inLanguage":"da-DK","potentialAction":[{"@type":"ReadAction","target":["https:\/\/gethowies.com\/dk\/vare\/howies-benskinne-tape-clear-big-pack\/"]}]},{"@type":"ImageObject","inLanguage":"da-DK","@id":"https:\/\/gethowies.com\/dk\/vare\/howies-benskinne-tape-clear-big-pack\/#primaryimage","url":"https:\/\/gethowies.com\/dk\/wp-content\/uploads\/sites\/6\/2017\/03\/benskydd-bigpack.jpg","contentUrl":"https:\/\/gethowies.com\/dk\/wp-content\/uploads\/sites\/6\/2017\/03\/benskydd-bigpack.jpg","width":1020,"height":1200},{"@type":"BreadcrumbList","@id":"https:\/\/gethowies.com\/dk\/vare\/howies-benskinne-tape-clear-big-pack\/#breadcrumb","itemListElement":[{"@type":"ListItem","position":1,"name":"Hem","item":"https:\/\/gethowies.com\/dk\/"},{"@type":"ListItem","position":2,"name":"Shop","item":"https:\/\/gethowies.com\/dk\/shop\/"},{"@type":"ListItem","position":3,"name":"Howies Benskinne Tape Clear Big Pack"}]},{"@type":"WebSite","@id":"https:\/\/gethowies.com\/dk\/#website","url":"https:\/\/gethowies.com\/dk\/","name":"Howies Hockey Danmark","description":"","potentialAction":[{"@type":"SearchAction","target":{"@type":"EntryPoint","urlTemplate":"https:\/\/gethowies.com\/dk\/?s={search_term_string}"},"query-input":{"@type":"PropertyValueSpecification","valueRequired":true,"valueName":"search_term_string"}}],"inLanguage":"da-DK"}]}},"_links":{"self":[{"href":"https:\/\/gethowies.com\/dk\/wp-json\/wp\/v2\/product\/486","targetHints":{"allow":["GET"]}}],"collection":[{"href":"https:\/\/gethowies.com\/dk\/wp-json\/wp\/v2\/product"}],"about":[{"href":"https:\/\/gethowies.com\/dk\/wp-json\/wp\/v2\/types\/product"}],"replies":[{"embeddable":true,"href":"https:\/\/gethowies.com\/dk\/wp-json\/wp\/v2\/comments?post=486"}],"wp:featuredmedia":[{"embeddable":true,"href":"https:\/\/gethowies.com\/dk\/wp-json\/wp\/v2\/media\/2920"}],"wp:attachment":[{"href":"https:\/\/gethowies.com\/dk\/wp-json\/wp\/v2\/media?parent=486"}],"wp:term":[{"taxonomy":"product_brand","embeddable":true,"href":"https:\/\/gethowies.com\/dk\/wp-json\/wp\/v2\/product_brand?post=486"},{"taxonomy":"product_cat","embeddable":true,"href":"https:\/\/gethowies.com\/dk\/wp-json\/wp\/v2\/product_cat?post=486"},{"taxonomy":"product_tag","embeddable":true,"href":"https:\/\/gethowies.com\/dk\/wp-json\/wp\/v2\/product_tag?post=486"}],"curies":[{"name":"wp","href":"https:\/\/api.w.org\/{rel}","templated":true}]}}