{"id":497,"date":"2017-03-06T19:36:48","date_gmt":"2017-03-06T18:36:48","guid":{"rendered":"http:\/\/hockeylife.dk\/produkt\/howies-pro-rosa\/"},"modified":"2023-05-27T10:05:14","modified_gmt":"2023-05-27T08:05:14","slug":"howies-benskinne-tape-rosa","status":"publish","type":"product","link":"https:\/\/gethowies.com\/dk\/vare\/howies-benskinne-tape-rosa\/","title":{"rendered":"Howies Benskinne Tape Rosa"},"content":{"rendered":"<h2>Proffsens Val<\/h2>\n<p>Howies Benskyddstejp Rosa \u00e4r proffsens val av benskyddstejp. Howies benskyddstejp anv\u00e4nds av spelare i n\u00e5gra utav v\u00e4rldens b\u00e4sta ligor. Tejpen \u00e5terfinns bl.a. i NHL och SHL, och hos alla ishockeyspelare som enbart n\u00f6jer sig med den b\u00e4sta benskyddstejpen. Proffsens sj\u00e4lvklara val genom matchen och f\u00f6r Dig som enbart n\u00f6jer dig\u00a0med det b\u00e4sta. Den kraftiga tejpen h\u00e5ller skydden p\u00e5 plats genom hela matchen\/tr\u00e4ningen. Howies Benskyddstejp Pro kan INTE j\u00e4mf\u00f6ras med enklare\/tunnare tejp som mattas\/str\u00e4cks ut och d\u00e4rmed \u00f6kar skaderisken.<\/p>\n<h3>F\u00e4rger<\/h3>\n<p>Clear, rosa, r\u00f6d, bl\u00e5, silver och guld.<\/p>\n<p>Howies Hockey Tape tillverkas i Nordamerika<\/p>\n","protected":false},"excerpt":{"rendered":"<p>Proffsens Val Howies Benskyddstejp Rosa \u00e4r proffsens val av benskyddstejp. Howies benskyddstejp anv\u00e4nds av spelare i n\u00e5gra utav v\u00e4rldens b\u00e4sta ligor. Tejpen \u00e5terfinns bl.a. i NHL och SHL, och hos alla ishockeyspelare som enbart n\u00f6jer sig med den b\u00e4sta benskyddstejpen. Proffsens sj\u00e4lvklara val genom matchen och f\u00f6r Dig som enbart n\u00f6jer dig\u00a0med det b\u00e4sta. Den [&#8230;]\n","protected":false},"featured_media":2830,"comment_status":"closed","ping_status":"closed","template":"","meta":{"inline_featured_image":false},"product_brand":[],"product_cat":[87],"product_tag":[],"class_list":{"0":"post-497","1":"product","2":"type-product","3":"status-publish","4":"has-post-thumbnail","6":"product_cat-benskinne-tape","8":"first","9":"instock","10":"shipping-taxable","11":"purchasable","12":"product-type-simple"},"yoast_head":"<!-- This site is optimized with the Yoast SEO plugin v27.5 - https:\/\/yoast.com\/product\/yoast-seo-wordpress\/ -->\n<title>Howies Benskinne Tape Rosa - Howies Hockey Danmark<\/title>\n<meta name=\"robots\" content=\"index, follow, max-snippet:-1, max-image-preview:large, max-video-preview:-1\" \/>\n<link rel=\"canonical\" href=\"https:\/\/gethowies.com\/dk\/vare\/howies-benskinne-tape-rosa\/\" \/>\n<meta property=\"og:locale\" content=\"da_DK\" \/>\n<meta property=\"og:type\" content=\"article\" \/>\n<meta property=\"og:title\" content=\"Howies Benskinne Tape Rosa - Howies Hockey Danmark\" \/>\n<meta property=\"og:description\" content=\"Proffsens Val Howies Benskyddstejp Rosa \u00e4r proffsens val av benskyddstejp. Howies benskyddstejp anv\u00e4nds av spelare i n\u00e5gra utav v\u00e4rldens b\u00e4sta ligor. Tejpen \u00e5terfinns bl.a. i NHL och SHL, och hos alla ishockeyspelare som enbart n\u00f6jer sig med den b\u00e4sta benskyddstejpen. Proffsens sj\u00e4lvklara val genom matchen och f\u00f6r Dig som enbart n\u00f6jer dig\u00a0med det b\u00e4sta. Den [...]\" \/>\n<meta property=\"og:url\" content=\"https:\/\/gethowies.com\/dk\/vare\/howies-benskinne-tape-rosa\/\" \/>\n<meta property=\"og:site_name\" content=\"Howies Hockey Danmark\" \/>\n<meta property=\"article:modified_time\" content=\"2023-05-27T08:05:14+00:00\" \/>\n<meta property=\"og:image\" content=\"https:\/\/gethowies.com\/dk\/wp-content\/uploads\/sites\/6\/2017\/03\/benskyddstejp-rosa.jpg\" \/>\n\t<meta property=\"og:image:width\" content=\"1020\" \/>\n\t<meta property=\"og:image:height\" content=\"1200\" \/>\n\t<meta property=\"og:image:type\" content=\"image\/jpeg\" \/>\n<meta name=\"twitter:card\" content=\"summary_large_image\" \/>\n<meta name=\"twitter:label1\" content=\"Estimeret l\u00e6setid\" \/>\n\t<meta name=\"twitter:data1\" content=\"1 minut\" \/>\n<script type=\"application\/ld+json\" class=\"yoast-schema-graph\">{\"@context\":\"https:\\\/\\\/schema.org\",\"@graph\":[{\"@type\":\"WebPage\",\"@id\":\"https:\\\/\\\/gethowies.com\\\/dk\\\/vare\\\/howies-benskinne-tape-rosa\\\/\",\"url\":\"https:\\\/\\\/gethowies.com\\\/dk\\\/vare\\\/howies-benskinne-tape-rosa\\\/\",\"name\":\"Howies Benskinne Tape Rosa - Howies Hockey Danmark\",\"isPartOf\":{\"@id\":\"https:\\\/\\\/gethowies.com\\\/dk\\\/#website\"},\"primaryImageOfPage\":{\"@id\":\"https:\\\/\\\/gethowies.com\\\/dk\\\/vare\\\/howies-benskinne-tape-rosa\\\/#primaryimage\"},\"image\":{\"@id\":\"https:\\\/\\\/gethowies.com\\\/dk\\\/vare\\\/howies-benskinne-tape-rosa\\\/#primaryimage\"},\"thumbnailUrl\":\"https:\\\/\\\/gethowies.com\\\/dk\\\/wp-content\\\/uploads\\\/sites\\\/6\\\/2017\\\/03\\\/benskyddstejp-rosa.jpg\",\"datePublished\":\"2017-03-06T18:36:48+00:00\",\"dateModified\":\"2023-05-27T08:05:14+00:00\",\"breadcrumb\":{\"@id\":\"https:\\\/\\\/gethowies.com\\\/dk\\\/vare\\\/howies-benskinne-tape-rosa\\\/#breadcrumb\"},\"inLanguage\":\"da-DK\",\"potentialAction\":[{\"@type\":\"ReadAction\",\"target\":[\"https:\\\/\\\/gethowies.com\\\/dk\\\/vare\\\/howies-benskinne-tape-rosa\\\/\"]}]},{\"@type\":\"ImageObject\",\"inLanguage\":\"da-DK\",\"@id\":\"https:\\\/\\\/gethowies.com\\\/dk\\\/vare\\\/howies-benskinne-tape-rosa\\\/#primaryimage\",\"url\":\"https:\\\/\\\/gethowies.com\\\/dk\\\/wp-content\\\/uploads\\\/sites\\\/6\\\/2017\\\/03\\\/benskyddstejp-rosa.jpg\",\"contentUrl\":\"https:\\\/\\\/gethowies.com\\\/dk\\\/wp-content\\\/uploads\\\/sites\\\/6\\\/2017\\\/03\\\/benskyddstejp-rosa.jpg\",\"width\":1020,\"height\":1200},{\"@type\":\"BreadcrumbList\",\"@id\":\"https:\\\/\\\/gethowies.com\\\/dk\\\/vare\\\/howies-benskinne-tape-rosa\\\/#breadcrumb\",\"itemListElement\":[{\"@type\":\"ListItem\",\"position\":1,\"name\":\"Hem\",\"item\":\"https:\\\/\\\/gethowies.com\\\/dk\\\/\"},{\"@type\":\"ListItem\",\"position\":2,\"name\":\"Shop\",\"item\":\"https:\\\/\\\/gethowies.com\\\/dk\\\/shop\\\/\"},{\"@type\":\"ListItem\",\"position\":3,\"name\":\"Howies Benskinne Tape Rosa\"}]},{\"@type\":\"WebSite\",\"@id\":\"https:\\\/\\\/gethowies.com\\\/dk\\\/#website\",\"url\":\"https:\\\/\\\/gethowies.com\\\/dk\\\/\",\"name\":\"Howies Hockey Danmark\",\"description\":\"\",\"potentialAction\":[{\"@type\":\"SearchAction\",\"target\":{\"@type\":\"EntryPoint\",\"urlTemplate\":\"https:\\\/\\\/gethowies.com\\\/dk\\\/?s={search_term_string}\"},\"query-input\":{\"@type\":\"PropertyValueSpecification\",\"valueRequired\":true,\"valueName\":\"search_term_string\"}}],\"inLanguage\":\"da-DK\"}]}<\/script>\n<!-- \/ Yoast SEO plugin. -->","yoast_head_json":{"title":"Howies Benskinne Tape Rosa - Howies Hockey Danmark","robots":{"index":"index","follow":"follow","max-snippet":"max-snippet:-1","max-image-preview":"max-image-preview:large","max-video-preview":"max-video-preview:-1"},"canonical":"https:\/\/gethowies.com\/dk\/vare\/howies-benskinne-tape-rosa\/","og_locale":"da_DK","og_type":"article","og_title":"Howies Benskinne Tape Rosa - Howies Hockey Danmark","og_description":"Proffsens Val Howies Benskyddstejp Rosa \u00e4r proffsens val av benskyddstejp. Howies benskyddstejp anv\u00e4nds av spelare i n\u00e5gra utav v\u00e4rldens b\u00e4sta ligor. Tejpen \u00e5terfinns bl.a. i NHL och SHL, och hos alla ishockeyspelare som enbart n\u00f6jer sig med den b\u00e4sta benskyddstejpen. Proffsens sj\u00e4lvklara val genom matchen och f\u00f6r Dig som enbart n\u00f6jer dig\u00a0med det b\u00e4sta. Den [...]","og_url":"https:\/\/gethowies.com\/dk\/vare\/howies-benskinne-tape-rosa\/","og_site_name":"Howies Hockey Danmark","article_modified_time":"2023-05-27T08:05:14+00:00","og_image":[{"width":1020,"height":1200,"url":"https:\/\/gethowies.com\/dk\/wp-content\/uploads\/sites\/6\/2017\/03\/benskyddstejp-rosa.jpg","type":"image\/jpeg"}],"twitter_card":"summary_large_image","twitter_misc":{"Estimeret l\u00e6setid":"1 minut"},"schema":{"@context":"https:\/\/schema.org","@graph":[{"@type":"WebPage","@id":"https:\/\/gethowies.com\/dk\/vare\/howies-benskinne-tape-rosa\/","url":"https:\/\/gethowies.com\/dk\/vare\/howies-benskinne-tape-rosa\/","name":"Howies Benskinne Tape Rosa - Howies Hockey Danmark","isPartOf":{"@id":"https:\/\/gethowies.com\/dk\/#website"},"primaryImageOfPage":{"@id":"https:\/\/gethowies.com\/dk\/vare\/howies-benskinne-tape-rosa\/#primaryimage"},"image":{"@id":"https:\/\/gethowies.com\/dk\/vare\/howies-benskinne-tape-rosa\/#primaryimage"},"thumbnailUrl":"https:\/\/gethowies.com\/dk\/wp-content\/uploads\/sites\/6\/2017\/03\/benskyddstejp-rosa.jpg","datePublished":"2017-03-06T18:36:48+00:00","dateModified":"2023-05-27T08:05:14+00:00","breadcrumb":{"@id":"https:\/\/gethowies.com\/dk\/vare\/howies-benskinne-tape-rosa\/#breadcrumb"},"inLanguage":"da-DK","potentialAction":[{"@type":"ReadAction","target":["https:\/\/gethowies.com\/dk\/vare\/howies-benskinne-tape-rosa\/"]}]},{"@type":"ImageObject","inLanguage":"da-DK","@id":"https:\/\/gethowies.com\/dk\/vare\/howies-benskinne-tape-rosa\/#primaryimage","url":"https:\/\/gethowies.com\/dk\/wp-content\/uploads\/sites\/6\/2017\/03\/benskyddstejp-rosa.jpg","contentUrl":"https:\/\/gethowies.com\/dk\/wp-content\/uploads\/sites\/6\/2017\/03\/benskyddstejp-rosa.jpg","width":1020,"height":1200},{"@type":"BreadcrumbList","@id":"https:\/\/gethowies.com\/dk\/vare\/howies-benskinne-tape-rosa\/#breadcrumb","itemListElement":[{"@type":"ListItem","position":1,"name":"Hem","item":"https:\/\/gethowies.com\/dk\/"},{"@type":"ListItem","position":2,"name":"Shop","item":"https:\/\/gethowies.com\/dk\/shop\/"},{"@type":"ListItem","position":3,"name":"Howies Benskinne Tape Rosa"}]},{"@type":"WebSite","@id":"https:\/\/gethowies.com\/dk\/#website","url":"https:\/\/gethowies.com\/dk\/","name":"Howies Hockey Danmark","description":"","potentialAction":[{"@type":"SearchAction","target":{"@type":"EntryPoint","urlTemplate":"https:\/\/gethowies.com\/dk\/?s={search_term_string}"},"query-input":{"@type":"PropertyValueSpecification","valueRequired":true,"valueName":"search_term_string"}}],"inLanguage":"da-DK"}]}},"_links":{"self":[{"href":"https:\/\/gethowies.com\/dk\/wp-json\/wp\/v2\/product\/497","targetHints":{"allow":["GET"]}}],"collection":[{"href":"https:\/\/gethowies.com\/dk\/wp-json\/wp\/v2\/product"}],"about":[{"href":"https:\/\/gethowies.com\/dk\/wp-json\/wp\/v2\/types\/product"}],"replies":[{"embeddable":true,"href":"https:\/\/gethowies.com\/dk\/wp-json\/wp\/v2\/comments?post=497"}],"wp:featuredmedia":[{"embeddable":true,"href":"https:\/\/gethowies.com\/dk\/wp-json\/wp\/v2\/media\/2830"}],"wp:attachment":[{"href":"https:\/\/gethowies.com\/dk\/wp-json\/wp\/v2\/media?parent=497"}],"wp:term":[{"taxonomy":"product_brand","embeddable":true,"href":"https:\/\/gethowies.com\/dk\/wp-json\/wp\/v2\/product_brand?post=497"},{"taxonomy":"product_cat","embeddable":true,"href":"https:\/\/gethowies.com\/dk\/wp-json\/wp\/v2\/product_cat?post=497"},{"taxonomy":"product_tag","embeddable":true,"href":"https:\/\/gethowies.com\/dk\/wp-json\/wp\/v2\/product_tag?post=497"}],"curies":[{"name":"wp","href":"https:\/\/api.w.org\/{rel}","templated":true}]}}