{"id":509,"date":"2017-03-06T19:51:16","date_gmt":"2017-03-06T18:51:16","guid":{"rendered":"http:\/\/hockeylife.dk\/produkt\/howies-pro-clear-orange\/"},"modified":"2023-05-27T10:05:50","modified_gmt":"2023-05-27T08:05:50","slug":"howies-benskinne-tape-orange","status":"publish","type":"product","link":"https:\/\/gethowies.com\/dk\/vare\/howies-benskinne-tape-orange\/","title":{"rendered":"Howies Benskinne Tape Orange"},"content":{"rendered":"<p>N\u00e5r du f\u00f8rst har brugt vores beskinnetape \u00e9n gang, vil du aldrig bruge andet. Netop fordi vores beskinnetape, yder det bedste og holder dine beskinner p\u00e5 plads og derved minimerer risikoen for skader. Det er lavet af polyethylen hvilket g\u00f8r det elastisk nok til, at udvide sig og skabe kontrakt med dine muskler. <\/p>\n<p>Vores beskinnetape kan ikke sammenlignes med elektrisk tape, der sv\u00e6kker udstr\u00e6kningen af tapen og derved \u00f8ger muligheden for skader. <\/p>\n<p>Vores beskinnetape bliver brugt af professionelle spillere i NHL &amp; SHL. <\/p>\n<p>Produceret i Nordamerika<\/p>\n","protected":false},"excerpt":{"rendered":"<p>N\u00e5r du f\u00f8rst har brugt vores beskinnetape \u00e9n gang, vil du aldrig bruge andet. Netop fordi vores beskinnetape, yder det bedste og holder dine beskinner p\u00e5 plads og derved minimerer risikoen for skader. Det er lavet af polyethylen hvilket g\u00f8r det elastisk nok til, at udvide sig og skabe kontrakt med dine muskler. Vores beskinnetape [&#8230;]\n","protected":false},"featured_media":2832,"comment_status":"closed","ping_status":"closed","template":"","meta":{"inline_featured_image":false},"product_brand":[],"product_cat":[87],"product_tag":[],"class_list":{"0":"post-509","1":"product","2":"type-product","3":"status-publish","4":"has-post-thumbnail","6":"product_cat-benskinne-tape","8":"first","9":"instock","10":"shipping-taxable","11":"purchasable","12":"product-type-simple"},"yoast_head":"<!-- This site is optimized with the Yoast SEO plugin v27.5 - https:\/\/yoast.com\/product\/yoast-seo-wordpress\/ -->\n<title>Howies Benskinne Tape Orange - Howies Hockey Danmark<\/title>\n<meta name=\"robots\" content=\"index, follow, max-snippet:-1, max-image-preview:large, max-video-preview:-1\" \/>\n<link rel=\"canonical\" href=\"https:\/\/gethowies.com\/dk\/vare\/howies-benskinne-tape-orange\/\" \/>\n<meta property=\"og:locale\" content=\"da_DK\" \/>\n<meta property=\"og:type\" content=\"article\" \/>\n<meta property=\"og:title\" content=\"Howies Benskinne Tape Orange - Howies Hockey Danmark\" \/>\n<meta property=\"og:description\" content=\"N\u00e5r du f\u00f8rst har brugt vores beskinnetape \u00e9n gang, vil du aldrig bruge andet. Netop fordi vores beskinnetape, yder det bedste og holder dine beskinner p\u00e5 plads og derved minimerer risikoen for skader. Det er lavet af polyethylen hvilket g\u00f8r det elastisk nok til, at udvide sig og skabe kontrakt med dine muskler. Vores beskinnetape [...]\" \/>\n<meta property=\"og:url\" content=\"https:\/\/gethowies.com\/dk\/vare\/howies-benskinne-tape-orange\/\" \/>\n<meta property=\"og:site_name\" content=\"Howies Hockey Danmark\" \/>\n<meta property=\"article:modified_time\" content=\"2023-05-27T08:05:50+00:00\" \/>\n<meta property=\"og:image\" content=\"https:\/\/gethowies.com\/dk\/wp-content\/uploads\/sites\/6\/2017\/03\/benskyddstejp-orange.jpg\" \/>\n\t<meta property=\"og:image:width\" content=\"1020\" \/>\n\t<meta property=\"og:image:height\" content=\"1200\" \/>\n\t<meta property=\"og:image:type\" content=\"image\/jpeg\" \/>\n<meta name=\"twitter:card\" content=\"summary_large_image\" \/>\n<script type=\"application\/ld+json\" class=\"yoast-schema-graph\">{\"@context\":\"https:\\\/\\\/schema.org\",\"@graph\":[{\"@type\":\"WebPage\",\"@id\":\"https:\\\/\\\/gethowies.com\\\/dk\\\/vare\\\/howies-benskinne-tape-orange\\\/\",\"url\":\"https:\\\/\\\/gethowies.com\\\/dk\\\/vare\\\/howies-benskinne-tape-orange\\\/\",\"name\":\"Howies Benskinne Tape Orange - Howies Hockey Danmark\",\"isPartOf\":{\"@id\":\"https:\\\/\\\/gethowies.com\\\/dk\\\/#website\"},\"primaryImageOfPage\":{\"@id\":\"https:\\\/\\\/gethowies.com\\\/dk\\\/vare\\\/howies-benskinne-tape-orange\\\/#primaryimage\"},\"image\":{\"@id\":\"https:\\\/\\\/gethowies.com\\\/dk\\\/vare\\\/howies-benskinne-tape-orange\\\/#primaryimage\"},\"thumbnailUrl\":\"https:\\\/\\\/gethowies.com\\\/dk\\\/wp-content\\\/uploads\\\/sites\\\/6\\\/2017\\\/03\\\/benskyddstejp-orange.jpg\",\"datePublished\":\"2017-03-06T18:51:16+00:00\",\"dateModified\":\"2023-05-27T08:05:50+00:00\",\"breadcrumb\":{\"@id\":\"https:\\\/\\\/gethowies.com\\\/dk\\\/vare\\\/howies-benskinne-tape-orange\\\/#breadcrumb\"},\"inLanguage\":\"da-DK\",\"potentialAction\":[{\"@type\":\"ReadAction\",\"target\":[\"https:\\\/\\\/gethowies.com\\\/dk\\\/vare\\\/howies-benskinne-tape-orange\\\/\"]}]},{\"@type\":\"ImageObject\",\"inLanguage\":\"da-DK\",\"@id\":\"https:\\\/\\\/gethowies.com\\\/dk\\\/vare\\\/howies-benskinne-tape-orange\\\/#primaryimage\",\"url\":\"https:\\\/\\\/gethowies.com\\\/dk\\\/wp-content\\\/uploads\\\/sites\\\/6\\\/2017\\\/03\\\/benskyddstejp-orange.jpg\",\"contentUrl\":\"https:\\\/\\\/gethowies.com\\\/dk\\\/wp-content\\\/uploads\\\/sites\\\/6\\\/2017\\\/03\\\/benskyddstejp-orange.jpg\",\"width\":1020,\"height\":1200},{\"@type\":\"BreadcrumbList\",\"@id\":\"https:\\\/\\\/gethowies.com\\\/dk\\\/vare\\\/howies-benskinne-tape-orange\\\/#breadcrumb\",\"itemListElement\":[{\"@type\":\"ListItem\",\"position\":1,\"name\":\"Hem\",\"item\":\"https:\\\/\\\/gethowies.com\\\/dk\\\/\"},{\"@type\":\"ListItem\",\"position\":2,\"name\":\"Shop\",\"item\":\"https:\\\/\\\/gethowies.com\\\/dk\\\/shop\\\/\"},{\"@type\":\"ListItem\",\"position\":3,\"name\":\"Howies Benskinne Tape Orange\"}]},{\"@type\":\"WebSite\",\"@id\":\"https:\\\/\\\/gethowies.com\\\/dk\\\/#website\",\"url\":\"https:\\\/\\\/gethowies.com\\\/dk\\\/\",\"name\":\"Howies Hockey Danmark\",\"description\":\"\",\"potentialAction\":[{\"@type\":\"SearchAction\",\"target\":{\"@type\":\"EntryPoint\",\"urlTemplate\":\"https:\\\/\\\/gethowies.com\\\/dk\\\/?s={search_term_string}\"},\"query-input\":{\"@type\":\"PropertyValueSpecification\",\"valueRequired\":true,\"valueName\":\"search_term_string\"}}],\"inLanguage\":\"da-DK\"}]}<\/script>\n<!-- \/ Yoast SEO plugin. -->","yoast_head_json":{"title":"Howies Benskinne Tape Orange - Howies Hockey Danmark","robots":{"index":"index","follow":"follow","max-snippet":"max-snippet:-1","max-image-preview":"max-image-preview:large","max-video-preview":"max-video-preview:-1"},"canonical":"https:\/\/gethowies.com\/dk\/vare\/howies-benskinne-tape-orange\/","og_locale":"da_DK","og_type":"article","og_title":"Howies Benskinne Tape Orange - Howies Hockey Danmark","og_description":"N\u00e5r du f\u00f8rst har brugt vores beskinnetape \u00e9n gang, vil du aldrig bruge andet. Netop fordi vores beskinnetape, yder det bedste og holder dine beskinner p\u00e5 plads og derved minimerer risikoen for skader. Det er lavet af polyethylen hvilket g\u00f8r det elastisk nok til, at udvide sig og skabe kontrakt med dine muskler. Vores beskinnetape [...]","og_url":"https:\/\/gethowies.com\/dk\/vare\/howies-benskinne-tape-orange\/","og_site_name":"Howies Hockey Danmark","article_modified_time":"2023-05-27T08:05:50+00:00","og_image":[{"width":1020,"height":1200,"url":"https:\/\/gethowies.com\/dk\/wp-content\/uploads\/sites\/6\/2017\/03\/benskyddstejp-orange.jpg","type":"image\/jpeg"}],"twitter_card":"summary_large_image","schema":{"@context":"https:\/\/schema.org","@graph":[{"@type":"WebPage","@id":"https:\/\/gethowies.com\/dk\/vare\/howies-benskinne-tape-orange\/","url":"https:\/\/gethowies.com\/dk\/vare\/howies-benskinne-tape-orange\/","name":"Howies Benskinne Tape Orange - Howies Hockey Danmark","isPartOf":{"@id":"https:\/\/gethowies.com\/dk\/#website"},"primaryImageOfPage":{"@id":"https:\/\/gethowies.com\/dk\/vare\/howies-benskinne-tape-orange\/#primaryimage"},"image":{"@id":"https:\/\/gethowies.com\/dk\/vare\/howies-benskinne-tape-orange\/#primaryimage"},"thumbnailUrl":"https:\/\/gethowies.com\/dk\/wp-content\/uploads\/sites\/6\/2017\/03\/benskyddstejp-orange.jpg","datePublished":"2017-03-06T18:51:16+00:00","dateModified":"2023-05-27T08:05:50+00:00","breadcrumb":{"@id":"https:\/\/gethowies.com\/dk\/vare\/howies-benskinne-tape-orange\/#breadcrumb"},"inLanguage":"da-DK","potentialAction":[{"@type":"ReadAction","target":["https:\/\/gethowies.com\/dk\/vare\/howies-benskinne-tape-orange\/"]}]},{"@type":"ImageObject","inLanguage":"da-DK","@id":"https:\/\/gethowies.com\/dk\/vare\/howies-benskinne-tape-orange\/#primaryimage","url":"https:\/\/gethowies.com\/dk\/wp-content\/uploads\/sites\/6\/2017\/03\/benskyddstejp-orange.jpg","contentUrl":"https:\/\/gethowies.com\/dk\/wp-content\/uploads\/sites\/6\/2017\/03\/benskyddstejp-orange.jpg","width":1020,"height":1200},{"@type":"BreadcrumbList","@id":"https:\/\/gethowies.com\/dk\/vare\/howies-benskinne-tape-orange\/#breadcrumb","itemListElement":[{"@type":"ListItem","position":1,"name":"Hem","item":"https:\/\/gethowies.com\/dk\/"},{"@type":"ListItem","position":2,"name":"Shop","item":"https:\/\/gethowies.com\/dk\/shop\/"},{"@type":"ListItem","position":3,"name":"Howies Benskinne Tape Orange"}]},{"@type":"WebSite","@id":"https:\/\/gethowies.com\/dk\/#website","url":"https:\/\/gethowies.com\/dk\/","name":"Howies Hockey Danmark","description":"","potentialAction":[{"@type":"SearchAction","target":{"@type":"EntryPoint","urlTemplate":"https:\/\/gethowies.com\/dk\/?s={search_term_string}"},"query-input":{"@type":"PropertyValueSpecification","valueRequired":true,"valueName":"search_term_string"}}],"inLanguage":"da-DK"}]}},"_links":{"self":[{"href":"https:\/\/gethowies.com\/dk\/wp-json\/wp\/v2\/product\/509","targetHints":{"allow":["GET"]}}],"collection":[{"href":"https:\/\/gethowies.com\/dk\/wp-json\/wp\/v2\/product"}],"about":[{"href":"https:\/\/gethowies.com\/dk\/wp-json\/wp\/v2\/types\/product"}],"replies":[{"embeddable":true,"href":"https:\/\/gethowies.com\/dk\/wp-json\/wp\/v2\/comments?post=509"}],"wp:featuredmedia":[{"embeddable":true,"href":"https:\/\/gethowies.com\/dk\/wp-json\/wp\/v2\/media\/2832"}],"wp:attachment":[{"href":"https:\/\/gethowies.com\/dk\/wp-json\/wp\/v2\/media?parent=509"}],"wp:term":[{"taxonomy":"product_brand","embeddable":true,"href":"https:\/\/gethowies.com\/dk\/wp-json\/wp\/v2\/product_brand?post=509"},{"taxonomy":"product_cat","embeddable":true,"href":"https:\/\/gethowies.com\/dk\/wp-json\/wp\/v2\/product_cat?post=509"},{"taxonomy":"product_tag","embeddable":true,"href":"https:\/\/gethowies.com\/dk\/wp-json\/wp\/v2\/product_tag?post=509"}],"curies":[{"name":"wp","href":"https:\/\/api.w.org\/{rel}","templated":true}]}}