{"id":5789,"date":"2018-04-03T09:29:50","date_gmt":"2018-04-03T07:29:50","guid":{"rendered":"https:\/\/hockeylife.dk\/?post_type=product&#038;p=5789"},"modified":"2023-02-11T23:34:27","modified_gmt":"2023-02-11T22:34:27","slug":"howies-hockey-saks","status":"publish","type":"product","link":"https:\/\/gethowies.com\/dk\/vare\/howies-hockey-saks\/","title":{"rendered":"Howies Tape Saks"},"content":{"rendered":"<p>Det kan v\u00e6re vanskeligt at klippe spidsen af bladet, p\u00e5 din ishockeystav. Howies rustfrie st\u00e5lsakse er lavet, s\u00e5 du er sikker p\u00e5 at f\u00e5 det perfekte finish p\u00e5 dit tape, hver gang du taper din ishockeystav. N\u00e5r du taper spidsen af bladet, vil du gerne v\u00e6re sikker p\u00e5, at du f\u00e5r klippet helt ind til tapen hele vejen rundt spidsen, s\u00e5 du er sikker p\u00e5 at dit tapearbejde er helt perfekt og s\u00e5 glat som muligt, f\u00f8r du bev\u00e6ger dig ud p\u00e5 isen.<\/p>\n","protected":false},"excerpt":{"rendered":"<p>Det kan v\u00e6re vanskeligt at klippe spidsen af bladet, p\u00e5 din ishockeystav. Howies rustfrie st\u00e5lsakse er lavet, s\u00e5 du er sikker p\u00e5 at f\u00e5 det perfekte finish p\u00e5 dit tape, hver gang du taper din ishockeystav. N\u00e5r du taper spidsen af bladet, vil du gerne v\u00e6re sikker p\u00e5, at du f\u00e5r klippet helt ind til [&#8230;]\n","protected":false},"featured_media":5790,"comment_status":"closed","ping_status":"closed","template":"","meta":{"inline_featured_image":false},"product_brand":[],"product_cat":[105],"product_tag":[],"class_list":{"0":"post-5789","1":"product","2":"type-product","3":"status-publish","4":"has-post-thumbnail","6":"product_cat-hockeytilbehor","8":"first","9":"instock","10":"shipping-taxable","11":"purchasable","12":"product-type-simple"},"yoast_head":"<!-- This site is optimized with the Yoast SEO plugin v27.5 - https:\/\/yoast.com\/product\/yoast-seo-wordpress\/ -->\n<title>Howies Tape Saks - Howies Hockey Danmark<\/title>\n<meta name=\"robots\" content=\"index, follow, max-snippet:-1, max-image-preview:large, max-video-preview:-1\" \/>\n<link rel=\"canonical\" href=\"https:\/\/gethowies.com\/dk\/vare\/howies-hockey-saks\/\" \/>\n<meta property=\"og:locale\" content=\"da_DK\" \/>\n<meta property=\"og:type\" content=\"article\" \/>\n<meta property=\"og:title\" content=\"Howies Tape Saks - Howies Hockey Danmark\" \/>\n<meta property=\"og:description\" content=\"Det kan v\u00e6re vanskeligt at klippe spidsen af bladet, p\u00e5 din ishockeystav. Howies rustfrie st\u00e5lsakse er lavet, s\u00e5 du er sikker p\u00e5 at f\u00e5 det perfekte finish p\u00e5 dit tape, hver gang du taper din ishockeystav. N\u00e5r du taper spidsen af bladet, vil du gerne v\u00e6re sikker p\u00e5, at du f\u00e5r klippet helt ind til [...]\" \/>\n<meta property=\"og:url\" content=\"https:\/\/gethowies.com\/dk\/vare\/howies-hockey-saks\/\" \/>\n<meta property=\"og:site_name\" content=\"Howies Hockey Danmark\" \/>\n<meta property=\"article:modified_time\" content=\"2023-02-11T22:34:27+00:00\" \/>\n<meta property=\"og:image\" content=\"https:\/\/gethowies.com\/dk\/wp-content\/uploads\/sites\/6\/2018\/04\/howiestape-scissors.jpg_640x640.jpg\" \/>\n\t<meta property=\"og:image:width\" content=\"558\" \/>\n\t<meta property=\"og:image:height\" content=\"558\" \/>\n\t<meta property=\"og:image:type\" content=\"image\/jpeg\" \/>\n<meta name=\"twitter:card\" content=\"summary_large_image\" \/>\n<script type=\"application\/ld+json\" class=\"yoast-schema-graph\">{\"@context\":\"https:\\\/\\\/schema.org\",\"@graph\":[{\"@type\":\"WebPage\",\"@id\":\"https:\\\/\\\/gethowies.com\\\/dk\\\/vare\\\/howies-hockey-saks\\\/\",\"url\":\"https:\\\/\\\/gethowies.com\\\/dk\\\/vare\\\/howies-hockey-saks\\\/\",\"name\":\"Howies Tape Saks - Howies Hockey Danmark\",\"isPartOf\":{\"@id\":\"https:\\\/\\\/gethowies.com\\\/dk\\\/#website\"},\"primaryImageOfPage\":{\"@id\":\"https:\\\/\\\/gethowies.com\\\/dk\\\/vare\\\/howies-hockey-saks\\\/#primaryimage\"},\"image\":{\"@id\":\"https:\\\/\\\/gethowies.com\\\/dk\\\/vare\\\/howies-hockey-saks\\\/#primaryimage\"},\"thumbnailUrl\":\"https:\\\/\\\/gethowies.com\\\/dk\\\/wp-content\\\/uploads\\\/sites\\\/6\\\/2018\\\/04\\\/howiestape-scissors.jpg_640x640.jpg\",\"datePublished\":\"2018-04-03T07:29:50+00:00\",\"dateModified\":\"2023-02-11T22:34:27+00:00\",\"breadcrumb\":{\"@id\":\"https:\\\/\\\/gethowies.com\\\/dk\\\/vare\\\/howies-hockey-saks\\\/#breadcrumb\"},\"inLanguage\":\"da-DK\",\"potentialAction\":[{\"@type\":\"ReadAction\",\"target\":[\"https:\\\/\\\/gethowies.com\\\/dk\\\/vare\\\/howies-hockey-saks\\\/\"]}]},{\"@type\":\"ImageObject\",\"inLanguage\":\"da-DK\",\"@id\":\"https:\\\/\\\/gethowies.com\\\/dk\\\/vare\\\/howies-hockey-saks\\\/#primaryimage\",\"url\":\"https:\\\/\\\/gethowies.com\\\/dk\\\/wp-content\\\/uploads\\\/sites\\\/6\\\/2018\\\/04\\\/howiestape-scissors.jpg_640x640.jpg\",\"contentUrl\":\"https:\\\/\\\/gethowies.com\\\/dk\\\/wp-content\\\/uploads\\\/sites\\\/6\\\/2018\\\/04\\\/howiestape-scissors.jpg_640x640.jpg\",\"width\":558,\"height\":558},{\"@type\":\"BreadcrumbList\",\"@id\":\"https:\\\/\\\/gethowies.com\\\/dk\\\/vare\\\/howies-hockey-saks\\\/#breadcrumb\",\"itemListElement\":[{\"@type\":\"ListItem\",\"position\":1,\"name\":\"Hem\",\"item\":\"https:\\\/\\\/gethowies.com\\\/dk\\\/\"},{\"@type\":\"ListItem\",\"position\":2,\"name\":\"Shop\",\"item\":\"https:\\\/\\\/gethowies.com\\\/dk\\\/shop\\\/\"},{\"@type\":\"ListItem\",\"position\":3,\"name\":\"Howies Tape Saks\"}]},{\"@type\":\"WebSite\",\"@id\":\"https:\\\/\\\/gethowies.com\\\/dk\\\/#website\",\"url\":\"https:\\\/\\\/gethowies.com\\\/dk\\\/\",\"name\":\"Howies Hockey Danmark\",\"description\":\"\",\"potentialAction\":[{\"@type\":\"SearchAction\",\"target\":{\"@type\":\"EntryPoint\",\"urlTemplate\":\"https:\\\/\\\/gethowies.com\\\/dk\\\/?s={search_term_string}\"},\"query-input\":{\"@type\":\"PropertyValueSpecification\",\"valueRequired\":true,\"valueName\":\"search_term_string\"}}],\"inLanguage\":\"da-DK\"}]}<\/script>\n<!-- \/ Yoast SEO plugin. -->","yoast_head_json":{"title":"Howies Tape Saks - Howies Hockey Danmark","robots":{"index":"index","follow":"follow","max-snippet":"max-snippet:-1","max-image-preview":"max-image-preview:large","max-video-preview":"max-video-preview:-1"},"canonical":"https:\/\/gethowies.com\/dk\/vare\/howies-hockey-saks\/","og_locale":"da_DK","og_type":"article","og_title":"Howies Tape Saks - Howies Hockey Danmark","og_description":"Det kan v\u00e6re vanskeligt at klippe spidsen af bladet, p\u00e5 din ishockeystav. Howies rustfrie st\u00e5lsakse er lavet, s\u00e5 du er sikker p\u00e5 at f\u00e5 det perfekte finish p\u00e5 dit tape, hver gang du taper din ishockeystav. N\u00e5r du taper spidsen af bladet, vil du gerne v\u00e6re sikker p\u00e5, at du f\u00e5r klippet helt ind til [...]","og_url":"https:\/\/gethowies.com\/dk\/vare\/howies-hockey-saks\/","og_site_name":"Howies Hockey Danmark","article_modified_time":"2023-02-11T22:34:27+00:00","og_image":[{"width":558,"height":558,"url":"https:\/\/gethowies.com\/dk\/wp-content\/uploads\/sites\/6\/2018\/04\/howiestape-scissors.jpg_640x640.jpg","type":"image\/jpeg"}],"twitter_card":"summary_large_image","schema":{"@context":"https:\/\/schema.org","@graph":[{"@type":"WebPage","@id":"https:\/\/gethowies.com\/dk\/vare\/howies-hockey-saks\/","url":"https:\/\/gethowies.com\/dk\/vare\/howies-hockey-saks\/","name":"Howies Tape Saks - Howies Hockey Danmark","isPartOf":{"@id":"https:\/\/gethowies.com\/dk\/#website"},"primaryImageOfPage":{"@id":"https:\/\/gethowies.com\/dk\/vare\/howies-hockey-saks\/#primaryimage"},"image":{"@id":"https:\/\/gethowies.com\/dk\/vare\/howies-hockey-saks\/#primaryimage"},"thumbnailUrl":"https:\/\/gethowies.com\/dk\/wp-content\/uploads\/sites\/6\/2018\/04\/howiestape-scissors.jpg_640x640.jpg","datePublished":"2018-04-03T07:29:50+00:00","dateModified":"2023-02-11T22:34:27+00:00","breadcrumb":{"@id":"https:\/\/gethowies.com\/dk\/vare\/howies-hockey-saks\/#breadcrumb"},"inLanguage":"da-DK","potentialAction":[{"@type":"ReadAction","target":["https:\/\/gethowies.com\/dk\/vare\/howies-hockey-saks\/"]}]},{"@type":"ImageObject","inLanguage":"da-DK","@id":"https:\/\/gethowies.com\/dk\/vare\/howies-hockey-saks\/#primaryimage","url":"https:\/\/gethowies.com\/dk\/wp-content\/uploads\/sites\/6\/2018\/04\/howiestape-scissors.jpg_640x640.jpg","contentUrl":"https:\/\/gethowies.com\/dk\/wp-content\/uploads\/sites\/6\/2018\/04\/howiestape-scissors.jpg_640x640.jpg","width":558,"height":558},{"@type":"BreadcrumbList","@id":"https:\/\/gethowies.com\/dk\/vare\/howies-hockey-saks\/#breadcrumb","itemListElement":[{"@type":"ListItem","position":1,"name":"Hem","item":"https:\/\/gethowies.com\/dk\/"},{"@type":"ListItem","position":2,"name":"Shop","item":"https:\/\/gethowies.com\/dk\/shop\/"},{"@type":"ListItem","position":3,"name":"Howies Tape Saks"}]},{"@type":"WebSite","@id":"https:\/\/gethowies.com\/dk\/#website","url":"https:\/\/gethowies.com\/dk\/","name":"Howies Hockey Danmark","description":"","potentialAction":[{"@type":"SearchAction","target":{"@type":"EntryPoint","urlTemplate":"https:\/\/gethowies.com\/dk\/?s={search_term_string}"},"query-input":{"@type":"PropertyValueSpecification","valueRequired":true,"valueName":"search_term_string"}}],"inLanguage":"da-DK"}]}},"_links":{"self":[{"href":"https:\/\/gethowies.com\/dk\/wp-json\/wp\/v2\/product\/5789","targetHints":{"allow":["GET"]}}],"collection":[{"href":"https:\/\/gethowies.com\/dk\/wp-json\/wp\/v2\/product"}],"about":[{"href":"https:\/\/gethowies.com\/dk\/wp-json\/wp\/v2\/types\/product"}],"replies":[{"embeddable":true,"href":"https:\/\/gethowies.com\/dk\/wp-json\/wp\/v2\/comments?post=5789"}],"wp:featuredmedia":[{"embeddable":true,"href":"https:\/\/gethowies.com\/dk\/wp-json\/wp\/v2\/media\/5790"}],"wp:attachment":[{"href":"https:\/\/gethowies.com\/dk\/wp-json\/wp\/v2\/media?parent=5789"}],"wp:term":[{"taxonomy":"product_brand","embeddable":true,"href":"https:\/\/gethowies.com\/dk\/wp-json\/wp\/v2\/product_brand?post=5789"},{"taxonomy":"product_cat","embeddable":true,"href":"https:\/\/gethowies.com\/dk\/wp-json\/wp\/v2\/product_cat?post=5789"},{"taxonomy":"product_tag","embeddable":true,"href":"https:\/\/gethowies.com\/dk\/wp-json\/wp\/v2\/product_tag?post=5789"}],"curies":[{"name":"wp","href":"https:\/\/api.w.org\/{rel}","templated":true}]}}