{"id":5813,"date":"2018-04-10T02:41:25","date_gmt":"2018-04-10T00:41:25","guid":{"rendered":"https:\/\/hockeylife.dk\/?post_type=product&#038;p=5813"},"modified":"2018-08-28T13:22:00","modified_gmt":"2018-08-28T11:22:00","slug":"howies-friktions-tape","status":"publish","type":"product","link":"https:\/\/gethowies.com\/dk\/vare\/howies-friktions-tape\/","title":{"rendered":"Howies Tj\u00e6retape"},"content":{"rendered":"<p class=\"p1\">Howies tj\u00e6retape er sort stoktape med ekstra grip p\u00e5, for en forbedret absorbering af is p\u00e5 bladet og forbedret kontrol over pucken.<\/p>\n<p class=\"p1\">Dette tyk-v\u00e6vet bomulds kl\u00e6bende tape indeholder et konstant og koncentreret kl\u00e6bemiddel, der danner en fugtig barriere, mellem isen og staven, der resulterer i at tapen h\u00e6nger mere ved og derved sidder l\u00e6ngere p\u00e5 bladet. Giver et h\u00f8jt niveau af ydeevne, som de seri\u00f8se ishockeyspillere forventer.<\/p>\n","protected":false},"excerpt":{"rendered":"<p>Howies tj\u00e6retape er sort stoktape med ekstra grip p\u00e5, for en forbedret absorbering af is p\u00e5 bladet og forbedret kontrol over pucken. Dette tyk-v\u00e6vet bomulds kl\u00e6bende tape indeholder et konstant og koncentreret kl\u00e6bemiddel, der danner en fugtig barriere, mellem isen og staven, der resulterer i at tapen h\u00e6nger mere ved og derved sidder l\u00e6ngere p\u00e5 [&#8230;]\n","protected":false},"featured_media":5814,"comment_status":"closed","ping_status":"closed","template":"","meta":{"inline_featured_image":false},"product_brand":[],"product_cat":[128],"product_tag":[],"class_list":{"0":"post-5813","1":"product","2":"type-product","3":"status-publish","4":"has-post-thumbnail","6":"product_cat-tjaeretape","8":"first","9":"instock","10":"shipping-taxable","11":"purchasable","12":"product-type-simple"},"yoast_head":"<!-- This site is optimized with the Yoast SEO plugin v27.5 - https:\/\/yoast.com\/product\/yoast-seo-wordpress\/ -->\n<title>Howies Tj\u00e6retape - Howies Hockey Danmark<\/title>\n<meta name=\"robots\" content=\"index, follow, max-snippet:-1, max-image-preview:large, max-video-preview:-1\" \/>\n<link rel=\"canonical\" href=\"https:\/\/gethowies.com\/dk\/vare\/howies-friktions-tape\/\" \/>\n<meta property=\"og:locale\" content=\"da_DK\" \/>\n<meta property=\"og:type\" content=\"article\" \/>\n<meta property=\"og:title\" content=\"Howies Tj\u00e6retape - Howies Hockey Danmark\" \/>\n<meta property=\"og:description\" content=\"Howies tj\u00e6retape er sort stoktape med ekstra grip p\u00e5, for en forbedret absorbering af is p\u00e5 bladet og forbedret kontrol over pucken. Dette tyk-v\u00e6vet bomulds kl\u00e6bende tape indeholder et konstant og koncentreret kl\u00e6bemiddel, der danner en fugtig barriere, mellem isen og staven, der resulterer i at tapen h\u00e6nger mere ved og derved sidder l\u00e6ngere p\u00e5 [...]\" \/>\n<meta property=\"og:url\" content=\"https:\/\/gethowies.com\/dk\/vare\/howies-friktions-tape\/\" \/>\n<meta property=\"og:site_name\" content=\"Howies Hockey Danmark\" \/>\n<meta property=\"article:modified_time\" content=\"2018-08-28T11:22:00+00:00\" \/>\n<meta property=\"og:image\" content=\"https:\/\/gethowies.com\/dk\/wp-content\/uploads\/sites\/6\/2018\/04\/HH-FrictionTape1.jpg\" \/>\n\t<meta property=\"og:image:width\" content=\"500\" \/>\n\t<meta property=\"og:image:height\" content=\"500\" \/>\n\t<meta property=\"og:image:type\" content=\"image\/jpeg\" \/>\n<meta name=\"twitter:card\" content=\"summary_large_image\" \/>\n<script type=\"application\/ld+json\" class=\"yoast-schema-graph\">{\"@context\":\"https:\\\/\\\/schema.org\",\"@graph\":[{\"@type\":\"WebPage\",\"@id\":\"https:\\\/\\\/gethowies.com\\\/dk\\\/vare\\\/howies-friktions-tape\\\/\",\"url\":\"https:\\\/\\\/gethowies.com\\\/dk\\\/vare\\\/howies-friktions-tape\\\/\",\"name\":\"Howies Tj\u00e6retape - Howies Hockey Danmark\",\"isPartOf\":{\"@id\":\"https:\\\/\\\/gethowies.com\\\/dk\\\/#website\"},\"primaryImageOfPage\":{\"@id\":\"https:\\\/\\\/gethowies.com\\\/dk\\\/vare\\\/howies-friktions-tape\\\/#primaryimage\"},\"image\":{\"@id\":\"https:\\\/\\\/gethowies.com\\\/dk\\\/vare\\\/howies-friktions-tape\\\/#primaryimage\"},\"thumbnailUrl\":\"https:\\\/\\\/gethowies.com\\\/dk\\\/wp-content\\\/uploads\\\/sites\\\/6\\\/2018\\\/04\\\/HH-FrictionTape1.jpg\",\"datePublished\":\"2018-04-10T00:41:25+00:00\",\"dateModified\":\"2018-08-28T11:22:00+00:00\",\"breadcrumb\":{\"@id\":\"https:\\\/\\\/gethowies.com\\\/dk\\\/vare\\\/howies-friktions-tape\\\/#breadcrumb\"},\"inLanguage\":\"da-DK\",\"potentialAction\":[{\"@type\":\"ReadAction\",\"target\":[\"https:\\\/\\\/gethowies.com\\\/dk\\\/vare\\\/howies-friktions-tape\\\/\"]}]},{\"@type\":\"ImageObject\",\"inLanguage\":\"da-DK\",\"@id\":\"https:\\\/\\\/gethowies.com\\\/dk\\\/vare\\\/howies-friktions-tape\\\/#primaryimage\",\"url\":\"https:\\\/\\\/gethowies.com\\\/dk\\\/wp-content\\\/uploads\\\/sites\\\/6\\\/2018\\\/04\\\/HH-FrictionTape1.jpg\",\"contentUrl\":\"https:\\\/\\\/gethowies.com\\\/dk\\\/wp-content\\\/uploads\\\/sites\\\/6\\\/2018\\\/04\\\/HH-FrictionTape1.jpg\",\"width\":500,\"height\":500},{\"@type\":\"BreadcrumbList\",\"@id\":\"https:\\\/\\\/gethowies.com\\\/dk\\\/vare\\\/howies-friktions-tape\\\/#breadcrumb\",\"itemListElement\":[{\"@type\":\"ListItem\",\"position\":1,\"name\":\"Hem\",\"item\":\"https:\\\/\\\/gethowies.com\\\/dk\\\/\"},{\"@type\":\"ListItem\",\"position\":2,\"name\":\"Shop\",\"item\":\"https:\\\/\\\/gethowies.com\\\/dk\\\/shop\\\/\"},{\"@type\":\"ListItem\",\"position\":3,\"name\":\"Howies Tj\u00e6retape\"}]},{\"@type\":\"WebSite\",\"@id\":\"https:\\\/\\\/gethowies.com\\\/dk\\\/#website\",\"url\":\"https:\\\/\\\/gethowies.com\\\/dk\\\/\",\"name\":\"Howies Hockey Danmark\",\"description\":\"\",\"potentialAction\":[{\"@type\":\"SearchAction\",\"target\":{\"@type\":\"EntryPoint\",\"urlTemplate\":\"https:\\\/\\\/gethowies.com\\\/dk\\\/?s={search_term_string}\"},\"query-input\":{\"@type\":\"PropertyValueSpecification\",\"valueRequired\":true,\"valueName\":\"search_term_string\"}}],\"inLanguage\":\"da-DK\"}]}<\/script>\n<!-- \/ Yoast SEO plugin. -->","yoast_head_json":{"title":"Howies Tj\u00e6retape - Howies Hockey Danmark","robots":{"index":"index","follow":"follow","max-snippet":"max-snippet:-1","max-image-preview":"max-image-preview:large","max-video-preview":"max-video-preview:-1"},"canonical":"https:\/\/gethowies.com\/dk\/vare\/howies-friktions-tape\/","og_locale":"da_DK","og_type":"article","og_title":"Howies Tj\u00e6retape - Howies Hockey Danmark","og_description":"Howies tj\u00e6retape er sort stoktape med ekstra grip p\u00e5, for en forbedret absorbering af is p\u00e5 bladet og forbedret kontrol over pucken. Dette tyk-v\u00e6vet bomulds kl\u00e6bende tape indeholder et konstant og koncentreret kl\u00e6bemiddel, der danner en fugtig barriere, mellem isen og staven, der resulterer i at tapen h\u00e6nger mere ved og derved sidder l\u00e6ngere p\u00e5 [...]","og_url":"https:\/\/gethowies.com\/dk\/vare\/howies-friktions-tape\/","og_site_name":"Howies Hockey Danmark","article_modified_time":"2018-08-28T11:22:00+00:00","og_image":[{"width":500,"height":500,"url":"https:\/\/gethowies.com\/dk\/wp-content\/uploads\/sites\/6\/2018\/04\/HH-FrictionTape1.jpg","type":"image\/jpeg"}],"twitter_card":"summary_large_image","schema":{"@context":"https:\/\/schema.org","@graph":[{"@type":"WebPage","@id":"https:\/\/gethowies.com\/dk\/vare\/howies-friktions-tape\/","url":"https:\/\/gethowies.com\/dk\/vare\/howies-friktions-tape\/","name":"Howies Tj\u00e6retape - Howies Hockey Danmark","isPartOf":{"@id":"https:\/\/gethowies.com\/dk\/#website"},"primaryImageOfPage":{"@id":"https:\/\/gethowies.com\/dk\/vare\/howies-friktions-tape\/#primaryimage"},"image":{"@id":"https:\/\/gethowies.com\/dk\/vare\/howies-friktions-tape\/#primaryimage"},"thumbnailUrl":"https:\/\/gethowies.com\/dk\/wp-content\/uploads\/sites\/6\/2018\/04\/HH-FrictionTape1.jpg","datePublished":"2018-04-10T00:41:25+00:00","dateModified":"2018-08-28T11:22:00+00:00","breadcrumb":{"@id":"https:\/\/gethowies.com\/dk\/vare\/howies-friktions-tape\/#breadcrumb"},"inLanguage":"da-DK","potentialAction":[{"@type":"ReadAction","target":["https:\/\/gethowies.com\/dk\/vare\/howies-friktions-tape\/"]}]},{"@type":"ImageObject","inLanguage":"da-DK","@id":"https:\/\/gethowies.com\/dk\/vare\/howies-friktions-tape\/#primaryimage","url":"https:\/\/gethowies.com\/dk\/wp-content\/uploads\/sites\/6\/2018\/04\/HH-FrictionTape1.jpg","contentUrl":"https:\/\/gethowies.com\/dk\/wp-content\/uploads\/sites\/6\/2018\/04\/HH-FrictionTape1.jpg","width":500,"height":500},{"@type":"BreadcrumbList","@id":"https:\/\/gethowies.com\/dk\/vare\/howies-friktions-tape\/#breadcrumb","itemListElement":[{"@type":"ListItem","position":1,"name":"Hem","item":"https:\/\/gethowies.com\/dk\/"},{"@type":"ListItem","position":2,"name":"Shop","item":"https:\/\/gethowies.com\/dk\/shop\/"},{"@type":"ListItem","position":3,"name":"Howies Tj\u00e6retape"}]},{"@type":"WebSite","@id":"https:\/\/gethowies.com\/dk\/#website","url":"https:\/\/gethowies.com\/dk\/","name":"Howies Hockey Danmark","description":"","potentialAction":[{"@type":"SearchAction","target":{"@type":"EntryPoint","urlTemplate":"https:\/\/gethowies.com\/dk\/?s={search_term_string}"},"query-input":{"@type":"PropertyValueSpecification","valueRequired":true,"valueName":"search_term_string"}}],"inLanguage":"da-DK"}]}},"_links":{"self":[{"href":"https:\/\/gethowies.com\/dk\/wp-json\/wp\/v2\/product\/5813","targetHints":{"allow":["GET"]}}],"collection":[{"href":"https:\/\/gethowies.com\/dk\/wp-json\/wp\/v2\/product"}],"about":[{"href":"https:\/\/gethowies.com\/dk\/wp-json\/wp\/v2\/types\/product"}],"replies":[{"embeddable":true,"href":"https:\/\/gethowies.com\/dk\/wp-json\/wp\/v2\/comments?post=5813"}],"wp:featuredmedia":[{"embeddable":true,"href":"https:\/\/gethowies.com\/dk\/wp-json\/wp\/v2\/media\/5814"}],"wp:attachment":[{"href":"https:\/\/gethowies.com\/dk\/wp-json\/wp\/v2\/media?parent=5813"}],"wp:term":[{"taxonomy":"product_brand","embeddable":true,"href":"https:\/\/gethowies.com\/dk\/wp-json\/wp\/v2\/product_brand?post=5813"},{"taxonomy":"product_cat","embeddable":true,"href":"https:\/\/gethowies.com\/dk\/wp-json\/wp\/v2\/product_cat?post=5813"},{"taxonomy":"product_tag","embeddable":true,"href":"https:\/\/gethowies.com\/dk\/wp-json\/wp\/v2\/product_tag?post=5813"}],"curies":[{"name":"wp","href":"https:\/\/api.w.org\/{rel}","templated":true}]}}