{"id":599,"date":"2017-03-08T09:37:55","date_gmt":"2017-03-08T09:37:55","guid":{"rendered":"http:\/\/hockeylife.dk\/produkt\/howies-pro-grip-navy\/"},"modified":"2017-03-08T09:37:55","modified_gmt":"2017-03-08T09:37:55","slug":"howies-pro-grip-navy","status":"publish","type":"product","link":"https:\/\/gethowies.com\/dk\/vare\/howies-pro-grip-navy\/","title":{"rendered":"Howies Pro Grip Navy"},"content":{"rendered":"","protected":false},"excerpt":{"rendered":"<p>Ger din skotthand ett b\u00e4ttre grepp vid skott och passning j\u00e4mf\u00f6rt med vanlig tygtejp. Howies Pro Grip Tape \u00e4r extra mjuk och sliter INTE p\u00e5 handskens insida.<br \/>\nHowies Hockey Tape tillverkas i <b>USA<\/b><\/p>\n<p><b><font color=\"555555\">FLER F\u00c4RGER<\/font><\/b><\/p>\n<div class=\"boxarna\">\n<div class=\"xbox\"><a href=\"http:\/\/hockeylife.dk\/shop\/howies-hockey-tejp\/grepptejp\/howies-pro-grip-white\/\"><span class=\"cbox cwhite\"><\/span><\/a> <\/div>\n<div class=\"xbox\"><a href=\"http:\/\/hockeylife.dk\/shop\/howies-hockey-tejp\/grepptejp\/howies-pro-grip-black\/\"><span class=\"cbox cblack\"><\/span><\/a> <\/div>\n<div class=\"xbox\"><a href=\"http:\/\/hockeylife.dk\/shop\/howies-hockey-tejp\/grepptejp\/howies-pro-grip-rod\/\"><span class=\"cbox cred\"><\/span><\/a> <\/div>\n<div class=\"xbox\"><a href=\"http:\/\/hockeylife.dk\/produkt-kategori\/howies-hockey-tejp\/grepptejp\/pro-grip-tejp\/\"><span class=\"cbox cmidnightblue\"><\/span><\/a> <\/div>\n<div class=\"xbox\"><a href=\"http:\/\/hockeylife.dk\/shop\/howies-hockey-tejp\/grepptejp\/howies-pro-grip-gul\/\"><span class=\"cbox cyellow\"><\/span><\/a> <\/div>\n<div class=\"xbox\"><a href=\"http:\/\/hockeylife.dk\/shop\/howies-hockey-tejp\/grepptejp\/howies-pro-grip-sky\/\"><span class=\"cbox cskyblue\"><\/span><\/a> <\/div>\n<div class=\"xbox\"><a href=\"http:\/\/hockeylife.dk\/shop\/howies-hockey-tejp\/grepptejp\/howies-pro-grip-rosa\/\"><span class=\"cbox chotpink\"><\/span><\/a> <\/div>\n<div class=\"xbox\"><a href=\"http:\/\/hockeylife.dk\/shop\/howies-hockey-tejp\/grepptejp\/howies-pro-grip-lila\/\"><span class=\"cbox cpurple\"><\/span><\/a> <\/div>\n<\/div>\n","protected":false},"featured_media":600,"comment_status":"closed","ping_status":"closed","template":"","meta":{"inline_featured_image":false},"product_brand":[],"product_cat":[89,91],"product_tag":[],"class_list":{"0":"post-599","1":"product","2":"type-product","3":"status-publish","4":"has-post-thumbnail","6":"product_cat-grip-tape","7":"product_cat-stretch-grip-tape","9":"first","10":"outofstock","11":"shipping-taxable","12":"purchasable","13":"product-type-simple"},"yoast_head":"<!-- This site is optimized with the Yoast SEO plugin v27.4 - https:\/\/yoast.com\/product\/yoast-seo-wordpress\/ -->\n<title>Howies Pro Grip Navy - Howies Hockey Danmark<\/title>\n<meta name=\"robots\" content=\"index, follow, max-snippet:-1, max-image-preview:large, max-video-preview:-1\" \/>\n<link rel=\"canonical\" href=\"https:\/\/gethowies.com\/dk\/vare\/howies-pro-grip-navy\/\" \/>\n<meta property=\"og:locale\" content=\"da_DK\" \/>\n<meta property=\"og:type\" content=\"article\" \/>\n<meta property=\"og:title\" content=\"Howies Pro Grip Navy - Howies Hockey Danmark\" \/>\n<meta property=\"og:description\" content=\"Ger din skotthand ett b\u00e4ttre grepp vid skott och passning j\u00e4mf\u00f6rt med vanlig tygtejp. Howies Pro Grip Tape \u00e4r extra mjuk och sliter INTE p\u00e5 handskens insida. Howies Hockey Tape tillverkas i USA FLER F\u00c4RGER\" \/>\n<meta property=\"og:url\" content=\"https:\/\/gethowies.com\/dk\/vare\/howies-pro-grip-navy\/\" \/>\n<meta property=\"og:site_name\" content=\"Howies Hockey Danmark\" \/>\n<meta property=\"og:image\" content=\"https:\/\/gethowies.com\/dk\/wp-content\/uploads\/sites\/6\/2017\/03\/progrip-navy.jpg\" \/>\n\t<meta property=\"og:image:width\" content=\"1020\" \/>\n\t<meta property=\"og:image:height\" content=\"1020\" \/>\n\t<meta property=\"og:image:type\" content=\"image\/jpeg\" \/>\n<meta name=\"twitter:card\" content=\"summary_large_image\" \/>\n<script type=\"application\/ld+json\" class=\"yoast-schema-graph\">{\"@context\":\"https:\\\/\\\/schema.org\",\"@graph\":[{\"@type\":\"WebPage\",\"@id\":\"https:\\\/\\\/gethowies.com\\\/dk\\\/vare\\\/howies-pro-grip-navy\\\/\",\"url\":\"https:\\\/\\\/gethowies.com\\\/dk\\\/vare\\\/howies-pro-grip-navy\\\/\",\"name\":\"Howies Pro Grip Navy - Howies Hockey Danmark\",\"isPartOf\":{\"@id\":\"https:\\\/\\\/gethowies.com\\\/dk\\\/#website\"},\"primaryImageOfPage\":{\"@id\":\"https:\\\/\\\/gethowies.com\\\/dk\\\/vare\\\/howies-pro-grip-navy\\\/#primaryimage\"},\"image\":{\"@id\":\"https:\\\/\\\/gethowies.com\\\/dk\\\/vare\\\/howies-pro-grip-navy\\\/#primaryimage\"},\"thumbnailUrl\":\"https:\\\/\\\/gethowies.com\\\/dk\\\/wp-content\\\/uploads\\\/sites\\\/6\\\/2017\\\/03\\\/progrip-navy.jpg\",\"datePublished\":\"2017-03-08T09:37:55+00:00\",\"breadcrumb\":{\"@id\":\"https:\\\/\\\/gethowies.com\\\/dk\\\/vare\\\/howies-pro-grip-navy\\\/#breadcrumb\"},\"inLanguage\":\"da-DK\",\"potentialAction\":[{\"@type\":\"ReadAction\",\"target\":[\"https:\\\/\\\/gethowies.com\\\/dk\\\/vare\\\/howies-pro-grip-navy\\\/\"]}]},{\"@type\":\"ImageObject\",\"inLanguage\":\"da-DK\",\"@id\":\"https:\\\/\\\/gethowies.com\\\/dk\\\/vare\\\/howies-pro-grip-navy\\\/#primaryimage\",\"url\":\"https:\\\/\\\/gethowies.com\\\/dk\\\/wp-content\\\/uploads\\\/sites\\\/6\\\/2017\\\/03\\\/progrip-navy.jpg\",\"contentUrl\":\"https:\\\/\\\/gethowies.com\\\/dk\\\/wp-content\\\/uploads\\\/sites\\\/6\\\/2017\\\/03\\\/progrip-navy.jpg\",\"width\":1020,\"height\":1020},{\"@type\":\"BreadcrumbList\",\"@id\":\"https:\\\/\\\/gethowies.com\\\/dk\\\/vare\\\/howies-pro-grip-navy\\\/#breadcrumb\",\"itemListElement\":[{\"@type\":\"ListItem\",\"position\":1,\"name\":\"Hem\",\"item\":\"https:\\\/\\\/gethowies.com\\\/dk\\\/\"},{\"@type\":\"ListItem\",\"position\":2,\"name\":\"Shop\",\"item\":\"https:\\\/\\\/gethowies.com\\\/dk\\\/shop\\\/\"},{\"@type\":\"ListItem\",\"position\":3,\"name\":\"Howies Pro Grip Navy\"}]},{\"@type\":\"WebSite\",\"@id\":\"https:\\\/\\\/gethowies.com\\\/dk\\\/#website\",\"url\":\"https:\\\/\\\/gethowies.com\\\/dk\\\/\",\"name\":\"Howies Hockey Danmark\",\"description\":\"\",\"potentialAction\":[{\"@type\":\"SearchAction\",\"target\":{\"@type\":\"EntryPoint\",\"urlTemplate\":\"https:\\\/\\\/gethowies.com\\\/dk\\\/?s={search_term_string}\"},\"query-input\":{\"@type\":\"PropertyValueSpecification\",\"valueRequired\":true,\"valueName\":\"search_term_string\"}}],\"inLanguage\":\"da-DK\"}]}<\/script>\n<!-- \/ Yoast SEO plugin. -->","yoast_head_json":{"title":"Howies Pro Grip Navy - Howies Hockey Danmark","robots":{"index":"index","follow":"follow","max-snippet":"max-snippet:-1","max-image-preview":"max-image-preview:large","max-video-preview":"max-video-preview:-1"},"canonical":"https:\/\/gethowies.com\/dk\/vare\/howies-pro-grip-navy\/","og_locale":"da_DK","og_type":"article","og_title":"Howies Pro Grip Navy - Howies Hockey Danmark","og_description":"Ger din skotthand ett b\u00e4ttre grepp vid skott och passning j\u00e4mf\u00f6rt med vanlig tygtejp. Howies Pro Grip Tape \u00e4r extra mjuk och sliter INTE p\u00e5 handskens insida. Howies Hockey Tape tillverkas i USA FLER F\u00c4RGER","og_url":"https:\/\/gethowies.com\/dk\/vare\/howies-pro-grip-navy\/","og_site_name":"Howies Hockey Danmark","og_image":[{"width":1020,"height":1020,"url":"https:\/\/gethowies.com\/dk\/wp-content\/uploads\/sites\/6\/2017\/03\/progrip-navy.jpg","type":"image\/jpeg"}],"twitter_card":"summary_large_image","schema":{"@context":"https:\/\/schema.org","@graph":[{"@type":"WebPage","@id":"https:\/\/gethowies.com\/dk\/vare\/howies-pro-grip-navy\/","url":"https:\/\/gethowies.com\/dk\/vare\/howies-pro-grip-navy\/","name":"Howies Pro Grip Navy - Howies Hockey Danmark","isPartOf":{"@id":"https:\/\/gethowies.com\/dk\/#website"},"primaryImageOfPage":{"@id":"https:\/\/gethowies.com\/dk\/vare\/howies-pro-grip-navy\/#primaryimage"},"image":{"@id":"https:\/\/gethowies.com\/dk\/vare\/howies-pro-grip-navy\/#primaryimage"},"thumbnailUrl":"https:\/\/gethowies.com\/dk\/wp-content\/uploads\/sites\/6\/2017\/03\/progrip-navy.jpg","datePublished":"2017-03-08T09:37:55+00:00","breadcrumb":{"@id":"https:\/\/gethowies.com\/dk\/vare\/howies-pro-grip-navy\/#breadcrumb"},"inLanguage":"da-DK","potentialAction":[{"@type":"ReadAction","target":["https:\/\/gethowies.com\/dk\/vare\/howies-pro-grip-navy\/"]}]},{"@type":"ImageObject","inLanguage":"da-DK","@id":"https:\/\/gethowies.com\/dk\/vare\/howies-pro-grip-navy\/#primaryimage","url":"https:\/\/gethowies.com\/dk\/wp-content\/uploads\/sites\/6\/2017\/03\/progrip-navy.jpg","contentUrl":"https:\/\/gethowies.com\/dk\/wp-content\/uploads\/sites\/6\/2017\/03\/progrip-navy.jpg","width":1020,"height":1020},{"@type":"BreadcrumbList","@id":"https:\/\/gethowies.com\/dk\/vare\/howies-pro-grip-navy\/#breadcrumb","itemListElement":[{"@type":"ListItem","position":1,"name":"Hem","item":"https:\/\/gethowies.com\/dk\/"},{"@type":"ListItem","position":2,"name":"Shop","item":"https:\/\/gethowies.com\/dk\/shop\/"},{"@type":"ListItem","position":3,"name":"Howies Pro Grip Navy"}]},{"@type":"WebSite","@id":"https:\/\/gethowies.com\/dk\/#website","url":"https:\/\/gethowies.com\/dk\/","name":"Howies Hockey Danmark","description":"","potentialAction":[{"@type":"SearchAction","target":{"@type":"EntryPoint","urlTemplate":"https:\/\/gethowies.com\/dk\/?s={search_term_string}"},"query-input":{"@type":"PropertyValueSpecification","valueRequired":true,"valueName":"search_term_string"}}],"inLanguage":"da-DK"}]}},"_links":{"self":[{"href":"https:\/\/gethowies.com\/dk\/wp-json\/wp\/v2\/product\/599","targetHints":{"allow":["GET"]}}],"collection":[{"href":"https:\/\/gethowies.com\/dk\/wp-json\/wp\/v2\/product"}],"about":[{"href":"https:\/\/gethowies.com\/dk\/wp-json\/wp\/v2\/types\/product"}],"replies":[{"embeddable":true,"href":"https:\/\/gethowies.com\/dk\/wp-json\/wp\/v2\/comments?post=599"}],"wp:featuredmedia":[{"embeddable":true,"href":"https:\/\/gethowies.com\/dk\/wp-json\/wp\/v2\/media\/600"}],"wp:attachment":[{"href":"https:\/\/gethowies.com\/dk\/wp-json\/wp\/v2\/media?parent=599"}],"wp:term":[{"taxonomy":"product_brand","embeddable":true,"href":"https:\/\/gethowies.com\/dk\/wp-json\/wp\/v2\/product_brand?post=599"},{"taxonomy":"product_cat","embeddable":true,"href":"https:\/\/gethowies.com\/dk\/wp-json\/wp\/v2\/product_cat?post=599"},{"taxonomy":"product_tag","embeddable":true,"href":"https:\/\/gethowies.com\/dk\/wp-json\/wp\/v2\/product_tag?post=599"}],"curies":[{"name":"wp","href":"https:\/\/api.w.org\/{rel}","templated":true}]}}