{"id":6190,"date":"2018-08-20T18:04:32","date_gmt":"2018-08-20T16:04:32","guid":{"rendered":"https:\/\/gethowies.com\/dk\/?post_type=product&#038;p=6190"},"modified":"2025-10-07T03:11:21","modified_gmt":"2025-10-07T01:11:21","slug":"skate-soakers-pro-silver","status":"publish","type":"product","link":"https:\/\/gethowies.com\/dk\/vare\/skate-soakers-pro-silver\/","title":{"rendered":"Skate Soakers Pro Silver"},"content":{"rendered":"<p>Overtr\u00e6k til sk\u00f8jteklinge med kevlarforst\u00e6rkning. Beskytter sk\u00f8jteklingen mod skader og eventuel rust. <\/p>\n<p>Produktet er velegnet til alle, der \u00f8nsker at holde klingen beskyttet under transport og opbevaring.<\/p>\n<p><strong>St\u00f8rrelse Guide<\/strong><br \/>\nJunior: 1 \u2013 5 i sk\u00f8jter<br \/>\nSenior: 6 \u2013 12 i sk\u00f8jter<\/p>\n","protected":false},"excerpt":{"rendered":"<p>Overtr\u00e6k til sk\u00f8jteklinge med kevlarforst\u00e6rkning. Beskytter sk\u00f8jteklingen mod skader og eventuel rust. Produktet er velegnet til alle, der \u00f8nsker at holde klingen beskyttet under transport og opbevaring. St\u00f8rrelse Guide Junior: 1 \u2013 5 i sk\u00f8jter Senior: 6 \u2013 12 i sk\u00f8jter<\/p>\n","protected":false},"featured_media":6174,"comment_status":"open","ping_status":"closed","template":"","meta":{"inline_featured_image":false},"product_brand":[],"product_cat":[124],"product_tag":[],"class_list":{"0":"post-6190","1":"product","2":"type-product","3":"status-publish","4":"has-post-thumbnail","6":"product_cat-skoejtebeskytter","8":"first","9":"instock","10":"shipping-taxable","11":"purchasable","12":"product-type-variable"},"yoast_head":"<!-- This site is optimized with the Yoast SEO plugin v27.3 - https:\/\/yoast.com\/product\/yoast-seo-wordpress\/ -->\n<title>Skate Soakers Pro Silver - Howies Hockey Danmark<\/title>\n<meta name=\"robots\" content=\"index, follow, max-snippet:-1, max-image-preview:large, max-video-preview:-1\" \/>\n<link rel=\"canonical\" href=\"https:\/\/gethowies.com\/dk\/vare\/skate-soakers-pro-silver\/\" \/>\n<meta property=\"og:locale\" content=\"da_DK\" \/>\n<meta property=\"og:type\" content=\"article\" \/>\n<meta property=\"og:title\" content=\"Skate Soakers Pro Silver - Howies Hockey Danmark\" \/>\n<meta property=\"og:description\" content=\"Overtr\u00e6k til sk\u00f8jteklinge med kevlarforst\u00e6rkning. Beskytter sk\u00f8jteklingen mod skader og eventuel rust. Produktet er velegnet til alle, der \u00f8nsker at holde klingen beskyttet under transport og opbevaring. St\u00f8rrelse Guide Junior: 1 \u2013 5 i sk\u00f8jter Senior: 6 \u2013 12 i sk\u00f8jter\" \/>\n<meta property=\"og:url\" content=\"https:\/\/gethowies.com\/dk\/vare\/skate-soakers-pro-silver\/\" \/>\n<meta property=\"og:site_name\" content=\"Howies Hockey Danmark\" \/>\n<meta property=\"article:modified_time\" content=\"2025-10-07T01:11:21+00:00\" \/>\n<meta property=\"og:image\" content=\"https:\/\/gethowies.com\/dk\/wp-content\/uploads\/sites\/6\/2018\/08\/skate_soakers_silver.jpg\" \/>\n\t<meta property=\"og:image:width\" content=\"1020\" \/>\n\t<meta property=\"og:image:height\" content=\"1020\" \/>\n\t<meta property=\"og:image:type\" content=\"image\/jpeg\" \/>\n<meta name=\"twitter:card\" content=\"summary_large_image\" \/>\n<script type=\"application\/ld+json\" class=\"yoast-schema-graph\">{\"@context\":\"https:\\\/\\\/schema.org\",\"@graph\":[{\"@type\":\"WebPage\",\"@id\":\"https:\\\/\\\/gethowies.com\\\/dk\\\/vare\\\/skate-soakers-pro-silver\\\/\",\"url\":\"https:\\\/\\\/gethowies.com\\\/dk\\\/vare\\\/skate-soakers-pro-silver\\\/\",\"name\":\"Skate Soakers Pro Silver - Howies Hockey Danmark\",\"isPartOf\":{\"@id\":\"https:\\\/\\\/gethowies.com\\\/dk\\\/#website\"},\"primaryImageOfPage\":{\"@id\":\"https:\\\/\\\/gethowies.com\\\/dk\\\/vare\\\/skate-soakers-pro-silver\\\/#primaryimage\"},\"image\":{\"@id\":\"https:\\\/\\\/gethowies.com\\\/dk\\\/vare\\\/skate-soakers-pro-silver\\\/#primaryimage\"},\"thumbnailUrl\":\"https:\\\/\\\/gethowies.com\\\/dk\\\/wp-content\\\/uploads\\\/sites\\\/6\\\/2018\\\/08\\\/skate_soakers_silver.jpg\",\"datePublished\":\"2018-08-20T16:04:32+00:00\",\"dateModified\":\"2025-10-07T01:11:21+00:00\",\"breadcrumb\":{\"@id\":\"https:\\\/\\\/gethowies.com\\\/dk\\\/vare\\\/skate-soakers-pro-silver\\\/#breadcrumb\"},\"inLanguage\":\"da-DK\",\"potentialAction\":[{\"@type\":\"ReadAction\",\"target\":[\"https:\\\/\\\/gethowies.com\\\/dk\\\/vare\\\/skate-soakers-pro-silver\\\/\"]}]},{\"@type\":\"ImageObject\",\"inLanguage\":\"da-DK\",\"@id\":\"https:\\\/\\\/gethowies.com\\\/dk\\\/vare\\\/skate-soakers-pro-silver\\\/#primaryimage\",\"url\":\"https:\\\/\\\/gethowies.com\\\/dk\\\/wp-content\\\/uploads\\\/sites\\\/6\\\/2018\\\/08\\\/skate_soakers_silver.jpg\",\"contentUrl\":\"https:\\\/\\\/gethowies.com\\\/dk\\\/wp-content\\\/uploads\\\/sites\\\/6\\\/2018\\\/08\\\/skate_soakers_silver.jpg\",\"width\":1020,\"height\":1020},{\"@type\":\"BreadcrumbList\",\"@id\":\"https:\\\/\\\/gethowies.com\\\/dk\\\/vare\\\/skate-soakers-pro-silver\\\/#breadcrumb\",\"itemListElement\":[{\"@type\":\"ListItem\",\"position\":1,\"name\":\"Hem\",\"item\":\"https:\\\/\\\/gethowies.com\\\/dk\\\/\"},{\"@type\":\"ListItem\",\"position\":2,\"name\":\"Shop\",\"item\":\"https:\\\/\\\/gethowies.com\\\/dk\\\/shop\\\/\"},{\"@type\":\"ListItem\",\"position\":3,\"name\":\"Skate Soakers Pro Silver\"}]},{\"@type\":\"WebSite\",\"@id\":\"https:\\\/\\\/gethowies.com\\\/dk\\\/#website\",\"url\":\"https:\\\/\\\/gethowies.com\\\/dk\\\/\",\"name\":\"Howies Hockey Danmark\",\"description\":\"\",\"potentialAction\":[{\"@type\":\"SearchAction\",\"target\":{\"@type\":\"EntryPoint\",\"urlTemplate\":\"https:\\\/\\\/gethowies.com\\\/dk\\\/?s={search_term_string}\"},\"query-input\":{\"@type\":\"PropertyValueSpecification\",\"valueRequired\":true,\"valueName\":\"search_term_string\"}}],\"inLanguage\":\"da-DK\"}]}<\/script>\n<!-- \/ Yoast SEO plugin. -->","yoast_head_json":{"title":"Skate Soakers Pro Silver - Howies Hockey Danmark","robots":{"index":"index","follow":"follow","max-snippet":"max-snippet:-1","max-image-preview":"max-image-preview:large","max-video-preview":"max-video-preview:-1"},"canonical":"https:\/\/gethowies.com\/dk\/vare\/skate-soakers-pro-silver\/","og_locale":"da_DK","og_type":"article","og_title":"Skate Soakers Pro Silver - Howies Hockey Danmark","og_description":"Overtr\u00e6k til sk\u00f8jteklinge med kevlarforst\u00e6rkning. Beskytter sk\u00f8jteklingen mod skader og eventuel rust. Produktet er velegnet til alle, der \u00f8nsker at holde klingen beskyttet under transport og opbevaring. St\u00f8rrelse Guide Junior: 1 \u2013 5 i sk\u00f8jter Senior: 6 \u2013 12 i sk\u00f8jter","og_url":"https:\/\/gethowies.com\/dk\/vare\/skate-soakers-pro-silver\/","og_site_name":"Howies Hockey Danmark","article_modified_time":"2025-10-07T01:11:21+00:00","og_image":[{"width":1020,"height":1020,"url":"https:\/\/gethowies.com\/dk\/wp-content\/uploads\/sites\/6\/2018\/08\/skate_soakers_silver.jpg","type":"image\/jpeg"}],"twitter_card":"summary_large_image","schema":{"@context":"https:\/\/schema.org","@graph":[{"@type":"WebPage","@id":"https:\/\/gethowies.com\/dk\/vare\/skate-soakers-pro-silver\/","url":"https:\/\/gethowies.com\/dk\/vare\/skate-soakers-pro-silver\/","name":"Skate Soakers Pro Silver - Howies Hockey Danmark","isPartOf":{"@id":"https:\/\/gethowies.com\/dk\/#website"},"primaryImageOfPage":{"@id":"https:\/\/gethowies.com\/dk\/vare\/skate-soakers-pro-silver\/#primaryimage"},"image":{"@id":"https:\/\/gethowies.com\/dk\/vare\/skate-soakers-pro-silver\/#primaryimage"},"thumbnailUrl":"https:\/\/gethowies.com\/dk\/wp-content\/uploads\/sites\/6\/2018\/08\/skate_soakers_silver.jpg","datePublished":"2018-08-20T16:04:32+00:00","dateModified":"2025-10-07T01:11:21+00:00","breadcrumb":{"@id":"https:\/\/gethowies.com\/dk\/vare\/skate-soakers-pro-silver\/#breadcrumb"},"inLanguage":"da-DK","potentialAction":[{"@type":"ReadAction","target":["https:\/\/gethowies.com\/dk\/vare\/skate-soakers-pro-silver\/"]}]},{"@type":"ImageObject","inLanguage":"da-DK","@id":"https:\/\/gethowies.com\/dk\/vare\/skate-soakers-pro-silver\/#primaryimage","url":"https:\/\/gethowies.com\/dk\/wp-content\/uploads\/sites\/6\/2018\/08\/skate_soakers_silver.jpg","contentUrl":"https:\/\/gethowies.com\/dk\/wp-content\/uploads\/sites\/6\/2018\/08\/skate_soakers_silver.jpg","width":1020,"height":1020},{"@type":"BreadcrumbList","@id":"https:\/\/gethowies.com\/dk\/vare\/skate-soakers-pro-silver\/#breadcrumb","itemListElement":[{"@type":"ListItem","position":1,"name":"Hem","item":"https:\/\/gethowies.com\/dk\/"},{"@type":"ListItem","position":2,"name":"Shop","item":"https:\/\/gethowies.com\/dk\/shop\/"},{"@type":"ListItem","position":3,"name":"Skate Soakers Pro Silver"}]},{"@type":"WebSite","@id":"https:\/\/gethowies.com\/dk\/#website","url":"https:\/\/gethowies.com\/dk\/","name":"Howies Hockey Danmark","description":"","potentialAction":[{"@type":"SearchAction","target":{"@type":"EntryPoint","urlTemplate":"https:\/\/gethowies.com\/dk\/?s={search_term_string}"},"query-input":{"@type":"PropertyValueSpecification","valueRequired":true,"valueName":"search_term_string"}}],"inLanguage":"da-DK"}]}},"_links":{"self":[{"href":"https:\/\/gethowies.com\/dk\/wp-json\/wp\/v2\/product\/6190","targetHints":{"allow":["GET"]}}],"collection":[{"href":"https:\/\/gethowies.com\/dk\/wp-json\/wp\/v2\/product"}],"about":[{"href":"https:\/\/gethowies.com\/dk\/wp-json\/wp\/v2\/types\/product"}],"replies":[{"embeddable":true,"href":"https:\/\/gethowies.com\/dk\/wp-json\/wp\/v2\/comments?post=6190"}],"wp:featuredmedia":[{"embeddable":true,"href":"https:\/\/gethowies.com\/dk\/wp-json\/wp\/v2\/media\/6174"}],"wp:attachment":[{"href":"https:\/\/gethowies.com\/dk\/wp-json\/wp\/v2\/media?parent=6190"}],"wp:term":[{"taxonomy":"product_brand","embeddable":true,"href":"https:\/\/gethowies.com\/dk\/wp-json\/wp\/v2\/product_brand?post=6190"},{"taxonomy":"product_cat","embeddable":true,"href":"https:\/\/gethowies.com\/dk\/wp-json\/wp\/v2\/product_cat?post=6190"},{"taxonomy":"product_tag","embeddable":true,"href":"https:\/\/gethowies.com\/dk\/wp-json\/wp\/v2\/product_tag?post=6190"}],"curies":[{"name":"wp","href":"https:\/\/api.w.org\/{rel}","templated":true}]}}