{"id":841,"date":"2017-11-22T12:36:28","date_gmt":"2017-11-22T11:36:28","guid":{"rendered":"http:\/\/hockeylife.dk\/?post_type=product&#038;p=841"},"modified":"2023-02-07T23:46:32","modified_gmt":"2023-02-07T22:46:32","slug":"howies-slibesten-fine","status":"publish","type":"product","link":"https:\/\/gethowies.com\/dk\/vare\/howies-slibesten-fine\/","title":{"rendered":"Howies Slibesten Fine"},"content":{"rendered":"<p class=\"p1\">Det er vigtigt at passe p\u00e5 sit udstyr, og nogengange er du n\u00f8d til, at g\u00f8re det selv. Howies Stone Skate, er lavet til at reparere mindre skader og afslutter med et fint sk\u00e6r. Perfekt til brug mellem slibninger af dine sk\u00f8jter, eller n\u00e5r du opdager at du har tr\u00e5dt p\u00e5 noget du ikke skulle have tr\u00e5dt p\u00e5, p\u00e5 vej ud fra omkl\u00e6dningsrummet og ud mod isen.<\/p>\n<ul class=\"ul1\">\n<li class=\"li1\">Indeholder silicone slibemidler<\/li>\n<li class=\"li1\">Hurtig sk\u00e6ring<\/li>\n<li class=\"li1\">Bruger ledende \u201cvitrified bond technology\u201d<\/li>\n<li class=\"li1\">Reparerer mindre skader og efterlader klingen med et perfekt sk\u00e6r<\/li>\n<\/ul>\n","protected":false},"excerpt":{"rendered":"<p>Det er vigtigt at passe p\u00e5 sit udstyr, og nogengange er du n\u00f8d til, at g\u00f8re det selv. Howies Stone Skate, er lavet til at reparere mindre skader og afslutter med et fint sk\u00e6r. Perfekt til brug mellem slibninger af dine sk\u00f8jter, eller n\u00e5r du opdager at du har tr\u00e5dt p\u00e5 noget du ikke skulle [&#8230;]\n","protected":false},"featured_media":4320,"comment_status":"closed","ping_status":"closed","template":"","meta":{"inline_featured_image":false},"product_brand":[],"product_cat":[109],"product_tag":[],"class_list":{"0":"post-841","1":"product","2":"type-product","3":"status-publish","4":"has-post-thumbnail","6":"product_cat-skojteslibning","8":"first","9":"instock","10":"shipping-taxable","11":"purchasable","12":"product-type-simple"},"yoast_head":"<!-- This site is optimized with the Yoast SEO plugin v27.4 - https:\/\/yoast.com\/product\/yoast-seo-wordpress\/ -->\n<title>Howies Slibesten Fine - Howies Hockey Danmark<\/title>\n<meta name=\"robots\" content=\"index, follow, max-snippet:-1, max-image-preview:large, max-video-preview:-1\" \/>\n<link rel=\"canonical\" href=\"https:\/\/gethowies.com\/dk\/vare\/howies-slibesten-fine\/\" \/>\n<meta property=\"og:locale\" content=\"da_DK\" \/>\n<meta property=\"og:type\" content=\"article\" \/>\n<meta property=\"og:title\" content=\"Howies Slibesten Fine - Howies Hockey Danmark\" \/>\n<meta property=\"og:description\" content=\"Det er vigtigt at passe p\u00e5 sit udstyr, og nogengange er du n\u00f8d til, at g\u00f8re det selv. Howies Stone Skate, er lavet til at reparere mindre skader og afslutter med et fint sk\u00e6r. Perfekt til brug mellem slibninger af dine sk\u00f8jter, eller n\u00e5r du opdager at du har tr\u00e5dt p\u00e5 noget du ikke skulle [...]\" \/>\n<meta property=\"og:url\" content=\"https:\/\/gethowies.com\/dk\/vare\/howies-slibesten-fine\/\" \/>\n<meta property=\"og:site_name\" content=\"Howies Hockey Danmark\" \/>\n<meta property=\"article:modified_time\" content=\"2023-02-07T22:46:32+00:00\" \/>\n<meta property=\"og:image\" content=\"https:\/\/gethowies.com\/dk\/wp-content\/uploads\/sites\/6\/2017\/03\/hht_bryne.jpg\" \/>\n\t<meta property=\"og:image:width\" content=\"1020\" \/>\n\t<meta property=\"og:image:height\" content=\"1020\" \/>\n\t<meta property=\"og:image:type\" content=\"image\/jpeg\" \/>\n<meta name=\"twitter:card\" content=\"summary_large_image\" \/>\n<script type=\"application\/ld+json\" class=\"yoast-schema-graph\">{\"@context\":\"https:\\\/\\\/schema.org\",\"@graph\":[{\"@type\":\"WebPage\",\"@id\":\"https:\\\/\\\/gethowies.com\\\/dk\\\/vare\\\/howies-slibesten-fine\\\/\",\"url\":\"https:\\\/\\\/gethowies.com\\\/dk\\\/vare\\\/howies-slibesten-fine\\\/\",\"name\":\"Howies Slibesten Fine - Howies Hockey Danmark\",\"isPartOf\":{\"@id\":\"https:\\\/\\\/gethowies.com\\\/dk\\\/#website\"},\"primaryImageOfPage\":{\"@id\":\"https:\\\/\\\/gethowies.com\\\/dk\\\/vare\\\/howies-slibesten-fine\\\/#primaryimage\"},\"image\":{\"@id\":\"https:\\\/\\\/gethowies.com\\\/dk\\\/vare\\\/howies-slibesten-fine\\\/#primaryimage\"},\"thumbnailUrl\":\"https:\\\/\\\/gethowies.com\\\/dk\\\/wp-content\\\/uploads\\\/sites\\\/6\\\/2017\\\/03\\\/hht_bryne.jpg\",\"datePublished\":\"2017-11-22T11:36:28+00:00\",\"dateModified\":\"2023-02-07T22:46:32+00:00\",\"breadcrumb\":{\"@id\":\"https:\\\/\\\/gethowies.com\\\/dk\\\/vare\\\/howies-slibesten-fine\\\/#breadcrumb\"},\"inLanguage\":\"da-DK\",\"potentialAction\":[{\"@type\":\"ReadAction\",\"target\":[\"https:\\\/\\\/gethowies.com\\\/dk\\\/vare\\\/howies-slibesten-fine\\\/\"]}]},{\"@type\":\"ImageObject\",\"inLanguage\":\"da-DK\",\"@id\":\"https:\\\/\\\/gethowies.com\\\/dk\\\/vare\\\/howies-slibesten-fine\\\/#primaryimage\",\"url\":\"https:\\\/\\\/gethowies.com\\\/dk\\\/wp-content\\\/uploads\\\/sites\\\/6\\\/2017\\\/03\\\/hht_bryne.jpg\",\"contentUrl\":\"https:\\\/\\\/gethowies.com\\\/dk\\\/wp-content\\\/uploads\\\/sites\\\/6\\\/2017\\\/03\\\/hht_bryne.jpg\",\"width\":1020,\"height\":1020},{\"@type\":\"BreadcrumbList\",\"@id\":\"https:\\\/\\\/gethowies.com\\\/dk\\\/vare\\\/howies-slibesten-fine\\\/#breadcrumb\",\"itemListElement\":[{\"@type\":\"ListItem\",\"position\":1,\"name\":\"Hem\",\"item\":\"https:\\\/\\\/gethowies.com\\\/dk\\\/\"},{\"@type\":\"ListItem\",\"position\":2,\"name\":\"Shop\",\"item\":\"https:\\\/\\\/gethowies.com\\\/dk\\\/shop\\\/\"},{\"@type\":\"ListItem\",\"position\":3,\"name\":\"Howies Slibesten Fine\"}]},{\"@type\":\"WebSite\",\"@id\":\"https:\\\/\\\/gethowies.com\\\/dk\\\/#website\",\"url\":\"https:\\\/\\\/gethowies.com\\\/dk\\\/\",\"name\":\"Howies Hockey Danmark\",\"description\":\"\",\"potentialAction\":[{\"@type\":\"SearchAction\",\"target\":{\"@type\":\"EntryPoint\",\"urlTemplate\":\"https:\\\/\\\/gethowies.com\\\/dk\\\/?s={search_term_string}\"},\"query-input\":{\"@type\":\"PropertyValueSpecification\",\"valueRequired\":true,\"valueName\":\"search_term_string\"}}],\"inLanguage\":\"da-DK\"}]}<\/script>\n<!-- \/ Yoast SEO plugin. -->","yoast_head_json":{"title":"Howies Slibesten Fine - Howies Hockey Danmark","robots":{"index":"index","follow":"follow","max-snippet":"max-snippet:-1","max-image-preview":"max-image-preview:large","max-video-preview":"max-video-preview:-1"},"canonical":"https:\/\/gethowies.com\/dk\/vare\/howies-slibesten-fine\/","og_locale":"da_DK","og_type":"article","og_title":"Howies Slibesten Fine - Howies Hockey Danmark","og_description":"Det er vigtigt at passe p\u00e5 sit udstyr, og nogengange er du n\u00f8d til, at g\u00f8re det selv. Howies Stone Skate, er lavet til at reparere mindre skader og afslutter med et fint sk\u00e6r. Perfekt til brug mellem slibninger af dine sk\u00f8jter, eller n\u00e5r du opdager at du har tr\u00e5dt p\u00e5 noget du ikke skulle [...]","og_url":"https:\/\/gethowies.com\/dk\/vare\/howies-slibesten-fine\/","og_site_name":"Howies Hockey Danmark","article_modified_time":"2023-02-07T22:46:32+00:00","og_image":[{"width":1020,"height":1020,"url":"https:\/\/gethowies.com\/dk\/wp-content\/uploads\/sites\/6\/2017\/03\/hht_bryne.jpg","type":"image\/jpeg"}],"twitter_card":"summary_large_image","schema":{"@context":"https:\/\/schema.org","@graph":[{"@type":"WebPage","@id":"https:\/\/gethowies.com\/dk\/vare\/howies-slibesten-fine\/","url":"https:\/\/gethowies.com\/dk\/vare\/howies-slibesten-fine\/","name":"Howies Slibesten Fine - Howies Hockey Danmark","isPartOf":{"@id":"https:\/\/gethowies.com\/dk\/#website"},"primaryImageOfPage":{"@id":"https:\/\/gethowies.com\/dk\/vare\/howies-slibesten-fine\/#primaryimage"},"image":{"@id":"https:\/\/gethowies.com\/dk\/vare\/howies-slibesten-fine\/#primaryimage"},"thumbnailUrl":"https:\/\/gethowies.com\/dk\/wp-content\/uploads\/sites\/6\/2017\/03\/hht_bryne.jpg","datePublished":"2017-11-22T11:36:28+00:00","dateModified":"2023-02-07T22:46:32+00:00","breadcrumb":{"@id":"https:\/\/gethowies.com\/dk\/vare\/howies-slibesten-fine\/#breadcrumb"},"inLanguage":"da-DK","potentialAction":[{"@type":"ReadAction","target":["https:\/\/gethowies.com\/dk\/vare\/howies-slibesten-fine\/"]}]},{"@type":"ImageObject","inLanguage":"da-DK","@id":"https:\/\/gethowies.com\/dk\/vare\/howies-slibesten-fine\/#primaryimage","url":"https:\/\/gethowies.com\/dk\/wp-content\/uploads\/sites\/6\/2017\/03\/hht_bryne.jpg","contentUrl":"https:\/\/gethowies.com\/dk\/wp-content\/uploads\/sites\/6\/2017\/03\/hht_bryne.jpg","width":1020,"height":1020},{"@type":"BreadcrumbList","@id":"https:\/\/gethowies.com\/dk\/vare\/howies-slibesten-fine\/#breadcrumb","itemListElement":[{"@type":"ListItem","position":1,"name":"Hem","item":"https:\/\/gethowies.com\/dk\/"},{"@type":"ListItem","position":2,"name":"Shop","item":"https:\/\/gethowies.com\/dk\/shop\/"},{"@type":"ListItem","position":3,"name":"Howies Slibesten Fine"}]},{"@type":"WebSite","@id":"https:\/\/gethowies.com\/dk\/#website","url":"https:\/\/gethowies.com\/dk\/","name":"Howies Hockey Danmark","description":"","potentialAction":[{"@type":"SearchAction","target":{"@type":"EntryPoint","urlTemplate":"https:\/\/gethowies.com\/dk\/?s={search_term_string}"},"query-input":{"@type":"PropertyValueSpecification","valueRequired":true,"valueName":"search_term_string"}}],"inLanguage":"da-DK"}]}},"_links":{"self":[{"href":"https:\/\/gethowies.com\/dk\/wp-json\/wp\/v2\/product\/841","targetHints":{"allow":["GET"]}}],"collection":[{"href":"https:\/\/gethowies.com\/dk\/wp-json\/wp\/v2\/product"}],"about":[{"href":"https:\/\/gethowies.com\/dk\/wp-json\/wp\/v2\/types\/product"}],"replies":[{"embeddable":true,"href":"https:\/\/gethowies.com\/dk\/wp-json\/wp\/v2\/comments?post=841"}],"wp:featuredmedia":[{"embeddable":true,"href":"https:\/\/gethowies.com\/dk\/wp-json\/wp\/v2\/media\/4320"}],"wp:attachment":[{"href":"https:\/\/gethowies.com\/dk\/wp-json\/wp\/v2\/media?parent=841"}],"wp:term":[{"taxonomy":"product_brand","embeddable":true,"href":"https:\/\/gethowies.com\/dk\/wp-json\/wp\/v2\/product_brand?post=841"},{"taxonomy":"product_cat","embeddable":true,"href":"https:\/\/gethowies.com\/dk\/wp-json\/wp\/v2\/product_cat?post=841"},{"taxonomy":"product_tag","embeddable":true,"href":"https:\/\/gethowies.com\/dk\/wp-json\/wp\/v2\/product_tag?post=841"}],"curies":[{"name":"wp","href":"https:\/\/api.w.org\/{rel}","templated":true}]}}