{"id":5029,"date":"2018-08-19T17:32:38","date_gmt":"2018-08-19T15:32:38","guid":{"rendered":"https:\/\/gethowies.com\/eu\/product\/import-placeholder-for-820\/"},"modified":"2018-08-19T17:32:41","modified_gmt":"2018-08-19T15:32:41","slug":"howies-puckbag","status":"publish","type":"product","link":"https:\/\/gethowies.com\/eu\/product\/howies-puckbag\/","title":{"rendered":"Howies Puckbag"},"content":{"rendered":"<p>Med Howies puckbag har du alltid koll p\u00e5 puckarna.<br \/>\nEnkel att ta med sig, vadderad axelrem och b\u00e4rhandtag.<br \/>\nH\u00e5l i botten g\u00f6r att eventuellt vatten rinner ut.<br \/>\n* Puckbag (puckar ing\u00e5r inte)<br \/>\n* Tillverkad i kraftig nylon<br \/>\n* F\u00f6rst\u00e4rkt polytenbotten med dr\u00e4neringsh\u00e5l<br \/>\n* Vaderad axelrem<br \/>\n* Rymmer 100 puckar<\/p>\n","protected":false},"excerpt":{"rendered":"<p>Med Howies puckbag har du alltid koll p\u00e5 puckarna.<br \/>\nEnkel att ta med sig, vadderad axelrem och b\u00e4rhandtag.<br \/>\nH\u00e5l i botten g\u00f6r att eventuellt vatten rinner ut.<\/p>\n","protected":false},"featured_media":0,"comment_status":"closed","ping_status":"closed","template":"","meta":{"inline_featured_image":false},"product_brand":[],"product_cat":[39],"product_tag":[],"class_list":{"0":"post-5029","1":"product","2":"type-product","3":"status-publish","5":"product_cat-hockey-pucks","7":"first","8":"outofstock","9":"shipping-taxable","10":"purchasable","11":"product-type-simple"},"yoast_head":"<!-- This site is optimized with the Yoast SEO plugin v27.3 - https:\/\/yoast.com\/product\/yoast-seo-wordpress\/ -->\n<title>Howies Puckbag - Howies Hockey Europe<\/title>\n<meta name=\"robots\" content=\"index, follow, max-snippet:-1, max-image-preview:large, max-video-preview:-1\" \/>\n<link rel=\"canonical\" href=\"https:\/\/gethowies.com\/eu\/product\/howies-puckbag\/\" \/>\n<meta property=\"og:locale\" content=\"en_GB\" \/>\n<meta property=\"og:type\" content=\"article\" \/>\n<meta property=\"og:title\" content=\"Howies Puckbag - Howies Hockey Europe\" \/>\n<meta property=\"og:description\" content=\"Med Howies puckbag har du alltid koll p\u00e5 puckarna. Enkel att ta med sig, vadderad axelrem och b\u00e4rhandtag. H\u00e5l i botten g\u00f6r att eventuellt vatten rinner ut.\" \/>\n<meta property=\"og:url\" content=\"https:\/\/gethowies.com\/eu\/product\/howies-puckbag\/\" \/>\n<meta property=\"og:site_name\" content=\"Howies Hockey Europe\" \/>\n<meta property=\"article:modified_time\" content=\"2018-08-19T15:32:41+00:00\" \/>\n<meta name=\"twitter:card\" content=\"summary_large_image\" \/>\n<script type=\"application\/ld+json\" class=\"yoast-schema-graph\">{\"@context\":\"https:\\\/\\\/schema.org\",\"@graph\":[{\"@type\":\"WebPage\",\"@id\":\"https:\\\/\\\/gethowies.com\\\/eu\\\/product\\\/howies-puckbag\\\/\",\"url\":\"https:\\\/\\\/gethowies.com\\\/eu\\\/product\\\/howies-puckbag\\\/\",\"name\":\"Howies Puckbag - Howies Hockey Europe\",\"isPartOf\":{\"@id\":\"https:\\\/\\\/gethowies.com\\\/eu\\\/#website\"},\"datePublished\":\"2018-08-19T15:32:38+00:00\",\"dateModified\":\"2018-08-19T15:32:41+00:00\",\"breadcrumb\":{\"@id\":\"https:\\\/\\\/gethowies.com\\\/eu\\\/product\\\/howies-puckbag\\\/#breadcrumb\"},\"inLanguage\":\"en-GB\",\"potentialAction\":[{\"@type\":\"ReadAction\",\"target\":[\"https:\\\/\\\/gethowies.com\\\/eu\\\/product\\\/howies-puckbag\\\/\"]}]},{\"@type\":\"BreadcrumbList\",\"@id\":\"https:\\\/\\\/gethowies.com\\\/eu\\\/product\\\/howies-puckbag\\\/#breadcrumb\",\"itemListElement\":[{\"@type\":\"ListItem\",\"position\":1,\"name\":\"Hem\",\"item\":\"https:\\\/\\\/gethowies.com\\\/eu\\\/\"},{\"@type\":\"ListItem\",\"position\":2,\"name\":\"Shop\",\"item\":\"https:\\\/\\\/gethowies.com\\\/eu\\\/shop\\\/\"},{\"@type\":\"ListItem\",\"position\":3,\"name\":\"Howies Puckbag\"}]},{\"@type\":\"WebSite\",\"@id\":\"https:\\\/\\\/gethowies.com\\\/eu\\\/#website\",\"url\":\"https:\\\/\\\/gethowies.com\\\/eu\\\/\",\"name\":\"Howies Hockey Europe\",\"description\":\"\",\"potentialAction\":[{\"@type\":\"SearchAction\",\"target\":{\"@type\":\"EntryPoint\",\"urlTemplate\":\"https:\\\/\\\/gethowies.com\\\/eu\\\/?s={search_term_string}\"},\"query-input\":{\"@type\":\"PropertyValueSpecification\",\"valueRequired\":true,\"valueName\":\"search_term_string\"}}],\"inLanguage\":\"en-GB\"}]}<\/script>\n<!-- \/ Yoast SEO plugin. -->","yoast_head_json":{"title":"Howies Puckbag - Howies Hockey Europe","robots":{"index":"index","follow":"follow","max-snippet":"max-snippet:-1","max-image-preview":"max-image-preview:large","max-video-preview":"max-video-preview:-1"},"canonical":"https:\/\/gethowies.com\/eu\/product\/howies-puckbag\/","og_locale":"en_GB","og_type":"article","og_title":"Howies Puckbag - Howies Hockey Europe","og_description":"Med Howies puckbag har du alltid koll p\u00e5 puckarna. Enkel att ta med sig, vadderad axelrem och b\u00e4rhandtag. H\u00e5l i botten g\u00f6r att eventuellt vatten rinner ut.","og_url":"https:\/\/gethowies.com\/eu\/product\/howies-puckbag\/","og_site_name":"Howies Hockey Europe","article_modified_time":"2018-08-19T15:32:41+00:00","twitter_card":"summary_large_image","schema":{"@context":"https:\/\/schema.org","@graph":[{"@type":"WebPage","@id":"https:\/\/gethowies.com\/eu\/product\/howies-puckbag\/","url":"https:\/\/gethowies.com\/eu\/product\/howies-puckbag\/","name":"Howies Puckbag - Howies Hockey Europe","isPartOf":{"@id":"https:\/\/gethowies.com\/eu\/#website"},"datePublished":"2018-08-19T15:32:38+00:00","dateModified":"2018-08-19T15:32:41+00:00","breadcrumb":{"@id":"https:\/\/gethowies.com\/eu\/product\/howies-puckbag\/#breadcrumb"},"inLanguage":"en-GB","potentialAction":[{"@type":"ReadAction","target":["https:\/\/gethowies.com\/eu\/product\/howies-puckbag\/"]}]},{"@type":"BreadcrumbList","@id":"https:\/\/gethowies.com\/eu\/product\/howies-puckbag\/#breadcrumb","itemListElement":[{"@type":"ListItem","position":1,"name":"Hem","item":"https:\/\/gethowies.com\/eu\/"},{"@type":"ListItem","position":2,"name":"Shop","item":"https:\/\/gethowies.com\/eu\/shop\/"},{"@type":"ListItem","position":3,"name":"Howies Puckbag"}]},{"@type":"WebSite","@id":"https:\/\/gethowies.com\/eu\/#website","url":"https:\/\/gethowies.com\/eu\/","name":"Howies Hockey Europe","description":"","potentialAction":[{"@type":"SearchAction","target":{"@type":"EntryPoint","urlTemplate":"https:\/\/gethowies.com\/eu\/?s={search_term_string}"},"query-input":{"@type":"PropertyValueSpecification","valueRequired":true,"valueName":"search_term_string"}}],"inLanguage":"en-GB"}]}},"_links":{"self":[{"href":"https:\/\/gethowies.com\/eu\/wp-json\/wp\/v2\/product\/5029","targetHints":{"allow":["GET"]}}],"collection":[{"href":"https:\/\/gethowies.com\/eu\/wp-json\/wp\/v2\/product"}],"about":[{"href":"https:\/\/gethowies.com\/eu\/wp-json\/wp\/v2\/types\/product"}],"replies":[{"embeddable":true,"href":"https:\/\/gethowies.com\/eu\/wp-json\/wp\/v2\/comments?post=5029"}],"wp:attachment":[{"href":"https:\/\/gethowies.com\/eu\/wp-json\/wp\/v2\/media?parent=5029"}],"wp:term":[{"taxonomy":"product_brand","embeddable":true,"href":"https:\/\/gethowies.com\/eu\/wp-json\/wp\/v2\/product_brand?post=5029"},{"taxonomy":"product_cat","embeddable":true,"href":"https:\/\/gethowies.com\/eu\/wp-json\/wp\/v2\/product_cat?post=5029"},{"taxonomy":"product_tag","embeddable":true,"href":"https:\/\/gethowies.com\/eu\/wp-json\/wp\/v2\/product_tag?post=5029"}],"curies":[{"name":"wp","href":"https:\/\/api.w.org\/{rel}","templated":true}]}}