{"id":544,"date":"2017-03-06T21:54:53","date_gmt":"2017-03-06T21:54:53","guid":{"rendered":"http:\/\/www.howieshockeytape.fi\/?page_id=544"},"modified":"2017-03-06T21:54:53","modified_gmt":"2017-03-06T21:54:53","slug":"ostoehdot","status":"publish","type":"page","link":"https:\/\/gethowies.com\/fi\/ostoehdot\/","title":{"rendered":"Ostoehdot"},"content":{"rendered":"<div class=\"row\"  id=\"row-1924412171\">\n\n\t<div id=\"col-1060055533\" class=\"col small-12 large-12\"  >\n\t\t\t\t<div class=\"col-inner\"  >\n\t\t\t\n\t\t\t\n  <div id=\"page-header-158950490\" class=\"page-header-wrapper\">\n  <div class=\"page-title light simple-title\">\n\n    \n    <div class=\"page-title-inner container align-center text-center flex-row-col medium-flex-wrap\" >\n              <div class=\"title-wrapper uppercase is-xlarge flex-col\">\n          <h1 class=\"entry-title mb-0\">\n            Ostoehdot          <\/h1>\n        <\/div>\n                    <div class=\"title-content flex-col\">\n        <div class=\"title-breadcrumbs pb-half pt-half\"><nav class=\"woocommerce-breadcrumb breadcrumbs uppercase\">Etusivu<\/nav><\/div>      <\/div>\n    <\/div>\n\n     \n<style>\n#page-header-158950490 {\n  margin-bottom: 10px;\n}\n<\/style>\n  <\/div>\n    <\/div>\n  \n<h2 class=\"uppercase\">TOIMITUS JA TILAUKSEN PERUUTTAMINEN<\/h2>\n<p>Tuotteet, jotka ovat varastossa, toimitetaan normaalisti ilmoitetun aikataulun mukaisesti. Jos tuotetta ei l\u00f6ydy varastosta ostohetkell\u00e4, tuotteen saldo ilmoitetaan \u201cei varastossa\u201d-ilmoituksella.<\/p>\n<p>Asiakkaalla on oikeus peruuttaa tilaus milloin tahansa ennen sen l\u00e4hett\u00e4mist\u00e4. Jos tilaus on l\u00e4hetetty, asiakas sitoutuu tilauksen vastaanottamiseen. Tilauksen peruutus ei ole p\u00e4tev\u00e4 ennen kuin vahvistamme tilauksen peruutuksen asiakkaalle.<\/p>\n<p>Jos tuotetta ei ole en\u00e4\u00e4 myynniss\u00e4, Howies Hockey on oikeus purkaa kauppa ja tarjota koko kauppasumman palautusta. Ilmoitamme asiakkaalle palautuksesta ja ehdotamme vastaavaa tuotetta mik\u00e4li sellainen on saatavilla.<\/p>\n<p>Howies Hockey virhevastuu rajoittuu tuotteen l\u00e4hett\u00e4miseen saakka, jonka j\u00e4lkeen l\u00e4hettipalvelu vastaan tilauksesta omien ehtojensa mukaisesti.<\/p>\n<p>Vastuumme aiheutuneesta menetyksest\u00e4 tai vahingosta rajoittuu tilauksen kokonaissummaan. Howies Hockey ei vastaa v\u00e4lillisten tilausten katoamisesta.<\/p>\n<div class=\"text-center\"><div class=\"is-divider divider clearfix\" style=\"max-width:1150px;height:1px;background-color:rgb(0, 0, 0);\"><\/div><\/div>\n<h2 class=\"uppercase\">HINNAT, MAKSUT JA MAKSAMINEN<\/h2>\n<p>Kun vastaanotamme tilauksen, l\u00e4het\u00e4mme vahvistuksen s\u00e4hk\u00f6postiosoitteeseesi. Siksi on t\u00e4rke\u00e4\u00e4, ett\u00e4 annat oikeat tiedot, kun teet tilauksen. Suosittelemme, ett\u00e4 talletat tilausvahvistuksen asiakaspalvelun helpottamiseksi. Tilausvahvistus on my\u00f6s todiste, ett\u00e4 olet tehnyt tilauksen.<\/p>\n<p>Voit maksaa pankkikortilla, luottokortilla tai lasku maksupalvelulla. Howies Hockey on oikeus pid\u00e4tt\u00e4\u00e4 tilaus, kunnes valittu maksutapa on k\u00e4sitelty ja hyv\u00e4ksytty Howies Hockey toimesta. Howies Hockey pid\u00e4tt\u00e4\u00e4 oikeuden olla tarjoamatta kaikkia maksuvaihtoehtoja tai muuttaa maksutapaa milloin tahansa, jos valitsemasi maksutapa ei jostain syyst\u00e4 ole toiminnassa ostotapahtuman aikana. Huomioi, ett\u00e4 kaikki maksuvaihtoehdot tai rajoitukset l\u00f6ytyv\u00e4t sivustoltamme.<\/p>\n<p>Kaikista luotto- ja pankkikorttimaksutapahtumista verkkokaupassa howieshockeytape.fi vastaava Stripe. Howies Hockey ei tallenna tai k\u00e4sittele mit\u00e4\u00e4n pankki- tai luottokorttitietoja.<\/p>\n<p>Howies Hockey voi halutessaan tarjota tarjouksia ja etuja. Alennukset ja edut ovat voimassa kampanjan voimassaoloajan ja koskevat Howies Hockey kampanjassaan m\u00e4\u00e4rittelemi\u00e4 tuotteita. Pid\u00e4t\u00e4mme oikeuden peruuttaa kampanjoita milloin tahansa. Kampanjan p\u00e4\u00e4ttyess\u00e4 tai loppuessa n\u00e4it\u00e4 ehtoja sovelletaan ilman muutoksia. Tarjoukset ovat voimassa rajoitetun ajan ja niin kauan kuin tuotteita on varastossa.<\/p>\n<p>Mik\u00e4li tuote on listattuna sivuillamme v\u00e4\u00e4r\u00e4ll\u00e4 hinnalla tai virheellisill\u00e4 tiedoilla, tuotteiden tilaukset tarkastetaan ja virheelliset hinta- ja\/ tai tuotetiedot oikaistaan. Pid\u00e4t\u00e4mme oikeuden peruuttaa ja hyl\u00e4t\u00e4 tilauksia tarvittaessa.<\/p>\n<div class=\"text-center\"><div class=\"is-divider divider clearfix\" style=\"max-width:1150px;height:1px;background-color:rgb(0, 0, 0);\"><\/div><\/div>\n<h2 class=\"uppercase\">TILAUKSEN PERUUTTAMINEN JA VAIHTO-OIKEUS<\/h2>\n<p>Tuotteiden palautusoikeus on 14 p\u00e4iv\u00e4\u00e4 tuotteen vastaanottamisesta. Palautusoikeuden mukaisesti asiakkaalla on oikeus saada rahansa t\u00e4ysim\u00e4\u00e4r\u00e4isen\u00e4 takaisin. Tuotteen vaihto-oikeus 30 on p\u00e4iv\u00e4\u00e4. Palautetun tuotteen tulee olla alkuper\u00e4isess\u00e4 kunnossa ja alkupe\u00e4risess\u00e4 pakkauksessaan. Tuotteen merkkien ja sinettien on oltava paikoillaan.<\/p>\n<p>Kun kyseess\u00e4 on takaisinmaksu, Howies Hockey maksaa kyseess\u00e4 olevan summan sinulle mahdollisimman pian, kuitenkin viimeist\u00e4\u00e4n 14 p\u00e4iv\u00e4n kuluessa siit\u00e4, kun olemme saaneet ilmoituksen tilauksen peruuttamisesta. Howies Hockey voi pid\u00e4tt\u00e4\u00e4 maksun, kunnes olemme saaneet palautetut tuotteet tai voidaan todistaa, ett\u00e4 asiakas on l\u00e4hett\u00e4nyt tuotteet takaisin, esimerkiksi kuitti palautuksesta. Ellei toisin ole sovittu eik\u00e4 ostosten palautuksessa ilmene ongelmia palautetaan alkuper\u00e4inen kauppasumma kokonaisuudessaan.<\/p>\n<p>Tuote voidaan korvata ainoastaan saman tai edullisemman hintaisella tuotteella. Halutessasi vaihtaa tuotteen kalliimpaan tuotteeseen, l\u00e4het\u00e4 tuotte meille ja me hyvit\u00e4mme tuotteen hinnan, jonka j\u00e4lkeen voit tilata haluamasi arvokkaamman tuotteen.<\/p>\n<p>Kaikki palautukset pit\u00e4\u00e4 ilmoittaa asiakaspalveluun, t\u00e4m\u00e4 on ehto palautuksen hyv\u00e4ksymiselle.<\/p>\n<p>Tuotteen vaihtaminen onnistuu yksinkertaisesti l\u00e4hett\u00e4m\u00e4ll\u00e4 aiemmin ostamasi tuote takaisin keskusvarastollemme. Tuotetta ei voida vaihtaa paikallisissa myym\u00e4l\u00f6iss\u00e4.<\/p>\n<p>Huomioithan, ett\u00e4 joudut maksamaan palautuspaketin l\u00e4hetyskustannukset.<\/p>\n<div class=\"text-center\"><div class=\"is-divider divider clearfix\" style=\"max-width:1150px;height:1px;background-color:rgb(0, 0, 0);\"><\/div><\/div>\n<h2>SOVELLETTAVAT LAIT JA TOIMIVALTA<\/h2>\n<p>T\u00e4m\u00e4n nettisivuston k\u00e4ytt\u00f6\u00f6n ja k\u00e4ytt\u00f6ehtoihin sovelletaan Ruotsin lakia. Siin\u00e4 m\u00e4\u00e4rin kun laki sallii, Ruotsin tuomioistuimella on yksinomainen toimivalta koskien riitatilanteita ja sivuston k\u00e4ytt\u00f6ehtoja, lukuunottamatta kuitenkin tilanteita, joissa Howies Hockey vapaaehtoisesti p\u00e4\u00e4tt\u00e4\u00e4 ryhty\u00e4 oikeustoimiin asiakasta tai k\u00e4ytt\u00e4j\u00e4\u00e4 vastaan h\u00e4nen asuinpaikkakunnallaan.<\/p>\n\t<div id=\"gap-759655170\" class=\"gap-element clearfix\" style=\"display:block; height:auto;\">\n\t\t\n<style>\n#gap-759655170 {\n  padding-top: 60px;\n}\n<\/style>\n\t<\/div>\n\t\n\t\t<\/div>\n\t\t\t\t\t<\/div>\n\n\t\n\n<style>\n#row-1924412171 > .col > .col-inner {\n  padding: 30px 0px 0px 0px;\n}\n<\/style>\n<\/div>\n","protected":false},"excerpt":{"rendered":"","protected":false},"author":1,"featured_media":0,"parent":0,"menu_order":0,"comment_status":"closed","ping_status":"closed","template":"page-blank.php","meta":{"inline_featured_image":false,"footnotes":""},"class_list":["post-544","page","type-page","status-publish","hentry"],"yoast_head":"<!-- This site is optimized with the Yoast SEO plugin v27.5 - https:\/\/yoast.com\/product\/yoast-seo-wordpress\/ -->\n<title>Ostoehdot - Howies Hockey Tape<\/title>\n<meta name=\"robots\" content=\"index, follow, max-snippet:-1, max-image-preview:large, max-video-preview:-1\" \/>\n<link rel=\"canonical\" href=\"https:\/\/gethowies.com\/fi\/ostoehdot\/\" \/>\n<meta property=\"og:locale\" content=\"fi_FI\" \/>\n<meta property=\"og:type\" content=\"article\" \/>\n<meta property=\"og:title\" content=\"Ostoehdot - Howies Hockey Tape\" \/>\n<meta property=\"og:url\" content=\"https:\/\/gethowies.com\/fi\/ostoehdot\/\" \/>\n<meta property=\"og:site_name\" content=\"Howies Hockey Suomi\" \/>\n<meta name=\"twitter:card\" content=\"summary_large_image\" \/>\n<meta name=\"twitter:label1\" content=\"Arvioitu lukuaika\" \/>\n\t<meta name=\"twitter:data1\" content=\"3 minuuttia\" \/>\n<script type=\"application\/ld+json\" class=\"yoast-schema-graph\">{\"@context\":\"https:\\\/\\\/schema.org\",\"@graph\":[{\"@type\":\"WebPage\",\"@id\":\"https:\\\/\\\/gethowies.com\\\/fi\\\/ostoehdot\\\/\",\"url\":\"https:\\\/\\\/gethowies.com\\\/fi\\\/ostoehdot\\\/\",\"name\":\"Ostoehdot - Howies Hockey Tape\",\"isPartOf\":{\"@id\":\"https:\\\/\\\/gethowies.com\\\/fi\\\/#website\"},\"datePublished\":\"2017-03-06T21:54:53+00:00\",\"breadcrumb\":{\"@id\":\"https:\\\/\\\/gethowies.com\\\/fi\\\/ostoehdot\\\/#breadcrumb\"},\"inLanguage\":\"fi\",\"potentialAction\":[{\"@type\":\"ReadAction\",\"target\":[\"https:\\\/\\\/gethowies.com\\\/fi\\\/ostoehdot\\\/\"]}]},{\"@type\":\"BreadcrumbList\",\"@id\":\"https:\\\/\\\/gethowies.com\\\/fi\\\/ostoehdot\\\/#breadcrumb\",\"itemListElement\":[{\"@type\":\"ListItem\",\"position\":1,\"name\":\"Hem\",\"item\":\"https:\\\/\\\/gethowies.com\\\/fi\\\/\"},{\"@type\":\"ListItem\",\"position\":2,\"name\":\"Ostoehdot\"}]},{\"@type\":\"WebSite\",\"@id\":\"https:\\\/\\\/gethowies.com\\\/fi\\\/#website\",\"url\":\"https:\\\/\\\/gethowies.com\\\/fi\\\/\",\"name\":\"Howies Hockey Suomi\",\"description\":\"\",\"potentialAction\":[{\"@type\":\"SearchAction\",\"target\":{\"@type\":\"EntryPoint\",\"urlTemplate\":\"https:\\\/\\\/gethowies.com\\\/fi\\\/?s={search_term_string}\"},\"query-input\":{\"@type\":\"PropertyValueSpecification\",\"valueRequired\":true,\"valueName\":\"search_term_string\"}}],\"inLanguage\":\"fi\"}]}<\/script>\n<!-- \/ Yoast SEO plugin. -->","yoast_head_json":{"title":"Ostoehdot - Howies Hockey Tape","robots":{"index":"index","follow":"follow","max-snippet":"max-snippet:-1","max-image-preview":"max-image-preview:large","max-video-preview":"max-video-preview:-1"},"canonical":"https:\/\/gethowies.com\/fi\/ostoehdot\/","og_locale":"fi_FI","og_type":"article","og_title":"Ostoehdot - Howies Hockey Tape","og_url":"https:\/\/gethowies.com\/fi\/ostoehdot\/","og_site_name":"Howies Hockey Suomi","twitter_card":"summary_large_image","twitter_misc":{"Arvioitu lukuaika":"3 minuuttia"},"schema":{"@context":"https:\/\/schema.org","@graph":[{"@type":"WebPage","@id":"https:\/\/gethowies.com\/fi\/ostoehdot\/","url":"https:\/\/gethowies.com\/fi\/ostoehdot\/","name":"Ostoehdot - Howies Hockey Tape","isPartOf":{"@id":"https:\/\/gethowies.com\/fi\/#website"},"datePublished":"2017-03-06T21:54:53+00:00","breadcrumb":{"@id":"https:\/\/gethowies.com\/fi\/ostoehdot\/#breadcrumb"},"inLanguage":"fi","potentialAction":[{"@type":"ReadAction","target":["https:\/\/gethowies.com\/fi\/ostoehdot\/"]}]},{"@type":"BreadcrumbList","@id":"https:\/\/gethowies.com\/fi\/ostoehdot\/#breadcrumb","itemListElement":[{"@type":"ListItem","position":1,"name":"Hem","item":"https:\/\/gethowies.com\/fi\/"},{"@type":"ListItem","position":2,"name":"Ostoehdot"}]},{"@type":"WebSite","@id":"https:\/\/gethowies.com\/fi\/#website","url":"https:\/\/gethowies.com\/fi\/","name":"Howies Hockey Suomi","description":"","potentialAction":[{"@type":"SearchAction","target":{"@type":"EntryPoint","urlTemplate":"https:\/\/gethowies.com\/fi\/?s={search_term_string}"},"query-input":{"@type":"PropertyValueSpecification","valueRequired":true,"valueName":"search_term_string"}}],"inLanguage":"fi"}]}},"_links":{"self":[{"href":"https:\/\/gethowies.com\/fi\/wp-json\/wp\/v2\/pages\/544","targetHints":{"allow":["GET"]}}],"collection":[{"href":"https:\/\/gethowies.com\/fi\/wp-json\/wp\/v2\/pages"}],"about":[{"href":"https:\/\/gethowies.com\/fi\/wp-json\/wp\/v2\/types\/page"}],"author":[{"embeddable":true,"href":"https:\/\/gethowies.com\/fi\/wp-json\/wp\/v2\/users\/1"}],"replies":[{"embeddable":true,"href":"https:\/\/gethowies.com\/fi\/wp-json\/wp\/v2\/comments?post=544"}],"version-history":[{"count":0,"href":"https:\/\/gethowies.com\/fi\/wp-json\/wp\/v2\/pages\/544\/revisions"}],"wp:attachment":[{"href":"https:\/\/gethowies.com\/fi\/wp-json\/wp\/v2\/media?parent=544"}],"curies":[{"name":"wp","href":"https:\/\/api.w.org\/{rel}","templated":true}]}}