{"id":767,"date":"2017-03-10T21:43:54","date_gmt":"2017-03-10T21:43:54","guid":{"rendered":"http:\/\/www.howieshockeytape.fi\/?page_id=767"},"modified":"2017-03-10T21:43:54","modified_gmt":"2017-03-10T21:43:54","slug":"custom-logo-hockey-pucks","status":"publish","type":"page","link":"https:\/\/gethowies.com\/fi\/custom-logo-hockey-pucks\/","title":{"rendered":"Custom Pucks"},"content":{"rendered":"\t<div id=\"gap-1268664601\" class=\"gap-element clearfix\" style=\"display:block; height:auto;\">\n\t\t\n<style>\n#gap-1268664601 {\n  padding-top: 30px;\n}\n<\/style>\n\t<\/div>\n\t\n<div class=\"row\"  id=\"row-2133407839\">\n\n\t<div id=\"col-1302378086\" class=\"col small-12 large-12\"  >\n\t\t\t\t<div class=\"col-inner\"  >\n\t\t\t\n\t\t\t\n\n  <div class=\"banner has-hover\" id=\"banner-2042121563\">\n          <div class=\"banner-inner fill\">\n        <div class=\"banner-bg fill\" >\n            <div class=\"bg fill bg-fill \"><\/div>\n                                    \n                    <\/div>\n\t\t\n        <div class=\"banner-layers container\">\n            <div class=\"fill banner-link\"><\/div>            \n   <div id=\"text-box-166479664\" class=\"text-box banner-layer x50 md-x50 lg-x50 y50 md-y50 lg-y50 res-text\">\n                                <div class=\"text-box-content text dark\">\n              \n              <div class=\"text-inner text-center\">\n                  \n              <\/div>\n           <\/div>\n                            \n<style>\n#text-box-166479664 {\n  width: 60%;\n}\n#text-box-166479664 .text-box-content {\n  font-size: 100%;\n}\n<\/style>\n    <\/div>\n \n        <\/div>\n      <\/div>\n\n              <div class=\"height-fix is-invisible\"><img decoding=\"async\" width=\"1978\" height=\"500\" src=\"https:\/\/gethowies.com\/fi\/wp-content\/uploads\/sites\/5\/2018\/01\/custompucks-img.jpg\" class=\"attachment-orginal size-orginal\" alt=\"\" srcset=\"https:\/\/gethowies.com\/fi\/wp-content\/uploads\/sites\/5\/2018\/01\/custompucks-img.jpg 1978w, https:\/\/gethowies.com\/fi\/wp-content\/uploads\/sites\/5\/2018\/01\/custompucks-img-300x76.jpg 300w, https:\/\/gethowies.com\/fi\/wp-content\/uploads\/sites\/5\/2018\/01\/custompucks-img-768x194.jpg 768w, https:\/\/gethowies.com\/fi\/wp-content\/uploads\/sites\/5\/2018\/01\/custompucks-img-1024x259.jpg 1024w, https:\/\/gethowies.com\/fi\/wp-content\/uploads\/sites\/5\/2018\/01\/custompucks-img-20x5.jpg 20w, https:\/\/gethowies.com\/fi\/wp-content\/uploads\/sites\/5\/2018\/01\/custompucks-img-1020x258.jpg 1020w\" sizes=\"(max-width: 1978px) 100vw, 1978px\" \/><\/div>\n            \n<style>\n#banner-2042121563 {\n  padding-top: 200px;\n  background-color: rgb(255, 255, 255);\n}\n#banner-2042121563 .bg.bg-loaded {\n  background-image: url(https:\/\/gethowies.com\/fi\/wp-content\/uploads\/sites\/5\/2018\/01\/custompucks-img.jpg);\n}\n#banner-2042121563 .bg {\n  background-position: 8% 25%;\n}\n#banner-2042121563 .ux-shape-divider--top svg {\n  height: 150px;\n  --divider-top-width: 100%;\n}\n#banner-2042121563 .ux-shape-divider--bottom svg {\n  height: 150px;\n  --divider-width: 100%;\n}\n<\/style>\n  <\/div>\n\n\n\t\t<\/div>\n\t\t\t\t\t<\/div>\n\n\t\n<\/div>\n<div class=\"row\"  id=\"row-1447223855\">\n\n\t<div id=\"col-50714812\" class=\"col medium-8 small-12 large-8\"  >\n\t\t\t\t<div class=\"col-inner\"  >\n\t\t\t\n\t\t\t\n<div class=\"container section-title-container\" ><h3 class=\"section-title section-title-normal\"><b><\/b><span class=\"section-title-main\" >Kustomoidut logo kiekot<\/span><b><\/b><\/h3><\/div>\n<p><span style=\"font-weight: 400\">Howien painetut peli -ja harjoitus kiekot ovat tahrattomia ja IIHF hyv\u00e4ksyttyj\u00e4 niin peleihin kuin harjoituksiin. Kiekot valmistetaan T\u0161ekin tasavallassa ja niit\u00e4 k\u00e4ytet\u00e4\u00e4n IIHF j\u00e4rjest\u00e4miss\u00e4 maailmanmestaruuskilpailuissa sek\u00e4 olympialaisissa. K\u00e4yt\u00e4mme todistettua painatusmenetelm\u00e4\u00e4, joka takaa sinun logosi n\u00e4kymisen t\u00e4ydellisesti riippumatta logosi yksityiskohdista, monimutkaisuudesta tai v\u00e4rien m\u00e4\u00e4r\u00e4st\u00e4. Toimitamme kustomoituja kiekko eri j\u00e4\u00e4kiekkosarjojen pelitapahtumiin, esimerkiksi SHL, HockeyAllsvenskanissa, GET Ligaenissa ja Metal Ligaen. Lupaamme, ett\u00e4 olet tyytyv\u00e4inen Howien yksil\u00f6llisiin logo-kiekkoihin.<\/span><\/p>\n<h5>SEURA TAI SPONSORI LGOO<\/h5>\n<p><span style=\"font-weight: 400\">Howies tarjoaa seuroille ja sponsoreille kustomoituja kiekkoja edullisesti. Toimi kuten useat NHL ja SHL seurat, tilaa kustomoitu kiekko seurasi omalla logolla, voit my\u00f6s taata yhteisty\u00f6kumppanille n\u00e4kyvyytt\u00e4 valitsemalla yhteisty\u00f6kumppanin logon kiekkoon. Valitsemalla yhteisty\u00f6kumppanin logon kiekkoihin tarjoat yhteisty\u00f6kumppanille mainostilaa ja vastineeksi sinun seuralle ilmaiset kiekot. Tarjoamme painatusta niin kultaisena, hopeisena, valkoisena sek\u00e4 UV painatuksessa seitsem\u00e4\u00e4n (7) v\u00e4riin asti. Sinun hyv\u00e4ksynn\u00e4n j\u00e4lkeen arvioitu toimitusaika on 14-20 ty\u00f6p\u00e4iv\u00e4\u00e4.<\/span><\/p>\n<h2 class=\"uppercase\">TILAAMINEN<\/h2>\n<p>1. L\u00e4het\u00e4 tilauksesi s\u00e4hk\u00f6postilla osoitteeseen <u>info@hockeylife.se<\/u> ja ilmoita seuraavat yksityiskohdat: \u00a0<br \/>\u2022 \u00a0Logon tyyppi\u00a0<br \/>\u2022 \u00a0Kiekkojen m\u00e4\u00e4r\u00e4 <br \/>\u2022 \u00a0Yhteystietosi<\/p>\n<p><span style=\"font-weight: 400\">2. Kun olemme vastaanottaneet ja tarkistaneet \u00a0tilauksesi tiedot, l\u00e4het\u00e4mme vahvistuksen tilauksestasi.<\/span><\/p>\n<h2 class=\"uppercase\">Painatusohjeet<\/h2>\n<p>\u2022\u00a0 <span style=\"font-weight: 400\">Suunnittelutiedosto on vektoroitava ohjelmista, kuten Adobe Illustratorista tai Corel Drawista<\/span><br \/>\u2022\u00a0 <span style=\"font-weight: 400\">Hyv\u00e4ksytyt tiedostomuodot: ai, cdr eller eps<\/span><br \/>\u2022\u00a0 <span style=\"font-weight: 400\">Tiedosto ei voi sis\u00e4lt\u00e4\u00e4 rasteripohjaisia tai pikselipohjaisia kuvia<\/span><\/p>\n<h2 class=\"uppercase\">EHDOT<\/h2>\n<h6>Maksu<\/h6>\n<p><span style=\"font-weight: 400\">Kustomoidut kiekot poikkeavat muista tuotteista, maksu tulee suorittaa etuk\u00e4teen luottokortilla tai tarvittaessa laskulla. <\/span><\/p>\n<h6><b>RAHTI<\/b><\/h6>\n<p><span style=\"font-weight: 400\">Rahtikulut ilmoitetaan tilausvahvistuksessa joka l\u00e4hetet\u00e4\u00e4n s\u00e4hk\u00f6postilla.<\/span><\/p>\n<p><span style=\"font-weight: 400\">Ota meihin yhteytt\u00e4 ennen tilausta jos haluat lis\u00e4tietoja ja rahdin hinnaston. L\u00e4het\u00e4mme sinulle digitaalisen asettelun siit\u00e4 milt\u00e4 tilatut kiekot n\u00e4ytt\u00e4v\u00e4t.<\/span><\/p>\n\t\t<\/div>\n\t\t\t\t\t<\/div>\n\n\t\n\n\t<div id=\"col-691216280\" class=\"col medium-4 small-12 large-4\"  >\n\t\t\t\t<div class=\"col-inner\"  >\n\t\t\t\n\t\t\t\n<div class=\"container section-title-container\" ><h3 class=\"section-title section-title-normal\"><b><\/b><span class=\"section-title-main\" >OTA YHTEYTT\u00c4<\/span><b><\/b><\/h3><\/div>\n\n<div class=\"wpcf7 no-js\" id=\"wpcf7-f4906-o1\" lang=\"fi\" dir=\"ltr\" data-wpcf7-id=\"4906\">\n<div class=\"screen-reader-response\"><p role=\"status\" aria-live=\"polite\" aria-atomic=\"true\"><\/p> <ul><\/ul><\/div>\n<form action=\"\/fi\/wp-json\/wp\/v2\/pages\/767#wpcf7-f4906-o1\" method=\"post\" class=\"wpcf7-form init\" aria-label=\"Yhteydenottolomake\" novalidate=\"novalidate\" data-status=\"init\">\n<fieldset class=\"hidden-fields-container\"><input type=\"hidden\" name=\"_wpcf7\" value=\"4906\" \/><input type=\"hidden\" name=\"_wpcf7_version\" value=\"6.1.5\" \/><input type=\"hidden\" name=\"_wpcf7_locale\" value=\"fi\" \/><input type=\"hidden\" name=\"_wpcf7_unit_tag\" value=\"wpcf7-f4906-o1\" \/><input type=\"hidden\" name=\"_wpcf7_container_post\" value=\"0\" \/><input type=\"hidden\" name=\"_wpcf7_posted_data_hash\" value=\"\" \/>\n<\/fieldset>\n<p><label> Nimi (pakollinen)<br \/>\n<span class=\"wpcf7-form-control-wrap\" data-name=\"your-name\"><input size=\"40\" maxlength=\"400\" class=\"wpcf7-form-control wpcf7-text wpcf7-validates-as-required\" aria-required=\"true\" aria-invalid=\"false\" value=\"\" type=\"text\" name=\"your-name\" \/><\/span> <\/label>\n<\/p>\n<p><label> S\u00e4hk\u00f6posti (pakollinen)<br \/>\n<span class=\"wpcf7-form-control-wrap\" data-name=\"your-email\"><input size=\"40\" maxlength=\"400\" class=\"wpcf7-form-control wpcf7-email wpcf7-validates-as-required wpcf7-text wpcf7-validates-as-email\" aria-required=\"true\" aria-invalid=\"false\" value=\"\" type=\"email\" name=\"your-email\" \/><\/span> <\/label>\n<\/p>\n<p><label> Aihe<br \/>\n<span class=\"wpcf7-form-control-wrap\" data-name=\"your-subject\"><input size=\"40\" maxlength=\"400\" class=\"wpcf7-form-control wpcf7-text\" aria-invalid=\"false\" value=\"\" type=\"text\" name=\"your-subject\" \/><\/span> <\/label>\n<\/p>\n<p><label> Viesti<br \/>\n<span class=\"wpcf7-form-control-wrap\" data-name=\"your-message\"><textarea cols=\"40\" rows=\"10\" maxlength=\"2000\" class=\"wpcf7-form-control wpcf7-textarea\" aria-invalid=\"false\" name=\"your-message\"><\/textarea><\/span> <\/label>\n<\/p>\n<div style=\"margin-bottom: 1em;\">\n\t<p>[recaptcha]\n\t<\/p>\n<\/div>\n<p><input class=\"wpcf7-form-control wpcf7-submit has-spinner\" type=\"submit\" value=\"L\u00e4het\u00e4\" \/>\n<\/p><div class=\"wpcf7-response-output\" aria-hidden=\"true\"><\/div>\n<\/form>\n<\/div>\n\n\t\t<\/div>\n\t\t\t\t\t<\/div>\n\n\t\n<\/div>\n","protected":false},"excerpt":{"rendered":"","protected":false},"author":1,"featured_media":0,"parent":0,"menu_order":0,"comment_status":"closed","ping_status":"closed","template":"page-blank.php","meta":{"inline_featured_image":false,"footnotes":""},"class_list":["post-767","page","type-page","status-publish","hentry"],"yoast_head":"<!-- This site is optimized with the Yoast SEO plugin v27.5 - https:\/\/yoast.com\/product\/yoast-seo-wordpress\/ -->\n<title>Custom Pucks - Howies Hockey Suomi<\/title>\n<meta name=\"robots\" content=\"index, follow, max-snippet:-1, max-image-preview:large, max-video-preview:-1\" \/>\n<link rel=\"canonical\" href=\"https:\/\/gethowies.com\/fi\/custom-logo-hockey-pucks\/\" \/>\n<meta property=\"og:locale\" content=\"fi_FI\" \/>\n<meta property=\"og:type\" content=\"article\" \/>\n<meta property=\"og:title\" content=\"Custom Pucks - Howies Hockey Suomi\" \/>\n<meta property=\"og:url\" content=\"https:\/\/gethowies.com\/fi\/custom-logo-hockey-pucks\/\" \/>\n<meta property=\"og:site_name\" content=\"Howies Hockey Suomi\" \/>\n<meta name=\"twitter:card\" content=\"summary_large_image\" \/>\n<meta name=\"twitter:label1\" content=\"Arvioitu lukuaika\" \/>\n\t<meta name=\"twitter:data1\" content=\"2 minuuttia\" \/>\n<script type=\"application\/ld+json\" class=\"yoast-schema-graph\">{\"@context\":\"https:\\\/\\\/schema.org\",\"@graph\":[{\"@type\":\"WebPage\",\"@id\":\"https:\\\/\\\/gethowies.com\\\/fi\\\/custom-logo-hockey-pucks\\\/\",\"url\":\"https:\\\/\\\/gethowies.com\\\/fi\\\/custom-logo-hockey-pucks\\\/\",\"name\":\"Custom Pucks - Howies Hockey Suomi\",\"isPartOf\":{\"@id\":\"https:\\\/\\\/gethowies.com\\\/fi\\\/#website\"},\"datePublished\":\"2017-03-10T21:43:54+00:00\",\"breadcrumb\":{\"@id\":\"https:\\\/\\\/gethowies.com\\\/fi\\\/custom-logo-hockey-pucks\\\/#breadcrumb\"},\"inLanguage\":\"fi\",\"potentialAction\":[{\"@type\":\"ReadAction\",\"target\":[\"https:\\\/\\\/gethowies.com\\\/fi\\\/custom-logo-hockey-pucks\\\/\"]}]},{\"@type\":\"BreadcrumbList\",\"@id\":\"https:\\\/\\\/gethowies.com\\\/fi\\\/custom-logo-hockey-pucks\\\/#breadcrumb\",\"itemListElement\":[{\"@type\":\"ListItem\",\"position\":1,\"name\":\"Hem\",\"item\":\"https:\\\/\\\/gethowies.com\\\/fi\\\/\"},{\"@type\":\"ListItem\",\"position\":2,\"name\":\"Custom Pucks\"}]},{\"@type\":\"WebSite\",\"@id\":\"https:\\\/\\\/gethowies.com\\\/fi\\\/#website\",\"url\":\"https:\\\/\\\/gethowies.com\\\/fi\\\/\",\"name\":\"Howies Hockey Suomi\",\"description\":\"\",\"potentialAction\":[{\"@type\":\"SearchAction\",\"target\":{\"@type\":\"EntryPoint\",\"urlTemplate\":\"https:\\\/\\\/gethowies.com\\\/fi\\\/?s={search_term_string}\"},\"query-input\":{\"@type\":\"PropertyValueSpecification\",\"valueRequired\":true,\"valueName\":\"search_term_string\"}}],\"inLanguage\":\"fi\"}]}<\/script>\n<!-- \/ Yoast SEO plugin. -->","yoast_head_json":{"title":"Custom Pucks - Howies Hockey Suomi","robots":{"index":"index","follow":"follow","max-snippet":"max-snippet:-1","max-image-preview":"max-image-preview:large","max-video-preview":"max-video-preview:-1"},"canonical":"https:\/\/gethowies.com\/fi\/custom-logo-hockey-pucks\/","og_locale":"fi_FI","og_type":"article","og_title":"Custom Pucks - Howies Hockey Suomi","og_url":"https:\/\/gethowies.com\/fi\/custom-logo-hockey-pucks\/","og_site_name":"Howies Hockey Suomi","twitter_card":"summary_large_image","twitter_misc":{"Arvioitu lukuaika":"2 minuuttia"},"schema":{"@context":"https:\/\/schema.org","@graph":[{"@type":"WebPage","@id":"https:\/\/gethowies.com\/fi\/custom-logo-hockey-pucks\/","url":"https:\/\/gethowies.com\/fi\/custom-logo-hockey-pucks\/","name":"Custom Pucks - Howies Hockey Suomi","isPartOf":{"@id":"https:\/\/gethowies.com\/fi\/#website"},"datePublished":"2017-03-10T21:43:54+00:00","breadcrumb":{"@id":"https:\/\/gethowies.com\/fi\/custom-logo-hockey-pucks\/#breadcrumb"},"inLanguage":"fi","potentialAction":[{"@type":"ReadAction","target":["https:\/\/gethowies.com\/fi\/custom-logo-hockey-pucks\/"]}]},{"@type":"BreadcrumbList","@id":"https:\/\/gethowies.com\/fi\/custom-logo-hockey-pucks\/#breadcrumb","itemListElement":[{"@type":"ListItem","position":1,"name":"Hem","item":"https:\/\/gethowies.com\/fi\/"},{"@type":"ListItem","position":2,"name":"Custom Pucks"}]},{"@type":"WebSite","@id":"https:\/\/gethowies.com\/fi\/#website","url":"https:\/\/gethowies.com\/fi\/","name":"Howies Hockey Suomi","description":"","potentialAction":[{"@type":"SearchAction","target":{"@type":"EntryPoint","urlTemplate":"https:\/\/gethowies.com\/fi\/?s={search_term_string}"},"query-input":{"@type":"PropertyValueSpecification","valueRequired":true,"valueName":"search_term_string"}}],"inLanguage":"fi"}]}},"_links":{"self":[{"href":"https:\/\/gethowies.com\/fi\/wp-json\/wp\/v2\/pages\/767","targetHints":{"allow":["GET"]}}],"collection":[{"href":"https:\/\/gethowies.com\/fi\/wp-json\/wp\/v2\/pages"}],"about":[{"href":"https:\/\/gethowies.com\/fi\/wp-json\/wp\/v2\/types\/page"}],"author":[{"embeddable":true,"href":"https:\/\/gethowies.com\/fi\/wp-json\/wp\/v2\/users\/1"}],"replies":[{"embeddable":true,"href":"https:\/\/gethowies.com\/fi\/wp-json\/wp\/v2\/comments?post=767"}],"version-history":[{"count":0,"href":"https:\/\/gethowies.com\/fi\/wp-json\/wp\/v2\/pages\/767\/revisions"}],"wp:attachment":[{"href":"https:\/\/gethowies.com\/fi\/wp-json\/wp\/v2\/media?parent=767"}],"curies":[{"name":"wp","href":"https:\/\/api.w.org\/{rel}","templated":true}]}}