{"id":855,"date":"2017-03-15T13:33:01","date_gmt":"2017-03-15T13:33:01","guid":{"rendered":"http:\/\/www.howieshockeytape.fi\/?page_id=855"},"modified":"2017-03-15T13:33:01","modified_gmt":"2017-03-15T13:33:01","slug":"team-sales","status":"publish","type":"page","link":"https:\/\/gethowies.com\/fi\/team-sales\/","title":{"rendered":"Team Sales"},"content":{"rendered":"\n  <div class=\"banner has-hover\" id=\"banner-1376851053\">\n          <div class=\"banner-inner fill\">\n        <div class=\"banner-bg fill\" >\n            <div class=\"bg fill bg-fill \"><\/div>\n                        <div class=\"overlay\"><\/div>            \n                    <\/div>\n\t\t\n        <div class=\"banner-layers container\">\n            <div class=\"fill banner-link\"><\/div>            \n   <div id=\"text-box-1360700670\" class=\"text-box banner-layer x50 md-x50 lg-x50 y50 md-y50 lg-y50 res-text\">\n                                <div class=\"text-box-content text dark\">\n              \n              <div class=\"text-inner text-center\">\n                  \n<h3 class=\"uppercase\"><strong>TEAM SALES<\/strong><\/h3>\n              <\/div>\n           <\/div>\n                            \n<style>\n#text-box-1360700670 {\n  width: 60%;\n}\n#text-box-1360700670 .text-box-content {\n  font-size: 100%;\n}\n<\/style>\n    <\/div>\n \n        <\/div>\n      <\/div>\n\n            \n<style>\n#banner-1376851053 {\n  padding-top: 200px;\n}\n#banner-1376851053 .bg.bg-loaded {\n  background-image: 661;\n}\n#banner-1376851053 .overlay {\n  background-color: rgba(0,0,0,.5);\n}\n#banner-1376851053 .ux-shape-divider--top svg {\n  height: 150px;\n  --divider-top-width: 100%;\n}\n#banner-1376851053 .ux-shape-divider--bottom svg {\n  height: 150px;\n  --divider-width: 100%;\n}\n<\/style>\n  <\/div>\n\n\n<div class=\"row\"  id=\"row-808776634\">\n\n\t<div id=\"col-1347378667\" class=\"col medium-6 small-12 large-6\"  >\n\t\t\t\t<div class=\"col-inner\"  >\n\t\t\t\n\t\t\t\n<div class=\"container section-title-container\" ><h3 class=\"section-title section-title-normal\"><b><\/b><span class=\"section-title-main\" >team sales<\/span><b><\/b><\/h3><\/div>\n<h2 class=\"uppercase\">MIKSI HOWIES?<\/h2>\n<p>Howies tarjoaa huippulaatuisia j\u00e4\u00e4kiekkotarvikkeita kaikentasoisille j\u00e4\u00e4kiekkoilijoille. Pelasit sitten kiekkokoulussa, Stadiliigassa, NHL:ss\u00e4, Liigassa, SHL:ss\u00e4 tai KHL:ss\u00e4, Howiesilta l\u00f6yd\u00e4t teipit ja erkat, nauhat, vahat sek\u00e4 kaikki muutkin tarvikkeet itsellesi ja joukkueellesi. Meill\u00e4 on laaja valikoima huippulaatuisia tuotteita kilpailukykyiseen hintaan. Ja aina hyv\u00e4ll\u00e4 asenteella!<\/p>\n<p>Howies Team Sales tarjoaa sinulle:<br \/> \u2022 J\u00e4\u00e4kiekon parhaat erkat, teipit ja luistinnauhat<br \/> \u2022 Laajimman valikoiman erkkoja, teippej\u00e4 ja luistinnauhoja<br \/> \u2022 Henkil\u00f6kohtaista ja asiantuntevaa palvelua<br \/> \u2022 Nopean toimituksen<\/p>\n<h2 class=\"uppercase\">ASIAKKAAMME<\/h2>\n\t\t<\/div>\n\t\t\t\t\t<\/div>\n\n\t\n\n\t<div id=\"col-1696134293\" class=\"col medium-6 small-12 large-6\"  >\n\t\t\t\t<div class=\"col-inner\"  >\n\t\t\t\n\t\t\t\n<div class=\"container section-title-container\" ><h3 class=\"section-title section-title-normal\"><b><\/b><span class=\"section-title-main\" >OTA YHTEYTT\u00c4<\/span><b><\/b><\/h3><\/div>\n\n<div class=\"wpcf7 no-js\" id=\"wpcf7-f4906-o1\" lang=\"fi\" dir=\"ltr\" data-wpcf7-id=\"4906\">\n<div class=\"screen-reader-response\"><p role=\"status\" aria-live=\"polite\" aria-atomic=\"true\"><\/p> <ul><\/ul><\/div>\n<form action=\"\/fi\/wp-json\/wp\/v2\/pages\/855#wpcf7-f4906-o1\" method=\"post\" class=\"wpcf7-form init\" aria-label=\"Yhteydenottolomake\" novalidate=\"novalidate\" data-status=\"init\">\n<fieldset class=\"hidden-fields-container\"><input type=\"hidden\" name=\"_wpcf7\" value=\"4906\" \/><input type=\"hidden\" name=\"_wpcf7_version\" value=\"6.1.5\" \/><input type=\"hidden\" name=\"_wpcf7_locale\" value=\"fi\" \/><input type=\"hidden\" name=\"_wpcf7_unit_tag\" value=\"wpcf7-f4906-o1\" \/><input type=\"hidden\" name=\"_wpcf7_container_post\" value=\"0\" \/><input type=\"hidden\" name=\"_wpcf7_posted_data_hash\" value=\"\" \/>\n<\/fieldset>\n<p><label> Nimi (pakollinen)<br \/>\n<span class=\"wpcf7-form-control-wrap\" data-name=\"your-name\"><input size=\"40\" maxlength=\"400\" class=\"wpcf7-form-control wpcf7-text wpcf7-validates-as-required\" aria-required=\"true\" aria-invalid=\"false\" value=\"\" type=\"text\" name=\"your-name\" \/><\/span> <\/label>\n<\/p>\n<p><label> S\u00e4hk\u00f6posti (pakollinen)<br \/>\n<span class=\"wpcf7-form-control-wrap\" data-name=\"your-email\"><input size=\"40\" maxlength=\"400\" class=\"wpcf7-form-control wpcf7-email wpcf7-validates-as-required wpcf7-text wpcf7-validates-as-email\" aria-required=\"true\" aria-invalid=\"false\" value=\"\" type=\"email\" name=\"your-email\" \/><\/span> <\/label>\n<\/p>\n<p><label> Aihe<br \/>\n<span class=\"wpcf7-form-control-wrap\" data-name=\"your-subject\"><input size=\"40\" maxlength=\"400\" class=\"wpcf7-form-control wpcf7-text\" aria-invalid=\"false\" value=\"\" type=\"text\" name=\"your-subject\" \/><\/span> <\/label>\n<\/p>\n<p><label> Viesti<br \/>\n<span class=\"wpcf7-form-control-wrap\" data-name=\"your-message\"><textarea cols=\"40\" rows=\"10\" maxlength=\"2000\" class=\"wpcf7-form-control wpcf7-textarea\" aria-invalid=\"false\" name=\"your-message\"><\/textarea><\/span> <\/label>\n<\/p>\n<div style=\"margin-bottom: 1em;\">\n\t<p>[recaptcha]\n\t<\/p>\n<\/div>\n<p><input class=\"wpcf7-form-control wpcf7-submit has-spinner\" type=\"submit\" value=\"L\u00e4het\u00e4\" \/>\n<\/p><div class=\"wpcf7-response-output\" aria-hidden=\"true\"><\/div>\n<\/form>\n<\/div>\n\n\t\t<\/div>\n\t\t\t\t\t<\/div>\n\n\t\n<\/div>\n","protected":false},"excerpt":{"rendered":"","protected":false},"author":1,"featured_media":0,"parent":0,"menu_order":0,"comment_status":"closed","ping_status":"closed","template":"","meta":{"inline_featured_image":false,"footnotes":""},"class_list":["post-855","page","type-page","status-publish","hentry"],"yoast_head":"<!-- This site is optimized with the Yoast SEO plugin v27.5 - https:\/\/yoast.com\/product\/yoast-seo-wordpress\/ -->\n<title>Team Sales - Howies Hockey Tape<\/title>\n<meta name=\"description\" content=\"Howies tarjoaa huippulaatuisia j\u00e4\u00e4kiekkotarvikkeita kaikentasoisille j\u00e4\u00e4kiekkoilijoille. Pelasit sitten kiekkokoulussa, Stadiliigassa, NHL:ss\u00e4, Liigassa, SHL:ss\u00e4 tai KHL:ss\u00e4, Howeisilta l\u00f6yd\u00e4t teipit ja erkat, nauhat, vahat sek\u00e4 kaikki muutkin tarvikkeet itsellesi ja joukkueellesi.\" \/>\n<meta name=\"robots\" content=\"index, follow, max-snippet:-1, max-image-preview:large, max-video-preview:-1\" \/>\n<link rel=\"canonical\" href=\"https:\/\/gethowies.com\/fi\/team-sales\/\" \/>\n<meta property=\"og:locale\" content=\"fi_FI\" \/>\n<meta property=\"og:type\" content=\"article\" \/>\n<meta property=\"og:title\" content=\"Team Sales - Howies Hockey Tape\" \/>\n<meta property=\"og:description\" content=\"Howies tarjoaa huippulaatuisia j\u00e4\u00e4kiekkotarvikkeita kaikentasoisille j\u00e4\u00e4kiekkoilijoille. Pelasit sitten kiekkokoulussa, Stadiliigassa, NHL:ss\u00e4, Liigassa, SHL:ss\u00e4 tai KHL:ss\u00e4, Howeisilta l\u00f6yd\u00e4t teipit ja erkat, nauhat, vahat sek\u00e4 kaikki muutkin tarvikkeet itsellesi ja joukkueellesi.\" \/>\n<meta property=\"og:url\" content=\"https:\/\/gethowies.com\/fi\/team-sales\/\" \/>\n<meta property=\"og:site_name\" content=\"Howies Hockey Suomi\" \/>\n<meta name=\"twitter:card\" content=\"summary_large_image\" \/>\n<meta name=\"twitter:label1\" content=\"Arvioitu lukuaika\" \/>\n\t<meta name=\"twitter:data1\" content=\"1 minuutti\" \/>\n<script type=\"application\/ld+json\" class=\"yoast-schema-graph\">{\"@context\":\"https:\\\/\\\/schema.org\",\"@graph\":[{\"@type\":\"WebPage\",\"@id\":\"https:\\\/\\\/gethowies.com\\\/fi\\\/team-sales\\\/\",\"url\":\"https:\\\/\\\/gethowies.com\\\/fi\\\/team-sales\\\/\",\"name\":\"Team Sales - Howies Hockey Tape\",\"isPartOf\":{\"@id\":\"https:\\\/\\\/gethowies.com\\\/fi\\\/#website\"},\"datePublished\":\"2017-03-15T13:33:01+00:00\",\"description\":\"Howies tarjoaa huippulaatuisia j\u00e4\u00e4kiekkotarvikkeita kaikentasoisille j\u00e4\u00e4kiekkoilijoille. Pelasit sitten kiekkokoulussa, Stadiliigassa, NHL:ss\u00e4, Liigassa, SHL:ss\u00e4 tai KHL:ss\u00e4, Howeisilta l\u00f6yd\u00e4t teipit ja erkat, nauhat, vahat sek\u00e4 kaikki muutkin tarvikkeet itsellesi ja joukkueellesi.\",\"breadcrumb\":{\"@id\":\"https:\\\/\\\/gethowies.com\\\/fi\\\/team-sales\\\/#breadcrumb\"},\"inLanguage\":\"fi\",\"potentialAction\":[{\"@type\":\"ReadAction\",\"target\":[\"https:\\\/\\\/gethowies.com\\\/fi\\\/team-sales\\\/\"]}]},{\"@type\":\"BreadcrumbList\",\"@id\":\"https:\\\/\\\/gethowies.com\\\/fi\\\/team-sales\\\/#breadcrumb\",\"itemListElement\":[{\"@type\":\"ListItem\",\"position\":1,\"name\":\"Hem\",\"item\":\"https:\\\/\\\/gethowies.com\\\/fi\\\/\"},{\"@type\":\"ListItem\",\"position\":2,\"name\":\"Team Sales\"}]},{\"@type\":\"WebSite\",\"@id\":\"https:\\\/\\\/gethowies.com\\\/fi\\\/#website\",\"url\":\"https:\\\/\\\/gethowies.com\\\/fi\\\/\",\"name\":\"Howies Hockey Suomi\",\"description\":\"\",\"potentialAction\":[{\"@type\":\"SearchAction\",\"target\":{\"@type\":\"EntryPoint\",\"urlTemplate\":\"https:\\\/\\\/gethowies.com\\\/fi\\\/?s={search_term_string}\"},\"query-input\":{\"@type\":\"PropertyValueSpecification\",\"valueRequired\":true,\"valueName\":\"search_term_string\"}}],\"inLanguage\":\"fi\"}]}<\/script>\n<!-- \/ Yoast SEO plugin. -->","yoast_head_json":{"title":"Team Sales - Howies Hockey Tape","description":"Howies tarjoaa huippulaatuisia j\u00e4\u00e4kiekkotarvikkeita kaikentasoisille j\u00e4\u00e4kiekkoilijoille. Pelasit sitten kiekkokoulussa, Stadiliigassa, NHL:ss\u00e4, Liigassa, SHL:ss\u00e4 tai KHL:ss\u00e4, Howeisilta l\u00f6yd\u00e4t teipit ja erkat, nauhat, vahat sek\u00e4 kaikki muutkin tarvikkeet itsellesi ja joukkueellesi.","robots":{"index":"index","follow":"follow","max-snippet":"max-snippet:-1","max-image-preview":"max-image-preview:large","max-video-preview":"max-video-preview:-1"},"canonical":"https:\/\/gethowies.com\/fi\/team-sales\/","og_locale":"fi_FI","og_type":"article","og_title":"Team Sales - Howies Hockey Tape","og_description":"Howies tarjoaa huippulaatuisia j\u00e4\u00e4kiekkotarvikkeita kaikentasoisille j\u00e4\u00e4kiekkoilijoille. Pelasit sitten kiekkokoulussa, Stadiliigassa, NHL:ss\u00e4, Liigassa, SHL:ss\u00e4 tai KHL:ss\u00e4, Howeisilta l\u00f6yd\u00e4t teipit ja erkat, nauhat, vahat sek\u00e4 kaikki muutkin tarvikkeet itsellesi ja joukkueellesi.","og_url":"https:\/\/gethowies.com\/fi\/team-sales\/","og_site_name":"Howies Hockey Suomi","twitter_card":"summary_large_image","twitter_misc":{"Arvioitu lukuaika":"1 minuutti"},"schema":{"@context":"https:\/\/schema.org","@graph":[{"@type":"WebPage","@id":"https:\/\/gethowies.com\/fi\/team-sales\/","url":"https:\/\/gethowies.com\/fi\/team-sales\/","name":"Team Sales - Howies Hockey Tape","isPartOf":{"@id":"https:\/\/gethowies.com\/fi\/#website"},"datePublished":"2017-03-15T13:33:01+00:00","description":"Howies tarjoaa huippulaatuisia j\u00e4\u00e4kiekkotarvikkeita kaikentasoisille j\u00e4\u00e4kiekkoilijoille. Pelasit sitten kiekkokoulussa, Stadiliigassa, NHL:ss\u00e4, Liigassa, SHL:ss\u00e4 tai KHL:ss\u00e4, Howeisilta l\u00f6yd\u00e4t teipit ja erkat, nauhat, vahat sek\u00e4 kaikki muutkin tarvikkeet itsellesi ja joukkueellesi.","breadcrumb":{"@id":"https:\/\/gethowies.com\/fi\/team-sales\/#breadcrumb"},"inLanguage":"fi","potentialAction":[{"@type":"ReadAction","target":["https:\/\/gethowies.com\/fi\/team-sales\/"]}]},{"@type":"BreadcrumbList","@id":"https:\/\/gethowies.com\/fi\/team-sales\/#breadcrumb","itemListElement":[{"@type":"ListItem","position":1,"name":"Hem","item":"https:\/\/gethowies.com\/fi\/"},{"@type":"ListItem","position":2,"name":"Team Sales"}]},{"@type":"WebSite","@id":"https:\/\/gethowies.com\/fi\/#website","url":"https:\/\/gethowies.com\/fi\/","name":"Howies Hockey Suomi","description":"","potentialAction":[{"@type":"SearchAction","target":{"@type":"EntryPoint","urlTemplate":"https:\/\/gethowies.com\/fi\/?s={search_term_string}"},"query-input":{"@type":"PropertyValueSpecification","valueRequired":true,"valueName":"search_term_string"}}],"inLanguage":"fi"}]}},"_links":{"self":[{"href":"https:\/\/gethowies.com\/fi\/wp-json\/wp\/v2\/pages\/855","targetHints":{"allow":["GET"]}}],"collection":[{"href":"https:\/\/gethowies.com\/fi\/wp-json\/wp\/v2\/pages"}],"about":[{"href":"https:\/\/gethowies.com\/fi\/wp-json\/wp\/v2\/types\/page"}],"author":[{"embeddable":true,"href":"https:\/\/gethowies.com\/fi\/wp-json\/wp\/v2\/users\/1"}],"replies":[{"embeddable":true,"href":"https:\/\/gethowies.com\/fi\/wp-json\/wp\/v2\/comments?post=855"}],"version-history":[{"count":0,"href":"https:\/\/gethowies.com\/fi\/wp-json\/wp\/v2\/pages\/855\/revisions"}],"wp:attachment":[{"href":"https:\/\/gethowies.com\/fi\/wp-json\/wp\/v2\/media?parent=855"}],"curies":[{"name":"wp","href":"https:\/\/api.w.org\/{rel}","templated":true}]}}