{"id":89,"date":"2013-08-11T20:13:42","date_gmt":"2013-08-11T20:13:42","guid":{"rendered":"http:\/\/localhost:8888\/test\/?page_id=545"},"modified":"2013-08-11T20:13:42","modified_gmt":"2013-08-11T20:13:42","slug":"ukk","status":"publish","type":"page","link":"https:\/\/gethowies.com\/fi\/ukk\/","title":{"rendered":"Ukk"},"content":{"rendered":"<div class=\"row\"  id=\"row-1985311913\">\n\n\t<div id=\"col-708523919\" class=\"col small-12 large-12\"  >\n\t\t\t\t<div class=\"col-inner\"  >\n\t\t\t\n\t\t\t\n  <div id=\"page-header-22404677\" class=\"page-header-wrapper\">\n  <div class=\"page-title light simple-title\">\n\n    \n    <div class=\"page-title-inner container align-center text-center flex-row-col medium-flex-wrap\" >\n              <div class=\"title-wrapper uppercase is-xlarge flex-col\">\n          <h1 class=\"entry-title mb-0\">\n            ukk          <\/h1>\n        <\/div>\n                    <div class=\"title-content flex-col\">\n        <div class=\"title-breadcrumbs pb-half pt-half\"><nav class=\"woocommerce-breadcrumb breadcrumbs uppercase\">Etusivu<\/nav><\/div>      <\/div>\n    <\/div>\n\n       <\/div>\n    <\/div>\n  \n<p>Onko sinulla kysytt\u00e4v\u00e4\u00e4? Ehk\u00e4 l\u00f6yd\u00e4t vastauksen kysymykseesi t\u00e4\u00e4lt\u00e4!<\/p>\n\t<div id=\"gap-476039595\" class=\"gap-element clearfix\" style=\"display:block; height:auto;\">\n\t\t\n<style>\n#gap-476039595 {\n  padding-top: 30px;\n}\n<\/style>\n\t<\/div>\n\t\n<h3 class=\"accordion_title\">TILAUS &amp; TOIMITUS<\/h3><div class=\"accordion\">\n<div id=\"accordion-3014430087\" class=\"accordion-item\"><a id=\"accordion-3014430087-label\" href=\"#\" class=\"accordion-title plain\" aria-expanded=\"false\" aria-controls=\"accordion-3014430087-content\"><button class=\"toggle\" aria-label=\"Toggle\"><i class=\"icon-angle-down\"><\/i><\/button><span>VOINKO MUUTTAA TILAUSTANI?<\/span><\/a><div id=\"accordion-3014430087-content\" class=\"accordion-inner\" aria-labelledby=\"accordion-3014430087-label\">\n<p>On hyvin ep\u00e4todenn\u00e4k\u00f6ist\u00e4, ett\u00e4 pystymme muuttamaan tilausta sen j\u00e4lkeen kun se on tehty. Tavoitteenamme on l\u00e4hett\u00e4\u00e4 kaikki tilaukset mahdollisimman nopeasti. Tilaus k\u00e4sitell\u00e4\u00e4n jopa 15 minuutissa sen vastaanottamisesta. Jos tilausta tarvitsee muuttaa, ota yhteytt\u00e4 ja teemme parhaamme auttaaksemme. L\u00e4hte\u00e4 s\u00e4hk\u00f6posti asiakaspalveluumme info@howies.se. Liit\u00e4 yhteydenottoon tilauksen yhteydess\u00e4 saatu tilausnumero tai tilauksessa k\u00e4ytetty s\u00e4hk\u00f6postiosoite.<\/p>\n<\/div><\/div>\n<div id=\"accordion-3232672824\" class=\"accordion-item\"><a id=\"accordion-3232672824-label\" href=\"#\" class=\"accordion-title plain\" aria-expanded=\"false\" aria-controls=\"accordion-3232672824-content\"><button class=\"toggle\" aria-label=\"Toggle\"><i class=\"icon-angle-down\"><\/i><\/button><span>Jag har inte f\u00e5tt n\u00e5gon avi\/sms fr\u00e5n posten<\/span><\/a><div id=\"accordion-3232672824-content\" class=\"accordion-inner\" aria-labelledby=\"accordion-3232672824-label\">\n<p>Ditt paket skickas genom PostNord, som Varubrev 1:a Klass, den snabbaste typen av paket. Det inneb\u00e4r att ditt paket, om m\u00f6jligt, levereras direkt till din brevl\u00e5da. Om du vill ha mer information om var ditt paket befinner dig v\u00e4nligen kontakta kundtj\u00e4nst..<\/p>\n<\/div><\/div>\n<div id=\"accordion-865212966\" class=\"accordion-item\"><a id=\"accordion-865212966-label\" href=\"#\" class=\"accordion-title plain\" aria-expanded=\"false\" aria-controls=\"accordion-865212966-content\"><button class=\"toggle\" aria-label=\"Toggle\"><i class=\"icon-angle-down\"><\/i><\/button><span>OLEN SAANUT V\u00c4\u00c4R\u00c4N TUOTTEEN, MIT\u00c4 TEEN?<\/span><\/a><div id=\"accordion-865212966-content\" class=\"accordion-inner\" aria-labelledby=\"accordion-865212966-label\">\n<p>Voi ei! Ota yhteytt\u00e4 asiakaspalveluumme k\u00e4ytt\u00e4m\u00e4ll\u00e4 yhteydenottolomaketta tai l\u00e4het\u00e4 meille s\u00e4hk\u00f6postia osoitteeseen info@howies.se ja he auttavat sinua korvaamaan tuotteet.<\/p>\n<p><u>Anna seuraavat tiedot<\/u><\/p>\n<p>Koko nimesi:<br \/>\nTilausnumerosi:<br \/>\nVastaanottamasi tuote:<br \/>\nMink\u00e4 tuotteen alun perin tilasit:<\/p>\n<\/div><\/div>\n<div id=\"accordion-3901978033\" class=\"accordion-item\"><a id=\"accordion-3901978033-label\" href=\"#\" class=\"accordion-title plain\" aria-expanded=\"false\" aria-controls=\"accordion-3901978033-content\"><button class=\"toggle\" aria-label=\"Toggle\"><i class=\"icon-angle-down\"><\/i><\/button><span>MIST\u00c4 TILAUKSENI L\u00c4HETET\u00c4\u00c4N?<\/span><\/a><div id=\"accordion-3901978033-content\" class=\"accordion-inner\" aria-labelledby=\"accordion-3901978033-label\">\n<p>Tilaukset Eurooppaan l\u00e4hetet\u00e4\u00e4n varastoltamme Ruotsissa.<\/p>\n<\/div><\/div>\n<div id=\"accordion-4096440733\" class=\"accordion-item\"><a id=\"accordion-4096440733-label\" href=\"#\" class=\"accordion-title plain\" aria-expanded=\"false\" aria-controls=\"accordion-4096440733-content\"><button class=\"toggle\" aria-label=\"Toggle\"><i class=\"icon-angle-down\"><\/i><\/button><span>MILLOIN TILAUKSENI ON PERILL\u00c4?<\/span><\/a><div id=\"accordion-4096440733-content\" class=\"accordion-inner\" aria-labelledby=\"accordion-4096440733-label\">\n<div class=\"faq\">\n<div class=\"accordion\">\n<div class=\"faq-answer\">\n<p>Tavoitteenamme on toimittaa tilauksesi mahdollisimman nopeasti. Kun tilaus on tehty, se k\u00e4sitell\u00e4\u00e4n 15 minuutissa. Sen j\u00e4lkeen tilaus pakataan ja l\u00e4hetet\u00e4\u00e4n. Arvioitu toimitusaika riippuu toimitustavasta, jonka valitset tilauksellesi. Tilaukset eiv\u00e4t normaalisti liiku viikonloppuina eiv\u00e4tk\u00e4 paikallisina pyh\u00e4p\u00e4ivin\u00e4. Huomioithan, ett\u00e4 arvioitu toimitusaika on arvio. Toimitusaika voi vaihdella Howies Hockey tai l\u00e4hettipalvelusta riippumattomista tekij\u00f6ist\u00e4 johtuen. T\u00e4llaisia voivat olla esim. \u00e4\u00e4rimm\u00e4iset s\u00e4\u00e4olot, tekniset viat, tulliviiveet jne. Huomioithan my\u00f6s, ett\u00e4 toimitusajat saattavat olla tavallista pidemm\u00e4t alennusmyynnin aikana.<\/p>\n<\/div>\n<\/div>\n<\/div>\n<div class=\"faq\"><\/div>\n<\/div><\/div>\n<\/div>\n\t<div id=\"gap-1918196887\" class=\"gap-element clearfix\" style=\"display:block; height:auto;\">\n\t\t\n<style>\n#gap-1918196887 {\n  padding-top: 30px;\n}\n<\/style>\n\t<\/div>\n\t\n<h3 class=\"accordion_title\">PALAUTUKSET &amp; VAIHDOT<\/h3><div class=\"accordion\">\n<div id=\"accordion-4249680301\" class=\"accordion-item\"><a id=\"accordion-4249680301-label\" href=\"#\" class=\"accordion-title plain\" aria-expanded=\"false\" aria-controls=\"accordion-4249680301-content\"><button class=\"toggle\" aria-label=\"Toggle\"><i class=\"icon-angle-down\"><\/i><\/button><span>OLEN SAANUT V\u00c4\u00c4R\u00c4N TUOTTEEN, MIT\u00c4 TEEN?<\/span><\/a><div id=\"accordion-4249680301-content\" class=\"accordion-inner\" aria-labelledby=\"accordion-4249680301-label\">\n<p>Voi ei! Ota yhteytt\u00e4 asiakaspalveluumme k\u00e4ytt\u00e4m\u00e4ll\u00e4 yhteydenottolomaketta tai l\u00e4het\u00e4 meille s\u00e4hk\u00f6postia osoitteeseen info@howies.se ja he auttavat sinua korvaamaan tuotteet.<\/p>\n<p><u>Anna seuraavat tiedot<\/u><\/p>\n<p>Koko nimesi:<br \/>\nTilausnumerosi:<br \/>\nVastaanottamasi tuote:<br \/>\nMink\u00e4 tuotteen alun perin tilasit:<\/p>\n<\/div><\/div>\n<div id=\"accordion-4209274692\" class=\"accordion-item\"><a id=\"accordion-4209274692-label\" href=\"#\" class=\"accordion-title plain\" aria-expanded=\"false\" aria-controls=\"accordion-4209274692-content\"><button class=\"toggle\" aria-label=\"Toggle\"><i class=\"icon-angle-down\"><\/i><\/button><span>KUINKA VOIN VAIHTAA TILAAMANI TUOTTEEN?<\/span><\/a><div id=\"accordion-4209274692-content\" class=\"accordion-inner\" aria-labelledby=\"accordion-4209274692-label\">\n<p>Jos jostain syyst\u00e4 muutat mielesi, voit l\u00e4hett\u00e4\u00e4 tuotteen takaisin meille. L\u00e4het\u00e4mme tilalle haluamasi tuotteen, jos uuden tuotteen hinta on sama tai v\u00e4hemm\u00e4n kuin alkuper\u00e4isen tuotteen. Edullisemman tuotteen kohdalla hyvit\u00e4mme hintaeron. Jos kuitenkin haluat vaihtaa alkuper\u00e4isen tuotteen kalliimpaan tuotteeseen, pyyd\u00e4mme sinua tekem\u00e4\u00e4n kokonaan uuden tilauksen ja maksamaan sen. Hyvit\u00e4mme alkuper\u00e4isen tuotteen, kun l\u00e4het\u00e4t sen takaisin meille.<\/p>\n<p>Kaikista palautuksista on ilmoitettava asiakaspalveluumme. Palautuksia, joita ei ole ilmoitettu asiakaspalveluun, ei hyv\u00e4ksyt\u00e4.<\/p>\n<p>Palautuksen yhteydess\u00e4 anna seuraavat tiedot<\/p>\n<p>Koko nimesi:<br \/>\nTilausnumerosi:<br \/>\nVastaanottamasi tuote:<br \/>\nMink\u00e4 tuotteen haluat saada tilalle:<\/p>\n<p>Palautukset l\u00e4hetet\u00e4\u00e4n keskusvarastollemme G\u00f6teborg, Ruotsi.<\/p>\n<p>Howies Hockey Tape<br \/>\nSm\u00f6rr\u00e4ntegatan 1<br \/>\n431 42 M\u00f6lndal<br \/>\nSweden<\/p>\n<p>Verkkokaupastamme ostetut tuotteet on aina palautettava palautettava. Tuotteita ei voi vaihtaa paikallisessa liikkeess\u00e4.<\/p>\n<p>Otathan huomioon, ett\u00e4 saatat joutua maksamaan palautuspaketin postikulut.<\/p>\n<\/div><\/div>\n<div id=\"accordion-1532149949\" class=\"accordion-item\"><a id=\"accordion-1532149949-label\" href=\"#\" class=\"accordion-title plain\" aria-expanded=\"false\" aria-controls=\"accordion-1532149949-content\"><button class=\"toggle\" aria-label=\"Toggle\"><i class=\"icon-angle-down\"><\/i><\/button><span>MILLAINEN ON TUOTTEIDEN VAIHTO-OIKEUS?<\/span><\/a><div id=\"accordion-1532149949-content\" class=\"accordion-inner\" aria-labelledby=\"accordion-1532149949-label\">\n<p>Asiakkaillamme on oikeus vaihtaa tuote\/tuotteet, jotka on ostettu suoraan verkkokaupastamme 30 p\u00e4iv\u00e4n kuluessa tuotteen saamisesta. Tuotteen tulee olla alkuper\u00e4isess\u00e4 kunnossa ja sen tulee olla alkuper\u00e4isess\u00e4 pakkauksessaan ja tarrojen sek\u00e4 sinettien on oltava paikoillaan.<\/p>\n<p>Tuote voidaan korvata arvoltaan saman arvoiseen tai edullisempaan tuotteeseen. Jos haluat vaihtaa saamasi tuotteen kalliimpaan tuotteeseen, alkuper\u00e4inen tuote on palautettava. Hyvit\u00e4mme alkuper\u00e4isen tuotteen. T\u00e4m\u00e4n j\u00e4lkeen voit tehd\u00e4 uuden tilauksen haluamasi tuotteen osalta.<\/p>\n<p>Verkkokaupastamme tuotteet tulee palauttaa suoraan keskusvarastollemme G\u00f6teborg, Ruotsi. Verkkokaupasta ostettuja tuotteita ei voi vaihtaa paikallisissa liikkeiss\u00e4.<\/p>\n<p>Howies Hockey Tape<br \/>\nSm\u00f6rr\u00e4ntegatan 1<br \/>\n431 42 M\u00f6lndal<br \/>\nSweden<\/p>\n<p>Huomiothan, ett\u00e4 voit joutua maksamaan palautuksen toimituskulut.<\/p>\n<\/div><\/div>\n<\/div>\n\t<div id=\"gap-875493865\" class=\"gap-element clearfix\" style=\"display:block; height:auto;\">\n\t\t\n<style>\n#gap-875493865 {\n  padding-top: 30px;\n}\n<\/style>\n\t<\/div>\n\t\n<h3 class=\"accordion_title\">MAKSAMINEN<\/h3><div class=\"accordion\">\n<div id=\"accordion-2172739950\" class=\"accordion-item\"><a id=\"accordion-2172739950-label\" href=\"#\" class=\"accordion-title plain\" aria-expanded=\"false\" aria-controls=\"accordion-2172739950-content\"><button class=\"toggle\" aria-label=\"Toggle\"><i class=\"icon-angle-down\"><\/i><\/button><span>MITK\u00c4 MAKSUV\u00c4LINEET K\u00c4YV\u00c4T VERKKOKAUPASSANNE?<\/span><\/a><div id=\"accordion-2172739950-content\" class=\"accordion-inner\" aria-labelledby=\"accordion-2172739950-label\">\n<p>Howies Hockey hyv\u00e4ksyy Alipay, American Express, Diners Club, JCB, SafetyPay, MasterCard, Visa, PayPal \u2013maksutavat. Lis\u00e4ksi hyv\u00e4ksymme useita muita eri maiden paikallisia maksukortteja ja laskutusvaihtoehtoja.<\/p>\n<\/div><\/div>\n<div id=\"accordion-4285436192\" class=\"accordion-item\"><a id=\"accordion-4285436192-label\" href=\"#\" class=\"accordion-title plain\" aria-expanded=\"false\" aria-controls=\"accordion-4285436192-content\"><button class=\"toggle\" aria-label=\"Toggle\"><i class=\"icon-angle-down\"><\/i><\/button><span>OVATKO MAKSUTIETONI TURVASSA?<\/span><\/a><div id=\"accordion-4285436192-content\" class=\"accordion-inner\" aria-labelledby=\"accordion-4285436192-label\">\n<p>Maksutapahtuma ja maksutiedot k\u00e4sitell\u00e4\u00e4n maksuyhteisty\u00f6kumppanimme Stripe kautta. Yhteys on salattu ja tiukkojen pankkistandardien mukainen. Korttitietosi l\u00e4het\u00e4\u00e4n suoraan pankkiin, eik\u00e4 niit\u00e4 voi lukea tai n\u00e4hd\u00e4 joku muu kuin pankkisi, ei edes Howies Hockey.<\/p>\n<p>Howies Hockey sivusto on suojattu SSL- sertifikaatilla ja noudattaa PCI DSS- vaatimuksia.<\/p>\n<\/div><\/div>\n<\/div>\n\t<div id=\"gap-1679475403\" class=\"gap-element clearfix\" style=\"display:block; height:auto;\">\n\t\t\n<style>\n#gap-1679475403 {\n  padding-top: 30px;\n}\n<\/style>\n\t<\/div>\n\t\n<h3 class=\"accordion_title\">TIETOA TUOTTEISTA<\/h3><div class=\"accordion\">\n<div id=\"accordion-718442689\" class=\"accordion-item\"><a id=\"accordion-718442689-label\" href=\"#\" class=\"accordion-title plain\" aria-expanded=\"false\" aria-controls=\"accordion-718442689-content\"><button class=\"toggle\" aria-label=\"Toggle\"><i class=\"icon-angle-down\"><\/i><\/button><span>VALMISTUS &amp; LAATU<\/span><\/a><div id=\"accordion-718442689-content\" class=\"accordion-inner\" aria-labelledby=\"accordion-718442689-label\">\n<p>F\u00f6r oss p\u00e5 Howies Hockey \u00e4r kvalit\u00e9 allt, d\u00e4rf\u00f6r tillverkas v\u00e5ra produkter i USA.<\/p>\n<\/div><\/div>\n<div id=\"accordion-1810868948\" class=\"accordion-item\"><a id=\"accordion-1810868948-label\" href=\"#\" class=\"accordion-title plain\" aria-expanded=\"false\" aria-controls=\"accordion-1810868948-content\"><button class=\"toggle\" aria-label=\"Toggle\"><i class=\"icon-angle-down\"><\/i><\/button><span>MISS\u00c4 TUOTTEESI ON VALMISTETTU?<\/span><\/a><div id=\"accordion-1810868948-content\" class=\"accordion-inner\" aria-labelledby=\"accordion-1810868948-label\">\n<p>Tejp och sn\u00f6ren tillverkas i USA. D\u00e4remot tillverkas v\u00e5ra puckar exempelvis i Tjeckien, hos IIHF&#8217;s leverant\u00f6r.<\/p>\n<\/div><\/div>\n<\/div>\n\t<div id=\"gap-1768037201\" class=\"gap-element clearfix\" style=\"display:block; height:auto;\">\n\t\t\n<style>\n#gap-1768037201 {\n  padding-top: 60px;\n}\n<\/style>\n\t<\/div>\n\t\n\t\t<\/div>\n\t\t\t\t\t<\/div>\n\n\t\n\n<style>\n#row-1985311913 > .col > .col-inner {\n  padding: 30px 0px 0px 0px;\n}\n<\/style>\n<\/div>\n","protected":false},"excerpt":{"rendered":"","protected":false},"author":1,"featured_media":0,"parent":0,"menu_order":0,"comment_status":"closed","ping_status":"closed","template":"page-blank.php","meta":{"inline_featured_image":false,"footnotes":""},"class_list":["post-89","page","type-page","status-publish","hentry"],"yoast_head":"<!-- This site is optimized with the Yoast SEO plugin v27.4 - https:\/\/yoast.com\/product\/yoast-seo-wordpress\/ -->\n<title>Ukk - Howies Hockey Suomi<\/title>\n<meta name=\"description\" content=\"Onko sinulla kysytt\u00e4v\u00e4\u00e4? Ehk\u00e4 l\u00f6yd\u00e4t vastauksen kysymykseesi t\u00e4\u00e4lt\u00e4!\" \/>\n<meta name=\"robots\" content=\"index, follow, max-snippet:-1, max-image-preview:large, max-video-preview:-1\" \/>\n<link rel=\"canonical\" href=\"https:\/\/gethowies.com\/fi\/ukk\/\" \/>\n<meta property=\"og:locale\" content=\"fi_FI\" \/>\n<meta property=\"og:type\" content=\"article\" \/>\n<meta property=\"og:title\" content=\"Ukk - Howies Hockey Suomi\" \/>\n<meta property=\"og:description\" content=\"Onko sinulla kysytt\u00e4v\u00e4\u00e4? Ehk\u00e4 l\u00f6yd\u00e4t vastauksen kysymykseesi t\u00e4\u00e4lt\u00e4!\" \/>\n<meta property=\"og:url\" content=\"https:\/\/gethowies.com\/fi\/ukk\/\" \/>\n<meta property=\"og:site_name\" content=\"Howies Hockey Suomi\" \/>\n<meta name=\"twitter:card\" content=\"summary_large_image\" \/>\n<meta name=\"twitter:label1\" content=\"Arvioitu lukuaika\" \/>\n\t<meta name=\"twitter:data1\" content=\"4 minuuttia\" \/>\n<script type=\"application\/ld+json\" class=\"yoast-schema-graph\">{\"@context\":\"https:\\\/\\\/schema.org\",\"@graph\":[{\"@type\":\"WebPage\",\"@id\":\"https:\\\/\\\/gethowies.com\\\/fi\\\/ukk\\\/\",\"url\":\"https:\\\/\\\/gethowies.com\\\/fi\\\/ukk\\\/\",\"name\":\"Ukk - Howies Hockey Suomi\",\"isPartOf\":{\"@id\":\"https:\\\/\\\/gethowies.com\\\/fi\\\/#website\"},\"datePublished\":\"2013-08-11T20:13:42+00:00\",\"description\":\"Onko sinulla kysytt\u00e4v\u00e4\u00e4? Ehk\u00e4 l\u00f6yd\u00e4t vastauksen kysymykseesi t\u00e4\u00e4lt\u00e4!\",\"breadcrumb\":{\"@id\":\"https:\\\/\\\/gethowies.com\\\/fi\\\/ukk\\\/#breadcrumb\"},\"inLanguage\":\"fi\",\"potentialAction\":[{\"@type\":\"ReadAction\",\"target\":[\"https:\\\/\\\/gethowies.com\\\/fi\\\/ukk\\\/\"]}]},{\"@type\":\"BreadcrumbList\",\"@id\":\"https:\\\/\\\/gethowies.com\\\/fi\\\/ukk\\\/#breadcrumb\",\"itemListElement\":[{\"@type\":\"ListItem\",\"position\":1,\"name\":\"Hem\",\"item\":\"https:\\\/\\\/gethowies.com\\\/fi\\\/\"},{\"@type\":\"ListItem\",\"position\":2,\"name\":\"Ukk\"}]},{\"@type\":\"WebSite\",\"@id\":\"https:\\\/\\\/gethowies.com\\\/fi\\\/#website\",\"url\":\"https:\\\/\\\/gethowies.com\\\/fi\\\/\",\"name\":\"Howies Hockey Suomi\",\"description\":\"\",\"potentialAction\":[{\"@type\":\"SearchAction\",\"target\":{\"@type\":\"EntryPoint\",\"urlTemplate\":\"https:\\\/\\\/gethowies.com\\\/fi\\\/?s={search_term_string}\"},\"query-input\":{\"@type\":\"PropertyValueSpecification\",\"valueRequired\":true,\"valueName\":\"search_term_string\"}}],\"inLanguage\":\"fi\"}]}<\/script>\n<!-- \/ Yoast SEO plugin. -->","yoast_head_json":{"title":"Ukk - Howies Hockey Suomi","description":"Onko sinulla kysytt\u00e4v\u00e4\u00e4? Ehk\u00e4 l\u00f6yd\u00e4t vastauksen kysymykseesi t\u00e4\u00e4lt\u00e4!","robots":{"index":"index","follow":"follow","max-snippet":"max-snippet:-1","max-image-preview":"max-image-preview:large","max-video-preview":"max-video-preview:-1"},"canonical":"https:\/\/gethowies.com\/fi\/ukk\/","og_locale":"fi_FI","og_type":"article","og_title":"Ukk - Howies Hockey Suomi","og_description":"Onko sinulla kysytt\u00e4v\u00e4\u00e4? Ehk\u00e4 l\u00f6yd\u00e4t vastauksen kysymykseesi t\u00e4\u00e4lt\u00e4!","og_url":"https:\/\/gethowies.com\/fi\/ukk\/","og_site_name":"Howies Hockey Suomi","twitter_card":"summary_large_image","twitter_misc":{"Arvioitu lukuaika":"4 minuuttia"},"schema":{"@context":"https:\/\/schema.org","@graph":[{"@type":"WebPage","@id":"https:\/\/gethowies.com\/fi\/ukk\/","url":"https:\/\/gethowies.com\/fi\/ukk\/","name":"Ukk - Howies Hockey Suomi","isPartOf":{"@id":"https:\/\/gethowies.com\/fi\/#website"},"datePublished":"2013-08-11T20:13:42+00:00","description":"Onko sinulla kysytt\u00e4v\u00e4\u00e4? Ehk\u00e4 l\u00f6yd\u00e4t vastauksen kysymykseesi t\u00e4\u00e4lt\u00e4!","breadcrumb":{"@id":"https:\/\/gethowies.com\/fi\/ukk\/#breadcrumb"},"inLanguage":"fi","potentialAction":[{"@type":"ReadAction","target":["https:\/\/gethowies.com\/fi\/ukk\/"]}]},{"@type":"BreadcrumbList","@id":"https:\/\/gethowies.com\/fi\/ukk\/#breadcrumb","itemListElement":[{"@type":"ListItem","position":1,"name":"Hem","item":"https:\/\/gethowies.com\/fi\/"},{"@type":"ListItem","position":2,"name":"Ukk"}]},{"@type":"WebSite","@id":"https:\/\/gethowies.com\/fi\/#website","url":"https:\/\/gethowies.com\/fi\/","name":"Howies Hockey Suomi","description":"","potentialAction":[{"@type":"SearchAction","target":{"@type":"EntryPoint","urlTemplate":"https:\/\/gethowies.com\/fi\/?s={search_term_string}"},"query-input":{"@type":"PropertyValueSpecification","valueRequired":true,"valueName":"search_term_string"}}],"inLanguage":"fi"}]}},"_links":{"self":[{"href":"https:\/\/gethowies.com\/fi\/wp-json\/wp\/v2\/pages\/89","targetHints":{"allow":["GET"]}}],"collection":[{"href":"https:\/\/gethowies.com\/fi\/wp-json\/wp\/v2\/pages"}],"about":[{"href":"https:\/\/gethowies.com\/fi\/wp-json\/wp\/v2\/types\/page"}],"author":[{"embeddable":true,"href":"https:\/\/gethowies.com\/fi\/wp-json\/wp\/v2\/users\/1"}],"replies":[{"embeddable":true,"href":"https:\/\/gethowies.com\/fi\/wp-json\/wp\/v2\/comments?post=89"}],"version-history":[{"count":0,"href":"https:\/\/gethowies.com\/fi\/wp-json\/wp\/v2\/pages\/89\/revisions"}],"wp:attachment":[{"href":"https:\/\/gethowies.com\/fi\/wp-json\/wp\/v2\/media?parent=89"}],"curies":[{"name":"wp","href":"https:\/\/api.w.org\/{rel}","templated":true}]}}