{"id":92,"date":"2013-08-11T19:22:53","date_gmt":"2013-08-11T19:22:53","guid":{"rendered":"http:\/\/localhost:8888\/test\/?page_id=532"},"modified":"2018-08-28T12:08:13","modified_gmt":"2018-08-28T10:08:13","slug":"ota-yhteytta","status":"publish","type":"page","link":"https:\/\/gethowies.com\/fi\/ota-yhteytta\/","title":{"rendered":"Ota yhteytt\u00e4"},"content":{"rendered":"\n\t<script type=\"text\/javascript\">\n  jQuery( document ).ready(function() {\n    function initialize() {\n        var styles = {\n            'flatsome':  [{\n            \"featureType\": \"administrative\",\n            \"stylers\": [\n              { \"visibility\": \"on\" }\n            ]\n          },\n          {\n            \"featureType\": \"road\",\n            \"stylers\": [\n              { \"visibility\": \"on\" },\n              { \"hue\": \"\" }\n            ]\n          },\n          {\n            \"stylers\": [\n\t\t\t  { \"visibility\": \"on\" },\n\t\t\t  { \"hue\": \"\" },\n\t\t\t  { \"saturation\": -30 }\n            ]\n          }\n        ]};\n\n        var myLatlng = new google.maps.LatLng(57.681328, 11.907277);\n        var myOptions = {\n            zoom: 15,\n            center: myLatlng,\n            mapTypeId: google.maps.MapTypeId.ROADMAP,\n            disableDefaultUI: true,\n            mapTypeId: 'flatsome',\n            draggable: true,\n            zoomControl: false,\n            zoomControlOptions: {\n              position: google.maps.ControlPosition.TOP_LEFT\n            },\n      \t\t\t\/\/ panControl: false,\n            \/\/ panControlOptions: {\n            \/\/   position: google.maps.ControlPosition.TOP_LEFT\n            \/\/ },\n      \t\t\tmapTypeControl: false,\n            mapTypeControlOptions: {\n              position: google.maps.ControlPosition.TOP_LEFT\n            },\n      \t\t\t\/\/ scaleControl: false,\n            \/\/ scaleControlOptions: {\n            \/\/   position: google.maps.ControlPosition.TOP_LEFT\n            \/\/ },\n      \t\t\tstreetViewControl: false,\n            streetViewControlOptions: {\n              position: google.maps.ControlPosition.TOP_LEFT\n            },\n      \t\t\t\/\/ overviewMapControl: false,\n            \/\/ overviewMapControlOptions: {\n            \/\/   position: google.maps.ControlPosition.TOP_LEFT\n            \/\/ },\n            scrollwheel: false,\n            disableDoubleClickZoom: true\n        }\n        var map = new google.maps.Map(document.getElementById(\"map-3329934092-inner\"), myOptions);\n        var styledMapType = new google.maps.StyledMapType(styles['flatsome'], {name: 'flatsome'});\n        map.mapTypes.set('flatsome', styledMapType);\n\n        var marker = new google.maps.Marker({\n            position: myLatlng,\n            map: map,\n            title:\"\"\n        });\n    }\n\n    \/\/ Required to proceed\n    if (!(typeof google === 'object' && typeof google.maps === 'object')) {\n      return\n    }\n\n    initialize()\n    google.maps.event.addDomListener(window, 'resize', initialize);\n    });\n    <\/script>\n\n    <div class=\"google-map relative mb\" id=\"map-3329934092\">\n        <div class=\"map-height\" id=\"map-3329934092-inner\"><\/div>\n        <div id=\"map_overlay_top\"><\/div>\n        <div id=\"map_overlay_bottom\"><\/div>\n                  <div class=\"map_inner map-inner last-reset absolute x95 md-x95 lg-x95 y95 md-y95 lg-y95\">\n              \n<h3>Varholmsgatan 6, 414 63, Ruotsi<\/h3>\n<p>Olemme auki Maanantai &#8211; Perjantaina, 09:00 &#8211; 17:00<\/p>\n         <\/div>\n       \n       \n<style>\n#map-3329934092 .map-inner {\n  background-color: #fff;\n  max-width: 92%;\n}\n#map-3329934092 .map-height {\n  height: 300px;\n}\n@media (min-width:550px) {\n  #map-3329934092 .map-inner {\n    max-width: 41%;\n  }\n  #map-3329934092 .map-height {\n    height: 400px;\n  }\n}\n@media (min-width:850px) {\n  #map-3329934092 .map-inner {\n    max-width: 36%;\n  }\n}\n<\/style>\n    <\/div>\n\n\t\n<div class=\"row\"  id=\"row-896474933\">\n\n\t<div id=\"col-64109202\" class=\"col medium-6 large-6\"  >\n\t\t\t\t<div class=\"col-inner\"  >\n\t\t\t\n\t\t\t\n<div class=\"container section-title-container\" ><h3 class=\"section-title section-title-normal\"><b><\/b><span class=\"section-title-main\" >ukk<\/span><b><\/b><\/h3><\/div>\n<p class=\"lead\">Muistathan lukea FAQ ennen yhteyden ottamista.<\/p>\n<div class=\"accordion\">\n<div id=\"accordion-2406990718\" class=\"accordion-item\"><a id=\"accordion-2406990718-label\" href=\"#\" class=\"accordion-title plain\" aria-expanded=\"false\" aria-controls=\"accordion-2406990718-content\"><button class=\"toggle\" aria-label=\"Toggle\"><i class=\"icon-angle-down\"><\/i><\/button><span>MITK\u00c4 MAKSUV\u00c4LINEET K\u00c4YV\u00c4T VERKKOKAUPASSANNE?<\/span><\/a><div id=\"accordion-2406990718-content\" class=\"accordion-inner\" aria-labelledby=\"accordion-2406990718-label\">\n<p>Howies Hockey hyv\u00e4ksyy Alipay, American Express, Diners Club, JCB, SafetyPay, MasterCard, Visa, PayPal \u2013maksutavat. Lis\u00e4ksi hyv\u00e4ksymme useita muita eri maiden paikallisia maksukortteja ja laskutusvaihtoehtoja.<\/p>\n<\/div><\/div>\n<div id=\"accordion-2932497232\" class=\"accordion-item\"><a id=\"accordion-2932497232-label\" href=\"#\" class=\"accordion-title plain\" aria-expanded=\"false\" aria-controls=\"accordion-2932497232-content\"><button class=\"toggle\" aria-label=\"Toggle\"><i class=\"icon-angle-down\"><\/i><\/button><span>MIST\u00c4 TILAUKSENI L\u00c4HETET\u00c4\u00c4N?<\/span><\/a><div id=\"accordion-2932497232-content\" class=\"accordion-inner\" aria-labelledby=\"accordion-2932497232-label\">\n<p>Tilaukset Eurooppaan l\u00e4hetet\u00e4\u00e4n varastoltamme Ruotsissa.<\/p>\n<\/div><\/div>\n<div id=\"accordion-998735594\" class=\"accordion-item\"><a id=\"accordion-998735594-label\" href=\"#\" class=\"accordion-title plain\" aria-expanded=\"false\" aria-controls=\"accordion-998735594-content\"><button class=\"toggle\" aria-label=\"Toggle\"><i class=\"icon-angle-down\"><\/i><\/button><span>VOINKO MUUTTAA TILAUSTANI?<\/span><\/a><div id=\"accordion-998735594-content\" class=\"accordion-inner\" aria-labelledby=\"accordion-998735594-label\">\n<p>On hyvin ep\u00e4todenn\u00e4k\u00f6ist\u00e4, ett\u00e4 pystymme muuttamaan tilausta sen j\u00e4lkeen kun se on tehty. Tavoitteenamme on l\u00e4hett\u00e4\u00e4 kaikki tilaukset mahdollisimman nopeasti. Tilaus k\u00e4sitell\u00e4\u00e4n jopa 15 minuutissa sen vastaanottamisesta. Jos tilausta tarvitsee muuttaa, ota yhteytt\u00e4 ja teemme parhaamme auttaaksemme. L\u00e4hte\u00e4 s\u00e4hk\u00f6posti asiakaspalveluumme info@howies.se. Liit\u00e4 yhteydenottoon tilauksen yhteydess\u00e4 saatu tilausnumero tai tilauksessa k\u00e4ytetty s\u00e4hk\u00f6postiosoite.<\/p>\n<\/div><\/div>\n<div id=\"accordion-2316650470\" class=\"accordion-item\"><a id=\"accordion-2316650470-label\" href=\"#\" class=\"accordion-title plain\" aria-expanded=\"false\" aria-controls=\"accordion-2316650470-content\"><button class=\"toggle\" aria-label=\"Toggle\"><i class=\"icon-angle-down\"><\/i><\/button><span>MILLOIN TILAUKSENI ON PERILL\u00c4?<\/span><\/a><div id=\"accordion-2316650470-content\" class=\"accordion-inner\" aria-labelledby=\"accordion-2316650470-label\">\n<p>Tavoitteenamme on toimittaa tilauksesi mahdollisimman nopeasti. Kun tilaus on tehty, se k\u00e4sitell\u00e4\u00e4n 15 minuutissa. Sen j\u00e4lkeen tilaus pakataan ja l\u00e4hetet\u00e4\u00e4n. Arvioitu toimitusaika riippuu toimitustavasta, jonka valitset tilauksellesi. Tilaukset eiv\u00e4t normaalisti liiku viikonloppuina eiv\u00e4tk\u00e4 paikallisina pyh\u00e4p\u00e4ivin\u00e4. Huomioithan, ett\u00e4 arvioitu toimitusaika on arvio. Toimitusaika voi vaihdella Howies Hockey tai l\u00e4hettipalvelusta riippumattomista tekij\u00f6ist\u00e4 johtuen. T\u00e4llaisia voivat olla esim. \u00e4\u00e4rimm\u00e4iset s\u00e4\u00e4olot, tekniset viat, tulliviiveet jne. Huomioithan my\u00f6s, ett\u00e4 toimitusajat saattavat olla tavallista pidemm\u00e4t alennusmyynnin aikana.<\/p>\n<\/div><\/div>\n<\/div>\n\t\t<\/div>\n\t\t\t\t\t<\/div>\n\n\t\n\n\t<div id=\"col-1666259021\" class=\"col medium-6 large-6\"  >\n\t\t\t\t<div class=\"col-inner\"  >\n\t\t\t\n\t\t\t\n<div class=\"container section-title-container\" ><h3 class=\"section-title section-title-normal\"><b><\/b><span class=\"section-title-main\" >Ota yhteytt\u00e4<\/span><b><\/b><\/h3><\/div>\n\n<div class=\"wpcf7 no-js\" id=\"wpcf7-f4906-o1\" lang=\"fi\" dir=\"ltr\" data-wpcf7-id=\"4906\">\n<div class=\"screen-reader-response\"><p role=\"status\" aria-live=\"polite\" aria-atomic=\"true\"><\/p> <ul><\/ul><\/div>\n<form action=\"\/fi\/wp-json\/wp\/v2\/pages\/92#wpcf7-f4906-o1\" method=\"post\" class=\"wpcf7-form init\" aria-label=\"Yhteydenottolomake\" novalidate=\"novalidate\" data-status=\"init\">\n<fieldset class=\"hidden-fields-container\"><input type=\"hidden\" name=\"_wpcf7\" value=\"4906\" \/><input type=\"hidden\" name=\"_wpcf7_version\" value=\"6.1.5\" \/><input type=\"hidden\" name=\"_wpcf7_locale\" value=\"fi\" \/><input type=\"hidden\" name=\"_wpcf7_unit_tag\" value=\"wpcf7-f4906-o1\" \/><input type=\"hidden\" name=\"_wpcf7_container_post\" value=\"0\" \/><input type=\"hidden\" name=\"_wpcf7_posted_data_hash\" value=\"\" \/>\n<\/fieldset>\n<p><label> Nimi (pakollinen)<br \/>\n<span class=\"wpcf7-form-control-wrap\" data-name=\"your-name\"><input size=\"40\" maxlength=\"400\" class=\"wpcf7-form-control wpcf7-text wpcf7-validates-as-required\" aria-required=\"true\" aria-invalid=\"false\" value=\"\" type=\"text\" name=\"your-name\" \/><\/span> <\/label>\n<\/p>\n<p><label> S\u00e4hk\u00f6posti (pakollinen)<br \/>\n<span class=\"wpcf7-form-control-wrap\" data-name=\"your-email\"><input size=\"40\" maxlength=\"400\" class=\"wpcf7-form-control wpcf7-email wpcf7-validates-as-required wpcf7-text wpcf7-validates-as-email\" aria-required=\"true\" aria-invalid=\"false\" value=\"\" type=\"email\" name=\"your-email\" \/><\/span> <\/label>\n<\/p>\n<p><label> Aihe<br \/>\n<span class=\"wpcf7-form-control-wrap\" data-name=\"your-subject\"><input size=\"40\" maxlength=\"400\" class=\"wpcf7-form-control wpcf7-text\" aria-invalid=\"false\" value=\"\" type=\"text\" name=\"your-subject\" \/><\/span> <\/label>\n<\/p>\n<p><label> Viesti<br \/>\n<span class=\"wpcf7-form-control-wrap\" data-name=\"your-message\"><textarea cols=\"40\" rows=\"10\" maxlength=\"2000\" class=\"wpcf7-form-control wpcf7-textarea\" aria-invalid=\"false\" name=\"your-message\"><\/textarea><\/span> <\/label>\n<\/p>\n<div style=\"margin-bottom: 1em;\">\n\t<p>[recaptcha]\n\t<\/p>\n<\/div>\n<p><input class=\"wpcf7-form-control wpcf7-submit has-spinner\" type=\"submit\" value=\"L\u00e4het\u00e4\" \/>\n<\/p><div class=\"wpcf7-response-output\" aria-hidden=\"true\"><\/div>\n<\/form>\n<\/div>\n\n\t\t<\/div>\n\t\t\t\t\t<\/div>\n\n\t\n<\/div>\n","protected":false},"excerpt":{"rendered":"","protected":false},"author":1,"featured_media":16,"parent":0,"menu_order":0,"comment_status":"closed","ping_status":"closed","template":"page-blank.php","meta":{"inline_featured_image":false,"footnotes":""},"class_list":["post-92","page","type-page","status-publish","has-post-thumbnail","hentry"],"yoast_head":"<!-- This site is optimized with the Yoast SEO plugin v27.5 - https:\/\/yoast.com\/product\/yoast-seo-wordpress\/ -->\n<title>Ota yhteytt\u00e4 - Howies Hockey Suomi<\/title>\n<meta name=\"robots\" content=\"index, follow, max-snippet:-1, max-image-preview:large, max-video-preview:-1\" \/>\n<link rel=\"canonical\" href=\"https:\/\/gethowies.com\/fi\/ota-yhteytta\/\" \/>\n<meta property=\"og:locale\" content=\"fi_FI\" \/>\n<meta property=\"og:type\" content=\"article\" \/>\n<meta property=\"og:title\" content=\"Ota yhteytt\u00e4 - Howies Hockey Suomi\" \/>\n<meta property=\"og:url\" content=\"https:\/\/gethowies.com\/fi\/ota-yhteytta\/\" \/>\n<meta property=\"og:site_name\" content=\"Howies Hockey Suomi\" \/>\n<meta property=\"article:modified_time\" content=\"2018-08-28T10:08:13+00:00\" \/>\n<meta property=\"og:image\" content=\"https:\/\/gethowies.com\/fi\/wp-content\/uploads\/sites\/5\/2016\/08\/dummy-1.jpg\" \/>\n\t<meta property=\"og:image:width\" content=\"400\" \/>\n\t<meta property=\"og:image:height\" content=\"260\" \/>\n\t<meta property=\"og:image:type\" content=\"image\/jpeg\" \/>\n<meta name=\"twitter:card\" content=\"summary_large_image\" \/>\n<meta name=\"twitter:label1\" content=\"Arvioitu lukuaika\" \/>\n\t<meta name=\"twitter:data1\" content=\"1 minuutti\" \/>\n<script type=\"application\/ld+json\" class=\"yoast-schema-graph\">{\"@context\":\"https:\\\/\\\/schema.org\",\"@graph\":[{\"@type\":\"WebPage\",\"@id\":\"https:\\\/\\\/gethowies.com\\\/fi\\\/ota-yhteytta\\\/\",\"url\":\"https:\\\/\\\/gethowies.com\\\/fi\\\/ota-yhteytta\\\/\",\"name\":\"Ota yhteytt\u00e4 - Howies Hockey Suomi\",\"isPartOf\":{\"@id\":\"https:\\\/\\\/gethowies.com\\\/fi\\\/#website\"},\"primaryImageOfPage\":{\"@id\":\"https:\\\/\\\/gethowies.com\\\/fi\\\/ota-yhteytta\\\/#primaryimage\"},\"image\":{\"@id\":\"https:\\\/\\\/gethowies.com\\\/fi\\\/ota-yhteytta\\\/#primaryimage\"},\"thumbnailUrl\":\"https:\\\/\\\/gethowies.com\\\/fi\\\/wp-content\\\/uploads\\\/sites\\\/5\\\/2016\\\/08\\\/dummy-1.jpg\",\"datePublished\":\"2013-08-11T19:22:53+00:00\",\"dateModified\":\"2018-08-28T10:08:13+00:00\",\"breadcrumb\":{\"@id\":\"https:\\\/\\\/gethowies.com\\\/fi\\\/ota-yhteytta\\\/#breadcrumb\"},\"inLanguage\":\"fi\",\"potentialAction\":[{\"@type\":\"ReadAction\",\"target\":[\"https:\\\/\\\/gethowies.com\\\/fi\\\/ota-yhteytta\\\/\"]}]},{\"@type\":\"ImageObject\",\"inLanguage\":\"fi\",\"@id\":\"https:\\\/\\\/gethowies.com\\\/fi\\\/ota-yhteytta\\\/#primaryimage\",\"url\":\"https:\\\/\\\/gethowies.com\\\/fi\\\/wp-content\\\/uploads\\\/sites\\\/5\\\/2016\\\/08\\\/dummy-1.jpg\",\"contentUrl\":\"https:\\\/\\\/gethowies.com\\\/fi\\\/wp-content\\\/uploads\\\/sites\\\/5\\\/2016\\\/08\\\/dummy-1.jpg\",\"width\":400,\"height\":260},{\"@type\":\"BreadcrumbList\",\"@id\":\"https:\\\/\\\/gethowies.com\\\/fi\\\/ota-yhteytta\\\/#breadcrumb\",\"itemListElement\":[{\"@type\":\"ListItem\",\"position\":1,\"name\":\"Hem\",\"item\":\"https:\\\/\\\/gethowies.com\\\/fi\\\/\"},{\"@type\":\"ListItem\",\"position\":2,\"name\":\"Ota yhteytt\u00e4\"}]},{\"@type\":\"WebSite\",\"@id\":\"https:\\\/\\\/gethowies.com\\\/fi\\\/#website\",\"url\":\"https:\\\/\\\/gethowies.com\\\/fi\\\/\",\"name\":\"Howies Hockey Suomi\",\"description\":\"\",\"potentialAction\":[{\"@type\":\"SearchAction\",\"target\":{\"@type\":\"EntryPoint\",\"urlTemplate\":\"https:\\\/\\\/gethowies.com\\\/fi\\\/?s={search_term_string}\"},\"query-input\":{\"@type\":\"PropertyValueSpecification\",\"valueRequired\":true,\"valueName\":\"search_term_string\"}}],\"inLanguage\":\"fi\"}]}<\/script>\n<!-- \/ Yoast SEO plugin. -->","yoast_head_json":{"title":"Ota yhteytt\u00e4 - Howies Hockey Suomi","robots":{"index":"index","follow":"follow","max-snippet":"max-snippet:-1","max-image-preview":"max-image-preview:large","max-video-preview":"max-video-preview:-1"},"canonical":"https:\/\/gethowies.com\/fi\/ota-yhteytta\/","og_locale":"fi_FI","og_type":"article","og_title":"Ota yhteytt\u00e4 - Howies Hockey Suomi","og_url":"https:\/\/gethowies.com\/fi\/ota-yhteytta\/","og_site_name":"Howies Hockey Suomi","article_modified_time":"2018-08-28T10:08:13+00:00","og_image":[{"width":400,"height":260,"url":"https:\/\/gethowies.com\/fi\/wp-content\/uploads\/sites\/5\/2016\/08\/dummy-1.jpg","type":"image\/jpeg"}],"twitter_card":"summary_large_image","twitter_misc":{"Arvioitu lukuaika":"1 minuutti"},"schema":{"@context":"https:\/\/schema.org","@graph":[{"@type":"WebPage","@id":"https:\/\/gethowies.com\/fi\/ota-yhteytta\/","url":"https:\/\/gethowies.com\/fi\/ota-yhteytta\/","name":"Ota yhteytt\u00e4 - Howies Hockey Suomi","isPartOf":{"@id":"https:\/\/gethowies.com\/fi\/#website"},"primaryImageOfPage":{"@id":"https:\/\/gethowies.com\/fi\/ota-yhteytta\/#primaryimage"},"image":{"@id":"https:\/\/gethowies.com\/fi\/ota-yhteytta\/#primaryimage"},"thumbnailUrl":"https:\/\/gethowies.com\/fi\/wp-content\/uploads\/sites\/5\/2016\/08\/dummy-1.jpg","datePublished":"2013-08-11T19:22:53+00:00","dateModified":"2018-08-28T10:08:13+00:00","breadcrumb":{"@id":"https:\/\/gethowies.com\/fi\/ota-yhteytta\/#breadcrumb"},"inLanguage":"fi","potentialAction":[{"@type":"ReadAction","target":["https:\/\/gethowies.com\/fi\/ota-yhteytta\/"]}]},{"@type":"ImageObject","inLanguage":"fi","@id":"https:\/\/gethowies.com\/fi\/ota-yhteytta\/#primaryimage","url":"https:\/\/gethowies.com\/fi\/wp-content\/uploads\/sites\/5\/2016\/08\/dummy-1.jpg","contentUrl":"https:\/\/gethowies.com\/fi\/wp-content\/uploads\/sites\/5\/2016\/08\/dummy-1.jpg","width":400,"height":260},{"@type":"BreadcrumbList","@id":"https:\/\/gethowies.com\/fi\/ota-yhteytta\/#breadcrumb","itemListElement":[{"@type":"ListItem","position":1,"name":"Hem","item":"https:\/\/gethowies.com\/fi\/"},{"@type":"ListItem","position":2,"name":"Ota yhteytt\u00e4"}]},{"@type":"WebSite","@id":"https:\/\/gethowies.com\/fi\/#website","url":"https:\/\/gethowies.com\/fi\/","name":"Howies Hockey Suomi","description":"","potentialAction":[{"@type":"SearchAction","target":{"@type":"EntryPoint","urlTemplate":"https:\/\/gethowies.com\/fi\/?s={search_term_string}"},"query-input":{"@type":"PropertyValueSpecification","valueRequired":true,"valueName":"search_term_string"}}],"inLanguage":"fi"}]}},"_links":{"self":[{"href":"https:\/\/gethowies.com\/fi\/wp-json\/wp\/v2\/pages\/92","targetHints":{"allow":["GET"]}}],"collection":[{"href":"https:\/\/gethowies.com\/fi\/wp-json\/wp\/v2\/pages"}],"about":[{"href":"https:\/\/gethowies.com\/fi\/wp-json\/wp\/v2\/types\/page"}],"author":[{"embeddable":true,"href":"https:\/\/gethowies.com\/fi\/wp-json\/wp\/v2\/users\/1"}],"replies":[{"embeddable":true,"href":"https:\/\/gethowies.com\/fi\/wp-json\/wp\/v2\/comments?post=92"}],"version-history":[{"count":1,"href":"https:\/\/gethowies.com\/fi\/wp-json\/wp\/v2\/pages\/92\/revisions"}],"predecessor-version":[{"id":5707,"href":"https:\/\/gethowies.com\/fi\/wp-json\/wp\/v2\/pages\/92\/revisions\/5707"}],"wp:featuredmedia":[{"embeddable":true,"href":"https:\/\/gethowies.com\/fi\/wp-json\/wp\/v2\/media\/16"}],"wp:attachment":[{"href":"https:\/\/gethowies.com\/fi\/wp-json\/wp\/v2\/media?parent=92"}],"curies":[{"name":"wp","href":"https:\/\/api.w.org\/{rel}","templated":true}]}}