{"id":94,"date":"2013-08-11T19:06:15","date_gmt":"2013-08-11T19:06:15","guid":{"rendered":"http:\/\/localhost:8888\/test\/?page_id=520"},"modified":"2018-08-28T12:10:09","modified_gmt":"2018-08-28T10:10:09","slug":"tietoa-meista","status":"publish","type":"page","link":"https:\/\/gethowies.com\/fi\/tietoa-meista\/","title":{"rendered":"Tietoa Howies"},"content":{"rendered":"\t<section class=\"section\" id=\"section_1966915862\">\n\t\t<div class=\"bg section-bg fill bg-fill  bg-loaded\" >\n\n\t\t\t\n\t\t\t\n\t\t\t\n\n\t\t<\/div>\n\n\t\t\n\n\t\t<div class=\"section-content relative\">\n\t\t\t\n<div class=\"row\"  id=\"row-1716632731\">\n\n\t<div id=\"col-21064883\" class=\"col small-12 large-12\"  >\n\t\t\t\t<div class=\"col-inner\"  >\n\t\t\t\n\t\t\t\n<p style=\"text-align: center\">\u00a0<\/p>\n<h2 style=\"text-align: center\"><span style=\"font-size: 120%\">Tietoa Howies Hockey<\/span><\/h2>\n<p style=\"text-align: center\">\u00a0<\/p>\n<p style=\"text-align: center\"><strong>Howies Hockey Tape<\/strong>\u00a0has for over a decade supplied hockey players with the best hockey tape and laces out there. Our tape is used and prefered by players in the NHL, The Swedish SHL, HockeyAllsvenskan and around the globe. Our team here at Howies of Sweden are former hockey players and our testing staff are professional hockey players in action that know the standard in order for us to produce the highest quality hockey tape and laces. Our production is located in North America and Europe to secure the highest standard. We can proudly say that we don&#8217;t only have the worlds highest quality but also the widest range of cloth hockey tape, shin pad tape, laces and waxes. Designed by hockey players for hockey players. You name it, we got it.<\/p>\n<p style=\"text-align: center\">Quality is one of the cornerstones in Howies Hockey,\u00a0when it comes down to it, quality is what has made us unique. We take great pride in the work we do, and that we&#8217;ve been serving the world&#8217;s highest quality tape and laces for over 10 years.<\/p>\n\t\t<\/div>\n\t\t\t\t\n<style>\n#col-21064883 > .col-inner {\n  padding: 0px 15px 60px 15px;\n}\n<\/style>\n\t<\/div>\n\n\t\n<\/div>\n\t\t<\/div>\n\n\t\t\n<style>\n#section_1966915862 {\n  padding-top: 30px;\n  padding-bottom: 30px;\n  min-height: 400px;\n}\n#section_1966915862 .ux-shape-divider--top svg {\n  height: 150px;\n  --divider-top-width: 100%;\n}\n#section_1966915862 .ux-shape-divider--bottom svg {\n  height: 150px;\n  --divider-width: 100%;\n}\n<\/style>\n\t<\/section>\n\t\n\t<section class=\"section\" id=\"section_478346084\">\n\t\t<div class=\"bg section-bg fill bg-fill  bg-loaded\" >\n\n\t\t\t\n\t\t\t\n\t\t\t\n\t<div class=\"is-border\"\n\t\tstyle=\"border-color:rgb(235, 235, 235);border-width:1px 0px 0px 0px;\">\n\t<\/div>\n\n\t\t<\/div>\n\n\t\t\n\n\t\t<div class=\"section-content relative\">\n\t\t\t\n<div class=\"row\"  id=\"row-1173204788\">\n\n\t<div id=\"col-1187600362\" class=\"col small-12 large-12\"  >\n\t\t\t\t<div class=\"col-inner\"  >\n\t\t\t\n\t\t\t\n<p>\u00a0<\/p>\n<h2 style=\"text-align: center\"><span style=\"font-size: 120%\">Klikkaa alhaalta lis\u00e4\u00e4 tietoa meist\u00e4<\/span><\/h2>\n<p>\u00a0<\/p>\n\t\t<\/div>\n\t\t\t\t\t<\/div>\n\n\t\n<\/div>\n<div class=\"row\"  id=\"row-750448687\">\n\n\t<div id=\"col-593206780\" class=\"col medium-4 small-12 large-4\"  >\n\t\t\t\t<div class=\"col-inner\"  >\n\t\t\t\n\t\t\t\n\n  <div class=\"banner has-hover bg-zoom bg-blur\" id=\"banner-608728741\">\n          <div class=\"banner-inner fill\">\n        <div class=\"banner-bg fill\" >\n            <div class=\"bg fill bg-fill \"><\/div>\n                        <div class=\"overlay\"><\/div>            \n                    <\/div>\n\t\t\n        <div class=\"banner-layers container\">\n            <a class=\"fill\" href=\"https:\/\/gethowies.com\/fi\/ota-yhteytta\/\"  ><div class=\"fill banner-link\"><\/div><\/a>            \n   <div id=\"text-box-2105848810\" class=\"text-box banner-layer x50 md-x50 lg-x50 y50 md-y50 lg-y50 res-text\">\n                                <div class=\"text-box-content text dark\">\n              \n              <div class=\"text-inner text-center\">\n                  \n<h2 class=\"uppercase\"><a href=\"https:\/\/gethowies.com\/fi\/ota-yhteytta\/\"><strong>ota yhteytt\u00e4<\/strong><\/a><\/h2>\n              <\/div>\n           <\/div>\n                            \n<style>\n#text-box-2105848810 {\n  width: 60%;\n}\n#text-box-2105848810 .text-box-content {\n  font-size: 100%;\n}\n<\/style>\n    <\/div>\n \n        <\/div>\n      <\/div>\n\n            \n<style>\n#banner-608728741 {\n  padding-top: 200px;\n}\n#banner-608728741 .bg.bg-loaded {\n  background-image: url(https:\/\/gethowies.com\/fi\/wp-content\/uploads\/sites\/5\/2017\/07\/sauce-1024x678.jpg);\n}\n#banner-608728741 .overlay {\n  background-color: rgba(0,0,0,.5);\n}\n#banner-608728741 .ux-shape-divider--top svg {\n  height: 150px;\n  --divider-top-width: 100%;\n}\n#banner-608728741 .ux-shape-divider--bottom svg {\n  height: 150px;\n  --divider-width: 100%;\n}\n<\/style>\n  <\/div>\n\n\n\t\t<\/div>\n\t\t\t\t\t<\/div>\n\n\t\n\n\t<div id=\"col-216288302\" class=\"col medium-4 small-12 large-4\"  >\n\t\t\t\t<div class=\"col-inner\"  >\n\t\t\t\n\t\t\t\n\n  <div class=\"banner has-hover bg-zoom bg-blur\" id=\"banner-1175247349\">\n          <div class=\"banner-inner fill\">\n        <div class=\"banner-bg fill\" >\n            <div class=\"bg fill bg-fill \"><\/div>\n                        <div class=\"overlay\"><\/div>            \n                    <\/div>\n\t\t\n        <div class=\"banner-layers container\">\n            <a class=\"fill\" href=\"https:\/\/gethowies.com\/fi\/ostoehdot\/\"  ><div class=\"fill banner-link\"><\/div><\/a>            \n   <div id=\"text-box-677266920\" class=\"text-box banner-layer x50 md-x50 lg-x50 y50 md-y50 lg-y50 res-text\">\n                     <div data-animate=\"none\">           <div class=\"text-box-content text dark\">\n              \n              <div class=\"text-inner text-center\">\n                  \n<h2 class=\"uppercase\"><a href=\"https:\/\/gethowies.com\/fi\/ostoehdot\/\"><strong>ostoehdot<\/strong><\/a><\/h2>\n              <\/div>\n           <\/div>\n       <\/div>                     \n<style>\n#text-box-677266920 {\n  width: 60%;\n}\n#text-box-677266920 .text-box-content {\n  font-size: 100%;\n}\n<\/style>\n    <\/div>\n \n        <\/div>\n      <\/div>\n\n            \n<style>\n#banner-1175247349 {\n  padding-top: 200px;\n}\n#banner-1175247349 .bg.bg-loaded {\n  background-image: url(https:\/\/gethowies.com\/fi\/wp-content\/uploads\/sites\/5\/2017\/07\/snapback-blue-1024x678.jpg);\n}\n#banner-1175247349 .overlay {\n  background-color: rgba(0,0,0,.5);\n}\n#banner-1175247349 .bg {\n  background-position: 85% 46%;\n}\n#banner-1175247349 .ux-shape-divider--top svg {\n  height: 150px;\n  --divider-top-width: 100%;\n}\n#banner-1175247349 .ux-shape-divider--bottom svg {\n  height: 150px;\n  --divider-width: 100%;\n}\n<\/style>\n  <\/div>\n\n\n\t\t<\/div>\n\t\t\t\t\t<\/div>\n\n\t\n\n\t<div id=\"col-447054414\" class=\"col medium-4 small-12 large-4\"  >\n\t\t\t\t<div class=\"col-inner\"  >\n\t\t\t\n\t\t\t\n\n  <div class=\"banner has-hover bg-zoom bg-blur\" id=\"banner-229144869\">\n          <div class=\"banner-inner fill\">\n        <div class=\"banner-bg fill\" >\n            <div class=\"bg fill bg-fill \"><\/div>\n                        <div class=\"overlay\"><\/div>            \n                    <\/div>\n\t\t\n        <div class=\"banner-layers container\">\n            <a class=\"fill\" href=\"https:\/\/gethowies.com\/fi\/ukk\/\"  ><div class=\"fill banner-link\"><\/div><\/a>            \n   <div id=\"text-box-1337628761\" class=\"text-box banner-layer x50 md-x50 lg-x50 y50 md-y50 lg-y50 res-text\">\n                                <div class=\"text-box-content text dark\">\n              \n              <div class=\"text-inner text-center\">\n                  \n<h2 class=\"uppercase\"><a href=\"https:\/\/gethowies.com\/fi\/ukk\/\"><strong>ukk<\/strong><\/a><\/h2>\n              <\/div>\n           <\/div>\n                            \n<style>\n#text-box-1337628761 {\n  width: 60%;\n}\n#text-box-1337628761 .text-box-content {\n  font-size: 100%;\n}\n<\/style>\n    <\/div>\n \n        <\/div>\n      <\/div>\n\n            \n<style>\n#banner-229144869 {\n  padding-top: 200px;\n}\n#banner-229144869 .bg.bg-loaded {\n  background-image: url(https:\/\/gethowies.com\/fi\/wp-content\/uploads\/sites\/5\/2017\/04\/newsletterbox-1024x731.jpg);\n}\n#banner-229144869 .overlay {\n  background-color: rgba(0,0,0,.5);\n}\n#banner-229144869 .ux-shape-divider--top svg {\n  height: 150px;\n  --divider-top-width: 100%;\n}\n#banner-229144869 .ux-shape-divider--bottom svg {\n  height: 150px;\n  --divider-width: 100%;\n}\n<\/style>\n  <\/div>\n\n\n\t\t<\/div>\n\t\t\t\t\t<\/div>\n\n\t\n<\/div>\n\t\t<\/div>\n\n\t\t\n<style>\n#section_478346084 {\n  padding-top: 59px;\n  padding-bottom: 59px;\n  min-height: 300px;\n  background-color: rgb(245, 245, 245);\n}\n#section_478346084 .ux-shape-divider--top svg {\n  height: 150px;\n  --divider-top-width: 100%;\n}\n#section_478346084 .ux-shape-divider--bottom svg {\n  height: 150px;\n  --divider-width: 100%;\n}\n<\/style>\n\t<\/section>\n\t\n","protected":false},"excerpt":{"rendered":"","protected":false},"author":1,"featured_media":16,"parent":0,"menu_order":0,"comment_status":"closed","ping_status":"closed","template":"page-blank.php","meta":{"inline_featured_image":false,"footnotes":""},"class_list":["post-94","page","type-page","status-publish","has-post-thumbnail","hentry"],"yoast_head":"<!-- This site is optimized with the Yoast SEO plugin v27.4 - https:\/\/yoast.com\/product\/yoast-seo-wordpress\/ -->\n<title>Tietoa Howies - Howies Hockey Suomi<\/title>\n<meta name=\"robots\" content=\"index, follow, max-snippet:-1, max-image-preview:large, max-video-preview:-1\" \/>\n<link rel=\"canonical\" href=\"https:\/\/gethowies.com\/fi\/tietoa-meista\/\" \/>\n<meta property=\"og:locale\" content=\"fi_FI\" \/>\n<meta property=\"og:type\" content=\"article\" \/>\n<meta property=\"og:title\" content=\"Tietoa Howies - Howies Hockey Suomi\" \/>\n<meta property=\"og:url\" content=\"https:\/\/gethowies.com\/fi\/tietoa-meista\/\" \/>\n<meta property=\"og:site_name\" content=\"Howies Hockey Suomi\" \/>\n<meta property=\"article:modified_time\" content=\"2018-08-28T10:10:09+00:00\" \/>\n<meta property=\"og:image\" content=\"https:\/\/gethowies.com\/fi\/wp-content\/uploads\/sites\/5\/2016\/08\/dummy-1.jpg\" \/>\n\t<meta property=\"og:image:width\" content=\"400\" \/>\n\t<meta property=\"og:image:height\" content=\"260\" \/>\n\t<meta property=\"og:image:type\" content=\"image\/jpeg\" \/>\n<meta name=\"twitter:card\" content=\"summary_large_image\" \/>\n<meta name=\"twitter:label1\" content=\"Arvioitu lukuaika\" \/>\n\t<meta name=\"twitter:data1\" content=\"2 minuuttia\" \/>\n<script type=\"application\/ld+json\" class=\"yoast-schema-graph\">{\"@context\":\"https:\\\/\\\/schema.org\",\"@graph\":[{\"@type\":\"WebPage\",\"@id\":\"https:\\\/\\\/gethowies.com\\\/fi\\\/tietoa-meista\\\/\",\"url\":\"https:\\\/\\\/gethowies.com\\\/fi\\\/tietoa-meista\\\/\",\"name\":\"Tietoa Howies - Howies Hockey Suomi\",\"isPartOf\":{\"@id\":\"https:\\\/\\\/gethowies.com\\\/fi\\\/#website\"},\"primaryImageOfPage\":{\"@id\":\"https:\\\/\\\/gethowies.com\\\/fi\\\/tietoa-meista\\\/#primaryimage\"},\"image\":{\"@id\":\"https:\\\/\\\/gethowies.com\\\/fi\\\/tietoa-meista\\\/#primaryimage\"},\"thumbnailUrl\":\"https:\\\/\\\/gethowies.com\\\/fi\\\/wp-content\\\/uploads\\\/sites\\\/5\\\/2016\\\/08\\\/dummy-1.jpg\",\"datePublished\":\"2013-08-11T19:06:15+00:00\",\"dateModified\":\"2018-08-28T10:10:09+00:00\",\"breadcrumb\":{\"@id\":\"https:\\\/\\\/gethowies.com\\\/fi\\\/tietoa-meista\\\/#breadcrumb\"},\"inLanguage\":\"fi\",\"potentialAction\":[{\"@type\":\"ReadAction\",\"target\":[\"https:\\\/\\\/gethowies.com\\\/fi\\\/tietoa-meista\\\/\"]}]},{\"@type\":\"ImageObject\",\"inLanguage\":\"fi\",\"@id\":\"https:\\\/\\\/gethowies.com\\\/fi\\\/tietoa-meista\\\/#primaryimage\",\"url\":\"https:\\\/\\\/gethowies.com\\\/fi\\\/wp-content\\\/uploads\\\/sites\\\/5\\\/2016\\\/08\\\/dummy-1.jpg\",\"contentUrl\":\"https:\\\/\\\/gethowies.com\\\/fi\\\/wp-content\\\/uploads\\\/sites\\\/5\\\/2016\\\/08\\\/dummy-1.jpg\",\"width\":400,\"height\":260},{\"@type\":\"BreadcrumbList\",\"@id\":\"https:\\\/\\\/gethowies.com\\\/fi\\\/tietoa-meista\\\/#breadcrumb\",\"itemListElement\":[{\"@type\":\"ListItem\",\"position\":1,\"name\":\"Hem\",\"item\":\"https:\\\/\\\/gethowies.com\\\/fi\\\/\"},{\"@type\":\"ListItem\",\"position\":2,\"name\":\"Tietoa Howies\"}]},{\"@type\":\"WebSite\",\"@id\":\"https:\\\/\\\/gethowies.com\\\/fi\\\/#website\",\"url\":\"https:\\\/\\\/gethowies.com\\\/fi\\\/\",\"name\":\"Howies Hockey Suomi\",\"description\":\"\",\"potentialAction\":[{\"@type\":\"SearchAction\",\"target\":{\"@type\":\"EntryPoint\",\"urlTemplate\":\"https:\\\/\\\/gethowies.com\\\/fi\\\/?s={search_term_string}\"},\"query-input\":{\"@type\":\"PropertyValueSpecification\",\"valueRequired\":true,\"valueName\":\"search_term_string\"}}],\"inLanguage\":\"fi\"}]}<\/script>\n<!-- \/ Yoast SEO plugin. -->","yoast_head_json":{"title":"Tietoa Howies - Howies Hockey Suomi","robots":{"index":"index","follow":"follow","max-snippet":"max-snippet:-1","max-image-preview":"max-image-preview:large","max-video-preview":"max-video-preview:-1"},"canonical":"https:\/\/gethowies.com\/fi\/tietoa-meista\/","og_locale":"fi_FI","og_type":"article","og_title":"Tietoa Howies - Howies Hockey Suomi","og_url":"https:\/\/gethowies.com\/fi\/tietoa-meista\/","og_site_name":"Howies Hockey Suomi","article_modified_time":"2018-08-28T10:10:09+00:00","og_image":[{"width":400,"height":260,"url":"https:\/\/gethowies.com\/fi\/wp-content\/uploads\/sites\/5\/2016\/08\/dummy-1.jpg","type":"image\/jpeg"}],"twitter_card":"summary_large_image","twitter_misc":{"Arvioitu lukuaika":"2 minuuttia"},"schema":{"@context":"https:\/\/schema.org","@graph":[{"@type":"WebPage","@id":"https:\/\/gethowies.com\/fi\/tietoa-meista\/","url":"https:\/\/gethowies.com\/fi\/tietoa-meista\/","name":"Tietoa Howies - Howies Hockey Suomi","isPartOf":{"@id":"https:\/\/gethowies.com\/fi\/#website"},"primaryImageOfPage":{"@id":"https:\/\/gethowies.com\/fi\/tietoa-meista\/#primaryimage"},"image":{"@id":"https:\/\/gethowies.com\/fi\/tietoa-meista\/#primaryimage"},"thumbnailUrl":"https:\/\/gethowies.com\/fi\/wp-content\/uploads\/sites\/5\/2016\/08\/dummy-1.jpg","datePublished":"2013-08-11T19:06:15+00:00","dateModified":"2018-08-28T10:10:09+00:00","breadcrumb":{"@id":"https:\/\/gethowies.com\/fi\/tietoa-meista\/#breadcrumb"},"inLanguage":"fi","potentialAction":[{"@type":"ReadAction","target":["https:\/\/gethowies.com\/fi\/tietoa-meista\/"]}]},{"@type":"ImageObject","inLanguage":"fi","@id":"https:\/\/gethowies.com\/fi\/tietoa-meista\/#primaryimage","url":"https:\/\/gethowies.com\/fi\/wp-content\/uploads\/sites\/5\/2016\/08\/dummy-1.jpg","contentUrl":"https:\/\/gethowies.com\/fi\/wp-content\/uploads\/sites\/5\/2016\/08\/dummy-1.jpg","width":400,"height":260},{"@type":"BreadcrumbList","@id":"https:\/\/gethowies.com\/fi\/tietoa-meista\/#breadcrumb","itemListElement":[{"@type":"ListItem","position":1,"name":"Hem","item":"https:\/\/gethowies.com\/fi\/"},{"@type":"ListItem","position":2,"name":"Tietoa Howies"}]},{"@type":"WebSite","@id":"https:\/\/gethowies.com\/fi\/#website","url":"https:\/\/gethowies.com\/fi\/","name":"Howies Hockey Suomi","description":"","potentialAction":[{"@type":"SearchAction","target":{"@type":"EntryPoint","urlTemplate":"https:\/\/gethowies.com\/fi\/?s={search_term_string}"},"query-input":{"@type":"PropertyValueSpecification","valueRequired":true,"valueName":"search_term_string"}}],"inLanguage":"fi"}]}},"_links":{"self":[{"href":"https:\/\/gethowies.com\/fi\/wp-json\/wp\/v2\/pages\/94","targetHints":{"allow":["GET"]}}],"collection":[{"href":"https:\/\/gethowies.com\/fi\/wp-json\/wp\/v2\/pages"}],"about":[{"href":"https:\/\/gethowies.com\/fi\/wp-json\/wp\/v2\/types\/page"}],"author":[{"embeddable":true,"href":"https:\/\/gethowies.com\/fi\/wp-json\/wp\/v2\/users\/1"}],"replies":[{"embeddable":true,"href":"https:\/\/gethowies.com\/fi\/wp-json\/wp\/v2\/comments?post=94"}],"version-history":[{"count":3,"href":"https:\/\/gethowies.com\/fi\/wp-json\/wp\/v2\/pages\/94\/revisions"}],"predecessor-version":[{"id":5710,"href":"https:\/\/gethowies.com\/fi\/wp-json\/wp\/v2\/pages\/94\/revisions\/5710"}],"wp:featuredmedia":[{"embeddable":true,"href":"https:\/\/gethowies.com\/fi\/wp-json\/wp\/v2\/media\/16"}],"wp:attachment":[{"href":"https:\/\/gethowies.com\/fi\/wp-json\/wp\/v2\/media?parent=94"}],"curies":[{"name":"wp","href":"https:\/\/api.w.org\/{rel}","templated":true}]}}