{"id":1592,"date":"2017-04-27T23:10:53","date_gmt":"2017-04-27T21:10:53","guid":{"rendered":"http:\/\/www.howieshockeytape.fi\/?post_type=product&#038;p=1592"},"modified":"2024-11-28T20:53:23","modified_gmt":"2024-11-28T19:53:23","slug":"howies-mailateipit-musta-36mm-big-pack","status":"publish","type":"product","link":"https:\/\/gethowies.com\/fi\/tuote\/howies-mailateipit-musta-36mm-big-pack\/","title":{"rendered":"Howies Mailateipit Musta 36mm Big Pack"},"content":{"rendered":"<p>36mm leve\u00e4 mailateippi varmistaa, ett\u00e4 et kuluta turhaa aikaa. Leve\u00e4 teippi on kasvattanut suosiotaan vuosien mittaan ja yh\u00e4 useampi pelaaja on alkanut suosimaan leve\u00e4t\u00e4 teippi perinteisen teipin sijasta. Jotkut pit\u00e4v\u00e4t siit\u00e4 miten nopeasti saa mailansa teipattua, jotkut pit\u00e4v\u00e4t yksinkertaisesti siit\u00e4 milt\u00e4 se n\u00e4ytt\u00e4\u00e4 lavassa. 36mm kangasteippi on suosittu NHL, SHL ja muissa ammattilaisliigoissa ymp\u00e4ri maailman<\/p>\n<p>Valmistettu Pohjois-Amerikassa.<\/p>\n","protected":false},"excerpt":{"rendered":"<p>Osta enemm\u00e4n &#8211; s\u00e4\u00e4st\u00e4 enemm\u00e4n! T\u00e4m\u00e4 iso paketti sis\u00e4lt\u00e4\u00e4 10 &#8211; 20 tai 30 rullaa Howies mailateippi\u00e4 (36mm, Musta).<\/p>\n","protected":false},"featured_media":2923,"comment_status":"closed","ping_status":"closed","template":"","meta":{"inline_featured_image":false},"product_brand":[],"product_cat":[94],"product_tag":[],"class_list":{"0":"post-1592","1":"product","2":"type-product","3":"status-publish","4":"has-post-thumbnail","6":"product_cat-big-pack","8":"first","9":"instock","10":"shipping-taxable","11":"purchasable","12":"product-type-variable"},"yoast_head":"<!-- This site is optimized with the Yoast SEO plugin v27.6 - https:\/\/yoast.com\/product\/yoast-seo-wordpress\/ -->\n<title>Howies Mailateipit Musta 36mm Big Pack - Howies Hockey Suomi<\/title>\n<meta name=\"robots\" content=\"index, follow, max-snippet:-1, max-image-preview:large, max-video-preview:-1\" \/>\n<link rel=\"canonical\" href=\"https:\/\/gethowies.com\/fi\/tuote\/howies-mailateipit-musta-36mm-big-pack\/\" \/>\n<meta property=\"og:locale\" content=\"fi_FI\" \/>\n<meta property=\"og:type\" content=\"article\" \/>\n<meta property=\"og:title\" content=\"Howies Mailateipit Musta 36mm Big Pack - Howies Hockey Suomi\" \/>\n<meta property=\"og:description\" content=\"Osta enemm\u00e4n - s\u00e4\u00e4st\u00e4 enemm\u00e4n! T\u00e4m\u00e4 iso paketti sis\u00e4lt\u00e4\u00e4 10 - 20 tai 30 rullaa Howies mailateippi\u00e4 (36mm, Musta).\" \/>\n<meta property=\"og:url\" content=\"https:\/\/gethowies.com\/fi\/tuote\/howies-mailateipit-musta-36mm-big-pack\/\" \/>\n<meta property=\"og:site_name\" content=\"Howies Hockey Suomi\" \/>\n<meta property=\"article:modified_time\" content=\"2024-11-28T19:53:23+00:00\" \/>\n<meta property=\"og:image\" content=\"https:\/\/gethowies.com\/fi\/wp-content\/uploads\/sites\/5\/2017\/04\/36mm-black-bigpack.jpg\" \/>\n\t<meta property=\"og:image:width\" content=\"1020\" \/>\n\t<meta property=\"og:image:height\" content=\"1200\" \/>\n\t<meta property=\"og:image:type\" content=\"image\/jpeg\" \/>\n<meta name=\"twitter:card\" content=\"summary_large_image\" \/>\n<meta name=\"twitter:label1\" content=\"Arvioitu lukuaika\" \/>\n\t<meta name=\"twitter:data1\" content=\"1 minuutti\" \/>\n<script type=\"application\/ld+json\" class=\"yoast-schema-graph\">{\"@context\":\"https:\\\/\\\/schema.org\",\"@graph\":[{\"@type\":\"WebPage\",\"@id\":\"https:\\\/\\\/gethowies.com\\\/fi\\\/tuote\\\/howies-mailateipit-musta-36mm-big-pack\\\/\",\"url\":\"https:\\\/\\\/gethowies.com\\\/fi\\\/tuote\\\/howies-mailateipit-musta-36mm-big-pack\\\/\",\"name\":\"Howies Mailateipit Musta 36mm Big Pack - Howies Hockey Suomi\",\"isPartOf\":{\"@id\":\"https:\\\/\\\/gethowies.com\\\/fi\\\/#website\"},\"primaryImageOfPage\":{\"@id\":\"https:\\\/\\\/gethowies.com\\\/fi\\\/tuote\\\/howies-mailateipit-musta-36mm-big-pack\\\/#primaryimage\"},\"image\":{\"@id\":\"https:\\\/\\\/gethowies.com\\\/fi\\\/tuote\\\/howies-mailateipit-musta-36mm-big-pack\\\/#primaryimage\"},\"thumbnailUrl\":\"https:\\\/\\\/gethowies.com\\\/fi\\\/wp-content\\\/uploads\\\/sites\\\/5\\\/2017\\\/04\\\/36mm-black-bigpack.jpg\",\"datePublished\":\"2017-04-27T21:10:53+00:00\",\"dateModified\":\"2024-11-28T19:53:23+00:00\",\"breadcrumb\":{\"@id\":\"https:\\\/\\\/gethowies.com\\\/fi\\\/tuote\\\/howies-mailateipit-musta-36mm-big-pack\\\/#breadcrumb\"},\"inLanguage\":\"fi\",\"potentialAction\":[{\"@type\":\"ReadAction\",\"target\":[\"https:\\\/\\\/gethowies.com\\\/fi\\\/tuote\\\/howies-mailateipit-musta-36mm-big-pack\\\/\"]}]},{\"@type\":\"ImageObject\",\"inLanguage\":\"fi\",\"@id\":\"https:\\\/\\\/gethowies.com\\\/fi\\\/tuote\\\/howies-mailateipit-musta-36mm-big-pack\\\/#primaryimage\",\"url\":\"https:\\\/\\\/gethowies.com\\\/fi\\\/wp-content\\\/uploads\\\/sites\\\/5\\\/2017\\\/04\\\/36mm-black-bigpack.jpg\",\"contentUrl\":\"https:\\\/\\\/gethowies.com\\\/fi\\\/wp-content\\\/uploads\\\/sites\\\/5\\\/2017\\\/04\\\/36mm-black-bigpack.jpg\",\"width\":1020,\"height\":1200,\"caption\":\"Howies Mailateipit Musta 36mm Big Pack\"},{\"@type\":\"BreadcrumbList\",\"@id\":\"https:\\\/\\\/gethowies.com\\\/fi\\\/tuote\\\/howies-mailateipit-musta-36mm-big-pack\\\/#breadcrumb\",\"itemListElement\":[{\"@type\":\"ListItem\",\"position\":1,\"name\":\"Hem\",\"item\":\"https:\\\/\\\/gethowies.com\\\/fi\\\/\"},{\"@type\":\"ListItem\",\"position\":2,\"name\":\"Shop\",\"item\":\"https:\\\/\\\/gethowies.com\\\/fi\\\/shop\\\/\"},{\"@type\":\"ListItem\",\"position\":3,\"name\":\"Howies Mailateipit Musta 36mm Big Pack\"}]},{\"@type\":\"WebSite\",\"@id\":\"https:\\\/\\\/gethowies.com\\\/fi\\\/#website\",\"url\":\"https:\\\/\\\/gethowies.com\\\/fi\\\/\",\"name\":\"Howies Hockey Suomi\",\"description\":\"\",\"potentialAction\":[{\"@type\":\"SearchAction\",\"target\":{\"@type\":\"EntryPoint\",\"urlTemplate\":\"https:\\\/\\\/gethowies.com\\\/fi\\\/?s={search_term_string}\"},\"query-input\":{\"@type\":\"PropertyValueSpecification\",\"valueRequired\":true,\"valueName\":\"search_term_string\"}}],\"inLanguage\":\"fi\"}]}<\/script>\n<!-- \/ Yoast SEO plugin. -->","yoast_head_json":{"title":"Howies Mailateipit Musta 36mm Big Pack - Howies Hockey Suomi","robots":{"index":"index","follow":"follow","max-snippet":"max-snippet:-1","max-image-preview":"max-image-preview:large","max-video-preview":"max-video-preview:-1"},"canonical":"https:\/\/gethowies.com\/fi\/tuote\/howies-mailateipit-musta-36mm-big-pack\/","og_locale":"fi_FI","og_type":"article","og_title":"Howies Mailateipit Musta 36mm Big Pack - Howies Hockey Suomi","og_description":"Osta enemm\u00e4n - s\u00e4\u00e4st\u00e4 enemm\u00e4n! T\u00e4m\u00e4 iso paketti sis\u00e4lt\u00e4\u00e4 10 - 20 tai 30 rullaa Howies mailateippi\u00e4 (36mm, Musta).","og_url":"https:\/\/gethowies.com\/fi\/tuote\/howies-mailateipit-musta-36mm-big-pack\/","og_site_name":"Howies Hockey Suomi","article_modified_time":"2024-11-28T19:53:23+00:00","og_image":[{"width":1020,"height":1200,"url":"https:\/\/gethowies.com\/fi\/wp-content\/uploads\/sites\/5\/2017\/04\/36mm-black-bigpack.jpg","type":"image\/jpeg"}],"twitter_card":"summary_large_image","twitter_misc":{"Arvioitu lukuaika":"1 minuutti"},"schema":{"@context":"https:\/\/schema.org","@graph":[{"@type":"WebPage","@id":"https:\/\/gethowies.com\/fi\/tuote\/howies-mailateipit-musta-36mm-big-pack\/","url":"https:\/\/gethowies.com\/fi\/tuote\/howies-mailateipit-musta-36mm-big-pack\/","name":"Howies Mailateipit Musta 36mm Big Pack - Howies Hockey Suomi","isPartOf":{"@id":"https:\/\/gethowies.com\/fi\/#website"},"primaryImageOfPage":{"@id":"https:\/\/gethowies.com\/fi\/tuote\/howies-mailateipit-musta-36mm-big-pack\/#primaryimage"},"image":{"@id":"https:\/\/gethowies.com\/fi\/tuote\/howies-mailateipit-musta-36mm-big-pack\/#primaryimage"},"thumbnailUrl":"https:\/\/gethowies.com\/fi\/wp-content\/uploads\/sites\/5\/2017\/04\/36mm-black-bigpack.jpg","datePublished":"2017-04-27T21:10:53+00:00","dateModified":"2024-11-28T19:53:23+00:00","breadcrumb":{"@id":"https:\/\/gethowies.com\/fi\/tuote\/howies-mailateipit-musta-36mm-big-pack\/#breadcrumb"},"inLanguage":"fi","potentialAction":[{"@type":"ReadAction","target":["https:\/\/gethowies.com\/fi\/tuote\/howies-mailateipit-musta-36mm-big-pack\/"]}]},{"@type":"ImageObject","inLanguage":"fi","@id":"https:\/\/gethowies.com\/fi\/tuote\/howies-mailateipit-musta-36mm-big-pack\/#primaryimage","url":"https:\/\/gethowies.com\/fi\/wp-content\/uploads\/sites\/5\/2017\/04\/36mm-black-bigpack.jpg","contentUrl":"https:\/\/gethowies.com\/fi\/wp-content\/uploads\/sites\/5\/2017\/04\/36mm-black-bigpack.jpg","width":1020,"height":1200,"caption":"Howies Mailateipit Musta 36mm Big Pack"},{"@type":"BreadcrumbList","@id":"https:\/\/gethowies.com\/fi\/tuote\/howies-mailateipit-musta-36mm-big-pack\/#breadcrumb","itemListElement":[{"@type":"ListItem","position":1,"name":"Hem","item":"https:\/\/gethowies.com\/fi\/"},{"@type":"ListItem","position":2,"name":"Shop","item":"https:\/\/gethowies.com\/fi\/shop\/"},{"@type":"ListItem","position":3,"name":"Howies Mailateipit Musta 36mm Big Pack"}]},{"@type":"WebSite","@id":"https:\/\/gethowies.com\/fi\/#website","url":"https:\/\/gethowies.com\/fi\/","name":"Howies Hockey Suomi","description":"","potentialAction":[{"@type":"SearchAction","target":{"@type":"EntryPoint","urlTemplate":"https:\/\/gethowies.com\/fi\/?s={search_term_string}"},"query-input":{"@type":"PropertyValueSpecification","valueRequired":true,"valueName":"search_term_string"}}],"inLanguage":"fi"}]}},"_links":{"self":[{"href":"https:\/\/gethowies.com\/fi\/wp-json\/wp\/v2\/product\/1592","targetHints":{"allow":["GET"]}}],"collection":[{"href":"https:\/\/gethowies.com\/fi\/wp-json\/wp\/v2\/product"}],"about":[{"href":"https:\/\/gethowies.com\/fi\/wp-json\/wp\/v2\/types\/product"}],"replies":[{"embeddable":true,"href":"https:\/\/gethowies.com\/fi\/wp-json\/wp\/v2\/comments?post=1592"}],"wp:featuredmedia":[{"embeddable":true,"href":"https:\/\/gethowies.com\/fi\/wp-json\/wp\/v2\/media\/2923"}],"wp:attachment":[{"href":"https:\/\/gethowies.com\/fi\/wp-json\/wp\/v2\/media?parent=1592"}],"wp:term":[{"taxonomy":"product_brand","embeddable":true,"href":"https:\/\/gethowies.com\/fi\/wp-json\/wp\/v2\/product_brand?post=1592"},{"taxonomy":"product_cat","embeddable":true,"href":"https:\/\/gethowies.com\/fi\/wp-json\/wp\/v2\/product_cat?post=1592"},{"taxonomy":"product_tag","embeddable":true,"href":"https:\/\/gethowies.com\/fi\/wp-json\/wp\/v2\/product_tag?post=1592"}],"curies":[{"name":"wp","href":"https:\/\/api.w.org\/{rel}","templated":true}]}}