{"id":2209,"date":"2017-06-03T09:21:04","date_gmt":"2017-06-03T09:21:04","guid":{"rendered":"http:\/\/www.howieshockeytape.fi\/?post_type=product&#038;p=2209"},"modified":"2024-11-28T20:54:38","modified_gmt":"2024-11-28T19:54:38","slug":"howies-mailateipit-violetti","status":"publish","type":"product","link":"https:\/\/gethowies.com\/fi\/tuote\/howies-mailateipit-violetti\/","title":{"rendered":"Howies Mailateipit Violetti"},"content":{"rendered":"<p>Yht\u00e4 kest\u00e4v\u00e4\u00e4 kuten perinteinen kangasteippi mutta edustavampi!<\/p>\n<p>Valmistettu korkealaatuista poly-puuvillakangas \u2013 ja luonnonkumiliimasta, kangasteippi s\u00e4ilytt\u00e4\u00e4 suorituskyvyn l\u00e4pi ottelun. V\u00e4rit\u00e4mme kahdella kerroksella mustan mailateipin jotta v\u00e4ri n\u00e4ytt\u00e4\u00e4 juuri silt\u00e4 kuin sen pit\u00e4isikin.<\/p>\n<p>Kangasteippi on suosittu NHL, SHL ja muissa ammattilaisliigoissa ymp\u00e4ri maailman<\/p>\n<p>Valmistettu Pohjois-Amerikassa.<\/p>\n","protected":false},"excerpt":{"rendered":"<p><font><strong>V\u00e4ri<\/strong> &#8211; Violetti<\/font><\/p>\n<div class=\"boxarna\">\n<ul>\n<li><a href=\"..\/howies-mailateipit-valkoinen\/\/\">\n<div class=\"white\"><\/div>\n<p><\/a><\/li>\n<li><a href=\"..\/howies-mailateipit-musta\/\">\n<div class=\"black\">\n  <\/div>\n<p><\/a><\/li>\n<li><a href=\"..\/howies-mailateipit-sininen\/\">\n<div class=\"blue\">\n  <\/div>\n<p><\/a><\/li>\n<li><a href=\"..\/howies-mailateipit-tummansininen\/\">\n<div class=\"navy\">\n  <\/div>\n<p><\/a><\/li>\n<li class=\"ccurrent\"><a href=\"..\/howies-mailateipit-violetti\/\">\n<div class=\"purple\">\n  <\/div>\n<p><\/a><\/li>\n<li><a href=\"..\/howies-mailateipit-sky\/\">\n<div class=\"sky\">\n  <\/div>\n<p><\/a><\/li>\n<li><a href=\"..\/howies-mailateipit-vihrea\/\">\n<div class=\"green\">\n  <\/div>\n<p><\/a><\/li>\n<li><a href=\"..\/howies-mailateipit-keltainen\/\">\n<div class=\"yellow\">\n  <\/div>\n<p><\/a><\/li>\n<li><a href=\"..\/howies-mailateipit-kulta\/\">\n<div class=\"gold\">\n  <\/div>\n<p><\/a><\/li>\n<li><a href=\"..\/howies-mailateipit-oranssi\/\">\n<div class=\"orange\">\n  <\/div>\n<p><\/a><\/li>\n<li><a href=\"..\/howies-mailateipit-pinkki\/\">\n<div class=\"pink\">\n  <\/div>\n<p><\/a><\/li>\n<li><a href=\"..\/howies-mailateipit-punainen\/\">\n<div class=\"red\">\n  <\/div>\n<p><\/a><\/li>\n<li><a href=\"..\/howies-mailateipit-neon\/\">\n<div class=\"neon\">\n  <\/div>\n<p><\/a><\/li>\n<li><a href=\"..\/howies-mailateipit-teal\/\">\n<div class=\"teal\">\n  <\/div>\n<p><\/a><\/li>\n<li><a href=\"..\/howies-mailateipit-vihrea-camo\/\">\n<div class=\"camo\">\n  <\/div>\n<p><\/a><\/li>\n<\/ul>\n<\/div>\n","protected":false},"featured_media":2815,"comment_status":"closed","ping_status":"closed","template":"","meta":{"inline_featured_image":false},"product_brand":[],"product_cat":[89],"product_tag":[],"class_list":{"0":"post-2209","1":"product","2":"type-product","3":"status-publish","4":"has-post-thumbnail","6":"product_cat-varilliset","8":"first","9":"instock","10":"shipping-taxable","11":"purchasable","12":"product-type-simple"},"yoast_head":"<!-- This site is optimized with the Yoast SEO plugin v27.3 - https:\/\/yoast.com\/product\/yoast-seo-wordpress\/ -->\n<title>Howies Mailateipit Violetti - Howies Hockey Suomi<\/title>\n<meta name=\"robots\" content=\"index, follow, max-snippet:-1, max-image-preview:large, max-video-preview:-1\" \/>\n<link rel=\"canonical\" href=\"https:\/\/gethowies.com\/fi\/tuote\/howies-mailateipit-violetti\/\" \/>\n<meta property=\"og:locale\" content=\"fi_FI\" \/>\n<meta property=\"og:type\" content=\"article\" \/>\n<meta property=\"og:title\" content=\"Howies Mailateipit Violetti - Howies Hockey Suomi\" \/>\n<meta property=\"og:description\" content=\"V\u00e4ri - Violetti\" \/>\n<meta property=\"og:url\" content=\"https:\/\/gethowies.com\/fi\/tuote\/howies-mailateipit-violetti\/\" \/>\n<meta property=\"og:site_name\" content=\"Howies Hockey Suomi\" \/>\n<meta property=\"article:modified_time\" content=\"2024-11-28T19:54:38+00:00\" \/>\n<meta property=\"og:image\" content=\"https:\/\/gethowies.com\/fi\/wp-content\/uploads\/sites\/5\/2017\/06\/purple-cloth.jpg\" \/>\n\t<meta property=\"og:image:width\" content=\"1020\" \/>\n\t<meta property=\"og:image:height\" content=\"1200\" \/>\n\t<meta property=\"og:image:type\" content=\"image\/jpeg\" \/>\n<meta name=\"twitter:card\" content=\"summary_large_image\" \/>\n<script type=\"application\/ld+json\" class=\"yoast-schema-graph\">{\"@context\":\"https:\\\/\\\/schema.org\",\"@graph\":[{\"@type\":\"WebPage\",\"@id\":\"https:\\\/\\\/gethowies.com\\\/fi\\\/tuote\\\/howies-mailateipit-violetti\\\/\",\"url\":\"https:\\\/\\\/gethowies.com\\\/fi\\\/tuote\\\/howies-mailateipit-violetti\\\/\",\"name\":\"Howies Mailateipit Violetti - Howies Hockey Suomi\",\"isPartOf\":{\"@id\":\"https:\\\/\\\/gethowies.com\\\/fi\\\/#website\"},\"primaryImageOfPage\":{\"@id\":\"https:\\\/\\\/gethowies.com\\\/fi\\\/tuote\\\/howies-mailateipit-violetti\\\/#primaryimage\"},\"image\":{\"@id\":\"https:\\\/\\\/gethowies.com\\\/fi\\\/tuote\\\/howies-mailateipit-violetti\\\/#primaryimage\"},\"thumbnailUrl\":\"https:\\\/\\\/gethowies.com\\\/fi\\\/wp-content\\\/uploads\\\/sites\\\/5\\\/2017\\\/06\\\/purple-cloth.jpg\",\"datePublished\":\"2017-06-03T09:21:04+00:00\",\"dateModified\":\"2024-11-28T19:54:38+00:00\",\"breadcrumb\":{\"@id\":\"https:\\\/\\\/gethowies.com\\\/fi\\\/tuote\\\/howies-mailateipit-violetti\\\/#breadcrumb\"},\"inLanguage\":\"fi\",\"potentialAction\":[{\"@type\":\"ReadAction\",\"target\":[\"https:\\\/\\\/gethowies.com\\\/fi\\\/tuote\\\/howies-mailateipit-violetti\\\/\"]}]},{\"@type\":\"ImageObject\",\"inLanguage\":\"fi\",\"@id\":\"https:\\\/\\\/gethowies.com\\\/fi\\\/tuote\\\/howies-mailateipit-violetti\\\/#primaryimage\",\"url\":\"https:\\\/\\\/gethowies.com\\\/fi\\\/wp-content\\\/uploads\\\/sites\\\/5\\\/2017\\\/06\\\/purple-cloth.jpg\",\"contentUrl\":\"https:\\\/\\\/gethowies.com\\\/fi\\\/wp-content\\\/uploads\\\/sites\\\/5\\\/2017\\\/06\\\/purple-cloth.jpg\",\"width\":1020,\"height\":1200,\"caption\":\"Howies Mailateipit Violetti\"},{\"@type\":\"BreadcrumbList\",\"@id\":\"https:\\\/\\\/gethowies.com\\\/fi\\\/tuote\\\/howies-mailateipit-violetti\\\/#breadcrumb\",\"itemListElement\":[{\"@type\":\"ListItem\",\"position\":1,\"name\":\"Hem\",\"item\":\"https:\\\/\\\/gethowies.com\\\/fi\\\/\"},{\"@type\":\"ListItem\",\"position\":2,\"name\":\"Shop\",\"item\":\"https:\\\/\\\/gethowies.com\\\/fi\\\/shop\\\/\"},{\"@type\":\"ListItem\",\"position\":3,\"name\":\"Howies Mailateipit Violetti\"}]},{\"@type\":\"WebSite\",\"@id\":\"https:\\\/\\\/gethowies.com\\\/fi\\\/#website\",\"url\":\"https:\\\/\\\/gethowies.com\\\/fi\\\/\",\"name\":\"Howies Hockey Suomi\",\"description\":\"\",\"potentialAction\":[{\"@type\":\"SearchAction\",\"target\":{\"@type\":\"EntryPoint\",\"urlTemplate\":\"https:\\\/\\\/gethowies.com\\\/fi\\\/?s={search_term_string}\"},\"query-input\":{\"@type\":\"PropertyValueSpecification\",\"valueRequired\":true,\"valueName\":\"search_term_string\"}}],\"inLanguage\":\"fi\"}]}<\/script>\n<!-- \/ Yoast SEO plugin. -->","yoast_head_json":{"title":"Howies Mailateipit Violetti - Howies Hockey Suomi","robots":{"index":"index","follow":"follow","max-snippet":"max-snippet:-1","max-image-preview":"max-image-preview:large","max-video-preview":"max-video-preview:-1"},"canonical":"https:\/\/gethowies.com\/fi\/tuote\/howies-mailateipit-violetti\/","og_locale":"fi_FI","og_type":"article","og_title":"Howies Mailateipit Violetti - Howies Hockey Suomi","og_description":"V\u00e4ri - Violetti","og_url":"https:\/\/gethowies.com\/fi\/tuote\/howies-mailateipit-violetti\/","og_site_name":"Howies Hockey Suomi","article_modified_time":"2024-11-28T19:54:38+00:00","og_image":[{"width":1020,"height":1200,"url":"https:\/\/gethowies.com\/fi\/wp-content\/uploads\/sites\/5\/2017\/06\/purple-cloth.jpg","type":"image\/jpeg"}],"twitter_card":"summary_large_image","schema":{"@context":"https:\/\/schema.org","@graph":[{"@type":"WebPage","@id":"https:\/\/gethowies.com\/fi\/tuote\/howies-mailateipit-violetti\/","url":"https:\/\/gethowies.com\/fi\/tuote\/howies-mailateipit-violetti\/","name":"Howies Mailateipit Violetti - Howies Hockey Suomi","isPartOf":{"@id":"https:\/\/gethowies.com\/fi\/#website"},"primaryImageOfPage":{"@id":"https:\/\/gethowies.com\/fi\/tuote\/howies-mailateipit-violetti\/#primaryimage"},"image":{"@id":"https:\/\/gethowies.com\/fi\/tuote\/howies-mailateipit-violetti\/#primaryimage"},"thumbnailUrl":"https:\/\/gethowies.com\/fi\/wp-content\/uploads\/sites\/5\/2017\/06\/purple-cloth.jpg","datePublished":"2017-06-03T09:21:04+00:00","dateModified":"2024-11-28T19:54:38+00:00","breadcrumb":{"@id":"https:\/\/gethowies.com\/fi\/tuote\/howies-mailateipit-violetti\/#breadcrumb"},"inLanguage":"fi","potentialAction":[{"@type":"ReadAction","target":["https:\/\/gethowies.com\/fi\/tuote\/howies-mailateipit-violetti\/"]}]},{"@type":"ImageObject","inLanguage":"fi","@id":"https:\/\/gethowies.com\/fi\/tuote\/howies-mailateipit-violetti\/#primaryimage","url":"https:\/\/gethowies.com\/fi\/wp-content\/uploads\/sites\/5\/2017\/06\/purple-cloth.jpg","contentUrl":"https:\/\/gethowies.com\/fi\/wp-content\/uploads\/sites\/5\/2017\/06\/purple-cloth.jpg","width":1020,"height":1200,"caption":"Howies Mailateipit Violetti"},{"@type":"BreadcrumbList","@id":"https:\/\/gethowies.com\/fi\/tuote\/howies-mailateipit-violetti\/#breadcrumb","itemListElement":[{"@type":"ListItem","position":1,"name":"Hem","item":"https:\/\/gethowies.com\/fi\/"},{"@type":"ListItem","position":2,"name":"Shop","item":"https:\/\/gethowies.com\/fi\/shop\/"},{"@type":"ListItem","position":3,"name":"Howies Mailateipit Violetti"}]},{"@type":"WebSite","@id":"https:\/\/gethowies.com\/fi\/#website","url":"https:\/\/gethowies.com\/fi\/","name":"Howies Hockey Suomi","description":"","potentialAction":[{"@type":"SearchAction","target":{"@type":"EntryPoint","urlTemplate":"https:\/\/gethowies.com\/fi\/?s={search_term_string}"},"query-input":{"@type":"PropertyValueSpecification","valueRequired":true,"valueName":"search_term_string"}}],"inLanguage":"fi"}]}},"_links":{"self":[{"href":"https:\/\/gethowies.com\/fi\/wp-json\/wp\/v2\/product\/2209","targetHints":{"allow":["GET"]}}],"collection":[{"href":"https:\/\/gethowies.com\/fi\/wp-json\/wp\/v2\/product"}],"about":[{"href":"https:\/\/gethowies.com\/fi\/wp-json\/wp\/v2\/types\/product"}],"replies":[{"embeddable":true,"href":"https:\/\/gethowies.com\/fi\/wp-json\/wp\/v2\/comments?post=2209"}],"wp:featuredmedia":[{"embeddable":true,"href":"https:\/\/gethowies.com\/fi\/wp-json\/wp\/v2\/media\/2815"}],"wp:attachment":[{"href":"https:\/\/gethowies.com\/fi\/wp-json\/wp\/v2\/media?parent=2209"}],"wp:term":[{"taxonomy":"product_brand","embeddable":true,"href":"https:\/\/gethowies.com\/fi\/wp-json\/wp\/v2\/product_brand?post=2209"},{"taxonomy":"product_cat","embeddable":true,"href":"https:\/\/gethowies.com\/fi\/wp-json\/wp\/v2\/product_cat?post=2209"},{"taxonomy":"product_tag","embeddable":true,"href":"https:\/\/gethowies.com\/fi\/wp-json\/wp\/v2\/product_tag?post=2209"}],"curies":[{"name":"wp","href":"https:\/\/api.w.org\/{rel}","templated":true}]}}